{"id":44221,"date":"2012-05-06T07:52:12","date_gmt":"2012-05-06T12:52:12","guid":{"rendered":"https:\/\/www.generalkinematics.com\/industrial-machine-parts\/piezas-premier-de-gk\/"},"modified":"2018-09-27T17:44:57","modified_gmt":"2018-09-27T22:44:57","slug":"piezas-premier-de-gk","status":"publish","type":"page","link":"https:\/\/www.generalkinematics.com\/es\/gk-piezas\/piezas-premier-de-gk\/","title":{"rendered":"Piezas Premier de GK"},"content":{"rendered":"<div class=\"product-text\">\n<h1>Piezas de repuesto Premier de GK<\/h1>\n<p><img decoding=\"async\" src=\"https:\/\/www.generalkinematics.com\/wp-content\/uploads\/images\/gkparts\/latest_technology.jpg\" alt=\"Soldaduras y m\u00e1quinas de clase mundial de General Kinematics\" width=\"384\" height=\"108\" \/><\/p>\n<p>&nbsp;<\/p>\n<p class=\"bodytext14\"><strong>Modernice sus equipos vibratorios con las piezas de servicio para trabajo vibratorio de calidad Premium de GK.<\/strong><\/p>\n<p>&nbsp;<\/p>\n<p>Dise\u00f1adas para realizar trabajos extremos. Las piezas Premier de GK son \u00fanicas en t\u00e9rminos de tiempo de funcionamiento y confiabilidad.<\/p>\n<p>&nbsp;<\/p>\n<p>&nbsp;<\/p>\n<\/div>\n<div style=\"float: left; padding-right: 25px;\"><img decoding=\"async\" src=\"https:\/\/www.generalkinematics.com\/wp-content\/uploads\/images\/gkparts\/rocker_legs.jpg\" alt=\"Patas estabilizadoras de GK\" width=\"150\" height=\"200\" \/><\/div>\n<p><strong>Patas estabilizadoras de aluminio:<\/strong><\/p>\n<p>&nbsp;<\/p>\n<p>El reemplazo de las patas desgastadas del estabilizador puede ser una forma muy efectiva para incrementar la eficiencia de una unidad vibratoria. Al hacer esto, se reducen los costos de operaci\u00f3n y se produce un efecto positivo sobre el tiempo de funcionamiento disponible y se reduce el tiempo fuera de funcionamiento inesperado de su equipo.<\/p>\n<p>&nbsp;<\/p>\n<p>General Kinematics ofrece una amplia gama de estabilizadores vibratorios para la mayor\u00eda de las aplicaciones vibratorias. Los estabilizadores de aluminio comprobados de GK sobrepasan en t\u00e9rminos de duraci\u00f3n y resistencia a las patas de acero en una proporci\u00f3n de 2 a 1 en condiciones de funcionamiento normal. Los estabilizadores de aluminio de GK funcionan a temperaturas m\u00e1s bajas y, por consiguiente, se prolonga la vida \u00fatil de los bujes. Las patas de aluminio de GK son compatibles con las marcas m\u00e1s populares de cintas transportadoras vibratorias, alimentadores y otros equipos\u2026 p\u00f3ngase en contacto con su especialista en piezas de GK para encontrar la pieza id\u00f3nea para su aplicaci\u00f3n.<\/p>\n<p>&nbsp;<\/p>\n<p><a href=\"\/industrial-machine-parts\/aluminum-stabilizers\/\">\u00a1Haga clic aqu\u00ed para obtener m\u00e1s informaci\u00f3n!<\/a><\/p>\n<p>&nbsp;<\/p>\n<hr \/>\n<p>&nbsp;<\/p>\n<div style=\"float: left; padding-right: 25px;\"><img decoding=\"async\" src=\"https:\/\/www.generalkinematics.com\/wp-content\/uploads\/images\/gkparts\/gk_bearings.jpg\" alt=\"Rodamientos vibratorios de GK\" \/><\/div>\n<p><strong>Rodamientos vibratorios de GK:<\/strong><\/p>\n<p>&nbsp;<\/p>\n<p>Los rodamientos de reemplazo de General Kinematics est\u00e1n espec\u00edficamente dise\u00f1ados para resistir las cargas din\u00e1micas producidas por el movimiento vibratorio. Los sellos especiales y los rodillos c\u00f3nicos de alta capacidad ayudan a garantizar su vida \u00fatil prolongada.<\/p>\n<p>&nbsp;<\/p>\n<p>&nbsp;<\/p>\n<ul>\n<li>El dise\u00f1o de cartucho de una sola pieza se acopla con cada conjunto de alojamiento individual.<\/li>\n<li>La desalineaci\u00f3n permitida es el doble de la de los rodamientos de balineras.<\/li>\n<li>Las jaulas met\u00e1licas tienen un mayor grado de resistencia que las jaulas pl\u00e1sticas tradicionales y les cabe m\u00e1s grasa.<\/li>\n<li>Los rodillos c\u00f3nicos de alta capacidad resistentes a impactos producen un incremento menor de la temperatura de rodamiento debido a que los rodillos no se inclinan ni se producen saltos de pista.<\/li>\n<\/ul>\n<p>&nbsp;<\/p>\n","protected":false},"excerpt":{"rendered":"<p>Piezas de repuesto Premier de GK &nbsp; Modernice sus equipos vibratorios con las piezas de servicio para trabajo vibratorio de calidad Premium de GK. &nbsp; Dise\u00f1adas para realizar trabajos extremos. Las piezas Premier de GK son \u00fanicas en t\u00e9rminos de tiempo de funcionamiento y confiabilidad. &nbsp; &nbsp; Patas estabilizadoras de aluminio: &nbsp; El reemplazo de [&hellip;]<\/p>\n","protected":false},"author":5,"featured_media":0,"parent":42735,"menu_order":0,"comment_status":"open","ping_status":"open","template":"","meta":{"_acf_changed":false,"om_disable_all_campaigns":false,"ep_exclude_from_search":false,"footnotes":""},"class_list":["post-44221","page","type-page","status-publish","hentry"],"acf":[],"yoast_head":"<!-- This site is optimized with the Yoast SEO plugin v27.2 - https:\/\/yoast.com\/product\/yoast-seo-wordpress\/ -->\n<title>Repuestos y piezas para maquinaria industrial | General Kinematics<\/title>\n<meta name=\"description\" content=\"Actualice su equipo con las piezas para maquinaria industrial de General Kinematics. Nuestros repuestos para maquinaria est\u00e1n dise\u00f1ados para trabajos extremos y aseguran competencia y fiabilidad.\" \/>\n<meta name=\"robots\" content=\"index, follow, max-snippet:-1, max-image-preview:large, max-video-preview:-1\" \/>\n<link rel=\"canonical\" href=\"https:\/\/www.generalkinematics.com\/es\/gk-piezas\/piezas-premier-de-gk\/\" \/>\n<meta property=\"og:locale\" content=\"es_ES\" \/>\n<meta property=\"og:type\" content=\"article\" \/>\n<meta property=\"og:title\" content=\"Repuestos y piezas para maquinaria industrial | General Kinematics\" \/>\n<meta property=\"og:description\" content=\"Actualice su equipo con las piezas para maquinaria industrial de General Kinematics. Nuestros repuestos para maquinaria est\u00e1n dise\u00f1ados para trabajos extremos y aseguran competencia y fiabilidad.\" \/>\n<meta property=\"og:url\" content=\"https:\/\/www.generalkinematics.com\/es\/gk-piezas\/piezas-premier-de-gk\/\" \/>\n<meta property=\"og:site_name\" content=\"General Kinematics\" \/>\n<meta property=\"article:publisher\" content=\"https:\/\/www.facebook.com\/generalkinematics\" \/>\n<meta property=\"article:modified_time\" content=\"2018-09-27T22:44:57+00:00\" \/>\n<meta property=\"og:image\" content=\"https:\/\/www.generalkinematics.com\/wp-content\/uploads\/images\/gkparts\/latest_technology.jpg\" \/>\n<meta name=\"twitter:card\" content=\"summary_large_image\" \/>\n<meta name=\"twitter:site\" content=\"@gkvibrating\" \/>\n<meta name=\"twitter:label1\" content=\"Tiempo de lectura\" \/>\n\t<meta name=\"twitter:data1\" content=\"2 minutos\" \/>\n<!-- \/ Yoast SEO plugin. -->","yoast_head_json":{"title":"Repuestos y piezas para maquinaria industrial | General Kinematics","description":"Actualice su equipo con las piezas para maquinaria industrial de General Kinematics. Nuestros repuestos para maquinaria est\u00e1n dise\u00f1ados para trabajos extremos y aseguran competencia y fiabilidad.","robots":{"index":"index","follow":"follow","max-snippet":"max-snippet:-1","max-image-preview":"max-image-preview:large","max-video-preview":"max-video-preview:-1"},"canonical":"https:\/\/www.generalkinematics.com\/es\/gk-piezas\/piezas-premier-de-gk\/","og_locale":"es_ES","og_type":"article","og_title":"Repuestos y piezas para maquinaria industrial | General Kinematics","og_description":"Actualice su equipo con las piezas para maquinaria industrial de General Kinematics. Nuestros repuestos para maquinaria est\u00e1n dise\u00f1ados para trabajos extremos y aseguran competencia y fiabilidad.","og_url":"https:\/\/www.generalkinematics.com\/es\/gk-piezas\/piezas-premier-de-gk\/","og_site_name":"General Kinematics","article_publisher":"https:\/\/www.facebook.com\/generalkinematics","article_modified_time":"2018-09-27T22:44:57+00:00","og_image":[{"url":"https:\/\/www.generalkinematics.com\/wp-content\/uploads\/images\/gkparts\/latest_technology.jpg","type":"","width":"","height":""}],"twitter_card":"summary_large_image","twitter_site":"@gkvibrating","twitter_misc":{"Tiempo de lectura":"2 minutos"},"schema":{"@context":"https:\/\/schema.org","@graph":[{"@type":"WebPage","@id":"https:\/\/www.generalkinematics.com\/es\/gk-piezas\/piezas-premier-de-gk\/","url":"https:\/\/www.generalkinematics.com\/es\/gk-piezas\/piezas-premier-de-gk\/","name":"Repuestos y piezas para maquinaria industrial | General Kinematics","isPartOf":{"@id":"https:\/\/www.generalkinematics.com\/es\/#website"},"primaryImageOfPage":{"@id":"https:\/\/www.generalkinematics.com\/es\/gk-piezas\/piezas-premier-de-gk\/#primaryimage"},"image":{"@id":"https:\/\/www.generalkinematics.com\/es\/gk-piezas\/piezas-premier-de-gk\/#primaryimage"},"thumbnailUrl":"https:\/\/www.generalkinematics.com\/wp-content\/uploads\/images\/gkparts\/latest_technology.jpg","datePublished":"2012-05-06T12:52:12+00:00","dateModified":"2018-09-27T22:44:57+00:00","description":"Actualice su equipo con las piezas para maquinaria industrial de General Kinematics. Nuestros repuestos para maquinaria est\u00e1n dise\u00f1ados para trabajos extremos y aseguran competencia y fiabilidad.","breadcrumb":{"@id":"https:\/\/www.generalkinematics.com\/es\/gk-piezas\/piezas-premier-de-gk\/#breadcrumb"},"inLanguage":"es","potentialAction":[{"@type":"ReadAction","target":["https:\/\/www.generalkinematics.com\/es\/gk-piezas\/piezas-premier-de-gk\/"]}]},{"@type":"ImageObject","inLanguage":"es","@id":"https:\/\/www.generalkinematics.com\/es\/gk-piezas\/piezas-premier-de-gk\/#primaryimage","url":"https:\/\/www.generalkinematics.com\/wp-content\/uploads\/images\/gkparts\/latest_technology.jpg","contentUrl":"https:\/\/www.generalkinematics.com\/wp-content\/uploads\/images\/gkparts\/latest_technology.jpg"},{"@type":"BreadcrumbList","@id":"https:\/\/www.generalkinematics.com\/es\/gk-piezas\/piezas-premier-de-gk\/#breadcrumb","itemListElement":[{"@type":"ListItem","position":1,"name":"GK Home","item":"https:\/\/www.generalkinematics.com\/es\/"},{"@type":"ListItem","position":2,"name":"Piezas de M\u00e1quinas Industriales","item":"https:\/\/www.generalkinematics.com\/es\/gk-piezas\/"},{"@type":"ListItem","position":3,"name":"Piezas Premier de GK"}]},{"@type":"WebSite","@id":"https:\/\/www.generalkinematics.com\/es\/#website","url":"https:\/\/www.generalkinematics.com\/es\/","name":"General Kinematics","description":"","publisher":{"@id":"https:\/\/www.generalkinematics.com\/es\/#organization"},"potentialAction":[{"@type":"SearchAction","target":{"@type":"EntryPoint","urlTemplate":"https:\/\/www.generalkinematics.com\/es\/?s={search_term_string}"},"query-input":{"@type":"PropertyValueSpecification","valueRequired":true,"valueName":"search_term_string"}}],"inLanguage":"es"},{"@type":"Organization","@id":"https:\/\/www.generalkinematics.com\/es\/#organization","name":"General Kinematics","url":"https:\/\/www.generalkinematics.com\/es\/","logo":{"@type":"ImageObject","inLanguage":"es","@id":"https:\/\/www.generalkinematics.com\/es\/#\/schema\/logo\/image\/","url":"https:\/\/media.generalkinematics.com\/wp-content\/uploads\/2018\/03\/logo.png","contentUrl":"https:\/\/media.generalkinematics.com\/wp-content\/uploads\/2018\/03\/logo.png","width":313,"height":100,"caption":"General Kinematics"},"image":{"@id":"https:\/\/www.generalkinematics.com\/es\/#\/schema\/logo\/image\/"},"sameAs":["https:\/\/www.facebook.com\/generalkinematics","https:\/\/x.com\/gkvibrating"]}]}},"_links":{"self":[{"href":"https:\/\/www.generalkinematics.com\/es\/wp-json\/wp\/v2\/pages\/44221","targetHints":{"allow":["GET"]}}],"collection":[{"href":"https:\/\/www.generalkinematics.com\/es\/wp-json\/wp\/v2\/pages"}],"about":[{"href":"https:\/\/www.generalkinematics.com\/es\/wp-json\/wp\/v2\/types\/page"}],"author":[{"embeddable":true,"href":"https:\/\/www.generalkinematics.com\/es\/wp-json\/wp\/v2\/users\/5"}],"replies":[{"embeddable":true,"href":"https:\/\/www.generalkinematics.com\/es\/wp-json\/wp\/v2\/comments?post=44221"}],"version-history":[{"count":0,"href":"https:\/\/www.generalkinematics.com\/es\/wp-json\/wp\/v2\/pages\/44221\/revisions"}],"up":[{"embeddable":true,"href":"https:\/\/www.generalkinematics.com\/es\/wp-json\/wp\/v2\/pages\/42735"}],"wp:attachment":[{"href":"https:\/\/www.generalkinematics.com\/es\/wp-json\/wp\/v2\/media?parent=44221"}],"curies":[{"name":"wp","href":"https:\/\/api.w.org\/{rel}","templated":true}]}}