{"id":49776,"date":"2020-07-17T08:10:42","date_gmt":"2020-07-17T13:10:42","guid":{"rendered":"https:\/\/www.generalkinematics.com\/vibrating-conveyors\/"},"modified":"2020-09-13T19:00:47","modified_gmt":"2020-09-14T00:00:47","slug":"vibrating-conveyors","status":"publish","type":"page","link":"https:\/\/www.generalkinematics.com\/es\/vibrating-conveyors\/","title":{"rendered":"Transportadores vibratorios"},"content":{"rendered":"<div class=\"wpb-content-wrapper\"><p>[vc_row][vc_column][vc_column_text]<span style=\"font-weight: 400;\">Los transportadores vibratorios de General Kinematics han construido su reputaci\u00f3n en base a su confiabilidad, estabilidad y longevidad.<br \/>\n         General Kinematics, un proveedor l\u00edder mundial de equipos vibratorios y dise\u00f1o, comenz\u00f3 con la idea de crear un transportador vibratorio mejor y m\u00e1s confiable que superara la prueba del tiempo en entornos de alta resistencia.<br \/>\n         <\/span><\/p>\n<p><span style=\"font-weight: 400;\">Desde el comienzo, los ingenieros de General Kinematics (GK) han construido estas unidades guiados por los comentarios del campo, con el objetivo de eliminar los problemas de seguridad, mantenimiento y procesamiento.<br \/>\n         Desde su conceptualizaci\u00f3n, nuestros ingenieros no han dejado de innovar los transportadores de GK para mantenerlos en la vanguardia de la tecnolog\u00eda de procesamiento de materiales.<br \/>\n         Ya sea que est\u00e9 procesando metal fundido, fundiciones calientes o polvos combustibles delicados, General Kinematics tiene el transportador adecuado.<br \/>\n        <\/span>[\/vc_column_text][\/vc_column][\/vc_row][vc_row el_class=\u00bbbutton_div category_page\u00bb][vc_column][vc_btn title=\u00bbFUNDICI\u00d3N DE METALES        \u00bb link=\u00bburl:%23metalcasting_conveyors|\u00bb][vc_btn title=\u00bbRECICLAJE        \u00bb link=\u00bburl:%23recycling_conveyor|\u00bb][vc_btn title=\u00bbPROCESAMIENTO DE GRANELES        \u00bb link=\u00bburl:%23bulk_conveyors|\u00bb][vc_btn title=\u00bbPROCESAMIENTO DE MADERA        \u00bb link=\u00bburl:%23wood_conveyor|\u00bb][vc_btn title=\u00bbCOMPONENTES DEL TRANSPORTADOR        \u00bb link=\u00bburl:%23component_conveyor|\u00bb][\/vc_column][\/vc_row][vc_row full_width=\u00bbstretch_row\u00bb css=\u00bb.vc_custom_1594324268716{background-image: url(https:\/\/www.generalkinematics.com\/wp-content\/uploads\/2018\/03\/industry-landing-lines.png?id=34782) !important;background-position: 0 0 !important;background-repeat: no-repeat !important;}\u00bb el_class=\u00bbcategory_page\u00bb el_id=\u00bbmetalcasting_conveyors\u00bb][vc_column][vc_custom_heading text=\u00bbTransportadores para fundici\u00f3n y fundici\u00f3n de metales        \u00bb font_container=\u00bbtag:h2|text_align:center|color:%23be1e2d\u00bb use_theme_fonts=\u00bbyes\u00bb][vc_column_text]<\/p>\n<p style=\"text-align: center;\">Encuentre el transportador ideal para su proceso de fundici\u00f3n o fundici\u00f3n de metales\n        <\/p>\n<p>[\/vc_column_text][\/vc_column][\/vc_row][vc_row el_class=\u00bbcontainer category_page cat_image\u00bb][vc_column width=\u00bb1\/4&#8243;][vc_single_image image=\u00bb48901&#8243; img_size=\u00bbfull\u00bb alignment=\u00bbcenter\u00bb onclick=\u00bbcustom_link\u00bb title=\u00bbSYNCRO-COIL\u00ae        \u00bb link=\u00bbhttps:\/\/www.generalkinematics.com\/product\/syncro-coil-vibrating-conveyors\/\u00bb][\/vc_column][vc_column width=\u00bb1\/4&#8243;][vc_single_image image=\u00bb48906&#8243; img_size=\u00bbfull\u00bb alignment=\u00bbcenter\u00bb onclick=\u00bbcustom_link\u00bb title=\u00bbRecolecci\u00f3n y recuperaci\u00f3n de cargas        \u00bb link=\u00bbhttps:\/\/www.generalkinematics.com\/product\/shot-reclamation-system\/\u00bb][\/vc_column][vc_column width=\u00bb1\/4&#8243;][vc_single_image image=\u00bb48911&#8243; img_size=\u00bbfull\u00bb alignment=\u00bbcenter\u00bb onclick=\u00bbcustom_link\u00bb title=\u00bbTransportadores de clasificaci\u00f3n        \u00bb link=\u00bbhttps:\/\/www.generalkinematics.com\/product\/sorting-conveyor-lines\/\u00bb][\/vc_column][vc_column width=\u00bb1\/4&#8243;][vc_single_image image=\u00bb48921&#8243; img_size=\u00bbfull\u00bb alignment=\u00bbcenter\u00bb onclick=\u00bbcustom_link\u00bb title=\u00bbTransportadores en espiral Spira-flow\u2122        \u00bb link=\u00bbhttps:\/\/www.generalkinematics.com\/product\/vibratory-spiral-conveyors\/\u00bb][\/vc_column][\/vc_row][vc_row el_class=\u00bbcontainer category_page cat_image\u00bb][vc_column width=\u00bb1\/4&#8243;][vc_single_image image=\u00bb48941&#8243; img_size=\u00bbfull\u00bb alignment=\u00bbcenter\u00bb onclick=\u00bbcustom_link\u00bb title=\u00bbTransportadores de descarga r\u00e1pida        \u00bb link=\u00bbhttps:\/\/www.generalkinematics.com\/product\/blast-loading-conveyor\/\u00bb][\/vc_column][vc_column width=\u00bb1\/4&#8243;][vc_single_image image=\u00bb48926&#8243; img_size=\u00bbfull\u00bb alignment=\u00bbcenter\u00bb onclick=\u00bbcustom_link\u00bb title=\u00bbTransportador para enfriamiento de escoria en seco        \u00bb link=\u00bbhttps:\/\/www.generalkinematics.com\/product\/dry-slag-cooling-conveyors\/\u00bb][\/vc_column][vc_column width=\u00bb1\/4&#8243;][vc_single_image image=\u00bb48936&#8243; img_size=\u00bbfull\u00bb alignment=\u00bbcenter\u00bb onclick=\u00bbcustom_link\u00bb title=\u00bbTransportador con correa vibratoria VIBRA-BELT\u00ae        \u00bb link=\u00bbhttps:\/\/www.generalkinematics.com\/product\/vibratory-belt-conveyors\/\u00bb][\/vc_column][vc_column width=\u00bb1\/4&#8243;][vc_single_image image=\u00bb48931&#8243; img_size=\u00bbfull\u00bb alignment=\u00bbcenter\u00bb onclick=\u00bbcustom_link\u00bb title=\u00bbTransportadores vibratorios para instalaci\u00f3n en la fosa TRENCHVEYOR\u2122        \u00bb link=\u00bbhttps:\/\/www.generalkinematics.com\/product\/trenchveyor\/\u00bb][\/vc_column][\/vc_row][vc_row el_class=\u00bbcontainer category_page cat_image\u00bb][vc_column width=\u00bb1\/4&#8243;][vc_single_image image=\u00bb48946&#8243; img_size=\u00bbfull\u00bb alignment=\u00bbcenter\u00bb onclick=\u00bbcustom_link\u00bb title=\u00bbEspiral de refrigeraci\u00f3n de fundici\u00f3n SPIRA-COOL\u00ae        \u00bb link=\u00bbhttps:\/\/www.generalkinematics.com\/product\/casting-cooling-spirals\/\u00bb][\/vc_column][vc_column width=\u00bb1\/4&#8243;][vc_single_image image=\u00bb48951&#8243; img_size=\u00bbfull\u00bb alignment=\u00bbcenter\u00bb onclick=\u00bbcustom_link\u00bb title=\u00bbTransportador vibratorio inclinado V-Trough\u00ae        \u00bb link=\u00bbhttps:\/\/www.generalkinematics.com\/product\/v-trough-vibratory-inclined-conveyors\/\u00bb][\/vc_column][vc_column width=\u00bb1\/4&#8243;][\/vc_column][vc_column width=\u00bb1\/4&#8243;][\/vc_column][\/vc_row][vc_row full_width=\u00bbstretch_row\u00bb css=\u00bb.vc_custom_1594324250538{background-image: url(https:\/\/www.generalkinematics.com\/wp-content\/uploads\/2018\/03\/industry-landing-lines.png?id=34782) !important;background-position: 0 0 !important;background-repeat: no-repeat !important;}\u00bb el_class=\u00bbcategory_page\u00bb el_id=\u00bbrecycling_conveyor\u00bb][vc_column][vc_custom_heading text=\u00bbTransportadores para reciclaje        \u00bb font_container=\u00bbtag:h2|text_align:center|color:%23be1e2d\u00bb use_theme_fonts=\u00bbyes\u00bb][vc_column_text]<\/p>\n<p style=\"text-align: center;\">Encuentre el transportador ideal para su proceso de reciclaje\n        <\/p>\n<p>[\/vc_column_text][\/vc_column][\/vc_row][vc_row el_class=\u00bbcontainer category_page cat_image\u00bb][vc_column width=\u00bb1\/4&#8243;][vc_single_image image=\u00bb48961&#8243; img_size=\u00bbfull\u00bb alignment=\u00bbcenter\u00bb onclick=\u00bbcustom_link\u00bb title=\u00bbTransportador de distribuci\u00f3n        \u00bb link=\u00bbhttps:\/\/www.generalkinematics.com\/product\/distribution-conveyors\/\u00bb][\/vc_column][vc_column width=\u00bb1\/4&#8243;][vc_single_image image=\u00bb48966&#8243; img_size=\u00bbfull\u00bb alignment=\u00bbcenter\u00bb onclick=\u00bbcustom_link\u00bb title=\u00bbTransportador con tambor magn\u00e9tico        \u00bb link=\u00bbhttps:\/\/www.generalkinematics.com\/product\/drum-magnet-feeders-conveyors\/\u00bb][\/vc_column][vc_column width=\u00bb1\/4&#8243;][vc_single_image image=\u00bb48971&#8243; img_size=\u00bbfull\u00bb alignment=\u00bbcenter\u00bb onclick=\u00bbcustom_link\u00bb title=\u00bbTransportador de polvo de vidrio        \u00bb link=\u00bbhttps:\/\/www.generalkinematics.com\/product\/glass-transfer-conveyors\/\u00bb][\/vc_column][vc_column width=\u00bb1\/4&#8243;][vc_single_image image=\u00bb48976&#8243; img_size=\u00bbfull\u00bb alignment=\u00bbcenter\u00bb onclick=\u00bbcustom_link\u00bb title=\u00bbTransportador para transferencia de energ\u00eda alta        \u00bb link=\u00bbhttps:\/\/www.generalkinematics.com\/product\/long-stroke\/\u00bb][\/vc_column][\/vc_row][vc_row el_class=\u00bbcontainer category_page cat_image\u00bb][vc_column width=\u00bb1\/4&#8243;][vc_single_image image=\u00bb48981&#8243; img_size=\u00bbfull\u00bb alignment=\u00bbcenter\u00bb onclick=\u00bbcustom_link\u00bb title=\u00bbTransportadores de recolecci\u00f3n con cizalla        \u00bb link=\u00bbhttps:\/\/www.generalkinematics.com\/product\/shear-take-away-conveyors\/\u00bb][\/vc_column][vc_column width=\u00bb1\/4&#8243;][vc_single_image image=\u00bb48986&#8243; img_size=\u00bbfull\u00bb alignment=\u00bbcenter\u00bb onclick=\u00bbcustom_link\u00bb title=\u00bbTransportadores de cenizas de fondo        \u00bb link=\u00bbhttps:\/\/www.generalkinematics.com\/product\/bottom-ash-conveyor\/\u00bb][\/vc_column][vc_column width=\u00bb1\/4&#8243;][\/vc_column][vc_column width=\u00bb1\/4&#8243;][\/vc_column][\/vc_row][vc_row full_width=\u00bbstretch_row\u00bb css=\u00bb.vc_custom_1594324387746{background-image: url(https:\/\/www.generalkinematics.com\/wp-content\/uploads\/2018\/03\/industry-landing-lines.png?id=34782) !important;background-position: 0 0 !important;background-repeat: no-repeat !important;}\u00bb el_class=\u00bbcategory_page\u00bb el_id=\u00bbbulk_conveyors\u00bb][vc_column][vc_custom_heading text=\u00bbTransportadores de procesamiento de graneles        \u00bb font_container=\u00bbtag:h2|text_align:center|color:%23be1e2d\u00bb use_theme_fonts=\u00bbyes\u00bb][vc_column_text]<\/p>\n<p style=\"text-align: center;\">Encuentre el transportador perfecto para su procesamiento a granel.<\/p>\n<p>[\/vc_column_text][\/vc_column][\/vc_row][vc_row el_class=\u00bbcontainer category_page cat_image\u00bb][vc_column width=\u00bb1\/4&#8243;][vc_single_image image=\u00bb49006&#8243; img_size=\u00bbfull\u00bb alignment=\u00bbcenter\u00bb onclick=\u00bbcustom_link\u00bb title=\u00bbTransportador para tostadoras        \u00bb link=\u00bbhttps:\/\/www.generalkinematics.com\/product\/toaster-conveyors\/\u00bb][\/vc_column][vc_column width=\u00bb1\/4&#8243;][vc_single_image image=\u00bb49001&#8243; img_size=\u00bbfull\u00bb alignment=\u00bbcenter\u00bb onclick=\u00bbcustom_link\u00bb title=\u00bbTransportadores SYNCRO-COIL\u00ae        \u00bb link=\u00bbhttps:\/\/www.generalkinematics.com\/product\/syncro-coil-vibratory-conveyors\/\u00bb][\/vc_column][vc_column width=\u00bb1\/4&#8243;][vc_single_image image=\u00bb48996&#8243; img_size=\u00bbfull\u00bb alignment=\u00bbcenter\u00bb onclick=\u00bbcustom_link\u00bb title=\u00bbELEVADOR VIBRATORIO EN ESPIRAL SPIRA-FLOW\u2122        \u00bb link=\u00bbhttps:\/\/www.generalkinematics.com\/product\/spira-flow-vibrating-spiral-conveyors\/\u00bb][\/vc_column][vc_column width=\u00bb1\/4&#8243;][vc_single_image image=\u00bb48991&#8243; img_size=\u00bbfull\u00bb alignment=\u00bbcenter\u00bb onclick=\u00bbcustom_link\u00bb title=\u00bbTransportador vibratorio de transferencia        \u00bb link=\u00bbhttps:\/\/www.generalkinematics.com\/product\/vibrating-transfer-conveyors\/\u00bb][\/vc_column][\/vc_row][vc_row full_width=\u00bbstretch_row\u00bb css=\u00bb.vc_custom_1594324410386{background-image: url(https:\/\/www.generalkinematics.com\/wp-content\/uploads\/2018\/03\/industry-landing-lines.png?id=34782) !important;background-position: 0 0 !important;background-repeat: no-repeat !important;}\u00bb el_class=\u00bbcategory_page\u00bb el_id=\u00bbwood_conveyor\u00bb][vc_column][vc_custom_heading text=\u00bbTransportadores para procesamiento de madera        \u00bb font_container=\u00bbtag:h2|text_align:center|color:%23be1e2d\u00bb use_theme_fonts=\u00bbyes\u00bb][vc_column_text]<\/p>\n<p style=\"text-align: center;\">Encuentre el transportador ideal para el procesamiento de madera.\n        <\/p>\n<p>[\/vc_column_text][\/vc_column][\/vc_row][vc_row el_class=\u00bbcontainer category_page cat_image\u00bb][vc_column width=\u00bb1\/4&#8243;][\/vc_column][vc_column width=\u00bb1\/4&#8243;][vc_single_image image=\u00bb49011&#8243; img_size=\u00bbfull\u00bb alignment=\u00bbcenter\u00bb onclick=\u00bbcustom_link\u00bb title=\u00bbTransportadores para procesamiento de madera        \u00bb link=\u00bbhttps:\/\/www.generalkinematics.com\/product\/vibratory-wood-conveyors\/\u00bb][\/vc_column][vc_column width=\u00bb1\/4&#8243;][\/vc_column][vc_column width=\u00bb1\/4&#8243;][\/vc_column][\/vc_row][vc_row full_width=\u00bbstretch_row\u00bb css=\u00bb.vc_custom_1594324554196{background-image: url(https:\/\/www.generalkinematics.com\/wp-content\/uploads\/2018\/03\/industry-landing-lines.png?id=34782) !important;background-position: 0 0 !important;background-repeat: no-repeat !important;}\u00bb el_class=\u00bbcategory_page\u00bb el_id=\u00bbcomponent_conveyor\u00bb][vc_column][vc_custom_heading text=\u00bbComponentes del transportador        \u00bb font_container=\u00bbtag:h2|text_align:center|color:%23be1e2d\u00bb use_theme_fonts=\u00bbyes\u00bb][vc_column_text]<\/p>\n<p style=\"text-align: center;\">Piezas de reemplazo de componentes para transportadores vibratorios\n        <\/p>\n<p>[\/vc_column_text][\/vc_column][\/vc_row][vc_row el_class=\u00bbcontainer category_page cat_image\u00bb][vc_column width=\u00bb1\/4&#8243;][vc_single_image image=\u00bb49016&#8243; img_size=\u00bbfull\u00bb alignment=\u00bbcenter\u00bb onclick=\u00bbcustom_link\u00bb title=\u00bbResortes        \u00bb link=\u00bbhttps:\/\/www.generalkinematics.com\/product\/isolation-springs-and-reactor-springs\/\u00bb][\/vc_column][vc_column width=\u00bb1\/4&#8243;][vc_single_image image=\u00bb49036&#8243; img_size=\u00bbfull\u00bb alignment=\u00bbcenter\u00bb onclick=\u00bbcustom_link\u00bb title=\u00bbMotores        \u00bb link=\u00bbhttps:\/\/www.generalkinematics.com\/product-category\/gkparts-com\/gk-vibratory-motors\/\u00bb][\/vc_column][vc_column width=\u00bb1\/4&#8243;][vc_single_image image=\u00bb49031&#8243; img_size=\u00bbfull\u00bb alignment=\u00bbcenter\u00bb onclick=\u00bbcustom_link\u00bb title=\u00bbTablillas        \u00bb link=\u00bbhttps:\/\/www.generalkinematics.com\/product\/general-kinematics-plastic-scotchply-fiberglass-steel-slats\/\u00bb][\/vc_column][vc_column width=\u00bb1\/4&#8243;][vc_single_image image=\u00bb49021&#8243; img_size=\u00bbfull\u00bb alignment=\u00bbcenter\u00bb onclick=\u00bbcustom_link\u00bb title=\u00bbCojinetes        \u00bb link=\u00bbhttps:\/\/www.generalkinematics.com\/product\/vibratory-duty-flange-and-pillow-block-bearings\/\u00bb][\/vc_column][\/vc_row][vc_row][vc_column][vc_empty_space height=\u00bb62px\u00bb][vc_separator][\/vc_column][\/vc_row][vc_row][vc_column][vc_custom_heading text=\u00bbArt\u00edculos relacionados        \u00bb use_theme_fonts=\u00bbyes\u00bb][\/vc_column][\/vc_row][vc_row][vc_column][vc_basic_grid post_type=\u00bbpost\u00bb max_items=\u00bb4&#8243; element_width=\u00bb3&#8243; gap=\u00bb25&#8243; orderby=\u00bbrand\u00bb grid_id=\u00bbvc_gid:1600039560034-2efd8522-d1fc-9&#8243; taxonomies=\u00bb1663, 2230, 1676, 1361&#8243; css=\u00bb.vc_custom_1594915869442{padding-right: 25px !important;padding-left: 25px !important;}\u00bb][\/vc_column][\/vc_row][vc_row][vc_column][\/vc_column][\/vc_row]<\/p>\n<\/div>","protected":false},"excerpt":{"rendered":"<p>[vc_row][vc_column][vc_column_text]Los transportadores vibratorios de General Kinematics han construido su reputaci\u00f3n en base a su confiabilidad, estabilidad y longevidad. General Kinematics, un proveedor l\u00edder mundial de equipos vibratorios y dise\u00f1o, comenz\u00f3 con la idea de crear un transportador vibratorio mejor y m\u00e1s confiable que superara la prueba del tiempo en entornos de alta resistencia. Desde el [&hellip;]<\/p>\n","protected":false},"author":101013,"featured_media":0,"parent":0,"menu_order":0,"comment_status":"closed","ping_status":"closed","template":"page-templates\/page-full-width.php","meta":{"_acf_changed":false,"om_disable_all_campaigns":false,"ep_exclude_from_search":false,"footnotes":""},"class_list":["post-49776","page","type-page","status-publish","hentry"],"acf":[],"yoast_head":"<!-- This site is optimized with the Yoast SEO plugin v27.2 - https:\/\/yoast.com\/product\/yoast-seo-wordpress\/ -->\n<title>Transportadores vibratorios | General Kinematics<\/title>\n<meta name=\"robots\" content=\"index, follow, max-snippet:-1, max-image-preview:large, max-video-preview:-1\" \/>\n<link rel=\"canonical\" href=\"https:\/\/www.generalkinematics.com\/es\/vibrating-conveyors\/\" \/>\n<meta property=\"og:locale\" content=\"es_ES\" \/>\n<meta property=\"og:type\" content=\"article\" \/>\n<meta property=\"og:title\" content=\"Transportadores vibratorios | General Kinematics\" \/>\n<meta property=\"og:description\" content=\"[vc_row][vc_column][vc_column_text]Los transportadores vibratorios de General Kinematics han construido su reputaci\u00f3n en base a su confiabilidad, estabilidad y longevidad. General Kinematics, un proveedor l\u00edder mundial de equipos vibratorios y dise\u00f1o, comenz\u00f3 con la idea de crear un transportador vibratorio mejor y m\u00e1s confiable que superara la prueba del tiempo en entornos de alta resistencia. Desde el [&hellip;]\" \/>\n<meta property=\"og:url\" content=\"https:\/\/www.generalkinematics.com\/es\/vibrating-conveyors\/\" \/>\n<meta property=\"og:site_name\" content=\"General Kinematics\" \/>\n<meta property=\"article:publisher\" content=\"https:\/\/www.facebook.com\/generalkinematics\" \/>\n<meta property=\"article:modified_time\" content=\"2020-09-14T00:00:47+00:00\" \/>\n<meta property=\"og:image\" content=\"https:\/\/media.generalkinematics.com\/wp-content\/uploads\/2017\/07\/GK-Icon.png\" \/>\n\t<meta property=\"og:image:width\" content=\"3000\" \/>\n\t<meta property=\"og:image:height\" content=\"3000\" \/>\n\t<meta property=\"og:image:type\" content=\"image\/jpeg\" \/>\n<meta name=\"twitter:card\" content=\"summary_large_image\" \/>\n<meta name=\"twitter:site\" content=\"@gkvibrating\" \/>\n<meta name=\"twitter:label1\" content=\"Tiempo de lectura\" \/>\n\t<meta name=\"twitter:data1\" content=\"8 minutos\" \/>\n<!-- \/ Yoast SEO plugin. -->","yoast_head_json":{"title":"Transportadores vibratorios | General Kinematics","robots":{"index":"index","follow":"follow","max-snippet":"max-snippet:-1","max-image-preview":"max-image-preview:large","max-video-preview":"max-video-preview:-1"},"canonical":"https:\/\/www.generalkinematics.com\/es\/vibrating-conveyors\/","og_locale":"es_ES","og_type":"article","og_title":"Transportadores vibratorios | General Kinematics","og_description":"[vc_row][vc_column][vc_column_text]Los transportadores vibratorios de General Kinematics han construido su reputaci\u00f3n en base a su confiabilidad, estabilidad y longevidad. General Kinematics, un proveedor l\u00edder mundial de equipos vibratorios y dise\u00f1o, comenz\u00f3 con la idea de crear un transportador vibratorio mejor y m\u00e1s confiable que superara la prueba del tiempo en entornos de alta resistencia. Desde el [&hellip;]","og_url":"https:\/\/www.generalkinematics.com\/es\/vibrating-conveyors\/","og_site_name":"General Kinematics","article_publisher":"https:\/\/www.facebook.com\/generalkinematics","article_modified_time":"2020-09-14T00:00:47+00:00","og_image":[{"width":3000,"height":3000,"url":"https:\/\/media.generalkinematics.com\/wp-content\/uploads\/2017\/07\/GK-Icon.png","type":"image\/jpeg"}],"twitter_card":"summary_large_image","twitter_site":"@gkvibrating","twitter_misc":{"Tiempo de lectura":"8 minutos"},"schema":{"@context":"https:\/\/schema.org","@graph":[{"@type":"WebPage","@id":"https:\/\/www.generalkinematics.com\/es\/vibrating-conveyors\/","url":"https:\/\/www.generalkinematics.com\/es\/vibrating-conveyors\/","name":"Transportadores vibratorios | General Kinematics","isPartOf":{"@id":"https:\/\/www.generalkinematics.com\/es\/#website"},"datePublished":"2020-07-17T13:10:42+00:00","dateModified":"2020-09-14T00:00:47+00:00","breadcrumb":{"@id":"https:\/\/www.generalkinematics.com\/es\/vibrating-conveyors\/#breadcrumb"},"inLanguage":"es","potentialAction":[{"@type":"ReadAction","target":["https:\/\/www.generalkinematics.com\/es\/vibrating-conveyors\/"]}]},{"@type":"BreadcrumbList","@id":"https:\/\/www.generalkinematics.com\/es\/vibrating-conveyors\/#breadcrumb","itemListElement":[{"@type":"ListItem","position":1,"name":"GK Home","item":"https:\/\/www.generalkinematics.com\/es\/"},{"@type":"ListItem","position":2,"name":"Transportadores vibratorios"}]},{"@type":"WebSite","@id":"https:\/\/www.generalkinematics.com\/es\/#website","url":"https:\/\/www.generalkinematics.com\/es\/","name":"General Kinematics","description":"","publisher":{"@id":"https:\/\/www.generalkinematics.com\/es\/#organization"},"potentialAction":[{"@type":"SearchAction","target":{"@type":"EntryPoint","urlTemplate":"https:\/\/www.generalkinematics.com\/es\/?s={search_term_string}"},"query-input":{"@type":"PropertyValueSpecification","valueRequired":true,"valueName":"search_term_string"}}],"inLanguage":"es"},{"@type":"Organization","@id":"https:\/\/www.generalkinematics.com\/es\/#organization","name":"General Kinematics","url":"https:\/\/www.generalkinematics.com\/es\/","logo":{"@type":"ImageObject","inLanguage":"es","@id":"https:\/\/www.generalkinematics.com\/es\/#\/schema\/logo\/image\/","url":"https:\/\/media.generalkinematics.com\/wp-content\/uploads\/2018\/03\/logo.png","contentUrl":"https:\/\/media.generalkinematics.com\/wp-content\/uploads\/2018\/03\/logo.png","width":313,"height":100,"caption":"General Kinematics"},"image":{"@id":"https:\/\/www.generalkinematics.com\/es\/#\/schema\/logo\/image\/"},"sameAs":["https:\/\/www.facebook.com\/generalkinematics","https:\/\/x.com\/gkvibrating"]}]}},"_links":{"self":[{"href":"https:\/\/www.generalkinematics.com\/es\/wp-json\/wp\/v2\/pages\/49776","targetHints":{"allow":["GET"]}}],"collection":[{"href":"https:\/\/www.generalkinematics.com\/es\/wp-json\/wp\/v2\/pages"}],"about":[{"href":"https:\/\/www.generalkinematics.com\/es\/wp-json\/wp\/v2\/types\/page"}],"author":[{"embeddable":true,"href":"https:\/\/www.generalkinematics.com\/es\/wp-json\/wp\/v2\/users\/101013"}],"replies":[{"embeddable":true,"href":"https:\/\/www.generalkinematics.com\/es\/wp-json\/wp\/v2\/comments?post=49776"}],"version-history":[{"count":0,"href":"https:\/\/www.generalkinematics.com\/es\/wp-json\/wp\/v2\/pages\/49776\/revisions"}],"wp:attachment":[{"href":"https:\/\/www.generalkinematics.com\/es\/wp-json\/wp\/v2\/media?parent=49776"}],"curies":[{"name":"wp","href":"https:\/\/api.w.org\/{rel}","templated":true}]}}