{"id":49777,"date":"2024-08-15T10:14:56","date_gmt":"2024-08-15T15:14:56","guid":{"rendered":"https:\/\/www.generalkinematics.com\/vibrating-feeders\/"},"modified":"2020-09-13T18:23:47","modified_gmt":"2020-09-13T23:23:47","slug":"vibrating-feeders","status":"publish","type":"page","link":"https:\/\/www.generalkinematics.com\/es\/vibrating-feeders\/","title":{"rendered":"Alimentadoras vibratorias"},"content":{"rendered":"<div class=\"wpb-content-wrapper\"><p>[vc_row][vc_column][vc_column_text]<span style=\"font-weight: 400;\">Las alimentadoras vibratorias de dos masas de General Kinematics est\u00e1n dise\u00f1adas y reforzadas para las aplicaciones m\u00e1s demandantes.<br \/>\nEste dise\u00f1o que se adapta a las cargas soporta incluso los incrementos s\u00fabitos de carga de material m\u00e1s desafiantes para mantener el proceso fluyendo sin contratiempos.<br \/>\nEl dise\u00f1o de tiempo de actividad elevado y poco mantenimiento alivia las preocupaciones por el mantenimiento y aumenta la potencia del procesamiento.<br \/>\nAlimentadoras de GK dise\u00f1adas por encargo, lo que significa que nuestro equipo se adapta a cualquier huella existente con facilidad.<br \/>\n<\/span>[\/vc_column_text][\/vc_column][\/vc_row][vc_row el_class=\u00bbbutton_div category_page\u00bb][vc_column][vc_btn title=\u00bbFUNDICI\u00d3N DE METALES        \u00bb link=\u00bburl:%23metalcasting_conveyors%20%20%20%20%20%20%20%20|\u00bb][vc_btn title=\u00bbRECICLAJE        \u00bb link=\u00bburl:%23recycling_conveyor%20%20%20%20%20%20%20%20|\u00bb][vc_btn title=\u00bbMINER\u00cdA        \u00bb link=\u00bburl:%23mining_feeder%20%20%20%20%20%20%20%20|\u00bb][vc_btn title=\u00bbPROCESAMIENTO DE GRANELES        \u00bb link=\u00bburl:%23bulk_conveyors%20%20%20%20%20%20%20%20|\u00bb][vc_btn title=\u00bbPROCESAMIENTO DE MADERA        \u00bb link=\u00bburl:%23wood_conveyor%20%20%20%20%20%20%20%20|\u00bb][\/vc_column][\/vc_row][vc_row full_width=\u00bbstretch_row\u00bb css=\u00bb.vc_custom_1594324268716{background-image: url(https:\/\/www.generalkinematics.com\/wp-content\/uploads\/2018\/03\/industry-landing-lines.png?id=34782) !important;background-position: 0 0 !important;background-repeat: no-repeat !important;}\u00bb el_class=\u00bbcategory_page\u00bb el_id=\u00bbmetalcasting_conveyors\u00bb][vc_column][vc_custom_heading text=\u00bbAlimentadoras para fundici\u00f3n y fundici\u00f3n de metales        \u00bb font_container=\u00bbtag:h2|text_align:center|color:%23be1e2d\u00bb use_theme_fonts=\u00bbyes\u00bb][vc_column_text]<\/p>\n<p style=\"text-align: center;\">Encuentre la alimentadora ideal para su proceso de fundici\u00f3n o fundici\u00f3n de metales.<\/p>\n<p>[\/vc_column_text][\/vc_column][\/vc_row][vc_row el_class=\u00bbcontainer category_page cat_image\u00bb][vc_column width=\u00bb1\/4&#8243;][vc_single_image image=\u00bb49052&#8243; img_size=\u00bbfull\u00bb alignment=\u00bbcenter\u00bb onclick=\u00bbcustom_link\u00bb title=\u00bbAlimentadora de medici\u00f3n        \u00bb link=\u00bbhttps:\/\/www.generalkinematics.com\/product\/casting-vibro-feeders\/\u00bb][\/vc_column][vc_column width=\u00bb1\/4&#8243;][vc_single_image image=\u00bb49047&#8243; img_size=\u00bbfull\u00bb alignment=\u00bbcenter\u00bb onclick=\u00bbcustom_link\u00bb title=\u00bbAlimentadora vibratoria de carga        \u00bb link=\u00bbhttps:\/\/www.generalkinematics.com\/product\/vibration-furnace-charge-feeders\/\u00bb][\/vc_column][vc_column width=\u00bb1\/4&#8243;][vc_single_image image=\u00bb49042&#8243; img_size=\u00bbfull\u00bb alignment=\u00bbcenter\u00bb onclick=\u00bbcustom_link\u00bb title=\u00bbAlimentadora de carga r\u00e1pida        \u00bb link=\u00bbhttps:\/\/www.generalkinematics.com\/product\/blast-load-feeder-machines\/\u00bb][\/vc_column][vc_column width=\u00bb1\/4&#8243;][vc_single_image image=\u00bb49057&#8243; img_size=\u00bbfull\u00bb alignment=\u00bbcenter\u00bb onclick=\u00bbcustom_link\u00bb title=\u00bbALIMENTADORAS VIBRATORIAS PARA-MOUNT II\u00ae        \u00bb link=\u00bbhttps:\/\/www.generalkinematics.com\/product\/vibrating-feeder\/\u00bb][\/vc_column][\/vc_row][vc_row full_width=\u00bbstretch_row\u00bb css=\u00bb.vc_custom_1594324250538{background-image: url(https:\/\/www.generalkinematics.com\/wp-content\/uploads\/2018\/03\/industry-landing-lines.png?id=34782) !important;background-position: 0 0 !important;background-repeat: no-repeat !important;}\u00bb el_class=\u00bbcategory_page\u00bb el_id=\u00bbrecycling_conveyor\u00bb][vc_column][vc_custom_heading text=\u00bbAlimentadoras para reciclaje        \u00bb font_container=\u00bbtag:h2|text_align:center|color:%23be1e2d\u00bb use_theme_fonts=\u00bbyes\u00bb][vc_column_text]<\/p>\n<p style=\"text-align: center;\">Encuentre la alimentadora ideal para su proceso de reciclaje.<\/p>\n<p>[\/vc_column_text][\/vc_column][\/vc_row][vc_row el_class=\u00bbcontainer category_page cat_image\u00bb][vc_column width=\u00bb1\/4&#8243;][vc_single_image image=\u00bb49092&#8243; img_size=\u00bbfull\u00bb alignment=\u00bbcenter\u00bb onclick=\u00bbcustom_link\u00bb title=\u00bbAlimentadora vibratoria de recorrido y desplazamiento alto        \u00bb link=\u00bbhttps:\/\/www.generalkinematics.com\/product\/hd-high-stroke-feeder\/\u00bb][\/vc_column][vc_column width=\u00bb1\/4&#8243;][vc_single_image image=\u00bb49087&#8243; img_size=\u00bbfull\u00bb alignment=\u00bbcenter\u00bb onclick=\u00bbcustom_link\u00bb title=\u00bbCarga de contenedores        \u00bb link=\u00bbhttps:\/\/www.generalkinematics.com\/product\/load-rite-container-loading-systems\/\u00bb][\/vc_column][vc_column width=\u00bb1\/4&#8243;][vc_single_image image=\u00bb49082&#8243; img_size=\u00bbfull\u00bb alignment=\u00bbcenter\u00bb onclick=\u00bbcustom_link\u00bb title=\u00bbAlimentadora de fuerza bruta        \u00bb link=\u00bbhttps:\/\/www.generalkinematics.com\/product\/brute-force-vibrating-feeders\/\u00bb][\/vc_column][vc_column width=\u00bb1\/4&#8243;][vc_single_image image=\u00bb49077&#8243; img_size=\u00bbfull\u00bb alignment=\u00bbcenter\u00bb onclick=\u00bbcustom_link\u00bb title=\u00bbAlimentadora de medici\u00f3n ASR        \u00bb link=\u00bbhttps:\/\/www.generalkinematics.com\/product\/asr-metering-feeder\/\u00bb][\/vc_column][\/vc_row][vc_row el_class=\u00bbcontainer category_page cat_image\u00bb][vc_column width=\u00bb1\/4&#8243;][vc_single_image image=\u00bb49072&#8243; img_size=\u00bbfull\u00bb alignment=\u00bbcenter\u00bb onclick=\u00bbcustom_link\u00bb title=\u00bbOscilador de molino inferior        \u00bb link=\u00bbhttps:\/\/www.generalkinematics.com\/product\/under-mill-oscillators\/\u00bb][\/vc_column][vc_column width=\u00bb1\/4&#8243;][vc_single_image image=\u00bb48966&#8243; img_size=\u00bbfull\u00bb alignment=\u00bbcenter\u00bb onclick=\u00bbcustom_link\u00bb title=\u00bbAlimentadora con tambor magn\u00e9tico        \u00bb link=\u00bbhttps:\/\/www.generalkinematics.com\/product\/drum-magnet-feeders-conveyors\/\u00bb][\/vc_column][vc_column width=\u00bb1\/4&#8243;][vc_single_image image=\u00bb49067&#8243; img_size=\u00bbfull\u00bb alignment=\u00bbcenter\u00bb onclick=\u00bbcustom_link\u00bb title=\u00bbALIMENTADORAS VIBRATORIAS PARA-MOUNT II\u00ae        \u00bb link=\u00bbhttps:\/\/www.generalkinematics.com\/product\/para-mount-vibrating-feeder\/\u00bb][\/vc_column][vc_column width=\u00bb1\/4&#8243;][vc_single_image image=\u00bb49097&#8243; img_size=\u00bbfull\u00bb alignment=\u00bbcenter\u00bb onclick=\u00bbcustom_link\u00bb title=\u00bbAlto recorrido        \u00bb link=\u00bbhttps:\/\/www.generalkinematics.com\/product\/high-stroke-feeders\/\u00bb][\/vc_column][\/vc_row][vc_row full_width=\u00bbstretch_row\u00bb css=\u00bb.vc_custom_1594656056884{background-image: url(https:\/\/www.generalkinematics.com\/wp-content\/uploads\/2018\/03\/industry-landing-lines.png?id=34782) !important;background-position: 0 0 !important;background-repeat: no-repeat !important;}\u00bb el_class=\u00bbcategory_page\u00bb el_id=\u00bbmining_feeder\u00bb][vc_column][vc_custom_heading text=\u00bbAlimentadoras de miner\u00eda        \u00bb font_container=\u00bbtag:h2|text_align:center|color:%23be1e2d\u00bb use_theme_fonts=\u00bbyes\u00bb][vc_column_text]<\/p>\n<p style=\"text-align: center;\">Encuentre la alimentadora ideal para su proceso de miner\u00eda.<\/p>\n<p>[\/vc_column_text][\/vc_column][\/vc_row][vc_row el_class=\u00bbcontainer category_page cat_image\u00bb][vc_column width=\u00bb1\/4&#8243;][vc_single_image image=\u00bb49167&#8243; img_size=\u00bbfull\u00bb alignment=\u00bbcenter\u00bb onclick=\u00bbcustom_link\u00bb title=\u00bbALIMENTADORAS VIBRATORIAS PARA-MOUNT\u00ae        \u00bb link=\u00bbhttps:\/\/www.generalkinematics.com\/product\/paramount-vibrating-feeder\/\u00bb][\/vc_column][vc_column width=\u00bb1\/4&#8243;][vc_single_image image=\u00bb49162&#8243; img_size=\u00bbfull\u00bb alignment=\u00bbcenter\u00bb onclick=\u00bbcustom_link\u00bb title=\u00bbALIMENTADORAS VIBRATORIAS PARA-MOUNT II\u00ae        \u00bb link=\u00bbhttps:\/\/www.generalkinematics.com\/product\/para-mount-feeders\/\u00bb][\/vc_column][vc_column width=\u00bb1\/4&#8243;][vc_single_image image=\u00bb49157&#8243; img_size=\u00bbfull\u00bb alignment=\u00bbcenter\u00bb onclick=\u00bbcustom_link\u00bb title=\u00bbALIMENTADORA VIBRATORIA DE TRITURADORA PARA-MOUNT II\u00ae        \u00bb link=\u00bbhttps:\/\/www.generalkinematics.com\/product\/para-mount-ii-vibratory-crusher-feeder\/\u00bb][\/vc_column][vc_column width=\u00bb1\/4&#8243;][vc_single_image image=\u00bb49152&#8243; img_size=\u00bbfull\u00bb alignment=\u00bbcenter\u00bb onclick=\u00bbcustom_link\u00bb title=\u00bbALIMENTADORAS VIBRATORIAS DE ACCIONAMIENTO DIRECTO        \u00bb link=\u00bbhttps:\/\/www.generalkinematics.com\/product\/direct-drive-vibratory-feeders\/\u00bb][\/vc_column][\/vc_row][vc_row el_class=\u00bbcontainer category_page cat_image\u00bb][vc_column width=\u00bb1\/4&#8243;][vc_single_image image=\u00bb49147&#8243; img_size=\u00bbfull\u00bb alignment=\u00bbcenter\u00bb onclick=\u00bbcustom_link\u00bb title=\u00bbALIMENTADORAS VIBRATORIAS PREDISE\u00d1ADAS DE \u201cENV\u00cdO R\u00c1PIDO\u201d        \u00bb link=\u00bbhttps:\/\/www.generalkinematics.com\/product\/standard-feeders\/\u00bb][\/vc_column][vc_column width=\u00bb1\/4&#8243;][\/vc_column][vc_column width=\u00bb1\/4&#8243;][\/vc_column][vc_column width=\u00bb1\/4&#8243;][\/vc_column][\/vc_row][vc_row full_width=\u00bbstretch_row\u00bb css=\u00bb.vc_custom_1594922675787{background-image: url(https:\/\/www.generalkinematics.com\/wp-content\/uploads\/2018\/03\/industry-landing-lines.png?id=34782) !important;background-position: 0 0 !important;background-repeat: no-repeat !important;}\u00bb el_class=\u00bbcategory_page\u00bb el_id=\u00bbbulk_conveyors\u00bb][vc_column][vc_custom_heading text=\u00bbAlimentadoras de procesamiento de graneles        \u00bb font_container=\u00bbtag:h2|text_align:center|color:%23be1e2d\u00bb use_theme_fonts=\u00bbyes\u00bb][vc_column_text]<\/p>\n<p style=\"text-align: center;\">Encuentre la alimentadora ideal para el sistema de procesamiento de graneles.<\/p>\n<p>[\/vc_column_text][\/vc_column][\/vc_row][vc_row el_class=\u00bbcontainer category_page cat_image\u00bb][vc_column width=\u00bb1\/4&#8243;][vc_single_image image=\u00bb49142&#8243; img_size=\u00bbfull\u00bb alignment=\u00bbcenter\u00bb onclick=\u00bbcustom_link\u00bb title=\u00bbALIMENTADORA\/ACTIVADOR UN-COALER\u00ae        \u00bb link=\u00bbhttps:\/\/www.generalkinematics.com\/product\/un-coaler-activator-feeder-gk-vibrating\/\u00bb][\/vc_column][vc_column width=\u00bb1\/4&#8243;][vc_single_image image=\u00bb49137&#8243; img_size=\u00bbfull\u00bb alignment=\u00bbcenter\u00bb onclick=\u00bbcustom_link\u00bb title=\u00bbALIMENTADORAS HORIZONTALES TWO-WAY\u2122        \u00bb link=\u00bbhttps:\/\/www.generalkinematics.com\/product\/two-way-horizontal-feeders\/\u00bb][\/vc_column][vc_column width=\u00bb1\/4&#8243;][vc_single_image image=\u00bb49132&#8243; img_size=\u00bbfull\u00bb alignment=\u00bbcenter\u00bb onclick=\u00bbcustom_link\u00bb title=\u00bbALIMENTADORAS VIBRATORIAS EN SERIE EST\u00c1NDAR, SERIE S        \u00bb link=\u00bbhttps:\/\/www.generalkinematics.com\/product\/s-series-standard-series-vibratory-feeders\/\u00bb][\/vc_column][vc_column width=\u00bb1\/4&#8243;][vc_single_image image=\u00bb49127&#8243; img_size=\u00bbfull\u00bb alignment=\u00bbcenter\u00bb onclick=\u00bbcustom_link\u00bb title=\u00bbALIMENTADORAS VIBRATORIAS PARA-MOUNT II\u00ae        \u00bb link=\u00bbhttps:\/\/www.generalkinematics.com\/product\/para-vibrating-feeder\/\u00bb][\/vc_column][\/vc_row][vc_row el_class=\u00bbcontainer category_page cat_image\u00bb][vc_column width=\u00bb1\/4&#8243;][vc_single_image image=\u00bb49122&#8243; img_size=\u00bbfull\u00bb alignment=\u00bbcenter\u00bb onclick=\u00bbcustom_link\u00bb title=\u00bbENFRIADOR INDIRECTO PARA MATERIALES HIGROSC\u00d3PICOS        \u00bb link=\u00bbhttps:\/\/www.generalkinematics.com\/product\/indirect-cooler\/\u00bb][\/vc_column][vc_column width=\u00bb1\/4&#8243;][vc_single_image image=\u00bb49117&#8243; img_size=\u00bbfull\u00bb alignment=\u00bbcenter\u00bb onclick=\u00bbcustom_link\u00bb title=\u00bbALIMENTADORA\/ACTIVADOR DE SILOS HULA-HOPPER\u00ae        \u00bb link=\u00bbhttps:\/\/www.generalkinematics.com\/product\/hula-hopper-bin-activator\/\u00bb][\/vc_column][vc_column width=\u00bb1\/4&#8243;][vc_single_image image=\u00bb49112&#8243; img_size=\u00bbfull\u00bb alignment=\u00bbcenter\u00bb onclick=\u00bbcustom_link\u00bb title=\u00bbACTIVADORES DE SILOS EST\u00c1NDAR        \u00bb link=\u00bbhttps:\/\/www.generalkinematics.com\/product\/standard-bin-activators\/\u00bb][\/vc_column][vc_column width=\u00bb1\/4&#8243;][vc_single_image image=\u00bb49107&#8243; img_size=\u00bbfull\u00bb alignment=\u00bbcenter\u00bb onclick=\u00bbcustom_link\u00bb title=\u00bbACCIONAMIENTOS NEUM\u00c1TICOS DE ALIMENTADORA AIR-DUO\u2122        \u00bb link=\u00bbhttps:\/\/www.generalkinematics.com\/product\/air-duo-pneumatic-feeder-drives\/\u00bb][\/vc_column][\/vc_row][vc_row el_class=\u00bbcontainer category_page cat_image\u00bb][vc_column width=\u00bb1\/4&#8243;][vc_single_image image=\u00bb49102&#8243; img_size=\u00bbfull\u00bb alignment=\u00bbcenter\u00bb onclick=\u00bbcustom_link\u00bb title=\u00bbENFRIADOR DE MATERIAL A GRANEL VIBRA-FIN\u2122        \u00bb link=\u00bbhttps:\/\/www.generalkinematics.com\/product\/vibra-fin-bulk-material-cooler\/\u00bb][\/vc_column][vc_column width=\u00bb1\/4&#8243;][\/vc_column][vc_column width=\u00bb1\/4&#8243;][\/vc_column][vc_column width=\u00bb1\/4&#8243;][\/vc_column][\/vc_row][vc_row full_width=\u00bbstretch_row\u00bb css=\u00bb.vc_custom_1594324410386{background-image: url(https:\/\/www.generalkinematics.com\/wp-content\/uploads\/2018\/03\/industry-landing-lines.png?id=34782) !important;background-position: 0 0 !important;background-repeat: no-repeat !important;}\u00bb el_class=\u00bbcategory_page\u00bb el_id=\u00bbwood_conveyor\u00bb][vc_column][vc_custom_heading text=\u00bbAlimentadoras para procesamiento de madera        \u00bb font_container=\u00bbtag:h2|text_align:center|color:%23be1e2d\u00bb use_theme_fonts=\u00bbyes\u00bb][vc_column_text]<\/p>\n<p style=\"text-align: center;\">Encuentre la alimentadora perfecta para el sistema de procesamiento de madera.<\/p>\n<p>[\/vc_column_text][\/vc_column][\/vc_row][vc_row el_class=\u00bbcontainer category_page cat_image\u00bb][vc_column width=\u00bb1\/4&#8243;][vc_single_image image=\u00bb49177&#8243; img_size=\u00bbfull\u00bb alignment=\u00bbcenter\u00bb onclick=\u00bbcustom_link\u00bb title=\u00bbAlimentadora para procesamiento de madera        \u00bb link=\u00bbhttps:\/\/www.generalkinematics.com\/product\/vibratory-wood-conveyors\/\u00bb][\/vc_column][vc_column width=\u00bb1\/4&#8243;][vc_single_image image=\u00bb49172&#8243; img_size=\u00bbfull\u00bb alignment=\u00bbcenter\u00bb onclick=\u00bbcustom_link\u00bb title=\u00bbALIMENTADORA\/ACTIVADOR UN-COALER\u00ae PARA MADERA        \u00bb link=\u00bbhttps:\/\/www.generalkinematics.com\/product\/un-coaler-activator\/\u00bb][\/vc_column][vc_column width=\u00bb1\/4&#8243;][\/vc_column][vc_column width=\u00bb1\/4&#8243;][\/vc_column][\/vc_row][vc_row full_width=\u00bbstretch_row\u00bb css=\u00bb.vc_custom_1594324554196{background-image: url(https:\/\/www.generalkinematics.com\/wp-content\/uploads\/2018\/03\/industry-landing-lines.png?id=34782) !important;background-position: 0 0 !important;background-repeat: no-repeat !important;}\u00bb el_class=\u00bbcategory_page\u00bb el_id=\u00bbcomponent_conveyor\u00bb][vc_column][vc_custom_heading text=\u00bbComponentes de la alimentadora        \u00bb font_container=\u00bbtag:h2|text_align:center|color:%23be1e2d\u00bb use_theme_fonts=\u00bbyes\u00bb][vc_column_text]<\/p>\n<p style=\"text-align: center;\">Piezas de reemplazo de componentes para alimentadoras vibratorias.<\/p>\n<p>[\/vc_column_text][\/vc_column][\/vc_row][vc_row el_class=\u00bbcontainer category_page cat_image\u00bb][vc_column width=\u00bb1\/4&#8243;][vc_single_image image=\u00bb49016&#8243; img_size=\u00bbfull\u00bb alignment=\u00bbcenter\u00bb onclick=\u00bbcustom_link\u00bb title=\u00bbResortes        \u00bb link=\u00bbhttps:\/\/www.generalkinematics.com\/product\/isolation-springs-and-reactor-springs\/\u00bb][\/vc_column][vc_column width=\u00bb1\/4&#8243;][vc_single_image image=\u00bb49036&#8243; img_size=\u00bbfull\u00bb alignment=\u00bbcenter\u00bb onclick=\u00bbcustom_link\u00bb title=\u00bbMotores        \u00bb link=\u00bbhttps:\/\/www.generalkinematics.com\/product-category\/gkparts-com\/gk-vibratory-motors\/\u00bb][\/vc_column][vc_column width=\u00bb1\/4&#8243;][vc_single_image image=\u00bb49031&#8243; img_size=\u00bbfull\u00bb alignment=\u00bbcenter\u00bb onclick=\u00bbcustom_link\u00bb title=\u00bbTablillas        \u00bb link=\u00bbhttps:\/\/www.generalkinematics.com\/product\/general-kinematics-plastic-scotchply-fiberglass-steel-slats\/\u00bb][\/vc_column][vc_column width=\u00bb1\/4&#8243;][\/vc_column][\/vc_row][vc_row][vc_column][vc_empty_space height=\u00bb62px\u00bb][vc_separator][\/vc_column][\/vc_row][vc_row][vc_column][vc_custom_heading text=\u00bbArt\u00edculos relacionados        \u00bb use_theme_fonts=\u00bbyes\u00bb][\/vc_column][\/vc_row][vc_row][vc_column][vc_basic_grid post_type=\u00bbpost\u00bb max_items=\u00bb4&#8243; element_width=\u00bb3&#8243; gap=\u00bb25&#8243; orderby=\u00bbrand\u00bb grid_id=\u00bbvc_gid:1600039184888-47d89730-c6e6-10&#8243; taxonomies=\u00bb30, 1680, 75, 1712, 1415, 1414&#8243; css=\u00bb.vc_custom_1594654638064{padding-right: 25px !important;padding-left: 25px !important;}\u00bb][\/vc_column][\/vc_row][vc_row][vc_column][\/vc_column][\/vc_row]<\/p>\n<\/div>","protected":false},"excerpt":{"rendered":"<p>[vc_row][vc_column][vc_column_text]Las alimentadoras vibratorias de dos masas de General Kinematics est\u00e1n dise\u00f1adas y reforzadas para las aplicaciones m\u00e1s demandantes. Este dise\u00f1o que se adapta a las cargas soporta incluso los incrementos s\u00fabitos de carga de material m\u00e1s desafiantes para mantener el proceso fluyendo sin contratiempos. El dise\u00f1o de tiempo de actividad elevado y poco mantenimiento alivia [&hellip;]<\/p>\n","protected":false},"author":101013,"featured_media":0,"parent":0,"menu_order":0,"comment_status":"closed","ping_status":"closed","template":"page-templates\/page-full-width.php","meta":{"_acf_changed":false,"om_disable_all_campaigns":false,"ep_exclude_from_search":false,"footnotes":""},"class_list":["post-49777","page","type-page","status-publish","hentry"],"acf":[],"yoast_head":"<!-- This site is optimized with the Yoast SEO plugin v27.2 - https:\/\/yoast.com\/product\/yoast-seo-wordpress\/ -->\n<title>Alimentadoras vibratorias | General Kinematics<\/title>\n<meta name=\"robots\" content=\"index, follow, max-snippet:-1, max-image-preview:large, max-video-preview:-1\" \/>\n<link rel=\"canonical\" href=\"https:\/\/www.generalkinematics.com\/es\/vibrating-feeders\/\" \/>\n<meta property=\"og:locale\" content=\"es_ES\" \/>\n<meta property=\"og:type\" content=\"article\" \/>\n<meta property=\"og:title\" content=\"Alimentadoras vibratorias | General Kinematics\" \/>\n<meta property=\"og:description\" content=\"[vc_row][vc_column][vc_column_text]Las alimentadoras vibratorias de dos masas de General Kinematics est\u00e1n dise\u00f1adas y reforzadas para las aplicaciones m\u00e1s demandantes. Este dise\u00f1o que se adapta a las cargas soporta incluso los incrementos s\u00fabitos de carga de material m\u00e1s desafiantes para mantener el proceso fluyendo sin contratiempos. El dise\u00f1o de tiempo de actividad elevado y poco mantenimiento alivia [&hellip;]\" \/>\n<meta property=\"og:url\" content=\"https:\/\/www.generalkinematics.com\/es\/vibrating-feeders\/\" \/>\n<meta property=\"og:site_name\" content=\"General Kinematics\" \/>\n<meta property=\"article:publisher\" content=\"https:\/\/www.facebook.com\/generalkinematics\" \/>\n<meta property=\"og:image\" content=\"https:\/\/media.generalkinematics.com\/wp-content\/uploads\/2017\/07\/GK-Icon.png\" \/>\n\t<meta property=\"og:image:width\" content=\"3000\" \/>\n\t<meta property=\"og:image:height\" content=\"3000\" \/>\n\t<meta property=\"og:image:type\" content=\"image\/jpeg\" \/>\n<meta name=\"twitter:card\" content=\"summary_large_image\" \/>\n<meta name=\"twitter:site\" content=\"@gkvibrating\" \/>\n<meta name=\"twitter:label1\" content=\"Tiempo de lectura\" \/>\n\t<meta name=\"twitter:data1\" content=\"9 minutos\" \/>\n<!-- \/ Yoast SEO plugin. -->","yoast_head_json":{"title":"Alimentadoras vibratorias | General Kinematics","robots":{"index":"index","follow":"follow","max-snippet":"max-snippet:-1","max-image-preview":"max-image-preview:large","max-video-preview":"max-video-preview:-1"},"canonical":"https:\/\/www.generalkinematics.com\/es\/vibrating-feeders\/","og_locale":"es_ES","og_type":"article","og_title":"Alimentadoras vibratorias | General Kinematics","og_description":"[vc_row][vc_column][vc_column_text]Las alimentadoras vibratorias de dos masas de General Kinematics est\u00e1n dise\u00f1adas y reforzadas para las aplicaciones m\u00e1s demandantes. Este dise\u00f1o que se adapta a las cargas soporta incluso los incrementos s\u00fabitos de carga de material m\u00e1s desafiantes para mantener el proceso fluyendo sin contratiempos. El dise\u00f1o de tiempo de actividad elevado y poco mantenimiento alivia [&hellip;]","og_url":"https:\/\/www.generalkinematics.com\/es\/vibrating-feeders\/","og_site_name":"General Kinematics","article_publisher":"https:\/\/www.facebook.com\/generalkinematics","og_image":[{"width":3000,"height":3000,"url":"https:\/\/media.generalkinematics.com\/wp-content\/uploads\/2017\/07\/GK-Icon.png","type":"image\/jpeg"}],"twitter_card":"summary_large_image","twitter_site":"@gkvibrating","twitter_misc":{"Tiempo de lectura":"9 minutos"},"schema":{"@context":"https:\/\/schema.org","@graph":[{"@type":"WebPage","@id":"https:\/\/www.generalkinematics.com\/es\/vibrating-feeders\/","url":"https:\/\/www.generalkinematics.com\/es\/vibrating-feeders\/","name":"Alimentadoras vibratorias | General Kinematics","isPartOf":{"@id":"https:\/\/www.generalkinematics.com\/es\/#website"},"datePublished":"2024-08-15T15:14:56+00:00","breadcrumb":{"@id":"https:\/\/www.generalkinematics.com\/es\/vibrating-feeders\/#breadcrumb"},"inLanguage":"es","potentialAction":[{"@type":"ReadAction","target":["https:\/\/www.generalkinematics.com\/es\/vibrating-feeders\/"]}]},{"@type":"BreadcrumbList","@id":"https:\/\/www.generalkinematics.com\/es\/vibrating-feeders\/#breadcrumb","itemListElement":[{"@type":"ListItem","position":1,"name":"GK Home","item":"https:\/\/www.generalkinematics.com\/es\/"},{"@type":"ListItem","position":2,"name":"Alimentadoras vibratorias"}]},{"@type":"WebSite","@id":"https:\/\/www.generalkinematics.com\/es\/#website","url":"https:\/\/www.generalkinematics.com\/es\/","name":"General Kinematics","description":"","publisher":{"@id":"https:\/\/www.generalkinematics.com\/es\/#organization"},"potentialAction":[{"@type":"SearchAction","target":{"@type":"EntryPoint","urlTemplate":"https:\/\/www.generalkinematics.com\/es\/?s={search_term_string}"},"query-input":{"@type":"PropertyValueSpecification","valueRequired":true,"valueName":"search_term_string"}}],"inLanguage":"es"},{"@type":"Organization","@id":"https:\/\/www.generalkinematics.com\/es\/#organization","name":"General Kinematics","url":"https:\/\/www.generalkinematics.com\/es\/","logo":{"@type":"ImageObject","inLanguage":"es","@id":"https:\/\/www.generalkinematics.com\/es\/#\/schema\/logo\/image\/","url":"https:\/\/media.generalkinematics.com\/wp-content\/uploads\/2018\/03\/logo.png","contentUrl":"https:\/\/media.generalkinematics.com\/wp-content\/uploads\/2018\/03\/logo.png","width":313,"height":100,"caption":"General Kinematics"},"image":{"@id":"https:\/\/www.generalkinematics.com\/es\/#\/schema\/logo\/image\/"},"sameAs":["https:\/\/www.facebook.com\/generalkinematics","https:\/\/x.com\/gkvibrating"]}]}},"_links":{"self":[{"href":"https:\/\/www.generalkinematics.com\/es\/wp-json\/wp\/v2\/pages\/49777","targetHints":{"allow":["GET"]}}],"collection":[{"href":"https:\/\/www.generalkinematics.com\/es\/wp-json\/wp\/v2\/pages"}],"about":[{"href":"https:\/\/www.generalkinematics.com\/es\/wp-json\/wp\/v2\/types\/page"}],"author":[{"embeddable":true,"href":"https:\/\/www.generalkinematics.com\/es\/wp-json\/wp\/v2\/users\/101013"}],"replies":[{"embeddable":true,"href":"https:\/\/www.generalkinematics.com\/es\/wp-json\/wp\/v2\/comments?post=49777"}],"version-history":[{"count":0,"href":"https:\/\/www.generalkinematics.com\/es\/wp-json\/wp\/v2\/pages\/49777\/revisions"}],"wp:attachment":[{"href":"https:\/\/www.generalkinematics.com\/es\/wp-json\/wp\/v2\/media?parent=49777"}],"curies":[{"name":"wp","href":"https:\/\/api.w.org\/{rel}","templated":true}]}}