{"id":49893,"date":"2012-04-03T15:22:30","date_gmt":"2012-04-03T20:22:30","guid":{"rendered":"https:\/\/www.generalkinematics.com\/?page_id=49893"},"modified":"2020-09-15T15:56:00","modified_gmt":"2020-09-15T20:56:00","slug":"videos","status":"publish","type":"page","link":"https:\/\/www.generalkinematics.com\/es\/videos\/","title":{"rendered":"Videos"},"content":{"rendered":"<div class=\"wpb-content-wrapper\"><p>[vc_row el_class=\u00bbvideo-library&#8211;case-studies\u00bb][vc_column][vc_column_text el_class=\u00bb.video-library&#8211;case-studies__top-text\u00bb]<\/p>\n<h2>Estudios de caso<\/h2>\n<p>Obtenga m\u00e1s informaci\u00f3n sobre sus productos GK favoritos[\/vc_column_text][vc_row_inner el_class=\u00bbhome-page&#8211;industry-leaders-icons\u00bb][vc_column_inner el_class=\u00bbhome-page&#8211;industry-leaders-icons__one\u00bb width=\u00bb1\/4&#8243;][vc_column_text el_class=\u00bbhome-page&#8211;industry-leaders-icons-text\u00bb]<a href=\"https:\/\/www.generalkinematics.com\/es\/blog\/category\/estudios-de-casos\/fundicion\/\"><img decoding=\"async\" class=\"aligncenter wp-image-48404 size-medium\" src=\"https:\/\/media.generalkinematics.com\/wp-content\/uploads\/2020\/07\/Foundry-Icon-390x318.jpg\" alt=\"\" width=\"390\" height=\"318\" \/><\/a><\/p>\n<h2><a href=\"https:\/\/www.generalkinematics.com\/es\/blog\/category\/estudios-de-casos\/fundicion\/\">FUNDICI\u00d3N Y FUNDICI\u00d3N DE METALES<\/a><\/h2>\n<p>[\/vc_column_text][\/vc_column_inner][vc_column_inner el_class=\u00bbhome-page&#8211;industry-leaders-icons__two\u00bb width=\u00bb1\/4&#8243;][vc_column_text el_class=\u00bbhome-page&#8211;industry-leaders-icons-text\u00bb]<a href=\"https:\/\/www.generalkinematics.com\/es\/soluciones-de-reciclaje\/\"><img decoding=\"async\" class=\"aligncenter wp-image-48414 size-medium\" src=\"https:\/\/media.generalkinematics.com\/wp-content\/uploads\/2020\/07\/Recycling-Icon-390x359.jpg\" alt=\"\" width=\"390\" height=\"359\" \/><\/a><\/p>\n<h2><a href=\"https:\/\/www.generalkinematics.com\/es\/soluciones-de-reciclaje\/\">RECUPERACI\u00d3N DE RECURSOS<\/a><\/h2>\n<p>[\/vc_column_text][\/vc_column_inner][vc_column_inner el_class=\u00bbhome-page&#8211;industry-leaders-icons__three\u00bb width=\u00bb1\/4&#8243;][vc_column_text el_class=\u00bbhome-page&#8211;industry-leaders-icons-text\u00bb]<a href=\"https:\/\/www.generalkinematics.com\/es\/blog\/category\/estudios-de-casos\/mineria\/\"><img decoding=\"async\" class=\"aligncenter wp-image-48409 size-medium\" src=\"https:\/\/media.generalkinematics.com\/wp-content\/uploads\/2020\/07\/Mining-Icon-390x341.jpg\" alt=\"\" width=\"390\" height=\"341\" \/><\/a><\/p>\n<h2><a href=\"https:\/\/www.generalkinematics.com\/es\/blog\/category\/estudios-de-casos\/mineria\/\">MINER\u00cdA Y MINERALES<\/a><\/h2>\n<p>[\/vc_column_text][\/vc_column_inner][vc_column_inner el_class=\u00bbhome-page&#8211;industry-leaders-icons__four\u00bb width=\u00bb1\/4&#8243;][vc_column_text el_class=\u00bbhome-page&#8211;industry-leaders-icons-text\u00bb]<a href=\"https:\/\/www.generalkinematics.com\/es\/soluciones-de-procesamiento-a-granel\/\"><img decoding=\"async\" class=\"aligncenter wp-image-48399 size-medium\" src=\"https:\/\/media.generalkinematics.com\/wp-content\/uploads\/2020\/07\/Bulk-Icon-390x252.jpg\" alt=\"\" width=\"390\" height=\"252\" \/><\/a><\/p>\n<h2><a href=\"https:\/\/www.generalkinematics.com\/es\/soluciones-de-procesamiento-a-granel\/\">PROCESAMIENTO A GRANEL<\/a><\/h2>\n<p>[\/vc_column_text][\/vc_column_inner][\/vc_row_inner][\/vc_column][\/vc_row][vc_row full_width=\u00bbstretch_row\u00bb el_class=\u00bbvideo-library&#8211;learn-more\u00bb][vc_column][vc_row_inner el_class=\u00bbvideo-library&#8211;learn-more-container\u00bb][vc_column_inner el_class=\u00bbvideo-library&#8211;learn-more-text\u00bb width=\u00bb2\/3&#8243;][vc_column_text]<\/p>\n<h2>\u00bfNecesita ayuda con el mantenimiento de equipos?<\/h2>\n<p>Pregunta a nuestras expertas.[\/vc_column_text][\/vc_column_inner][vc_column_inner el_class=\u00bbvideo-library&#8211;learn-more-button-container\u00bb width=\u00bb1\/3&#8243;][vc_column_text]<a class=\"learn-more-button\" href=\"https:\/\/www.generalkinematics.com\/es\/centro-tecnico\/\">Aprende m\u00e1s<\/a>[\/vc_column_text][\/vc_column_inner][\/vc_row_inner][\/vc_column][\/vc_row]<\/p>\n<\/div>","protected":false},"excerpt":{"rendered":"<p>[vc_row el_class=\u00bbvideo-library&#8211;case-studies\u00bb][vc_column][vc_column_text el_class=\u00bb.video-library&#8211;case-studies__top-text\u00bb] Estudios de caso Obtenga m\u00e1s informaci\u00f3n sobre sus productos GK favoritos[\/vc_column_text][vc_row_inner el_class=\u00bbhome-page&#8211;industry-leaders-icons\u00bb][vc_column_inner el_class=\u00bbhome-page&#8211;industry-leaders-icons__one\u00bb width=\u00bb1\/4&#8243;][vc_column_text el_class=\u00bbhome-page&#8211;industry-leaders-icons-text\u00bb] FUNDICI\u00d3N Y FUNDICI\u00d3N DE METALES [\/vc_column_text][\/vc_column_inner][vc_column_inner el_class=\u00bbhome-page&#8211;industry-leaders-icons__two\u00bb width=\u00bb1\/4&#8243;][vc_column_text el_class=\u00bbhome-page&#8211;industry-leaders-icons-text\u00bb] RECUPERACI\u00d3N DE RECURSOS [\/vc_column_text][\/vc_column_inner][vc_column_inner el_class=\u00bbhome-page&#8211;industry-leaders-icons__three\u00bb width=\u00bb1\/4&#8243;][vc_column_text el_class=\u00bbhome-page&#8211;industry-leaders-icons-text\u00bb] MINER\u00cdA Y MINERALES [\/vc_column_text][\/vc_column_inner][vc_column_inner el_class=\u00bbhome-page&#8211;industry-leaders-icons__four\u00bb width=\u00bb1\/4&#8243;][vc_column_text el_class=\u00bbhome-page&#8211;industry-leaders-icons-text\u00bb] PROCESAMIENTO A GRANEL [\/vc_column_text][\/vc_column_inner][\/vc_row_inner][\/vc_column][\/vc_row][vc_row full_width=\u00bbstretch_row\u00bb el_class=\u00bbvideo-library&#8211;learn-more\u00bb][vc_column][vc_row_inner el_class=\u00bbvideo-library&#8211;learn-more-container\u00bb][vc_column_inner el_class=\u00bbvideo-library&#8211;learn-more-text\u00bb width=\u00bb2\/3&#8243;][vc_column_text] \u00bfNecesita ayuda con el mantenimiento [&hellip;]<\/p>\n","protected":false},"author":5,"featured_media":0,"parent":0,"menu_order":0,"comment_status":"open","ping_status":"closed","template":"temp-video-library.php","meta":{"_acf_changed":false,"om_disable_all_campaigns":false,"ep_exclude_from_search":false,"footnotes":""},"class_list":["post-49893","page","type-page","status-publish","hentry"],"acf":[],"yoast_head":"<!-- This site is optimized with the Yoast SEO plugin v27.2 - https:\/\/yoast.com\/product\/yoast-seo-wordpress\/ -->\n<title>Videos | General Kinematics<\/title>\n<meta name=\"description\" content=\"V\u00eddeos de equipos industriales, estudios de casos, aspectos destacados de equipos, testimonios de clientes y mucho m\u00e1s. Vea todos los videos de cinem\u00e1tica general aqu\u00ed.\" \/>\n<meta name=\"robots\" content=\"index, follow, max-snippet:-1, max-image-preview:large, max-video-preview:-1\" \/>\n<link rel=\"canonical\" href=\"https:\/\/www.generalkinematics.com\/es\/videos\/\" \/>\n<meta property=\"og:locale\" content=\"es_ES\" \/>\n<meta property=\"og:type\" content=\"article\" \/>\n<meta property=\"og:title\" content=\"Videos | General Kinematics\" \/>\n<meta property=\"og:description\" content=\"V\u00eddeos de equipos industriales, estudios de casos, aspectos destacados de equipos, testimonios de clientes y mucho m\u00e1s. Vea todos los videos de cinem\u00e1tica general aqu\u00ed.\" \/>\n<meta property=\"og:url\" content=\"https:\/\/www.generalkinematics.com\/es\/videos\/\" \/>\n<meta property=\"og:site_name\" content=\"General Kinematics\" \/>\n<meta property=\"article:publisher\" content=\"https:\/\/www.facebook.com\/generalkinematics\" \/>\n<meta property=\"article:modified_time\" content=\"2020-09-15T20:56:00+00:00\" \/>\n<meta property=\"og:image\" content=\"https:\/\/www.generalkinematics.com\/wp-content\/uploads\/2020\/07\/Foundry-Icon-390x318.jpg\" \/>\n<meta name=\"twitter:card\" content=\"summary_large_image\" \/>\n<meta name=\"twitter:site\" content=\"@gkvibrating\" \/>\n<meta name=\"twitter:label1\" content=\"Tiempo de lectura\" \/>\n\t<meta name=\"twitter:data1\" content=\"1 minuto\" \/>\n<!-- \/ Yoast SEO plugin. -->","yoast_head_json":{"title":"Videos | General Kinematics","description":"V\u00eddeos de equipos industriales, estudios de casos, aspectos destacados de equipos, testimonios de clientes y mucho m\u00e1s. Vea todos los videos de cinem\u00e1tica general aqu\u00ed.","robots":{"index":"index","follow":"follow","max-snippet":"max-snippet:-1","max-image-preview":"max-image-preview:large","max-video-preview":"max-video-preview:-1"},"canonical":"https:\/\/www.generalkinematics.com\/es\/videos\/","og_locale":"es_ES","og_type":"article","og_title":"Videos | General Kinematics","og_description":"V\u00eddeos de equipos industriales, estudios de casos, aspectos destacados de equipos, testimonios de clientes y mucho m\u00e1s. Vea todos los videos de cinem\u00e1tica general aqu\u00ed.","og_url":"https:\/\/www.generalkinematics.com\/es\/videos\/","og_site_name":"General Kinematics","article_publisher":"https:\/\/www.facebook.com\/generalkinematics","article_modified_time":"2020-09-15T20:56:00+00:00","og_image":[{"url":"https:\/\/www.generalkinematics.com\/wp-content\/uploads\/2020\/07\/Foundry-Icon-390x318.jpg","type":"","width":"","height":""}],"twitter_card":"summary_large_image","twitter_site":"@gkvibrating","twitter_misc":{"Tiempo de lectura":"1 minuto"},"schema":{"@context":"https:\/\/schema.org","@graph":[{"@type":"WebPage","@id":"https:\/\/www.generalkinematics.com\/es\/videos\/","url":"https:\/\/www.generalkinematics.com\/es\/videos\/","name":"Videos | General Kinematics","isPartOf":{"@id":"https:\/\/www.generalkinematics.com\/es\/#website"},"primaryImageOfPage":{"@id":"https:\/\/www.generalkinematics.com\/es\/videos\/#primaryimage"},"image":{"@id":"https:\/\/www.generalkinematics.com\/es\/videos\/#primaryimage"},"thumbnailUrl":"https:\/\/www.generalkinematics.com\/wp-content\/uploads\/2020\/07\/Foundry-Icon-390x318.jpg","datePublished":"2012-04-03T20:22:30+00:00","dateModified":"2020-09-15T20:56:00+00:00","description":"V\u00eddeos de equipos industriales, estudios de casos, aspectos destacados de equipos, testimonios de clientes y mucho m\u00e1s. Vea todos los videos de cinem\u00e1tica general aqu\u00ed.","breadcrumb":{"@id":"https:\/\/www.generalkinematics.com\/es\/videos\/#breadcrumb"},"inLanguage":"es","potentialAction":[{"@type":"ReadAction","target":["https:\/\/www.generalkinematics.com\/es\/videos\/"]}]},{"@type":"ImageObject","inLanguage":"es","@id":"https:\/\/www.generalkinematics.com\/es\/videos\/#primaryimage","url":"https:\/\/www.generalkinematics.com\/wp-content\/uploads\/2020\/07\/Foundry-Icon-390x318.jpg","contentUrl":"https:\/\/www.generalkinematics.com\/wp-content\/uploads\/2020\/07\/Foundry-Icon-390x318.jpg"},{"@type":"BreadcrumbList","@id":"https:\/\/www.generalkinematics.com\/es\/videos\/#breadcrumb","itemListElement":[{"@type":"ListItem","position":1,"name":"GK Home","item":"https:\/\/www.generalkinematics.com\/es\/"},{"@type":"ListItem","position":2,"name":"Videos"}]},{"@type":"WebSite","@id":"https:\/\/www.generalkinematics.com\/es\/#website","url":"https:\/\/www.generalkinematics.com\/es\/","name":"General Kinematics","description":"","publisher":{"@id":"https:\/\/www.generalkinematics.com\/es\/#organization"},"potentialAction":[{"@type":"SearchAction","target":{"@type":"EntryPoint","urlTemplate":"https:\/\/www.generalkinematics.com\/es\/?s={search_term_string}"},"query-input":{"@type":"PropertyValueSpecification","valueRequired":true,"valueName":"search_term_string"}}],"inLanguage":"es"},{"@type":"Organization","@id":"https:\/\/www.generalkinematics.com\/es\/#organization","name":"General Kinematics","url":"https:\/\/www.generalkinematics.com\/es\/","logo":{"@type":"ImageObject","inLanguage":"es","@id":"https:\/\/www.generalkinematics.com\/es\/#\/schema\/logo\/image\/","url":"https:\/\/media.generalkinematics.com\/wp-content\/uploads\/2018\/03\/logo.png","contentUrl":"https:\/\/media.generalkinematics.com\/wp-content\/uploads\/2018\/03\/logo.png","width":313,"height":100,"caption":"General Kinematics"},"image":{"@id":"https:\/\/www.generalkinematics.com\/es\/#\/schema\/logo\/image\/"},"sameAs":["https:\/\/www.facebook.com\/generalkinematics","https:\/\/x.com\/gkvibrating"]}]}},"_links":{"self":[{"href":"https:\/\/www.generalkinematics.com\/es\/wp-json\/wp\/v2\/pages\/49893","targetHints":{"allow":["GET"]}}],"collection":[{"href":"https:\/\/www.generalkinematics.com\/es\/wp-json\/wp\/v2\/pages"}],"about":[{"href":"https:\/\/www.generalkinematics.com\/es\/wp-json\/wp\/v2\/types\/page"}],"author":[{"embeddable":true,"href":"https:\/\/www.generalkinematics.com\/es\/wp-json\/wp\/v2\/users\/5"}],"replies":[{"embeddable":true,"href":"https:\/\/www.generalkinematics.com\/es\/wp-json\/wp\/v2\/comments?post=49893"}],"version-history":[{"count":0,"href":"https:\/\/www.generalkinematics.com\/es\/wp-json\/wp\/v2\/pages\/49893\/revisions"}],"wp:attachment":[{"href":"https:\/\/www.generalkinematics.com\/es\/wp-json\/wp\/v2\/media?parent=49893"}],"curies":[{"name":"wp","href":"https:\/\/api.w.org\/{rel}","templated":true}]}}