{"id":50469,"date":"2020-12-28T23:59:10","date_gmt":"2020-12-29T05:59:10","guid":{"rendered":"https:\/\/www.generalkinematics.com\/?page_id=50469"},"modified":"2023-02-24T13:22:12","modified_gmt":"2023-02-24T19:22:12","slug":"la-ventaja-de-two-mass-de-gk","status":"publish","type":"page","link":"https:\/\/www.generalkinematics.com\/es\/la-ventaja-de-two-mass-de-gk\/","title":{"rendered":"La ventaja de Two Mass de GK"},"content":{"rendered":"<div class=\"wpb-content-wrapper\"><p>[vc_row][vc_column][vc_single_image image=\u00bb50490&#8243; img_size=\u00bbfull\u00bb alignment=\u00bbcenter\u00bb][\/vc_column][\/vc_row][vc_row][vc_column][vc_column_text]<\/p>\n<p><strong>Two Mass de General Kinematics frente a la fuerza bruta La capacidad de respuesta a la carga de materiales y el rendimiento:<\/strong><\/p>\n<p><span style=\"font-weight: 400;\">General Kinematics es conocida como la l\u00edder en tecnolog\u00eda vibratoria Two Mass. Esta tecnolog\u00eda ha hecho posible manipular capacidades m\u00e1s grandes al tiempo que prolonga la vida del equipo. <\/span><\/p>\n<p><span style=\"font-weight: 400;\">Two Mass se refiere al estilo del equipo vibratorio en el que una masa (el excitador, es decir \u00abImpulsor\u00bb) se utiliza para mover una segunda masa (el canal, es decir \u00abCuerpo\u00bb). La masa del excitador es el peso total de los motores vibradores m\u00e1s la estructura de acero dise\u00f1ada de manera proporcional al peso total del canal adem\u00e1s de la cantidad de la carga de material. La masa del excitador se conecta con la estructura del canal a trav\u00e9s de una red de resortes distribuidos de forma pareja entre los dos. Al conectar las dos masas con la red de resortes se crea un sistema subrresonante que reacciona. Este sistema responde a los cambios en la carga sin disminuir el rendimiento n la eficacia. Adem\u00e1s, es mucho menos costoso operar y mantener el sistema Two Mass, ya que se eliminan las correas, los motores grandes y los rodamientos. <\/span><\/p>\n<p><span style=\"font-weight: 400;\">Por otro lado, los dise\u00f1os de fuerza bruta responden de forma negativa a la carga de material. A medida que aumenta la carga de material, se reduce el recorrido. Una m\u00e1quina de fuerza bruta por lo general tiene motores grandes y pesos exc\u00e9ntricos que se demoran en arrancar y, en ocasiones, pueden atascarse en esta frecuencia durante el arranque, lo que causa una tensi\u00f3n estructural. Despu\u00e9s del arranque, se opera lejos de la frecuencia de aislamiento y, por lo tanto, no se beneficia de la curva de Two Mass (mencionada a la derecha). La potencia necesaria para lograr un recorrido de dise\u00f1o tiene una correlaci\u00f3n directa con la masa que debe vibrar. Por lo tanto, con un aumento en la carga de material, se reducir\u00e1 el recorrido de dise\u00f1o. Con esta diferencia inherente, la tecnolog\u00eda Two Mass mantiene en todo momento la eficacia y capacidad de la activaci\u00f3n de material, mientras que la eficacia y la capacidad de la fuerza bruta se reducir\u00e1n en condiciones de carga total y sobrecarga. El tiempo de actividad de rendimiento se ve afectado por el dise\u00f1o mec\u00e1nico de los dos estilos diferentes.<\/span><\/p>\n<p><span style=\"font-weight: 400;\"> <\/span>[\/vc_column_text][vc_empty_space][\/vc_column][\/vc_row][vc_row][vc_column width=\u00bb2\/3&#8243;][vc_raw_html]aHR0cHM6Ly95b3V0dS5iZS9JN3UxTHJ6ZW5ZZw==[\/vc_raw_html][\/vc_column][vc_column width=\u00bb1\/3&#8243;][vc_empty_space height=\u00bb62px\u00bb][vc_custom_heading text=\u00bb\u00bfNecesita un presupuesto o<br \/>\ntiene preguntas?\u00bb font_container=\u00bbtag:h2|text_align:left|color:%23bb2034&#8243; google_fonts=\u00bbfont_family:Roboto%3A100%2C100italic%2C300%2C300italic%2Cregular%2Citalic%2C500%2C500italic%2C700%2C700italic%2C900%2C900italic|font_style:700%20bold%20regular%3A700%3Anormal\u00bb][vc_raw_html]PHA+PGlmcmFtZSBzdHlsZT0iYm9yZGVyOiAwOyIgc3JjPSJodHRwczovL2dvLnBhcmRvdC5jb20vbC8xNDU4MDEvMjAxNi0wNi0wMy82OTRscCIgd2lkdGg9IjEwMCUiIGhlaWdodD0iNTAwIiBmcmFtZWJvcmRlcj0iMCI+PC9pZnJhbWU+PC9wPgo8c3BhbiBkYXRhLW1jZS10eXBlPSJib29rbWFyayIgc3R5bGU9ImRpc3BsYXk6IGlubGluZS1ibG9jazsgd2lkdGg6IDBweDsgb3ZlcmZsb3c6IGhpZGRlbjsgbGluZS1oZWlnaHQ6IDA7IiBjbGFzcz0ibWNlX1NFTFJFU19zdGFydCI+PC9zcGFuPg==[\/vc_raw_html][\/vc_column][\/vc_row][vc_row][vc_column][vc_empty_space][vc_single_image image=\u00bb52852&#8243; img_size=\u00bbmedium\u00bb alignment=\u00bbcenter\u00bb title=\u00bbTwo Mass frente a la fuerza bruta\u00bb][\/vc_column][\/vc_row][vc_row equal_height=\u00bbyes\u00bb][vc_column width=\u00bb1\/2&#8243; css=\u00bb.vc_custom_1608654858170{background-color: #e5e5e5 !important;}\u00bb][vc_column_text]<\/p>\n<h3 style=\"text-align: center;\">Two Mass de GK<\/h3>\n<p>[\/vc_column_text][vc_column_text]<img decoding=\"async\" class=\"wp-image-50527 alignright\" src=\"https:\/\/media.generalkinematics.com\/wp-content\/uploads\/2020\/12\/Exploded_TM.gif\" alt=\"\" width=\"373\" height=\"209\"><span style=\"font-weight: 400;\">El nombre \u00abTwo Mass\u00bb deriva del dise\u00f1o del equipo. En este dise\u00f1o, el excitador (masa uno) se conecta al cuerpo del equipo (masa dos) por una red de resortes reactores. <\/span>[\/vc_column_text][\/vc_column][vc_column width=\u00bb1\/2&#8243; css=\u00bb.vc_custom_1608654871532{background-color: #e0e0e0 !important;}\u00bb][vc_column_text]<\/p>\n<h3 style=\"text-align: center;\">La fuerza bruta del competidor<\/h3>\n<p>[\/vc_column_text][vc_column_text]<img decoding=\"async\" class=\"wp-image-50522 alignleft\" src=\"https:\/\/media.generalkinematics.com\/wp-content\/uploads\/2020\/12\/Exploded_BF.gif\" alt=\"\" width=\"374\" height=\"210\"><span style=\"font-weight: 400;\">La fuerza bruta se refiere a un dise\u00f1o de equipo en el que el motor se conecta directamente al cuerpo o la masa vibradora.<\/span>[\/vc_column_text][\/vc_column][\/vc_row][vc_row equal_height=\u00bbyes\u00bb][vc_column width=\u00bb1\/2&#8243; css=\u00bb.vc_custom_1608654858170{background-color: #e5e5e5 !important;}\u00bb][vc_column_text]<img decoding=\"async\" class=\"wp-image-50567 alignright\" src=\"https:\/\/media.generalkinematics.com\/wp-content\/uploads\/2020\/12\/Motors_TM.gif\" alt=\"\" width=\"372\" height=\"209\"><span style=\"font-weight: 400;\">Con el dise\u00f1o Two Mass se proporciona un arranque r\u00e1pido y sin inconvenientes. Las dos masas se mueven en direcciones opuestas con un recorrido lineal. Este dise\u00f1o opera con menos energ\u00eda.<\/span>[\/vc_column_text][\/vc_column][vc_column width=\u00bb1\/2&#8243; css=\u00bb.vc_custom_1608654871532{background-color: #e0e0e0 !important;}\u00bb][vc_column_text]<img decoding=\"async\" class=\"wp-image-50562 alignleft\" src=\"https:\/\/media.generalkinematics.com\/wp-content\/uploads\/2020\/12\/Motors_bf.gif\" alt=\"\" width=\"372\" height=\"209\"><span style=\"font-weight: 400;\">El impulsor est\u00e1 conectado directamente al ensamblaje del canal. Para que funcione este dise\u00f1o se necesita el doble que para el dise\u00f1o Two Mass.  <\/span><\/p>\n<p>&nbsp;<\/p>\n<p>[\/vc_column_text][\/vc_column][\/vc_row][vc_row equal_height=\u00bbyes\u00bb][vc_column width=\u00bb1\/2&#8243; css=\u00bb.vc_custom_1608654858170{background-color: #e5e5e5 !important;}\u00bb][vc_column_text]<img decoding=\"async\" class=\"alignright wp-image-50577 \" src=\"https:\/\/media.generalkinematics.com\/wp-content\/uploads\/2020\/12\/Profile_TM.gif\" alt=\"\" width=\"371\" height=\"208\">La fuerza del impulsor se distribuye de forma pareja por la red de resortes para dar soporte a la estructura del cuerpo del equipo. Para las unidades m\u00e1s grandes, el cuerpo tiene alteraciones de dise\u00f1o para distribuir de forma m\u00e1s pareja las fuerzas del impulsor. Esto tambi\u00e9n restringe las fuerzas de torsi\u00f3n.[\/vc_column_text][\/vc_column][vc_column width=\u00bb1\/2&#8243; css=\u00bb.vc_custom_1608654871532{background-color: #e0e0e0 !important;}\u00bb][vc_column_text]<img decoding=\"async\" class=\"wp-image-50572 alignleft\" src=\"https:\/\/media.generalkinematics.com\/wp-content\/uploads\/2020\/12\/Profile_bf.gif\" alt=\"\" width=\"371\" height=\"208\">La fuerza del impulsor se concentra en un \u00e1rea de cada panel lateral. La construcci\u00f3n del panel lateral no puede sobrevivir a las fuerzas concentradas y suele fallar. Para unidades de fuerza bruta m\u00e1s grandes, las fuerzas del impulsor hacia el panel lateral se intensifican a medida que aumentan el ancho de la viga, la masa y las fuerzas, ya que disminuye la resistencia a las fuerzas de torsi\u00f3n.[\/vc_column_text][\/vc_column][\/vc_row][vc_row equal_height=\u00bbyes\u00bb][vc_column width=\u00bb1\/2&#8243; css=\u00bb.vc_custom_1608654858170{background-color: #e5e5e5 !important;}\u00bb][vc_column_text]<img decoding=\"async\" class=\"wp-image-50537 alignright\" src=\"https:\/\/media.generalkinematics.com\/wp-content\/uploads\/2020\/12\/Heavy-Material_TM.gif\" alt=\"\" width=\"374\" height=\"210\">La tecnolog\u00eda subrresonante Two Mass responde de forma positiva a la carga de material. El dise\u00f1o de la m\u00e1quina considera el peso del equipo y el peso de la sobrecarga de material y optimiza los caballos de fuerza del motor y la red de resortes para que la eficacia y la capacidad no se vean afectadas cuando var\u00edan las condiciones del proceso.<\/p>\n<p>[\/vc_column_text][\/vc_column][vc_column width=\u00bb1\/2&#8243; css=\u00bb.vc_custom_1608654871532{background-color: #e0e0e0 !important;}\u00bb][vc_column_text]<img decoding=\"async\" class=\"wp-image-50532 alignleft\" src=\"https:\/\/media.generalkinematics.com\/wp-content\/uploads\/2020\/12\/Heavy-Material_BF.gif\" alt=\"\" width=\"373\" height=\"209\">El dise\u00f1o de fuerza bruta responde de manera negativa al aumento en la carga de material, quiz\u00e1s de manera significativa bajo condiciones de sobrecarga. Esto reducir\u00e1 el recorrido y la eficacia. El dise\u00f1o de la m\u00e1quina debe considerar la masa del motor\/impulsor, la masa del cuerpo y la masa del material. Las tres consumen los caballos de fuera del motor\/impulsor, que es limitada.<\/p>\n<p>[\/vc_column_text][\/vc_column][\/vc_row][vc_row][vc_column][vc_empty_space height=\u00bb62px\u00bb][vc_raw_html]PHN0eWxlPgojcmVzcG9uZHsKZGlzcGxheTogbm9uZTsKfQoKPC9zdHlsZT4=[\/vc_raw_html][\/vc_column][\/vc_row][vc_row][vc_column width=\u00bb2\/3&#8243; css=\u00bb.vc_custom_1608761504760{background-color: #f2f2f2 !important;}\u00bb][vc_empty_space height=\u00bb62px\u00bb][vc_column_text]<\/p>\n<h3 style=\"text-align: center;\">Conozca c\u00f3mo el dise\u00f1o Two Mass de General Kinematics ha mejorado la capacidad de selecci\u00f3n hasta en un 30&nbsp;%.<\/h3>\n<p>[\/vc_column_text][vc_btn title=\u00bbLea el caso pr\u00e1ctico\u00bb shape=\u00bbsquare\u00bb color=\u00bbinverse\u00bb align=\u00bbcenter\u00bb link=\u00bburl:%2Fwp-content%2Fuploads%2F2020%2F06%2FGKM20_STM_Capacity.pdf|target:_blank|\u00bb][vc_empty_space height=\u00bb62px\u00bb][\/vc_column][vc_column width=\u00bb1\/3&#8243;][vc_single_image image=\u00bb48321&#8243; img_size=\u00bbmedium\u00bb alignment=\u00bbright\u00bb][\/vc_column][\/vc_row][vc_row][\/vc_row][vc_column][vc_empty_space height=\u00bb62px\u00bb][vc_column_text]<\/p>\n<h3 style=\"text-align: center;\">El equipo con tecnolog\u00eda Two Mass de GK est\u00e1 disponible para cada industria. Encuentre la adici\u00f3n perfecta de Two Mass para su proceso haciendo clic en el \u00edcono de la industria a continuaci\u00f3n.<\/h3>\n<p>[\/vc_column_text][vc_row_inner el_class=\u00bbhome-page&#8211;industry-leaders-icons\u00bb][vc_column_inner el_class=\u00bbhome-page&#8211;industry-leaders-icons__one\u00bb width=\u00bb1\/4&#8243;][vc_column_text el_class=\u00bbhome-page&#8211;industry-leaders-icons-text\u00bb]<a href=\"https:\/\/www.generalkinematics.com\/es\/soluciones-de-fundicion-y-metalcasting\/\"><img decoding=\"async\" class=\"aligncenter wp-image-49635 size-medium\" src=\"https:\/\/media.generalkinematics.com\/wp-content\/uploads\/2020\/07\/foundry-icon-1-390x318.jpg\" alt=\"\" width=\"390\" height=\"318\" srcset=\"https:\/\/media.generalkinematics.com\/wp-content\/uploads\/2020\/07\/foundry-icon-1-390x318.jpg 390w, https:\/\/media.generalkinematics.com\/wp-content\/uploads\/2020\/07\/foundry-icon-1-500x408.jpg 500w, https:\/\/media.generalkinematics.com\/wp-content\/uploads\/2020\/07\/foundry-icon-1-479x391.jpg 479w, https:\/\/media.generalkinematics.com\/wp-content\/uploads\/2020\/07\/foundry-icon-1-612x500.jpg 612w, https:\/\/media.generalkinematics.com\/wp-content\/uploads\/2020\/07\/foundry-icon-1-600x490.jpg 600w, https:\/\/media.generalkinematics.com\/wp-content\/uploads\/2020\/07\/foundry-icon-1-426x348.jpg 426w, https:\/\/media.generalkinematics.com\/wp-content\/uploads\/2020\/07\/foundry-icon-1-306x250.jpg 306w, https:\/\/media.generalkinematics.com\/wp-content\/uploads\/2020\/07\/foundry-icon-1.jpg 763w\" sizes=\"(max-width: 639px) 98vw, (max-width: 1199px) 64vw, 390px\" \/><\/a><\/p>\n<h2><a href=\"https:\/\/www.generalkinematics.com\/es\/soluciones-de-fundicion-y-metalcasting\/\">Fundici\u00f3n<\/a><\/h2>\n<p>[\/vc_column_text][\/vc_column_inner][vc_column_inner el_class=\u00bbhome-page&#8211;industry-leaders-icons__two\u00bb width=\u00bb1\/4&#8243;][vc_column_text el_class=\u00bbhome-page&#8211;industry-leaders-icons-text\u00bb]<a href=\"https:\/\/www.generalkinematics.com\/es\/soluciones-de-reciclaje\/\"><img decoding=\"async\" class=\"aligncenter wp-image-49629 size-medium\" src=\"https:\/\/media.generalkinematics.com\/wp-content\/uploads\/2020\/07\/recycling-icon-1-390x359.jpg\" alt=\"\" width=\"390\" height=\"359\" srcset=\"https:\/\/media.generalkinematics.com\/wp-content\/uploads\/2020\/07\/recycling-icon-1-390x359.jpg 390w, https:\/\/media.generalkinematics.com\/wp-content\/uploads\/2020\/07\/recycling-icon-1-500x461.jpg 500w, https:\/\/media.generalkinematics.com\/wp-content\/uploads\/2020\/07\/recycling-icon-1-479x441.jpg 479w, https:\/\/media.generalkinematics.com\/wp-content\/uploads\/2020\/07\/recycling-icon-1-542x500.jpg 542w, https:\/\/media.generalkinematics.com\/wp-content\/uploads\/2020\/07\/recycling-icon-1-378x348.jpg 378w, https:\/\/media.generalkinematics.com\/wp-content\/uploads\/2020\/07\/recycling-icon-1-271x250.jpg 271w, https:\/\/media.generalkinematics.com\/wp-content\/uploads\/2020\/07\/recycling-icon-1.jpg 562w\" sizes=\"(max-width: 639px) 98vw, (max-width: 1199px) 64vw, 390px\" \/><\/a><\/p>\n<h2><a href=\"https:\/\/www.generalkinematics.com\/es\/soluciones-de-reciclaje\/\">Recuperaci\u00f3n de recursos<\/a><\/h2>\n<p>[\/vc_column_text][\/vc_column_inner][vc_column_inner el_class=\u00bbhome-page&#8211;industry-leaders-icons__three\u00bb width=\u00bb1\/4&#8243;][vc_column_text el_class=\u00bbhome-page&#8211;industry-leaders-icons-text\u00bb]<a href=\"https:\/\/www.generalkinematics.com\/es\/mineria-y-soluciones-mierales\/\"><img decoding=\"async\" class=\"aligncenter wp-image-49624 size-medium\" src=\"https:\/\/media.generalkinematics.com\/wp-content\/uploads\/2020\/07\/mining-icon-1-390x341.jpg\" alt=\"\" width=\"390\" height=\"341\" srcset=\"https:\/\/media.generalkinematics.com\/wp-content\/uploads\/2020\/07\/mining-icon-1-390x341.jpg 390w, https:\/\/media.generalkinematics.com\/wp-content\/uploads\/2020\/07\/mining-icon-1-500x437.jpg 500w, https:\/\/media.generalkinematics.com\/wp-content\/uploads\/2020\/07\/mining-icon-1-479x418.jpg 479w, https:\/\/media.generalkinematics.com\/wp-content\/uploads\/2020\/07\/mining-icon-1-572x500.jpg 572w, https:\/\/media.generalkinematics.com\/wp-content\/uploads\/2020\/07\/mining-icon-1-600x524.jpg 600w, https:\/\/media.generalkinematics.com\/wp-content\/uploads\/2020\/07\/mining-icon-1-398x348.jpg 398w, https:\/\/media.generalkinematics.com\/wp-content\/uploads\/2020\/07\/mining-icon-1-286x250.jpg 286w, https:\/\/media.generalkinematics.com\/wp-content\/uploads\/2020\/07\/mining-icon-1.jpg 711w\" sizes=\"(max-width: 639px) 98vw, (max-width: 1199px) 64vw, 390px\" \/><\/a><\/p>\n<h2><a href=\"https:\/\/www.generalkinematics.com\/es\/mineria-y-soluciones-mierales\/\">Miner\u00eda y metalurgia<\/a><\/h2>\n<p>[\/vc_column_text][\/vc_column_inner][vc_column_inner el_class=\u00bbhome-page&#8211;industry-leaders-icons__four\u00bb width=\u00bb1\/4&#8243;][vc_column_text el_class=\u00bbhome-page&#8211;industry-leaders-icons-text\u00bb]<a href=\"https:\/\/www.generalkinematics.com\/es\/soluciones-de-procesamiento-a-granel\/\"><img decoding=\"async\" class=\"aligncenter wp-image-49619 size-medium\" src=\"https:\/\/media.generalkinematics.com\/wp-content\/uploads\/2020\/07\/bulk-icon-1-390x252.jpg\" alt=\"\" width=\"390\" height=\"252\" srcset=\"https:\/\/media.generalkinematics.com\/wp-content\/uploads\/2020\/07\/bulk-icon-1-390x252.jpg 390w, https:\/\/media.generalkinematics.com\/wp-content\/uploads\/2020\/07\/bulk-icon-1-500x323.jpg 500w, https:\/\/media.generalkinematics.com\/wp-content\/uploads\/2020\/07\/bulk-icon-1-479x309.jpg 479w, https:\/\/media.generalkinematics.com\/wp-content\/uploads\/2020\/07\/bulk-icon-1-600x387.jpg 600w, https:\/\/media.generalkinematics.com\/wp-content\/uploads\/2020\/07\/bulk-icon-1-482x311.jpg 482w, https:\/\/media.generalkinematics.com\/wp-content\/uploads\/2020\/07\/bulk-icon-1-388x250.jpg 388w, https:\/\/media.generalkinematics.com\/wp-content\/uploads\/2020\/07\/bulk-icon-1.jpg 693w\" sizes=\"(max-width: 639px) 98vw, (max-width: 1199px) 64vw, 390px\" \/><\/a><\/p>\n<h2><a href=\"https:\/\/www.generalkinematics.com\/es\/soluciones-de-procesamiento-a-granel\/\">Procesado de polvos y graneles<\/a><\/h2>\n<p>[\/vc_column_text][\/vc_column_inner][\/vc_row_inner][\/vc_column][vc_column][\/vc_column][vc_empty_space]<\/p>\n<\/div>","protected":false},"excerpt":{"rendered":"<p>[vc_row][vc_column][vc_single_image image=\u00bb50490&#8243; img_size=\u00bbfull\u00bb alignment=\u00bbcenter\u00bb][\/vc_column][\/vc_row][vc_row][vc_column][vc_column_text] Two Mass de General Kinematics frente a la fuerza bruta La capacidad de respuesta a la carga de materiales y el rendimiento: General Kinematics es conocida como la l\u00edder en tecnolog\u00eda vibratoria Two Mass. Esta tecnolog\u00eda ha hecho posible manipular capacidades m\u00e1s grandes al tiempo que prolonga la vida del equipo. [&hellip;]<\/p>\n","protected":false},"author":101013,"featured_media":46456,"parent":0,"menu_order":0,"comment_status":"open","ping_status":"closed","template":"page-templates\/page-full-width.php","meta":{"_acf_changed":false,"om_disable_all_campaigns":false,"ep_exclude_from_search":false,"footnotes":""},"class_list":["post-50469","page","type-page","status-publish","has-post-thumbnail","hentry"],"acf":[],"yoast_head":"<!-- This site is optimized with the Yoast SEO plugin v27.2 - https:\/\/yoast.com\/product\/yoast-seo-wordpress\/ -->\n<title>La ventaja de Two Mass de GK | General Kinematics<\/title>\n<meta name=\"robots\" content=\"index, follow, max-snippet:-1, max-image-preview:large, max-video-preview:-1\" \/>\n<link rel=\"canonical\" href=\"https:\/\/www.generalkinematics.com\/es\/la-ventaja-de-two-mass-de-gk\/\" \/>\n<meta property=\"og:locale\" content=\"es_ES\" \/>\n<meta property=\"og:type\" content=\"article\" \/>\n<meta property=\"og:title\" content=\"La ventaja de Two Mass de GK | General Kinematics\" \/>\n<meta property=\"og:description\" content=\"[vc_row][vc_column][vc_single_image image=\u00bb50490&#8243; img_size=\u00bbfull\u00bb alignment=\u00bbcenter\u00bb][\/vc_column][\/vc_row][vc_row][vc_column][vc_column_text] Two Mass de General Kinematics frente a la fuerza bruta La capacidad de respuesta a la carga de materiales y el rendimiento: General Kinematics es conocida como la l\u00edder en tecnolog\u00eda vibratoria Two Mass. Esta tecnolog\u00eda ha hecho posible manipular capacidades m\u00e1s grandes al tiempo que prolonga la vida del equipo. [&hellip;]\" \/>\n<meta property=\"og:url\" content=\"https:\/\/www.generalkinematics.com\/es\/la-ventaja-de-two-mass-de-gk\/\" \/>\n<meta property=\"og:site_name\" content=\"General Kinematics\" \/>\n<meta property=\"article:publisher\" content=\"https:\/\/www.facebook.com\/generalkinematics\" \/>\n<meta property=\"article:modified_time\" content=\"2023-02-24T19:22:12+00:00\" \/>\n<meta property=\"og:image\" content=\"https:\/\/media.generalkinematics.com\/wp-content\/uploads\/2019\/05\/two-mass-install-gk.png\" \/>\n\t<meta property=\"og:image:width\" content=\"1372\" \/>\n\t<meta property=\"og:image:height\" content=\"745\" \/>\n\t<meta property=\"og:image:type\" content=\"image\/jpeg\" \/>\n<meta name=\"twitter:card\" content=\"summary_large_image\" \/>\n<meta name=\"twitter:site\" content=\"@gkvibrating\" \/>\n<meta name=\"twitter:label1\" content=\"Tiempo de lectura\" \/>\n\t<meta name=\"twitter:data1\" content=\"7 minutos\" \/>\n<!-- \/ Yoast SEO plugin. -->","yoast_head_json":{"title":"La ventaja de Two Mass de GK | General Kinematics","robots":{"index":"index","follow":"follow","max-snippet":"max-snippet:-1","max-image-preview":"max-image-preview:large","max-video-preview":"max-video-preview:-1"},"canonical":"https:\/\/www.generalkinematics.com\/es\/la-ventaja-de-two-mass-de-gk\/","og_locale":"es_ES","og_type":"article","og_title":"La ventaja de Two Mass de GK | General Kinematics","og_description":"[vc_row][vc_column][vc_single_image image=\u00bb50490&#8243; img_size=\u00bbfull\u00bb alignment=\u00bbcenter\u00bb][\/vc_column][\/vc_row][vc_row][vc_column][vc_column_text] Two Mass de General Kinematics frente a la fuerza bruta La capacidad de respuesta a la carga de materiales y el rendimiento: General Kinematics es conocida como la l\u00edder en tecnolog\u00eda vibratoria Two Mass. Esta tecnolog\u00eda ha hecho posible manipular capacidades m\u00e1s grandes al tiempo que prolonga la vida del equipo. [&hellip;]","og_url":"https:\/\/www.generalkinematics.com\/es\/la-ventaja-de-two-mass-de-gk\/","og_site_name":"General Kinematics","article_publisher":"https:\/\/www.facebook.com\/generalkinematics","article_modified_time":"2023-02-24T19:22:12+00:00","og_image":[{"width":1372,"height":745,"url":"https:\/\/media.generalkinematics.com\/wp-content\/uploads\/2019\/05\/two-mass-install-gk.png","type":"image\/jpeg"}],"twitter_card":"summary_large_image","twitter_site":"@gkvibrating","twitter_misc":{"Tiempo de lectura":"7 minutos"},"schema":{"@context":"https:\/\/schema.org","@graph":[{"@type":"WebPage","@id":"https:\/\/www.generalkinematics.com\/es\/la-ventaja-de-two-mass-de-gk\/","url":"https:\/\/www.generalkinematics.com\/es\/la-ventaja-de-two-mass-de-gk\/","name":"La ventaja de Two Mass de GK | General Kinematics","isPartOf":{"@id":"https:\/\/www.generalkinematics.com\/es\/#website"},"primaryImageOfPage":{"@id":"https:\/\/www.generalkinematics.com\/es\/la-ventaja-de-two-mass-de-gk\/#primaryimage"},"image":{"@id":"https:\/\/www.generalkinematics.com\/es\/la-ventaja-de-two-mass-de-gk\/#primaryimage"},"thumbnailUrl":"https:\/\/media.generalkinematics.com\/wp-content\/uploads\/2019\/05\/two-mass-install-gk.png","datePublished":"2020-12-29T05:59:10+00:00","dateModified":"2023-02-24T19:22:12+00:00","breadcrumb":{"@id":"https:\/\/www.generalkinematics.com\/es\/la-ventaja-de-two-mass-de-gk\/#breadcrumb"},"inLanguage":"es","potentialAction":[{"@type":"ReadAction","target":["https:\/\/www.generalkinematics.com\/es\/la-ventaja-de-two-mass-de-gk\/"]}]},{"@type":"ImageObject","inLanguage":"es","@id":"https:\/\/www.generalkinematics.com\/es\/la-ventaja-de-two-mass-de-gk\/#primaryimage","url":"https:\/\/media.generalkinematics.com\/wp-content\/uploads\/2019\/05\/two-mass-install-gk.png","contentUrl":"https:\/\/media.generalkinematics.com\/wp-content\/uploads\/2019\/05\/two-mass-install-gk.png","width":1372,"height":745,"caption":"Queensland two-mass mining screen installation"},{"@type":"BreadcrumbList","@id":"https:\/\/www.generalkinematics.com\/es\/la-ventaja-de-two-mass-de-gk\/#breadcrumb","itemListElement":[{"@type":"ListItem","position":1,"name":"GK Home","item":"https:\/\/www.generalkinematics.com\/es\/"},{"@type":"ListItem","position":2,"name":"La ventaja de Two Mass de GK"}]},{"@type":"WebSite","@id":"https:\/\/www.generalkinematics.com\/es\/#website","url":"https:\/\/www.generalkinematics.com\/es\/","name":"General Kinematics","description":"","publisher":{"@id":"https:\/\/www.generalkinematics.com\/es\/#organization"},"potentialAction":[{"@type":"SearchAction","target":{"@type":"EntryPoint","urlTemplate":"https:\/\/www.generalkinematics.com\/es\/?s={search_term_string}"},"query-input":{"@type":"PropertyValueSpecification","valueRequired":true,"valueName":"search_term_string"}}],"inLanguage":"es"},{"@type":"Organization","@id":"https:\/\/www.generalkinematics.com\/es\/#organization","name":"General Kinematics","url":"https:\/\/www.generalkinematics.com\/es\/","logo":{"@type":"ImageObject","inLanguage":"es","@id":"https:\/\/www.generalkinematics.com\/es\/#\/schema\/logo\/image\/","url":"https:\/\/media.generalkinematics.com\/wp-content\/uploads\/2018\/03\/logo.png","contentUrl":"https:\/\/media.generalkinematics.com\/wp-content\/uploads\/2018\/03\/logo.png","width":313,"height":100,"caption":"General Kinematics"},"image":{"@id":"https:\/\/www.generalkinematics.com\/es\/#\/schema\/logo\/image\/"},"sameAs":["https:\/\/www.facebook.com\/generalkinematics","https:\/\/x.com\/gkvibrating"]}]}},"_links":{"self":[{"href":"https:\/\/www.generalkinematics.com\/es\/wp-json\/wp\/v2\/pages\/50469","targetHints":{"allow":["GET"]}}],"collection":[{"href":"https:\/\/www.generalkinematics.com\/es\/wp-json\/wp\/v2\/pages"}],"about":[{"href":"https:\/\/www.generalkinematics.com\/es\/wp-json\/wp\/v2\/types\/page"}],"author":[{"embeddable":true,"href":"https:\/\/www.generalkinematics.com\/es\/wp-json\/wp\/v2\/users\/101013"}],"replies":[{"embeddable":true,"href":"https:\/\/www.generalkinematics.com\/es\/wp-json\/wp\/v2\/comments?post=50469"}],"version-history":[{"count":0,"href":"https:\/\/www.generalkinematics.com\/es\/wp-json\/wp\/v2\/pages\/50469\/revisions"}],"wp:featuredmedia":[{"embeddable":true,"href":"https:\/\/www.generalkinematics.com\/es\/wp-json\/wp\/v2\/media\/46456"}],"wp:attachment":[{"href":"https:\/\/www.generalkinematics.com\/es\/wp-json\/wp\/v2\/media?parent=50469"}],"curies":[{"name":"wp","href":"https:\/\/api.w.org\/{rel}","templated":true}]}}