{"id":51383,"date":"2021-04-19T12:10:37","date_gmt":"2021-04-19T17:10:37","guid":{"rendered":"https:\/\/www.generalkinematics.com\/comience-su-sistema-hoy\/"},"modified":"2021-06-10T13:54:51","modified_gmt":"2021-06-10T18:54:51","slug":"comience-su-sistema-hoy","status":"publish","type":"page","link":"https:\/\/www.generalkinematics.com\/es\/comience-su-sistema-hoy\/","title":{"rendered":"Comience su sistema hoy."},"content":{"rendered":"<div class=\"wpb-content-wrapper\"><p>[vc_row][vc_column][vc_empty_space height=\u00bb102px\u00bb][\/vc_column][\/vc_row][vc_row css=\u00bb.vc_custom_1616700933746{margin-right: 20px !important;margin-left: 20px !important;}\u00bb][vc_column width=\u00bb1\/2&#8243;][vc_single_image image=\u00bb51263&#8243; img_size=\u00bbfull\u00bb alignment=\u00bbcenter\u00bb][\/vc_column][vc_column width=\u00bb1\/2&#8243;][vc_column_text css=\u00bb.vc_custom_1616701924613{padding-right: 60px !important;padding-left: 40px !important;}\u00bb]<\/p>\n<h2 style=\"text-align: left;\">Cu\u00e9ntenos sobre su proyecto.<\/h2>\n<p style=\"text-align: left;\">Inf\u00f3rmenos sobre su solicitud y los objetivos de procesamiento, y un representante de GK<\/p>\n<p style=\"text-align: left;\">se pondr\u00e1 en contacto con usted a la brevedad para analizar su proyecto.<\/p>\n<p>[\/vc_column_text][vc_column_text]<br \/>\n<iframe src=\"https:\/\/go.generalkinematics.com\/l\/145801\/2018-08-07\/sqfms?Hidden=https:\/\/www.generalkinematics.com\/es\/wp-json\/wp\/v2\/pages\/51383\" width=\"100%\"\n      height=\"600\" type=\"text\/html\" frameborder=\"0\" allowTransparency=\"true\" style=\"border: 0\"><\/iframe><br \/>\n[\/vc_column_text][\/vc_column][\/vc_row]<\/p>\n<\/div>","protected":false},"excerpt":{"rendered":"<p>[vc_row][vc_column][vc_empty_space height=\u00bb102px\u00bb][\/vc_column][\/vc_row][vc_row css=\u00bb.vc_custom_1616700933746{margin-right: 20px !important;margin-left: 20px !important;}\u00bb][vc_column width=\u00bb1\/2&#8243;][vc_single_image image=\u00bb51263&#8243; img_size=\u00bbfull\u00bb alignment=\u00bbcenter\u00bb][\/vc_column][vc_column width=\u00bb1\/2&#8243;][vc_column_text css=\u00bb.vc_custom_1616701924613{padding-right: 60px !important;padding-left: 40px !important;}\u00bb] Cu\u00e9ntenos sobre su proyecto. Inf\u00f3rmenos sobre su solicitud y los objetivos de procesamiento, y un representante de GK se pondr\u00e1 en contacto con usted a la brevedad para analizar su proyecto. [\/vc_column_text][vc_column_text] [\/vc_column_text][\/vc_column][\/vc_row]<\/p>\n","protected":false},"author":101013,"featured_media":50359,"parent":0,"menu_order":0,"comment_status":"closed","ping_status":"closed","template":"page-templates\/page-cool-full-width.php","meta":{"_acf_changed":false,"om_disable_all_campaigns":false,"ep_exclude_from_search":false,"footnotes":""},"class_list":["post-51383","page","type-page","status-publish","has-post-thumbnail","hentry"],"acf":[],"yoast_head":"<!-- This site is optimized with the Yoast SEO plugin v27.2 - https:\/\/yoast.com\/product\/yoast-seo-wordpress\/ -->\n<title>Comience su sistema hoy. | General Kinematics<\/title>\n<meta name=\"robots\" content=\"index, follow, max-snippet:-1, max-image-preview:large, max-video-preview:-1\" \/>\n<link rel=\"canonical\" href=\"https:\/\/www.generalkinematics.com\/es\/comience-su-sistema-hoy\/\" \/>\n<meta property=\"og:locale\" content=\"es_ES\" \/>\n<meta property=\"og:type\" content=\"article\" \/>\n<meta property=\"og:title\" content=\"Comience su sistema hoy. | General Kinematics\" \/>\n<meta property=\"og:description\" content=\"[vc_row][vc_column][vc_empty_space height=\u00bb102px\u00bb][\/vc_column][\/vc_row][vc_row css=\u00bb.vc_custom_1616700933746{margin-right: 20px !important;margin-left: 20px !important;}\u00bb][vc_column width=\u00bb1\/2&#8243;][vc_single_image image=\u00bb51263&#8243; img_size=\u00bbfull\u00bb alignment=\u00bbcenter\u00bb][\/vc_column][vc_column width=\u00bb1\/2&#8243;][vc_column_text css=\u00bb.vc_custom_1616701924613{padding-right: 60px !important;padding-left: 40px !important;}\u00bb] Cu\u00e9ntenos sobre su proyecto. Inf\u00f3rmenos sobre su solicitud y los objetivos de procesamiento, y un representante de GK se pondr\u00e1 en contacto con usted a la brevedad para analizar su proyecto. [\/vc_column_text][vc_column_text] [\/vc_column_text][\/vc_column][\/vc_row]\" \/>\n<meta property=\"og:url\" content=\"https:\/\/www.generalkinematics.com\/es\/comience-su-sistema-hoy\/\" \/>\n<meta property=\"og:site_name\" content=\"General Kinematics\" \/>\n<meta property=\"article:publisher\" content=\"https:\/\/www.facebook.com\/generalkinematics\" \/>\n<meta property=\"article:modified_time\" content=\"2021-06-10T18:54:51+00:00\" \/>\n<meta property=\"og:image\" content=\"https:\/\/www.generalkinematics.com\/wp-content\/uploads\/2020\/11\/Foundry-Systems-Banner.png\" \/>\n\t<meta property=\"og:image:width\" content=\"1200\" \/>\n\t<meta property=\"og:image:height\" content=\"348\" \/>\n\t<meta property=\"og:image:type\" content=\"image\/jpeg\" \/>\n<meta name=\"twitter:card\" content=\"summary_large_image\" \/>\n<meta name=\"twitter:site\" content=\"@gkvibrating\" \/>\n<meta name=\"twitter:label1\" content=\"Tiempo de lectura\" \/>\n\t<meta name=\"twitter:data1\" content=\"1 minuto\" \/>\n<!-- \/ Yoast SEO plugin. -->","yoast_head_json":{"title":"Comience su sistema hoy. | General Kinematics","robots":{"index":"index","follow":"follow","max-snippet":"max-snippet:-1","max-image-preview":"max-image-preview:large","max-video-preview":"max-video-preview:-1"},"canonical":"https:\/\/www.generalkinematics.com\/es\/comience-su-sistema-hoy\/","og_locale":"es_ES","og_type":"article","og_title":"Comience su sistema hoy. | General Kinematics","og_description":"[vc_row][vc_column][vc_empty_space height=\u00bb102px\u00bb][\/vc_column][\/vc_row][vc_row css=\u00bb.vc_custom_1616700933746{margin-right: 20px !important;margin-left: 20px !important;}\u00bb][vc_column width=\u00bb1\/2&#8243;][vc_single_image image=\u00bb51263&#8243; img_size=\u00bbfull\u00bb alignment=\u00bbcenter\u00bb][\/vc_column][vc_column width=\u00bb1\/2&#8243;][vc_column_text css=\u00bb.vc_custom_1616701924613{padding-right: 60px !important;padding-left: 40px !important;}\u00bb] Cu\u00e9ntenos sobre su proyecto. Inf\u00f3rmenos sobre su solicitud y los objetivos de procesamiento, y un representante de GK se pondr\u00e1 en contacto con usted a la brevedad para analizar su proyecto. [\/vc_column_text][vc_column_text] [\/vc_column_text][\/vc_column][\/vc_row]","og_url":"https:\/\/www.generalkinematics.com\/es\/comience-su-sistema-hoy\/","og_site_name":"General Kinematics","article_publisher":"https:\/\/www.facebook.com\/generalkinematics","article_modified_time":"2021-06-10T18:54:51+00:00","og_image":[{"width":1200,"height":348,"url":"https:\/\/www.generalkinematics.com\/wp-content\/uploads\/2020\/11\/Foundry-Systems-Banner.png","type":"image\/jpeg"}],"twitter_card":"summary_large_image","twitter_site":"@gkvibrating","twitter_misc":{"Tiempo de lectura":"1 minuto"},"schema":{"@context":"https:\/\/schema.org","@graph":[{"@type":"WebPage","@id":"https:\/\/www.generalkinematics.com\/es\/comience-su-sistema-hoy\/","url":"https:\/\/www.generalkinematics.com\/es\/comience-su-sistema-hoy\/","name":"Comience su sistema hoy. | General Kinematics","isPartOf":{"@id":"https:\/\/www.generalkinematics.com\/es\/#website"},"primaryImageOfPage":{"@id":"https:\/\/www.generalkinematics.com\/es\/comience-su-sistema-hoy\/#primaryimage"},"image":{"@id":"https:\/\/www.generalkinematics.com\/es\/comience-su-sistema-hoy\/#primaryimage"},"thumbnailUrl":"https:\/\/media.generalkinematics.com\/wp-content\/uploads\/2020\/11\/Foundry-Systems-Banner.png","datePublished":"2021-04-19T17:10:37+00:00","dateModified":"2021-06-10T18:54:51+00:00","breadcrumb":{"@id":"https:\/\/www.generalkinematics.com\/es\/comience-su-sistema-hoy\/#breadcrumb"},"inLanguage":"es","potentialAction":[{"@type":"ReadAction","target":["https:\/\/www.generalkinematics.com\/es\/comience-su-sistema-hoy\/"]}]},{"@type":"ImageObject","inLanguage":"es","@id":"https:\/\/www.generalkinematics.com\/es\/comience-su-sistema-hoy\/#primaryimage","url":"https:\/\/media.generalkinematics.com\/wp-content\/uploads\/2020\/11\/Foundry-Systems-Banner.png","contentUrl":"https:\/\/media.generalkinematics.com\/wp-content\/uploads\/2020\/11\/Foundry-Systems-Banner.png","width":1200,"height":348,"caption":"Foundry Systems"},{"@type":"BreadcrumbList","@id":"https:\/\/www.generalkinematics.com\/es\/comience-su-sistema-hoy\/#breadcrumb","itemListElement":[{"@type":"ListItem","position":1,"name":"GK Home","item":"https:\/\/www.generalkinematics.com\/es\/"},{"@type":"ListItem","position":2,"name":"Comience su sistema hoy."}]},{"@type":"WebSite","@id":"https:\/\/www.generalkinematics.com\/es\/#website","url":"https:\/\/www.generalkinematics.com\/es\/","name":"General Kinematics","description":"","publisher":{"@id":"https:\/\/www.generalkinematics.com\/es\/#organization"},"potentialAction":[{"@type":"SearchAction","target":{"@type":"EntryPoint","urlTemplate":"https:\/\/www.generalkinematics.com\/es\/?s={search_term_string}"},"query-input":{"@type":"PropertyValueSpecification","valueRequired":true,"valueName":"search_term_string"}}],"inLanguage":"es"},{"@type":"Organization","@id":"https:\/\/www.generalkinematics.com\/es\/#organization","name":"General Kinematics","url":"https:\/\/www.generalkinematics.com\/es\/","logo":{"@type":"ImageObject","inLanguage":"es","@id":"https:\/\/www.generalkinematics.com\/es\/#\/schema\/logo\/image\/","url":"https:\/\/media.generalkinematics.com\/wp-content\/uploads\/2018\/03\/logo.png","contentUrl":"https:\/\/media.generalkinematics.com\/wp-content\/uploads\/2018\/03\/logo.png","width":313,"height":100,"caption":"General Kinematics"},"image":{"@id":"https:\/\/www.generalkinematics.com\/es\/#\/schema\/logo\/image\/"},"sameAs":["https:\/\/www.facebook.com\/generalkinematics","https:\/\/x.com\/gkvibrating"]}]}},"_links":{"self":[{"href":"https:\/\/www.generalkinematics.com\/es\/wp-json\/wp\/v2\/pages\/51383","targetHints":{"allow":["GET"]}}],"collection":[{"href":"https:\/\/www.generalkinematics.com\/es\/wp-json\/wp\/v2\/pages"}],"about":[{"href":"https:\/\/www.generalkinematics.com\/es\/wp-json\/wp\/v2\/types\/page"}],"author":[{"embeddable":true,"href":"https:\/\/www.generalkinematics.com\/es\/wp-json\/wp\/v2\/users\/101013"}],"replies":[{"embeddable":true,"href":"https:\/\/www.generalkinematics.com\/es\/wp-json\/wp\/v2\/comments?post=51383"}],"version-history":[{"count":0,"href":"https:\/\/www.generalkinematics.com\/es\/wp-json\/wp\/v2\/pages\/51383\/revisions"}],"wp:featuredmedia":[{"embeddable":true,"href":"https:\/\/www.generalkinematics.com\/es\/wp-json\/wp\/v2\/media\/50359"}],"wp:attachment":[{"href":"https:\/\/www.generalkinematics.com\/es\/wp-json\/wp\/v2\/media?parent=51383"}],"curies":[{"name":"wp","href":"https:\/\/api.w.org\/{rel}","templated":true}]}}