{"id":52645,"date":"2022-09-26T20:14:24","date_gmt":"2022-09-27T01:14:24","guid":{"rendered":"https:\/\/www.generalkinematics.com\/duro-deck-screening-media\/"},"modified":"2024-07-30T16:07:02","modified_gmt":"2024-07-30T21:07:02","slug":"duro-deck-screening-media","status":"publish","type":"page","link":"https:\/\/www.generalkinematics.com\/es\/duro-deck-screening-media\/","title":{"rendered":"ELEMENTOS DE CRIBADO DURO-DECK\u2122"},"content":{"rendered":"<div class=\"wpb-content-wrapper\"><p>[vc_row full_width=\u00bbstretch_row\u00bb][vc_column width=\u00bb1\/5&#8243;][\/vc_column][vc_column width=\u00bb1\/5&#8243;][vc_single_image image=\u00bb52509&#8243; img_size=\u00bbfull\u00bb alignment=\u00bbcenter\u00bb][vc_column_text]<\/p>\n<h3 style=\"text-align: center;\"><strong>Instalaci\u00f3n f\u00e1cil<\/strong><\/h3>\n<p>[\/vc_column_text][\/vc_column][vc_column width=\u00bb1\/5&#8243;][vc_single_image image=\u00bb52508&#8243; img_size=\u00bbfull\u00bb alignment=\u00bbcenter\u00bb][vc_column_text]<\/p>\n<h3 style=\"text-align: center;\"><strong>Mayor \u00e1rea abierta<\/strong><\/h3>\n<p>[\/vc_column_text][\/vc_column][vc_column width=\u00bb1\/5&#8243;][vc_single_image image=\u00bb52507&#8243; img_size=\u00bbfull\u00bb alignment=\u00bbcenter\u00bb][vc_column_text]<\/p>\n<h3 style=\"text-align: center;\"><strong>Mayor vida \u00fatil<\/strong><\/h3>\n<p>[\/vc_column_text][\/vc_column][vc_column width=\u00bb1\/5&#8243;][\/vc_column][\/vc_row][vc_row full_width=\u00bbstretch_row\u00bb css=\u00bb.vc_custom_1660586040231{background-color: #efefef !important;}\u00bb][vc_column][vc_column_text]<\/p>\n<h2><span style=\"font-weight: 400;\">Elementos de cribado DURO-DECK\u2122 de General Kinematics <\/span><\/h2>\n<p><span style=\"font-weight: 400;\">Los paneles DURO-DECK\u2122 de GK est\u00e1n disponibles en m\u00faltiples materiales para adaptarse a su aplicaci\u00f3n y extender su vida \u00fatil. El dise\u00f1o modular est\u00e1 disponible en varios m\u00e9todos de instalaci\u00f3n, incluido el estilo pasador, a presi\u00f3n, tensi\u00f3n y m\u00e1s. Experimente la mejor \u00e1rea abierta en la industria: comience a explorar hoy mismo las opciones de DURO-DECK\u2122.<\/span>[\/vc_column_text][\/vc_column][\/vc_row][vc_row][vc_column width=\u00bb1\/5&#8243;][\/vc_column][vc_column width=\u00bb1\/5&#8243;][vc_single_image image=\u00bb52500&#8243; img_size=\u00bbFull\u00bb alignment=\u00bbcenter\u00bb onclick=\u00bbcustom_link\u00bb link=\u00bbhttps:\/\/www.generalkinematics.com\/es\/producto\/duro-deck-pin-installation\/\u00bb][vc_column_text]<\/p>\n<h2 style=\"text-align: center;\"><a href=\"https:\/\/www.generalkinematics.com\/es\/producto\/duro-deck-pin-installation\/\">Instalaci\u00f3n estilo pasador<\/a><\/h2>\n<p>[\/vc_column_text][\/vc_column][vc_column width=\u00bb1\/5&#8243;][vc_single_image image=\u00bb52499&#8243; img_size=\u00bbFull\u00bb alignment=\u00bbcenter\u00bb onclick=\u00bbcustom_link\u00bb link=\u00bbhttps:\/\/www.generalkinematics.com\/es\/producto\/duro-deck-snap-installation\/\u00bb][vc_column_text]<\/p>\n<h2 style=\"text-align: center;\"><a href=\"https:\/\/www.generalkinematics.com\/es\/producto\/duro-deck-snap-installation\/\">Instalaci\u00f3n estilo a presi\u00f3n<\/a><\/h2>\n<p>[\/vc_column_text][\/vc_column][vc_column width=\u00bb1\/5&#8243;][vc_single_image image=\u00bb52498&#8243; img_size=\u00bbFull\u00bb alignment=\u00bbcenter\u00bb onclick=\u00bbcustom_link\u00bb link=\u00bbhttps:\/\/www.generalkinematics.com\/es\/producto\/tension-installation-screen-deck\/\u00bb][vc_column_text]<\/p>\n<h2 style=\"text-align: center;\"><a href=\"https:\/\/www.generalkinematics.com\/es\/producto\/tension-installation-screen-deck\/\">Instalaci\u00f3n estilo tensi\u00f3n<\/a><\/h2>\n<p>[\/vc_column_text][\/vc_column][vc_column width=\u00bb1\/5&#8243;][\/vc_column][\/vc_row][vc_row full_width=\u00bbstretch_row\u00bb css=\u00bb.vc_custom_1660576574353{background-color: #000000 !important;}\u00bb][vc_column width=\u00bb2\/3&#8243;][vc_column_text css=\u00bb.vc_custom_1660579305318{margin-left: 20px !important;border-left-width: 20px !important;padding-left: 20px !important;}\u00bb]<\/p>\n<h2><span style=\"color: #ffffff;\">DISE\u00d1OS PERSONALIZADOS DISPONIBLES<\/span><\/h2>\n<p><span style=\"color: #ffffff;\">Comprendemos que ning\u00fan proceso es igual. Trabaje con nosotros para encontrar la soluci\u00f3n de cribado perfecta para su aplicaci\u00f3n.<\/span>[\/vc_column_text][\/vc_column][vc_column width=\u00bb1\/3&#8243;][vc_btn title=\u00bbEncuentre su soluci\u00f3n\u00bb style=\u00bbcustom\u00bb custom_background=\u00bb#be1e2d\u00bb custom_text=\u00bb#ffffff\u00bb size=\u00bblg\u00bb link=\u00bburl:%23Deck%20Form|\u00bb][\/vc_column][\/vc_row][vc_row][vc_column width=\u00bb1\/2&#8243;][vc_single_image image=\u00bb52517&#8243; img_size=\u00bbFull\u00bb alignment=\u00bbcenter\u00bb][\/vc_column][vc_column width=\u00bb1\/2&#8243;][vc_cta h2=\u00bbPiezas de desgaste y protecci\u00f3n\u00bb shape=\u00bbsquare\u00bb add_button=\u00bbbottom\u00bb btn_title=\u00bbExplorar\u00bb btn_color=\u00bbblack\u00bb btn_link=\u00bburl:https%3A%2F%2Fwww.generalkinematics.com%2Fes%2Fproducto%2Fduro-deck-protection-and-wear-parts%2F|\u00bb]Los revestimientos resistentes al desgaste pueden extender la vida \u00fatil del equipo, reducir la contaminaci\u00f3n de ruido o incluso ayudar a procesar materiales pegajosos.[\/vc_cta][\/vc_column][\/vc_row][vc_row][vc_column][vc_column_text]<\/p>\n<h2><span style=\"font-weight: 400;\">\u00bfQu\u00e9 son las cribas en la miner\u00eda?<\/span><\/h2>\n<p><span style=\"font-weight: 400;\">La mena se extrae de grandes dep\u00f3sitos debajo del suelo en el proceso de miner\u00eda. Una vez que se obtiene la mena, comienza la extracci\u00f3n del mineral o metal precioso objetivo. <\/span><\/p>\n<p><span style=\"font-weight: 400;\">Las cribas de proceso se usan para separar la mena por tama\u00f1o en la industria de la miner\u00eda. La mena suele triturarse en un gran molino antes de transportarse sobre la criba industrial, que agita el material para permitir que las part\u00edculas m\u00e1s peque\u00f1as caigan a trav\u00e9s de las cubiertas de caucho o mallas met\u00e1licas con diversos tama\u00f1os de apertura, para clasificar la mena para su posterior procesado. <\/span><\/p>\n<h2><span style=\"font-weight: 400;\">\u00bfQu\u00e9 es un elemento de cribado? <\/span><\/h2>\n<p><span style=\"font-weight: 400;\">Un elemento de cribado hace referencia a los paneles, las cubiertas u otras piezas intercambiables que se utilizan dentro de una m\u00e1quina para clasificar materiales (agregados, minerales, polvo y m\u00e1s) seg\u00fan el tama\u00f1o. El tipo de elemento de cribado est\u00e1 determinado por la aplicaci\u00f3n y el tama\u00f1o del producto final deseado. General Kinematics ofrece una amplia variedad de elementos de cribado para adaptar la criba de miner\u00eda a todas las aplicaciones. Ya sea que est\u00e9 buscando cubiertas de caucho, cubiertas de poliuretano o cribas met\u00e1licas, GK tiene el elemento de cribado para adaptarse a su criba de miner\u00eda y m\u00e9todo de instalaci\u00f3n.<\/span><\/p>\n<p>[\/vc_column_text][\/vc_column][\/vc_row][vc_row full_width=\u00bbstretch_row\u00bb css=\u00bb.vc_custom_1664241174838{background-color: #eaeaea !important;}\u00bb el_id=\u00bbFormulario de plantilla\u00bb][vc_column width=\u00bb1\/2&#8243;][vc_single_image image=\u00bb52425&#8243; img_size=\u00bbfull\u00bb][\/vc_column][vc_column width=\u00bb1\/2&#8243;][vc_raw_html]PGRpdiBjbGFzcz0iYWxpZ25jZW50ZXIiIHN0eWxlPSJ3aWR0aDogMTAwJTsiPltpZnJhbWVfcGFyZG90IGZvcm09Imh0dHBzOi8vZ28uZ2VuZXJhbGtpbmVtYXRpY3MuY29tL2wvMTQ1ODAxLzIwMTgtMDgtMDcvc3FmbXMiIGhlaWdodD0iNzAwIl08L2Rpdj4=[\/vc_raw_html][\/vc_column][\/vc_row]<\/p>\n<\/div>","protected":false},"excerpt":{"rendered":"<p>[vc_row full_width=\u00bbstretch_row\u00bb][vc_column width=\u00bb1\/5&#8243;][\/vc_column][vc_column width=\u00bb1\/5&#8243;][vc_single_image image=\u00bb52509&#8243; img_size=\u00bbfull\u00bb alignment=\u00bbcenter\u00bb][vc_column_text] Instalaci\u00f3n f\u00e1cil [\/vc_column_text][\/vc_column][vc_column width=\u00bb1\/5&#8243;][vc_single_image image=\u00bb52508&#8243; img_size=\u00bbfull\u00bb alignment=\u00bbcenter\u00bb][vc_column_text] Mayor \u00e1rea abierta [\/vc_column_text][\/vc_column][vc_column width=\u00bb1\/5&#8243;][vc_single_image image=\u00bb52507&#8243; img_size=\u00bbfull\u00bb alignment=\u00bbcenter\u00bb][vc_column_text] Mayor vida \u00fatil [\/vc_column_text][\/vc_column][vc_column width=\u00bb1\/5&#8243;][\/vc_column][\/vc_row][vc_row full_width=\u00bbstretch_row\u00bb css=\u00bb.vc_custom_1660586040231{background-color: #efefef !important;}\u00bb][vc_column][vc_column_text] Elementos de cribado DURO-DECK\u2122 de General Kinematics Los paneles DURO-DECK\u2122 de GK est\u00e1n disponibles en m\u00faltiples materiales para adaptarse a su aplicaci\u00f3n y extender [&hellip;]<\/p>\n","protected":false},"author":101013,"featured_media":0,"parent":0,"menu_order":0,"comment_status":"closed","ping_status":"closed","template":"page-templates\/page-full-width.php","meta":{"_acf_changed":false,"om_disable_all_campaigns":false,"ep_exclude_from_search":false,"footnotes":""},"class_list":["post-52645","page","type-page","status-publish","hentry"],"acf":[],"yoast_head":"<!-- This site is optimized with the Yoast SEO plugin v27.2 - https:\/\/yoast.com\/product\/yoast-seo-wordpress\/ -->\n<title>ELEMENTOS DE CRIBADO DURO-DECK\u2122 | General Kinematics<\/title>\n<meta name=\"robots\" content=\"index, follow, max-snippet:-1, max-image-preview:large, max-video-preview:-1\" \/>\n<link rel=\"canonical\" href=\"https:\/\/www.generalkinematics.com\/es\/duro-deck-screening-media\/\" \/>\n<meta property=\"og:locale\" content=\"es_ES\" \/>\n<meta property=\"og:type\" content=\"article\" \/>\n<meta property=\"og:title\" content=\"ELEMENTOS DE CRIBADO DURO-DECK\u2122 | General Kinematics\" \/>\n<meta property=\"og:description\" content=\"[vc_row full_width=\u00bbstretch_row\u00bb][vc_column width=\u00bb1\/5&#8243;][\/vc_column][vc_column width=\u00bb1\/5&#8243;][vc_single_image image=\u00bb52509&#8243; img_size=\u00bbfull\u00bb alignment=\u00bbcenter\u00bb][vc_column_text] Instalaci\u00f3n f\u00e1cil [\/vc_column_text][\/vc_column][vc_column width=\u00bb1\/5&#8243;][vc_single_image image=\u00bb52508&#8243; img_size=\u00bbfull\u00bb alignment=\u00bbcenter\u00bb][vc_column_text] Mayor \u00e1rea abierta [\/vc_column_text][\/vc_column][vc_column width=\u00bb1\/5&#8243;][vc_single_image image=\u00bb52507&#8243; img_size=\u00bbfull\u00bb alignment=\u00bbcenter\u00bb][vc_column_text] Mayor vida \u00fatil [\/vc_column_text][\/vc_column][vc_column width=\u00bb1\/5&#8243;][\/vc_column][\/vc_row][vc_row full_width=\u00bbstretch_row\u00bb css=\u00bb.vc_custom_1660586040231{background-color: #efefef !important;}\u00bb][vc_column][vc_column_text] Elementos de cribado DURO-DECK\u2122 de General Kinematics Los paneles DURO-DECK\u2122 de GK est\u00e1n disponibles en m\u00faltiples materiales para adaptarse a su aplicaci\u00f3n y extender [&hellip;]\" \/>\n<meta property=\"og:url\" content=\"https:\/\/www.generalkinematics.com\/es\/duro-deck-screening-media\/\" \/>\n<meta property=\"og:site_name\" content=\"General Kinematics\" \/>\n<meta property=\"article:publisher\" content=\"https:\/\/www.facebook.com\/generalkinematics\" \/>\n<meta property=\"article:modified_time\" content=\"2024-07-30T21:07:02+00:00\" \/>\n<meta property=\"og:image\" content=\"https:\/\/media.generalkinematics.com\/wp-content\/uploads\/2017\/07\/GK-Icon.png\" \/>\n\t<meta property=\"og:image:width\" content=\"3000\" \/>\n\t<meta property=\"og:image:height\" content=\"3000\" \/>\n\t<meta property=\"og:image:type\" content=\"image\/jpeg\" \/>\n<meta name=\"twitter:card\" content=\"summary_large_image\" \/>\n<meta name=\"twitter:site\" content=\"@gkvibrating\" \/>\n<meta name=\"twitter:label1\" content=\"Tiempo de lectura\" \/>\n\t<meta name=\"twitter:data1\" content=\"4 minutos\" \/>\n<!-- \/ Yoast SEO plugin. -->","yoast_head_json":{"title":"ELEMENTOS DE CRIBADO DURO-DECK\u2122 | General Kinematics","robots":{"index":"index","follow":"follow","max-snippet":"max-snippet:-1","max-image-preview":"max-image-preview:large","max-video-preview":"max-video-preview:-1"},"canonical":"https:\/\/www.generalkinematics.com\/es\/duro-deck-screening-media\/","og_locale":"es_ES","og_type":"article","og_title":"ELEMENTOS DE CRIBADO DURO-DECK\u2122 | General Kinematics","og_description":"[vc_row full_width=\u00bbstretch_row\u00bb][vc_column width=\u00bb1\/5&#8243;][\/vc_column][vc_column width=\u00bb1\/5&#8243;][vc_single_image image=\u00bb52509&#8243; img_size=\u00bbfull\u00bb alignment=\u00bbcenter\u00bb][vc_column_text] Instalaci\u00f3n f\u00e1cil [\/vc_column_text][\/vc_column][vc_column width=\u00bb1\/5&#8243;][vc_single_image image=\u00bb52508&#8243; img_size=\u00bbfull\u00bb alignment=\u00bbcenter\u00bb][vc_column_text] Mayor \u00e1rea abierta [\/vc_column_text][\/vc_column][vc_column width=\u00bb1\/5&#8243;][vc_single_image image=\u00bb52507&#8243; img_size=\u00bbfull\u00bb alignment=\u00bbcenter\u00bb][vc_column_text] Mayor vida \u00fatil [\/vc_column_text][\/vc_column][vc_column width=\u00bb1\/5&#8243;][\/vc_column][\/vc_row][vc_row full_width=\u00bbstretch_row\u00bb css=\u00bb.vc_custom_1660586040231{background-color: #efefef !important;}\u00bb][vc_column][vc_column_text] Elementos de cribado DURO-DECK\u2122 de General Kinematics Los paneles DURO-DECK\u2122 de GK est\u00e1n disponibles en m\u00faltiples materiales para adaptarse a su aplicaci\u00f3n y extender [&hellip;]","og_url":"https:\/\/www.generalkinematics.com\/es\/duro-deck-screening-media\/","og_site_name":"General Kinematics","article_publisher":"https:\/\/www.facebook.com\/generalkinematics","article_modified_time":"2024-07-30T21:07:02+00:00","og_image":[{"width":3000,"height":3000,"url":"https:\/\/media.generalkinematics.com\/wp-content\/uploads\/2017\/07\/GK-Icon.png","type":"image\/jpeg"}],"twitter_card":"summary_large_image","twitter_site":"@gkvibrating","twitter_misc":{"Tiempo de lectura":"4 minutos"},"schema":{"@context":"https:\/\/schema.org","@graph":[{"@type":"WebPage","@id":"https:\/\/www.generalkinematics.com\/es\/duro-deck-screening-media\/","url":"https:\/\/www.generalkinematics.com\/es\/duro-deck-screening-media\/","name":"ELEMENTOS DE CRIBADO DURO-DECK\u2122 | General Kinematics","isPartOf":{"@id":"https:\/\/www.generalkinematics.com\/es\/#website"},"datePublished":"2022-09-27T01:14:24+00:00","dateModified":"2024-07-30T21:07:02+00:00","breadcrumb":{"@id":"https:\/\/www.generalkinematics.com\/es\/duro-deck-screening-media\/#breadcrumb"},"inLanguage":"es","potentialAction":[{"@type":"ReadAction","target":["https:\/\/www.generalkinematics.com\/es\/duro-deck-screening-media\/"]}]},{"@type":"BreadcrumbList","@id":"https:\/\/www.generalkinematics.com\/es\/duro-deck-screening-media\/#breadcrumb","itemListElement":[{"@type":"ListItem","position":1,"name":"GK Home","item":"https:\/\/www.generalkinematics.com\/es\/"},{"@type":"ListItem","position":2,"name":"ELEMENTOS DE CRIBADO DURO-DECK\u2122"}]},{"@type":"WebSite","@id":"https:\/\/www.generalkinematics.com\/es\/#website","url":"https:\/\/www.generalkinematics.com\/es\/","name":"General Kinematics","description":"","publisher":{"@id":"https:\/\/www.generalkinematics.com\/es\/#organization"},"potentialAction":[{"@type":"SearchAction","target":{"@type":"EntryPoint","urlTemplate":"https:\/\/www.generalkinematics.com\/es\/?s={search_term_string}"},"query-input":{"@type":"PropertyValueSpecification","valueRequired":true,"valueName":"search_term_string"}}],"inLanguage":"es"},{"@type":"Organization","@id":"https:\/\/www.generalkinematics.com\/es\/#organization","name":"General Kinematics","url":"https:\/\/www.generalkinematics.com\/es\/","logo":{"@type":"ImageObject","inLanguage":"es","@id":"https:\/\/www.generalkinematics.com\/es\/#\/schema\/logo\/image\/","url":"https:\/\/media.generalkinematics.com\/wp-content\/uploads\/2018\/03\/logo.png","contentUrl":"https:\/\/media.generalkinematics.com\/wp-content\/uploads\/2018\/03\/logo.png","width":313,"height":100,"caption":"General Kinematics"},"image":{"@id":"https:\/\/www.generalkinematics.com\/es\/#\/schema\/logo\/image\/"},"sameAs":["https:\/\/www.facebook.com\/generalkinematics","https:\/\/x.com\/gkvibrating"]}]}},"_links":{"self":[{"href":"https:\/\/www.generalkinematics.com\/es\/wp-json\/wp\/v2\/pages\/52645","targetHints":{"allow":["GET"]}}],"collection":[{"href":"https:\/\/www.generalkinematics.com\/es\/wp-json\/wp\/v2\/pages"}],"about":[{"href":"https:\/\/www.generalkinematics.com\/es\/wp-json\/wp\/v2\/types\/page"}],"author":[{"embeddable":true,"href":"https:\/\/www.generalkinematics.com\/es\/wp-json\/wp\/v2\/users\/101013"}],"replies":[{"embeddable":true,"href":"https:\/\/www.generalkinematics.com\/es\/wp-json\/wp\/v2\/comments?post=52645"}],"version-history":[{"count":0,"href":"https:\/\/www.generalkinematics.com\/es\/wp-json\/wp\/v2\/pages\/52645\/revisions"}],"wp:attachment":[{"href":"https:\/\/www.generalkinematics.com\/es\/wp-json\/wp\/v2\/media?parent=52645"}],"curies":[{"name":"wp","href":"https:\/\/api.w.org\/{rel}","templated":true}]}}