{"id":36105,"date":"2015-05-11T09:37:53","date_gmt":"2015-05-11T14:37:53","guid":{"rendered":"https:\/\/www.generalkinematics.com\/product\/sistemas-para-rsu-irm-de-gk\/"},"modified":"2018-08-30T22:53:28","modified_gmt":"2018-08-31T03:53:28","slug":"sistemas-para-rsu-irm","status":"publish","type":"product","link":"https:\/\/www.generalkinematics.com\/es\/producto\/sistemas-para-rsu-irm\/","title":{"rendered":"Sistemas para RSU \/ IRM de GK"},"content":{"rendered":"<p>Los <strong>Sistemas para RSU<\/strong> maximizan la recuperaci\u00f3n de materiales a trav\u00e9s de la desviaci\u00f3n de productos recuperables para reciclaje, combusti\u00f3n de biomasa o de combustible de derivados residuales (RDF, por sus siglas en ingl\u00e9s). La combinaci\u00f3n de m\u00e9todos comprobados de clasificaci\u00f3n manual con el uso de la tecnolog\u00eda patentada de clasificaci\u00f3n vibratoria de General Kinematics, los Sistemas de RSU de GK no tienen parang\u00f3n en t\u00e9rminos de capacidad de producci\u00f3n y confiabilidad.<\/p>\n<p>El sistema MINI-MRF\u2122 de General Kinematics es un sistema de reciclaje de bajo tonelaje, dise\u00f1ado para recuperar materiales con un alto grado de eficiencia. Los sistemas b\u00e1sicos incluyen cribado primario con una l\u00ednea de selecci\u00f3n en una estaci\u00f3n cu\u00e1druple, todo montado en un sistema de soporte f\u00e1cil de instalar, dise\u00f1ados para utilizar contenedores rodados como recipientes para la clasificaci\u00f3n de materiales. Las opciones adicionales incluyen l\u00edneas de selecci\u00f3n ampliadas, separaci\u00f3n magn\u00e9tica de ferrosos y no ferrosos y los Clasificadores neum\u00e1ticos DE-STONER\u00ae de GK para maximizar la recuperaci\u00f3n de materiales.<\/p>\n<h2>CARACTER\u00cdSTICAS:<\/h2>\n<ul>\n<li>Sistema listo para ser puesto en funcionamiento, de nivel b\u00e1sico (MINI-MRF\u2122) o avanzado.<\/li>\n<li>Integraci\u00f3n con el Cribador vibratorio SXS SCREEN\u2122, el Clasificador neum\u00e1tico DE-STONER\u00ae de General Kinematics y otras tecnolog\u00edas.<\/li>\n<li>Separaci\u00f3n mec\u00e1nica del material seg\u00fan el tama\u00f1o y la densidad.<\/li>\n<li>Bandas de selecci\u00f3n de trabajo pesado y contenedores de clasificaci\u00f3n.<\/li>\n<li>Sistema de control totalmente integrado.<\/li>\n<li>Sistemas ampliables a medida que crece la empresa.<\/li>\n<\/ul>\n","protected":false},"excerpt":{"rendered":"<p>Los Sistemas para RSU maximizan la recuperaci\u00f3n de materiales a trav\u00e9s de la desviaci\u00f3n de productos recuperables para reciclaje, combusti\u00f3n de biomasa o de combustible de derivados residuales (RDF, por sus siglas en ingl\u00e9s). La combinaci\u00f3n de m\u00e9todos comprobados de clasificaci\u00f3n manual con el uso de la tecnolog\u00eda patentada de clasificaci\u00f3n vibratoria de General Kinematics, [&hellip;]<\/p>\n","protected":false},"featured_media":35361,"comment_status":"closed","ping_status":"closed","template":"","meta":{"_acf_changed":false,"om_disable_all_campaigns":false,"ep_exclude_from_search":false},"product_brand":[],"product_cat":[1875,1655],"product_tag":[],"class_list":{"0":"post-36105","1":"product","2":"type-product","3":"status-publish","4":"has-post-thumbnail","6":"product_cat-soluciones-de-clasificacion-de-residuos-solidos-municipales","7":"product_cat-soluciones-de-reciclaje","9":"first","10":"instock","11":"taxable","12":"shipping-taxable","13":"product-type-simple"},"acf":[],"yoast_head":"<!-- This site is optimized with the Yoast SEO plugin v27.2 - https:\/\/yoast.com\/product\/yoast-seo-wordpress\/ -->\n<title>Sistemas para RSU \/ IRM de GK | General Kinematics<\/title>\n<meta name=\"robots\" content=\"index, follow, max-snippet:-1, max-image-preview:large, max-video-preview:-1\" \/>\n<link rel=\"canonical\" href=\"https:\/\/www.generalkinematics.com\/es\/producto\/sistemas-para-rsu-irm\/\" \/>\n<meta property=\"og:locale\" content=\"es_ES\" \/>\n<meta property=\"og:type\" content=\"article\" \/>\n<meta property=\"og:title\" content=\"Sistemas para RSU \/ IRM de GK | General Kinematics\" \/>\n<meta property=\"og:description\" content=\"Los Sistemas para RSU maximizan la recuperaci\u00f3n de materiales a trav\u00e9s de la desviaci\u00f3n de productos recuperables para reciclaje, combusti\u00f3n de biomasa o de combustible de derivados residuales (RDF, por sus siglas en ingl\u00e9s). La combinaci\u00f3n de m\u00e9todos comprobados de clasificaci\u00f3n manual con el uso de la tecnolog\u00eda patentada de clasificaci\u00f3n vibratoria de General Kinematics, [&hellip;]\" \/>\n<meta property=\"og:url\" content=\"https:\/\/www.generalkinematics.com\/es\/producto\/sistemas-para-rsu-irm\/\" \/>\n<meta property=\"og:site_name\" content=\"General Kinematics\" \/>\n<meta property=\"article:publisher\" content=\"https:\/\/www.facebook.com\/generalkinematics\" \/>\n<meta property=\"article:modified_time\" content=\"2018-08-31T03:53:28+00:00\" \/>\n<meta property=\"og:image\" content=\"https:\/\/media.generalkinematics.com\/wp-content\/uploads\/2018\/04\/msw1.jpg\" \/>\n\t<meta property=\"og:image:width\" content=\"1239\" \/>\n\t<meta property=\"og:image:height\" content=\"853\" \/>\n\t<meta property=\"og:image:type\" content=\"image\/jpeg\" \/>\n<meta name=\"twitter:card\" content=\"summary_large_image\" \/>\n<meta name=\"twitter:site\" content=\"@gkvibrating\" \/>\n<meta name=\"twitter:label1\" content=\"Tiempo de lectura\" \/>\n\t<meta name=\"twitter:data1\" content=\"1 minuto\" \/>\n<!-- \/ Yoast SEO plugin. -->","yoast_head_json":{"title":"Sistemas para RSU \/ IRM de GK | General Kinematics","robots":{"index":"index","follow":"follow","max-snippet":"max-snippet:-1","max-image-preview":"max-image-preview:large","max-video-preview":"max-video-preview:-1"},"canonical":"https:\/\/www.generalkinematics.com\/es\/producto\/sistemas-para-rsu-irm\/","og_locale":"es_ES","og_type":"article","og_title":"Sistemas para RSU \/ IRM de GK | General Kinematics","og_description":"Los Sistemas para RSU maximizan la recuperaci\u00f3n de materiales a trav\u00e9s de la desviaci\u00f3n de productos recuperables para reciclaje, combusti\u00f3n de biomasa o de combustible de derivados residuales (RDF, por sus siglas en ingl\u00e9s). La combinaci\u00f3n de m\u00e9todos comprobados de clasificaci\u00f3n manual con el uso de la tecnolog\u00eda patentada de clasificaci\u00f3n vibratoria de General Kinematics, [&hellip;]","og_url":"https:\/\/www.generalkinematics.com\/es\/producto\/sistemas-para-rsu-irm\/","og_site_name":"General Kinematics","article_publisher":"https:\/\/www.facebook.com\/generalkinematics","article_modified_time":"2018-08-31T03:53:28+00:00","og_image":[{"width":1239,"height":853,"url":"https:\/\/media.generalkinematics.com\/wp-content\/uploads\/2018\/04\/msw1.jpg","type":"image\/jpeg"}],"twitter_card":"summary_large_image","twitter_site":"@gkvibrating","twitter_misc":{"Tiempo de lectura":"1 minuto"},"schema":{"@context":"https:\/\/schema.org","@graph":[{"@type":"WebPage","@id":"https:\/\/www.generalkinematics.com\/es\/producto\/sistemas-para-rsu-irm\/","url":"https:\/\/www.generalkinematics.com\/es\/producto\/sistemas-para-rsu-irm\/","name":"Sistemas para RSU \/ IRM de GK | General Kinematics","isPartOf":{"@id":"https:\/\/www.generalkinematics.com\/es\/#website"},"primaryImageOfPage":{"@id":"https:\/\/www.generalkinematics.com\/es\/producto\/sistemas-para-rsu-irm\/#primaryimage"},"image":{"@id":"https:\/\/www.generalkinematics.com\/es\/producto\/sistemas-para-rsu-irm\/#primaryimage"},"thumbnailUrl":"https:\/\/media.generalkinematics.com\/wp-content\/uploads\/2018\/04\/msw1.jpg","datePublished":"2015-05-11T14:37:53+00:00","dateModified":"2018-08-31T03:53:28+00:00","breadcrumb":{"@id":"https:\/\/www.generalkinematics.com\/es\/producto\/sistemas-para-rsu-irm\/#breadcrumb"},"inLanguage":"es","potentialAction":[{"@type":"ReadAction","target":["https:\/\/www.generalkinematics.com\/es\/producto\/sistemas-para-rsu-irm\/"]}]},{"@type":"ImageObject","inLanguage":"es","@id":"https:\/\/www.generalkinematics.com\/es\/producto\/sistemas-para-rsu-irm\/#primaryimage","url":"https:\/\/media.generalkinematics.com\/wp-content\/uploads\/2018\/04\/msw1.jpg","contentUrl":"https:\/\/media.generalkinematics.com\/wp-content\/uploads\/2018\/04\/msw1.jpg","width":1239,"height":853,"caption":"GK MSW \/ MRF Systems"},{"@type":"BreadcrumbList","@id":"https:\/\/www.generalkinematics.com\/es\/producto\/sistemas-para-rsu-irm\/#breadcrumb","itemListElement":[{"@type":"ListItem","position":1,"name":"GK Home","item":"https:\/\/www.generalkinematics.com\/es\/"},{"@type":"ListItem","position":2,"name":"Shop","item":"https:\/\/www.generalkinematics.com\/shop\/"},{"@type":"ListItem","position":3,"name":"Sistemas para RSU \/ IRM de GK"}]},{"@type":"WebSite","@id":"https:\/\/www.generalkinematics.com\/es\/#website","url":"https:\/\/www.generalkinematics.com\/es\/","name":"General Kinematics","description":"","publisher":{"@id":"https:\/\/www.generalkinematics.com\/es\/#organization"},"potentialAction":[{"@type":"SearchAction","target":{"@type":"EntryPoint","urlTemplate":"https:\/\/www.generalkinematics.com\/es\/?s={search_term_string}"},"query-input":{"@type":"PropertyValueSpecification","valueRequired":true,"valueName":"search_term_string"}}],"inLanguage":"es"},{"@type":"Organization","@id":"https:\/\/www.generalkinematics.com\/es\/#organization","name":"General Kinematics","url":"https:\/\/www.generalkinematics.com\/es\/","logo":{"@type":"ImageObject","inLanguage":"es","@id":"https:\/\/www.generalkinematics.com\/es\/#\/schema\/logo\/image\/","url":"https:\/\/media.generalkinematics.com\/wp-content\/uploads\/2018\/03\/logo.png","contentUrl":"https:\/\/media.generalkinematics.com\/wp-content\/uploads\/2018\/03\/logo.png","width":313,"height":100,"caption":"General Kinematics"},"image":{"@id":"https:\/\/www.generalkinematics.com\/es\/#\/schema\/logo\/image\/"},"sameAs":["https:\/\/www.facebook.com\/generalkinematics","https:\/\/x.com\/gkvibrating"]}]}},"_links":{"self":[{"href":"https:\/\/www.generalkinematics.com\/es\/wp-json\/wp\/v2\/product\/36105","targetHints":{"allow":["GET"]}}],"collection":[{"href":"https:\/\/www.generalkinematics.com\/es\/wp-json\/wp\/v2\/product"}],"about":[{"href":"https:\/\/www.generalkinematics.com\/es\/wp-json\/wp\/v2\/types\/product"}],"replies":[{"embeddable":true,"href":"https:\/\/www.generalkinematics.com\/es\/wp-json\/wp\/v2\/comments?post=36105"}],"wp:featuredmedia":[{"embeddable":true,"href":"https:\/\/www.generalkinematics.com\/es\/wp-json\/wp\/v2\/media\/35361"}],"wp:attachment":[{"href":"https:\/\/www.generalkinematics.com\/es\/wp-json\/wp\/v2\/media?parent=36105"}],"wp:term":[{"taxonomy":"product_brand","embeddable":true,"href":"https:\/\/www.generalkinematics.com\/es\/wp-json\/wp\/v2\/product_brand?post=36105"},{"taxonomy":"product_cat","embeddable":true,"href":"https:\/\/www.generalkinematics.com\/es\/wp-json\/wp\/v2\/product_cat?post=36105"},{"taxonomy":"product_tag","embeddable":true,"href":"https:\/\/www.generalkinematics.com\/es\/wp-json\/wp\/v2\/product_tag?post=36105"}],"curies":[{"name":"wp","href":"https:\/\/api.w.org\/{rel}","templated":true}]}}