{"id":36109,"date":"2015-05-11T09:53:28","date_gmt":"2015-05-11T14:53:28","guid":{"rendered":"https:\/\/www.generalkinematics.com\/product\/criba-vibratoria-para-ccd\/"},"modified":"2018-08-30T22:23:51","modified_gmt":"2018-08-31T03:23:51","slug":"criba-vibratoria-para-ccd","status":"publish","type":"product","link":"https:\/\/www.generalkinematics.com\/es\/producto\/criba-vibratoria-para-ccd\/","title":{"rendered":"Criba vibratoria para CCD"},"content":{"rendered":"<p>El sistema <strong>SXS SCREEN\u2122 para CCD (Cart\u00f3n Corrugado Desechado)<\/strong> puede usarse para separar el cart\u00f3n corrugado desechado adem\u00e1s de resistir el flujo de materiales contaminados. Su dise\u00f1o de mayor recorrido, permite trasladar el material a velocidades mayores y aplicar al producto m\u00e1s energ\u00eda y as\u00ed poder realizar un mejor proceso de separaci\u00f3n y cribado. Puede procesar cemento, cadenas y otros materiales dif\u00edciles sin ning\u00fan problema, el sistema SXS SCREEN\u2122 vibratorio resuelve los problemas persistentes y costosos que se presentan con las cribas rotatorias para CCD y la cribas en estrella. El movimiento vibratorio permite separar por tama\u00f1o sin arruinar el material. Disponibles en anchuras y longitudes personalizadas para satisfacer sus necesidades de producci\u00f3n y de la aplicaci\u00f3n, estas cribas son una gran alternativa para las cribas en estrella y las de disco. El sistema SXS SCREEN\u2122 para CCD es m\u00e1s f\u00e1cil y seguro de operar en t\u00e9rminos de mantenimiento, limpieza y accesibilidad.<\/p>\n<h2>SXS SCREEN\u2122 para CCD<\/h2>\n<ul>\n<li>Dise\u00f1o resistente, capaz de procesar flujos de residuos contaminados.<\/li>\n<li>Requisitos de altura libre baja para la instalaci\u00f3n.<\/li>\n<li>Anchuras personalizadas para satisfacer sus requisitos particulares de separaci\u00f3n.<\/li>\n<li>Transmisi\u00f3n vibratoria de frecuencia natural, confiable y de ahorro energ\u00e9tico.<\/li>\n<li>Permite separar el tama\u00f1o sin arruinar el papel.<\/li>\n<li>Menos material colgante.<\/li>\n<li>F\u00e1cil acceso a la plataforma.<\/li>\n<\/ul>\n","protected":false},"excerpt":{"rendered":"<p>El sistema SXS SCREEN\u2122 para CCD (Cart\u00f3n Corrugado Desechado) puede usarse para separar el cart\u00f3n corrugado desechado adem\u00e1s de resistir el flujo de materiales contaminados. Su dise\u00f1o de mayor recorrido, permite trasladar el material a velocidades mayores y aplicar al producto m\u00e1s energ\u00eda y as\u00ed poder realizar un mejor proceso de separaci\u00f3n y cribado. Puede [&hellip;]<\/p>\n","protected":false},"featured_media":28124,"comment_status":"closed","ping_status":"closed","template":"","meta":{"_acf_changed":false,"om_disable_all_campaigns":false,"ep_exclude_from_search":false},"product_brand":[],"product_cat":[1657,1654,1655,1656],"product_tag":[],"class_list":{"0":"post-36109","1":"product","2":"type-product","3":"status-publish","4":"has-post-thumbnail","6":"product_cat-secuencia-unica-ici","7":"product_cat-cribas-vibratorias","8":"product_cat-soluciones-de-reciclaje","9":"product_cat-tecnologia-de-pantalla-de-reciclaje","11":"first","12":"instock","13":"taxable","14":"shipping-taxable","15":"product-type-simple"},"acf":[],"yoast_head":"<!-- This site is optimized with the Yoast SEO plugin v27.2 - https:\/\/yoast.com\/product\/yoast-seo-wordpress\/ -->\n<title>Criba vibratoria para CCD | General Kinematics<\/title>\n<meta name=\"robots\" content=\"index, follow, max-snippet:-1, max-image-preview:large, max-video-preview:-1\" \/>\n<link rel=\"canonical\" href=\"https:\/\/www.generalkinematics.com\/es\/producto\/criba-vibratoria-para-ccd\/\" \/>\n<meta property=\"og:locale\" content=\"es_ES\" \/>\n<meta property=\"og:type\" content=\"article\" \/>\n<meta property=\"og:title\" content=\"Criba vibratoria para CCD | General Kinematics\" \/>\n<meta property=\"og:description\" content=\"El sistema SXS SCREEN\u2122 para CCD (Cart\u00f3n Corrugado Desechado) puede usarse para separar el cart\u00f3n corrugado desechado adem\u00e1s de resistir el flujo de materiales contaminados. Su dise\u00f1o de mayor recorrido, permite trasladar el material a velocidades mayores y aplicar al producto m\u00e1s energ\u00eda y as\u00ed poder realizar un mejor proceso de separaci\u00f3n y cribado. Puede [&hellip;]\" \/>\n<meta property=\"og:url\" content=\"https:\/\/www.generalkinematics.com\/es\/producto\/criba-vibratoria-para-ccd\/\" \/>\n<meta property=\"og:site_name\" content=\"General Kinematics\" \/>\n<meta property=\"article:publisher\" content=\"https:\/\/www.facebook.com\/generalkinematics\" \/>\n<meta property=\"article:modified_time\" content=\"2018-08-31T03:23:51+00:00\" \/>\n<meta property=\"og:image\" content=\"https:\/\/www.generalkinematics.com\/wp-content\/uploads\/2015\/05\/IMG_1421.jpg\" \/>\n\t<meta property=\"og:image:width\" content=\"5184\" \/>\n\t<meta property=\"og:image:height\" content=\"3456\" \/>\n\t<meta property=\"og:image:type\" content=\"image\/jpeg\" \/>\n<meta name=\"twitter:card\" content=\"summary_large_image\" \/>\n<meta name=\"twitter:site\" content=\"@gkvibrating\" \/>\n<meta name=\"twitter:label1\" content=\"Tiempo de lectura\" \/>\n\t<meta name=\"twitter:data1\" content=\"1 minuto\" \/>\n<!-- \/ Yoast SEO plugin. -->","yoast_head_json":{"title":"Criba vibratoria para CCD | General Kinematics","robots":{"index":"index","follow":"follow","max-snippet":"max-snippet:-1","max-image-preview":"max-image-preview:large","max-video-preview":"max-video-preview:-1"},"canonical":"https:\/\/www.generalkinematics.com\/es\/producto\/criba-vibratoria-para-ccd\/","og_locale":"es_ES","og_type":"article","og_title":"Criba vibratoria para CCD | General Kinematics","og_description":"El sistema SXS SCREEN\u2122 para CCD (Cart\u00f3n Corrugado Desechado) puede usarse para separar el cart\u00f3n corrugado desechado adem\u00e1s de resistir el flujo de materiales contaminados. Su dise\u00f1o de mayor recorrido, permite trasladar el material a velocidades mayores y aplicar al producto m\u00e1s energ\u00eda y as\u00ed poder realizar un mejor proceso de separaci\u00f3n y cribado. Puede [&hellip;]","og_url":"https:\/\/www.generalkinematics.com\/es\/producto\/criba-vibratoria-para-ccd\/","og_site_name":"General Kinematics","article_publisher":"https:\/\/www.facebook.com\/generalkinematics","article_modified_time":"2018-08-31T03:23:51+00:00","og_image":[{"width":5184,"height":3456,"url":"https:\/\/www.generalkinematics.com\/wp-content\/uploads\/2015\/05\/IMG_1421.jpg","type":"image\/jpeg"}],"twitter_card":"summary_large_image","twitter_site":"@gkvibrating","twitter_misc":{"Tiempo de lectura":"1 minuto"},"schema":{"@context":"https:\/\/schema.org","@graph":[{"@type":"WebPage","@id":"https:\/\/www.generalkinematics.com\/es\/producto\/criba-vibratoria-para-ccd\/","url":"https:\/\/www.generalkinematics.com\/es\/producto\/criba-vibratoria-para-ccd\/","name":"Criba vibratoria para CCD | General Kinematics","isPartOf":{"@id":"https:\/\/www.generalkinematics.com\/es\/#website"},"primaryImageOfPage":{"@id":"https:\/\/www.generalkinematics.com\/es\/producto\/criba-vibratoria-para-ccd\/#primaryimage"},"image":{"@id":"https:\/\/www.generalkinematics.com\/es\/producto\/criba-vibratoria-para-ccd\/#primaryimage"},"thumbnailUrl":"https:\/\/media.generalkinematics.com\/wp-content\/uploads\/2015\/05\/IMG_1421.jpg","datePublished":"2015-05-11T14:53:28+00:00","dateModified":"2018-08-31T03:23:51+00:00","breadcrumb":{"@id":"https:\/\/www.generalkinematics.com\/es\/producto\/criba-vibratoria-para-ccd\/#breadcrumb"},"inLanguage":"es","potentialAction":[{"@type":"ReadAction","target":["https:\/\/www.generalkinematics.com\/es\/producto\/criba-vibratoria-para-ccd\/"]}]},{"@type":"ImageObject","inLanguage":"es","@id":"https:\/\/www.generalkinematics.com\/es\/producto\/criba-vibratoria-para-ccd\/#primaryimage","url":"https:\/\/media.generalkinematics.com\/wp-content\/uploads\/2015\/05\/IMG_1421.jpg","contentUrl":"https:\/\/media.generalkinematics.com\/wp-content\/uploads\/2015\/05\/IMG_1421.jpg","width":2500,"height":1667,"caption":"general-kinematics-occ-screen"},{"@type":"BreadcrumbList","@id":"https:\/\/www.generalkinematics.com\/es\/producto\/criba-vibratoria-para-ccd\/#breadcrumb","itemListElement":[{"@type":"ListItem","position":1,"name":"GK Home","item":"https:\/\/www.generalkinematics.com\/es\/"},{"@type":"ListItem","position":2,"name":"Shop","item":"https:\/\/www.generalkinematics.com\/shop\/"},{"@type":"ListItem","position":3,"name":"Criba vibratoria para CCD"}]},{"@type":"WebSite","@id":"https:\/\/www.generalkinematics.com\/es\/#website","url":"https:\/\/www.generalkinematics.com\/es\/","name":"General Kinematics","description":"","publisher":{"@id":"https:\/\/www.generalkinematics.com\/es\/#organization"},"potentialAction":[{"@type":"SearchAction","target":{"@type":"EntryPoint","urlTemplate":"https:\/\/www.generalkinematics.com\/es\/?s={search_term_string}"},"query-input":{"@type":"PropertyValueSpecification","valueRequired":true,"valueName":"search_term_string"}}],"inLanguage":"es"},{"@type":"Organization","@id":"https:\/\/www.generalkinematics.com\/es\/#organization","name":"General Kinematics","url":"https:\/\/www.generalkinematics.com\/es\/","logo":{"@type":"ImageObject","inLanguage":"es","@id":"https:\/\/www.generalkinematics.com\/es\/#\/schema\/logo\/image\/","url":"https:\/\/media.generalkinematics.com\/wp-content\/uploads\/2018\/03\/logo.png","contentUrl":"https:\/\/media.generalkinematics.com\/wp-content\/uploads\/2018\/03\/logo.png","width":313,"height":100,"caption":"General Kinematics"},"image":{"@id":"https:\/\/www.generalkinematics.com\/es\/#\/schema\/logo\/image\/"},"sameAs":["https:\/\/www.facebook.com\/generalkinematics","https:\/\/x.com\/gkvibrating"]}]}},"_links":{"self":[{"href":"https:\/\/www.generalkinematics.com\/es\/wp-json\/wp\/v2\/product\/36109","targetHints":{"allow":["GET"]}}],"collection":[{"href":"https:\/\/www.generalkinematics.com\/es\/wp-json\/wp\/v2\/product"}],"about":[{"href":"https:\/\/www.generalkinematics.com\/es\/wp-json\/wp\/v2\/types\/product"}],"replies":[{"embeddable":true,"href":"https:\/\/www.generalkinematics.com\/es\/wp-json\/wp\/v2\/comments?post=36109"}],"wp:featuredmedia":[{"embeddable":true,"href":"https:\/\/www.generalkinematics.com\/es\/wp-json\/wp\/v2\/media\/28124"}],"wp:attachment":[{"href":"https:\/\/www.generalkinematics.com\/es\/wp-json\/wp\/v2\/media?parent=36109"}],"wp:term":[{"taxonomy":"product_brand","embeddable":true,"href":"https:\/\/www.generalkinematics.com\/es\/wp-json\/wp\/v2\/product_brand?post=36109"},{"taxonomy":"product_cat","embeddable":true,"href":"https:\/\/www.generalkinematics.com\/es\/wp-json\/wp\/v2\/product_cat?post=36109"},{"taxonomy":"product_tag","embeddable":true,"href":"https:\/\/www.generalkinematics.com\/es\/wp-json\/wp\/v2\/product_tag?post=36109"}],"curies":[{"name":"wp","href":"https:\/\/api.w.org\/{rel}","templated":true}]}}