{"id":36114,"date":"2015-05-12T03:53:27","date_gmt":"2015-05-12T08:53:27","guid":{"rendered":"https:\/\/www.generalkinematics.com\/product\/soluciones-para-la-composicion-de-carga\/"},"modified":"2018-08-30T21:40:41","modified_gmt":"2018-08-31T02:40:41","slug":"soluciones-para-la-composicion-de-carga","status":"publish","type":"product","link":"https:\/\/www.generalkinematics.com\/es\/producto\/soluciones-para-la-composicion-de-carga\/","title":{"rendered":"Soluciones para la composici\u00f3n de carga"},"content":{"rendered":"<p><u><strong>Acelere los ciclos de carga y pese con precisi\u00f3n el material de carga con las Soluciones para la composici\u00f3n de carga de GK.<\/strong><\/u><\/p>\n<p>Con las Soluciones para la composici\u00f3n de carga de GK, los materiales se cargan en alimentadores vibratorios o contenedores estacionarios con gu\u00edas de base tipo mordaza. Ambas opciones se montan en celdas de pesaje para determinar el peso del material de carga.<\/p>\n<p>Con la opci\u00f3n del alimentador vibratorio, se pueden instalar en serie varias unidades para separar el material de carga por tipo y combinar con precisi\u00f3n los materiales. Cuando se activa el sistema, se cargan cantidades precisas de material en el alimentador de carga del horno para componer la carga precisi\u00f3n. Los contenedores estacionarios acumulan todo el material en el contenedor y cuando la mezcla de materiales es correcta, las gu\u00edas de base tipo mordaza, depositan la carga en el alimentador del horno.<\/p>\n<p>La elecci\u00f3n del tipo de soluci\u00f3n para la composici\u00f3n de carga depende del tipo de horno y la aplicaci\u00f3n en particular. <a href=\"https:\/\/www.generalkinematics.com\/es\/contactar-a-general-kinematics\/\" target=\"_blank\">P\u00f3ngase en contacto con un Especialista en fundici\u00f3n de GK<\/a> para obtener m\u00e1s informaci\u00f3n.<\/p>\n<h2>Caracter\u00edsticas:<\/h2>\n<ul>\n<li>Acumule material en el dep\u00f3sito de chatarra para reducir el tiempo del ciclo de carga.<\/li>\n<li>Mida con precisi\u00f3n la cantidad de cada tipo de material para crear la metalurgia correcta de la carga.<\/li>\n<li>Las soluciones para la composici\u00f3n de carga son una parte integral de los sistemas completos de carga de hornos de GK.<\/li>\n<\/ul>\n","protected":false},"excerpt":{"rendered":"<p>Acelere los ciclos de carga y pese con precisi\u00f3n el material de carga con las Soluciones para la composici\u00f3n de carga de GK. Con las Soluciones para la composici\u00f3n de carga de GK, los materiales se cargan en alimentadores vibratorios o contenedores estacionarios con gu\u00edas de base tipo mordaza. Ambas opciones se montan en celdas [&hellip;]<\/p>\n","protected":false},"featured_media":23276,"comment_status":"closed","ping_status":"closed","template":"","meta":{"_acf_changed":false,"om_disable_all_campaigns":false,"ep_exclude_from_search":false},"product_brand":[],"product_cat":[1846,1861,1829,1839],"product_tag":[],"class_list":{"0":"post-36114","1":"product","2":"type-product","3":"status-publish","4":"has-post-thumbnail","6":"product_cat-equipo-de-cubierta-de-fusion","7":"product_cat-fundicion-de-arena-verde","8":"product_cat-fundicion-sin-hornear","9":"product_cat-soluciones-de-fundicion-y-metalcasting","11":"first","12":"instock","13":"taxable","14":"shipping-taxable","15":"product-type-simple"},"acf":[],"yoast_head":"<!-- This site is optimized with the Yoast SEO plugin v27.2 - https:\/\/yoast.com\/product\/yoast-seo-wordpress\/ -->\n<title>Soluciones para la composici\u00f3n de carga | General Kinematics<\/title>\n<meta name=\"robots\" content=\"index, follow, max-snippet:-1, max-image-preview:large, max-video-preview:-1\" \/>\n<link rel=\"canonical\" href=\"https:\/\/www.generalkinematics.com\/es\/producto\/soluciones-para-la-composicion-de-carga\/\" \/>\n<meta property=\"og:locale\" content=\"es_ES\" \/>\n<meta property=\"og:type\" content=\"article\" \/>\n<meta property=\"og:title\" content=\"Soluciones para la composici\u00f3n de carga | General Kinematics\" \/>\n<meta property=\"og:description\" content=\"Acelere los ciclos de carga y pese con precisi\u00f3n el material de carga con las Soluciones para la composici\u00f3n de carga de GK. Con las Soluciones para la composici\u00f3n de carga de GK, los materiales se cargan en alimentadores vibratorios o contenedores estacionarios con gu\u00edas de base tipo mordaza. Ambas opciones se montan en celdas [&hellip;]\" \/>\n<meta property=\"og:url\" content=\"https:\/\/www.generalkinematics.com\/es\/producto\/soluciones-para-la-composicion-de-carga\/\" \/>\n<meta property=\"og:site_name\" content=\"General Kinematics\" \/>\n<meta property=\"article:publisher\" content=\"https:\/\/www.facebook.com\/generalkinematics\" \/>\n<meta property=\"article:modified_time\" content=\"2018-08-31T02:40:41+00:00\" \/>\n<meta property=\"og:image\" content=\"https:\/\/media.generalkinematics.com\/wp-content\/uploads\/2015\/05\/MVC-022S.jpg\" \/>\n\t<meta property=\"og:image:width\" content=\"640\" \/>\n\t<meta property=\"og:image:height\" content=\"480\" \/>\n\t<meta property=\"og:image:type\" content=\"image\/jpeg\" \/>\n<meta name=\"twitter:card\" content=\"summary_large_image\" \/>\n<meta name=\"twitter:site\" content=\"@gkvibrating\" \/>\n<meta name=\"twitter:label1\" content=\"Tiempo de lectura\" \/>\n\t<meta name=\"twitter:data1\" content=\"1 minuto\" \/>\n<!-- \/ Yoast SEO plugin. -->","yoast_head_json":{"title":"Soluciones para la composici\u00f3n de carga | General Kinematics","robots":{"index":"index","follow":"follow","max-snippet":"max-snippet:-1","max-image-preview":"max-image-preview:large","max-video-preview":"max-video-preview:-1"},"canonical":"https:\/\/www.generalkinematics.com\/es\/producto\/soluciones-para-la-composicion-de-carga\/","og_locale":"es_ES","og_type":"article","og_title":"Soluciones para la composici\u00f3n de carga | General Kinematics","og_description":"Acelere los ciclos de carga y pese con precisi\u00f3n el material de carga con las Soluciones para la composici\u00f3n de carga de GK. Con las Soluciones para la composici\u00f3n de carga de GK, los materiales se cargan en alimentadores vibratorios o contenedores estacionarios con gu\u00edas de base tipo mordaza. Ambas opciones se montan en celdas [&hellip;]","og_url":"https:\/\/www.generalkinematics.com\/es\/producto\/soluciones-para-la-composicion-de-carga\/","og_site_name":"General Kinematics","article_publisher":"https:\/\/www.facebook.com\/generalkinematics","article_modified_time":"2018-08-31T02:40:41+00:00","og_image":[{"width":640,"height":480,"url":"https:\/\/media.generalkinematics.com\/wp-content\/uploads\/2015\/05\/MVC-022S.jpg","type":"image\/jpeg"}],"twitter_card":"summary_large_image","twitter_site":"@gkvibrating","twitter_misc":{"Tiempo de lectura":"1 minuto"},"schema":{"@context":"https:\/\/schema.org","@graph":[{"@type":"WebPage","@id":"https:\/\/www.generalkinematics.com\/es\/producto\/soluciones-para-la-composicion-de-carga\/","url":"https:\/\/www.generalkinematics.com\/es\/producto\/soluciones-para-la-composicion-de-carga\/","name":"Soluciones para la composici\u00f3n de carga | General Kinematics","isPartOf":{"@id":"https:\/\/www.generalkinematics.com\/es\/#website"},"primaryImageOfPage":{"@id":"https:\/\/www.generalkinematics.com\/es\/producto\/soluciones-para-la-composicion-de-carga\/#primaryimage"},"image":{"@id":"https:\/\/www.generalkinematics.com\/es\/producto\/soluciones-para-la-composicion-de-carga\/#primaryimage"},"thumbnailUrl":"https:\/\/media.generalkinematics.com\/wp-content\/uploads\/2015\/05\/MVC-022S.jpg","datePublished":"2015-05-12T08:53:27+00:00","dateModified":"2018-08-31T02:40:41+00:00","breadcrumb":{"@id":"https:\/\/www.generalkinematics.com\/es\/producto\/soluciones-para-la-composicion-de-carga\/#breadcrumb"},"inLanguage":"es","potentialAction":[{"@type":"ReadAction","target":["https:\/\/www.generalkinematics.com\/es\/producto\/soluciones-para-la-composicion-de-carga\/"]}]},{"@type":"ImageObject","inLanguage":"es","@id":"https:\/\/www.generalkinematics.com\/es\/producto\/soluciones-para-la-composicion-de-carga\/#primaryimage","url":"https:\/\/media.generalkinematics.com\/wp-content\/uploads\/2015\/05\/MVC-022S.jpg","contentUrl":"https:\/\/media.generalkinematics.com\/wp-content\/uploads\/2015\/05\/MVC-022S.jpg","width":640,"height":480,"caption":"general-kinematics-charge-feeder"},{"@type":"BreadcrumbList","@id":"https:\/\/www.generalkinematics.com\/es\/producto\/soluciones-para-la-composicion-de-carga\/#breadcrumb","itemListElement":[{"@type":"ListItem","position":1,"name":"GK Home","item":"https:\/\/www.generalkinematics.com\/es\/"},{"@type":"ListItem","position":2,"name":"Shop","item":"https:\/\/www.generalkinematics.com\/shop\/"},{"@type":"ListItem","position":3,"name":"Soluciones para la composici\u00f3n de carga"}]},{"@type":"WebSite","@id":"https:\/\/www.generalkinematics.com\/es\/#website","url":"https:\/\/www.generalkinematics.com\/es\/","name":"General Kinematics","description":"","publisher":{"@id":"https:\/\/www.generalkinematics.com\/es\/#organization"},"potentialAction":[{"@type":"SearchAction","target":{"@type":"EntryPoint","urlTemplate":"https:\/\/www.generalkinematics.com\/es\/?s={search_term_string}"},"query-input":{"@type":"PropertyValueSpecification","valueRequired":true,"valueName":"search_term_string"}}],"inLanguage":"es"},{"@type":"Organization","@id":"https:\/\/www.generalkinematics.com\/es\/#organization","name":"General Kinematics","url":"https:\/\/www.generalkinematics.com\/es\/","logo":{"@type":"ImageObject","inLanguage":"es","@id":"https:\/\/www.generalkinematics.com\/es\/#\/schema\/logo\/image\/","url":"https:\/\/media.generalkinematics.com\/wp-content\/uploads\/2018\/03\/logo.png","contentUrl":"https:\/\/media.generalkinematics.com\/wp-content\/uploads\/2018\/03\/logo.png","width":313,"height":100,"caption":"General Kinematics"},"image":{"@id":"https:\/\/www.generalkinematics.com\/es\/#\/schema\/logo\/image\/"},"sameAs":["https:\/\/www.facebook.com\/generalkinematics","https:\/\/x.com\/gkvibrating"]}]}},"_links":{"self":[{"href":"https:\/\/www.generalkinematics.com\/es\/wp-json\/wp\/v2\/product\/36114","targetHints":{"allow":["GET"]}}],"collection":[{"href":"https:\/\/www.generalkinematics.com\/es\/wp-json\/wp\/v2\/product"}],"about":[{"href":"https:\/\/www.generalkinematics.com\/es\/wp-json\/wp\/v2\/types\/product"}],"replies":[{"embeddable":true,"href":"https:\/\/www.generalkinematics.com\/es\/wp-json\/wp\/v2\/comments?post=36114"}],"wp:featuredmedia":[{"embeddable":true,"href":"https:\/\/www.generalkinematics.com\/es\/wp-json\/wp\/v2\/media\/23276"}],"wp:attachment":[{"href":"https:\/\/www.generalkinematics.com\/es\/wp-json\/wp\/v2\/media?parent=36114"}],"wp:term":[{"taxonomy":"product_brand","embeddable":true,"href":"https:\/\/www.generalkinematics.com\/es\/wp-json\/wp\/v2\/product_brand?post=36114"},{"taxonomy":"product_cat","embeddable":true,"href":"https:\/\/www.generalkinematics.com\/es\/wp-json\/wp\/v2\/product_cat?post=36114"},{"taxonomy":"product_tag","embeddable":true,"href":"https:\/\/www.generalkinematics.com\/es\/wp-json\/wp\/v2\/product_tag?post=36114"}],"curies":[{"name":"wp","href":"https:\/\/api.w.org\/{rel}","templated":true}]}}