{"id":36123,"date":"2015-05-12T04:06:16","date_gmt":"2015-05-12T09:06:16","guid":{"rendered":"https:\/\/www.generalkinematics.com\/product\/sistemas-de-precalentamiento-de-carga\/"},"modified":"2025-11-25T23:18:40","modified_gmt":"2025-11-26T05:18:40","slug":"charge-pre-heat-systems","status":"publish","type":"product","link":"https:\/\/www.generalkinematics.com\/es\/producto\/charge-pre-heat-systems\/","title":{"rendered":"Sistemas de precalentamiento de carga"},"content":{"rendered":"<p><u><strong>Un proceso integrado de precalentamiento de chatarra que incrementa la productividad del horno y reduce los costos de operaci\u00f3n<\/strong><\/u><\/p>\n<p>Combinando la tolva de pesaje, la campana de precalentamiento, la transferencia de materiales y el sistema de carga del horno en un solo proceso automatizado, General Kinematics lleva su trabajo de fundici\u00f3n a un nuevo nivel de eficiencia en lo que respecta al costo.<\/p>\n<p>El precalentamiento elimina la humedad y otros contaminantes del material de carga para poder realizar una operaci\u00f3n m\u00e1s segura y eficiente. Una carga precalentada reduce la energ\u00eda de inducci\u00f3n necesaria para completar la fundici\u00f3n y el ciclo de fundici\u00f3n m\u00e1s corto resultante aumenta en gran medida el nivel de producci\u00f3n del horno. Adem\u00e1s, el uso de gas natural o aceite combustible de menor costo para precalentar supone mayores ganancias sobre el capital invertido.<\/p>\n<h2>Caracter\u00edsticas:<\/h2>\n<ul>\n<li>Adaptable a hornos de cualquier tama\u00f1o.<\/li>\n<li>Permite usar chatarra contaminada con agua o aceite de menor costo.<\/li>\n<li>Secado o calentamiento eficiente a 1200 \u00b0F\/ 650 \u00b0C para reducir la demanda energ\u00e9tica del horno.<\/li>\n<li>Ciclos m\u00e1s r\u00e1pidos de fundici\u00f3n en hornos.<\/li>\n<li>Dise\u00f1o flexible para cualquier instalaci\u00f3n.<\/li>\n<li>Operaci\u00f3n con control autom\u00e1tico y un solo operario.<\/li>\n<\/ul>\n","protected":false},"excerpt":{"rendered":"<p>Un proceso integrado de precalentamiento de chatarra que incrementa la productividad del horno y reduce los costos de operaci\u00f3n Combinando la tolva de pesaje, la campana de precalentamiento, la transferencia de materiales y el sistema de carga del horno en un solo proceso automatizado, General Kinematics lleva su trabajo de fundici\u00f3n a un nuevo nivel [&hellip;]<\/p>\n","protected":false},"featured_media":23284,"comment_status":"closed","ping_status":"closed","template":"","meta":{"_acf_changed":false,"om_disable_all_campaigns":false,"ep_exclude_from_search":false},"product_brand":[],"product_cat":[1732],"product_tag":[],"class_list":{"0":"post-36123","1":"product","2":"type-product","3":"status-publish","4":"has-post-thumbnail","6":"product_cat-no-categorizado","8":"first","9":"instock","10":"taxable","11":"shipping-taxable","12":"product-type-simple"},"acf":[],"yoast_head":"<!-- This site is optimized with the Yoast SEO plugin v27.2 - https:\/\/yoast.com\/product\/yoast-seo-wordpress\/ -->\n<title>Sistemas de precalentamiento de carga | General Kinematics<\/title>\n<meta name=\"robots\" content=\"index, follow, max-snippet:-1, max-image-preview:large, max-video-preview:-1\" \/>\n<link rel=\"canonical\" href=\"https:\/\/www.generalkinematics.com\/es\/producto\/charge-pre-heat-systems\/\" \/>\n<meta property=\"og:locale\" content=\"es_ES\" \/>\n<meta property=\"og:type\" content=\"article\" \/>\n<meta property=\"og:title\" content=\"Sistemas de precalentamiento de carga | General Kinematics\" \/>\n<meta property=\"og:description\" content=\"Un proceso integrado de precalentamiento de chatarra que incrementa la productividad del horno y reduce los costos de operaci\u00f3n Combinando la tolva de pesaje, la campana de precalentamiento, la transferencia de materiales y el sistema de carga del horno en un solo proceso automatizado, General Kinematics lleva su trabajo de fundici\u00f3n a un nuevo nivel [&hellip;]\" \/>\n<meta property=\"og:url\" content=\"https:\/\/www.generalkinematics.com\/es\/producto\/charge-pre-heat-systems\/\" \/>\n<meta property=\"og:site_name\" content=\"General Kinematics\" \/>\n<meta property=\"article:publisher\" content=\"https:\/\/www.facebook.com\/generalkinematics\" \/>\n<meta property=\"article:modified_time\" content=\"2025-11-26T05:18:40+00:00\" \/>\n<meta property=\"og:image\" content=\"https:\/\/media.generalkinematics.com\/wp-content\/uploads\/2015\/05\/Untitled-1.jpg\" \/>\n\t<meta property=\"og:image:width\" content=\"2331\" \/>\n\t<meta property=\"og:image:height\" content=\"2070\" \/>\n\t<meta property=\"og:image:type\" content=\"image\/jpeg\" \/>\n<meta name=\"twitter:card\" content=\"summary_large_image\" \/>\n<meta name=\"twitter:site\" content=\"@gkvibrating\" \/>\n<meta name=\"twitter:label1\" content=\"Tiempo de lectura\" \/>\n\t<meta name=\"twitter:data1\" content=\"2 minutos\" \/>\n<!-- \/ Yoast SEO plugin. -->","yoast_head_json":{"title":"Sistemas de precalentamiento de carga | General Kinematics","robots":{"index":"index","follow":"follow","max-snippet":"max-snippet:-1","max-image-preview":"max-image-preview:large","max-video-preview":"max-video-preview:-1"},"canonical":"https:\/\/www.generalkinematics.com\/es\/producto\/charge-pre-heat-systems\/","og_locale":"es_ES","og_type":"article","og_title":"Sistemas de precalentamiento de carga | General Kinematics","og_description":"Un proceso integrado de precalentamiento de chatarra que incrementa la productividad del horno y reduce los costos de operaci\u00f3n Combinando la tolva de pesaje, la campana de precalentamiento, la transferencia de materiales y el sistema de carga del horno en un solo proceso automatizado, General Kinematics lleva su trabajo de fundici\u00f3n a un nuevo nivel [&hellip;]","og_url":"https:\/\/www.generalkinematics.com\/es\/producto\/charge-pre-heat-systems\/","og_site_name":"General Kinematics","article_publisher":"https:\/\/www.facebook.com\/generalkinematics","article_modified_time":"2025-11-26T05:18:40+00:00","og_image":[{"width":2331,"height":2070,"url":"https:\/\/media.generalkinematics.com\/wp-content\/uploads\/2015\/05\/Untitled-1.jpg","type":"image\/jpeg"}],"twitter_card":"summary_large_image","twitter_site":"@gkvibrating","twitter_misc":{"Tiempo de lectura":"2 minutos"},"schema":{"@context":"https:\/\/schema.org","@graph":[{"@type":"WebPage","@id":"https:\/\/www.generalkinematics.com\/es\/producto\/charge-pre-heat-systems\/","url":"https:\/\/www.generalkinematics.com\/es\/producto\/charge-pre-heat-systems\/","name":"Sistemas de precalentamiento de carga | General Kinematics","isPartOf":{"@id":"https:\/\/www.generalkinematics.com\/es\/#website"},"primaryImageOfPage":{"@id":"https:\/\/www.generalkinematics.com\/es\/producto\/charge-pre-heat-systems\/#primaryimage"},"image":{"@id":"https:\/\/www.generalkinematics.com\/es\/producto\/charge-pre-heat-systems\/#primaryimage"},"thumbnailUrl":"https:\/\/media.generalkinematics.com\/wp-content\/uploads\/2015\/05\/Untitled-1.jpg","datePublished":"2015-05-12T09:06:16+00:00","dateModified":"2025-11-26T05:18:40+00:00","breadcrumb":{"@id":"https:\/\/www.generalkinematics.com\/es\/producto\/charge-pre-heat-systems\/#breadcrumb"},"inLanguage":"es","potentialAction":[{"@type":"ReadAction","target":["https:\/\/www.generalkinematics.com\/es\/producto\/charge-pre-heat-systems\/"]}]},{"@type":"ImageObject","inLanguage":"es","@id":"https:\/\/www.generalkinematics.com\/es\/producto\/charge-pre-heat-systems\/#primaryimage","url":"https:\/\/media.generalkinematics.com\/wp-content\/uploads\/2015\/05\/Untitled-1.jpg","contentUrl":"https:\/\/media.generalkinematics.com\/wp-content\/uploads\/2015\/05\/Untitled-1.jpg","width":2331,"height":2070,"caption":"general-kinematics-no-bake-foundry"},{"@type":"BreadcrumbList","@id":"https:\/\/www.generalkinematics.com\/es\/producto\/charge-pre-heat-systems\/#breadcrumb","itemListElement":[{"@type":"ListItem","position":1,"name":"GK Home","item":"https:\/\/www.generalkinematics.com\/es\/"},{"@type":"ListItem","position":2,"name":"Shop","item":"https:\/\/www.generalkinematics.com\/shop\/"},{"@type":"ListItem","position":3,"name":"Sistemas de precalentamiento de carga"}]},{"@type":"WebSite","@id":"https:\/\/www.generalkinematics.com\/es\/#website","url":"https:\/\/www.generalkinematics.com\/es\/","name":"General Kinematics","description":"","publisher":{"@id":"https:\/\/www.generalkinematics.com\/es\/#organization"},"potentialAction":[{"@type":"SearchAction","target":{"@type":"EntryPoint","urlTemplate":"https:\/\/www.generalkinematics.com\/es\/?s={search_term_string}"},"query-input":{"@type":"PropertyValueSpecification","valueRequired":true,"valueName":"search_term_string"}}],"inLanguage":"es"},{"@type":"Organization","@id":"https:\/\/www.generalkinematics.com\/es\/#organization","name":"General Kinematics","url":"https:\/\/www.generalkinematics.com\/es\/","logo":{"@type":"ImageObject","inLanguage":"es","@id":"https:\/\/www.generalkinematics.com\/es\/#\/schema\/logo\/image\/","url":"https:\/\/media.generalkinematics.com\/wp-content\/uploads\/2018\/03\/logo.png","contentUrl":"https:\/\/media.generalkinematics.com\/wp-content\/uploads\/2018\/03\/logo.png","width":313,"height":100,"caption":"General Kinematics"},"image":{"@id":"https:\/\/www.generalkinematics.com\/es\/#\/schema\/logo\/image\/"},"sameAs":["https:\/\/www.facebook.com\/generalkinematics","https:\/\/x.com\/gkvibrating"]}]}},"_links":{"self":[{"href":"https:\/\/www.generalkinematics.com\/es\/wp-json\/wp\/v2\/product\/36123","targetHints":{"allow":["GET"]}}],"collection":[{"href":"https:\/\/www.generalkinematics.com\/es\/wp-json\/wp\/v2\/product"}],"about":[{"href":"https:\/\/www.generalkinematics.com\/es\/wp-json\/wp\/v2\/types\/product"}],"replies":[{"embeddable":true,"href":"https:\/\/www.generalkinematics.com\/es\/wp-json\/wp\/v2\/comments?post=36123"}],"wp:featuredmedia":[{"embeddable":true,"href":"https:\/\/www.generalkinematics.com\/es\/wp-json\/wp\/v2\/media\/23284"}],"wp:attachment":[{"href":"https:\/\/www.generalkinematics.com\/es\/wp-json\/wp\/v2\/media?parent=36123"}],"wp:term":[{"taxonomy":"product_brand","embeddable":true,"href":"https:\/\/www.generalkinematics.com\/es\/wp-json\/wp\/v2\/product_brand?post=36123"},{"taxonomy":"product_cat","embeddable":true,"href":"https:\/\/www.generalkinematics.com\/es\/wp-json\/wp\/v2\/product_cat?post=36123"},{"taxonomy":"product_tag","embeddable":true,"href":"https:\/\/www.generalkinematics.com\/es\/wp-json\/wp\/v2\/product_tag?post=36123"}],"curies":[{"name":"wp","href":"https:\/\/api.w.org\/{rel}","templated":true}]}}