{"id":36128,"date":"2015-05-12T04:09:28","date_gmt":"2015-05-12T09:09:28","guid":{"rendered":"https:\/\/www.generalkinematics.com\/product\/sistemas-de-aleacion-inoculantes\/"},"modified":"2018-08-30T21:38:08","modified_gmt":"2018-08-31T02:38:08","slug":"sistemas-de-adicion-de-aleacion","status":"publish","type":"product","link":"https:\/\/www.generalkinematics.com\/es\/producto\/sistemas-de-adicion-de-aleacion\/","title":{"rendered":"Sistemas de aleaci\u00f3n \/ inoculantes"},"content":{"rendered":"<p>Los <strong>Sistemas de adici\u00f3n de aleaci\u00f3n<\/strong>\u00a0de General Kinematics disipan todas las dudas en relaci\u00f3n con la metalurgia. Los contenedores de aleaci\u00f3n reciben y almacenan las adiciones de ferrosilicio, grafito o de otro tipo, que posteriormente se transfieren a trav\u00e9s del alimentador vibratorio a una unidad de pesaje principal para componer el lote. Los lotes finales se env\u00edan a la zona de carga a trav\u00e9s del conjunto del barril de carga y el monorriel \/ gr\u00faa. Los alimentadores de carga est\u00e1n dise\u00f1ados para aceptar y mezclar de manera gradual el lote de aleaci\u00f3n con la carga principal. Se incluyen sistemas de control totalmente integrados (SCADA) para completar el paquete.<\/p>\n<p>Los <strong>Sistemas inoculantes<\/strong> de General Kinematics preparan y agregan los inoculantes u otros materiales en la cuchara antes de realizar el vertido. Los sistemas incluyen contenedores y alimentadores de materiales individuales, volquetes de pesaje precisos, alimentadores de composici\u00f3n de carga y otras opciones para medir y alimentar con precisi\u00f3n la mezcla correcta y en el orden apropiado a la cuchara.<\/p>\n<h2>Caracter\u00edsticas:<\/h2>\n<ul>\n<li>Los sistemas de adici\u00f3n de aleaci\u00f3n pueden integrarse directamente con el alimentador de carga, para obtener una soluci\u00f3n completa de carga.<\/li>\n<li>Sistemas de control totalmente integrados (SCADA) para pesar con precisi\u00f3n el producto.<\/li>\n<li>Los contenedores se llenan con los alimentadores GK, equipados con sistemas de transmisi\u00f3n electromec\u00e1nicos o neum\u00e1ticos, seg\u00fan el tama\u00f1o y la aplicaci\u00f3n.<\/li>\n<li>Los alimentadores de composici\u00f3n de carga utilizan celdas de pesaje para medir con precisi\u00f3n la cantidad correcta de material para su mezcla particular de metales.<\/li>\n<\/ul>\n","protected":false},"excerpt":{"rendered":"<p>Los Sistemas de adici\u00f3n de aleaci\u00f3n\u00a0de General Kinematics disipan todas las dudas en relaci\u00f3n con la metalurgia. Los contenedores de aleaci\u00f3n reciben y almacenan las adiciones de ferrosilicio, grafito o de otro tipo, que posteriormente se transfieren a trav\u00e9s del alimentador vibratorio a una unidad de pesaje principal para componer el lote. Los lotes finales [&hellip;]<\/p>\n","protected":false},"featured_media":23252,"comment_status":"closed","ping_status":"closed","template":"","meta":{"_acf_changed":false,"om_disable_all_campaigns":false,"ep_exclude_from_search":false},"product_brand":[],"product_cat":[1846,1861,1829,1839],"product_tag":[],"class_list":{"0":"post-36128","1":"product","2":"type-product","3":"status-publish","4":"has-post-thumbnail","6":"product_cat-equipo-de-cubierta-de-fusion","7":"product_cat-fundicion-de-arena-verde","8":"product_cat-fundicion-sin-hornear","9":"product_cat-soluciones-de-fundicion-y-metalcasting","11":"first","12":"instock","13":"taxable","14":"shipping-taxable","15":"product-type-simple"},"acf":[],"yoast_head":"<!-- This site is optimized with the Yoast SEO plugin v27.2 - https:\/\/yoast.com\/product\/yoast-seo-wordpress\/ -->\n<title>Sistemas de aleaci\u00f3n \/ inoculantes | General Kinematics<\/title>\n<meta name=\"robots\" content=\"index, follow, max-snippet:-1, max-image-preview:large, max-video-preview:-1\" \/>\n<link rel=\"canonical\" href=\"https:\/\/www.generalkinematics.com\/es\/producto\/sistemas-de-adicion-de-aleacion\/\" \/>\n<meta property=\"og:locale\" content=\"es_ES\" \/>\n<meta property=\"og:type\" content=\"article\" \/>\n<meta property=\"og:title\" content=\"Sistemas de aleaci\u00f3n \/ inoculantes | General Kinematics\" \/>\n<meta property=\"og:description\" content=\"Los Sistemas de adici\u00f3n de aleaci\u00f3n\u00a0de General Kinematics disipan todas las dudas en relaci\u00f3n con la metalurgia. Los contenedores de aleaci\u00f3n reciben y almacenan las adiciones de ferrosilicio, grafito o de otro tipo, que posteriormente se transfieren a trav\u00e9s del alimentador vibratorio a una unidad de pesaje principal para componer el lote. Los lotes finales [&hellip;]\" \/>\n<meta property=\"og:url\" content=\"https:\/\/www.generalkinematics.com\/es\/producto\/sistemas-de-adicion-de-aleacion\/\" \/>\n<meta property=\"og:site_name\" content=\"General Kinematics\" \/>\n<meta property=\"article:publisher\" content=\"https:\/\/www.facebook.com\/generalkinematics\" \/>\n<meta property=\"article:modified_time\" content=\"2018-08-31T02:38:08+00:00\" \/>\n<meta property=\"og:image\" content=\"https:\/\/media.generalkinematics.com\/wp-content\/uploads\/2015\/05\/EJIW_alloy_addition4.jpg\" \/>\n\t<meta property=\"og:image:width\" content=\"1216\" \/>\n\t<meta property=\"og:image:height\" content=\"912\" \/>\n\t<meta property=\"og:image:type\" content=\"image\/jpeg\" \/>\n<meta name=\"twitter:card\" content=\"summary_large_image\" \/>\n<meta name=\"twitter:site\" content=\"@gkvibrating\" \/>\n<meta name=\"twitter:label1\" content=\"Tiempo de lectura\" \/>\n\t<meta name=\"twitter:data1\" content=\"1 minuto\" \/>\n<!-- \/ Yoast SEO plugin. -->","yoast_head_json":{"title":"Sistemas de aleaci\u00f3n \/ inoculantes | General Kinematics","robots":{"index":"index","follow":"follow","max-snippet":"max-snippet:-1","max-image-preview":"max-image-preview:large","max-video-preview":"max-video-preview:-1"},"canonical":"https:\/\/www.generalkinematics.com\/es\/producto\/sistemas-de-adicion-de-aleacion\/","og_locale":"es_ES","og_type":"article","og_title":"Sistemas de aleaci\u00f3n \/ inoculantes | General Kinematics","og_description":"Los Sistemas de adici\u00f3n de aleaci\u00f3n\u00a0de General Kinematics disipan todas las dudas en relaci\u00f3n con la metalurgia. Los contenedores de aleaci\u00f3n reciben y almacenan las adiciones de ferrosilicio, grafito o de otro tipo, que posteriormente se transfieren a trav\u00e9s del alimentador vibratorio a una unidad de pesaje principal para componer el lote. Los lotes finales [&hellip;]","og_url":"https:\/\/www.generalkinematics.com\/es\/producto\/sistemas-de-adicion-de-aleacion\/","og_site_name":"General Kinematics","article_publisher":"https:\/\/www.facebook.com\/generalkinematics","article_modified_time":"2018-08-31T02:38:08+00:00","og_image":[{"width":1216,"height":912,"url":"https:\/\/media.generalkinematics.com\/wp-content\/uploads\/2015\/05\/EJIW_alloy_addition4.jpg","type":"image\/jpeg"}],"twitter_card":"summary_large_image","twitter_site":"@gkvibrating","twitter_misc":{"Tiempo de lectura":"1 minuto"},"schema":{"@context":"https:\/\/schema.org","@graph":[{"@type":"WebPage","@id":"https:\/\/www.generalkinematics.com\/es\/producto\/sistemas-de-adicion-de-aleacion\/","url":"https:\/\/www.generalkinematics.com\/es\/producto\/sistemas-de-adicion-de-aleacion\/","name":"Sistemas de aleaci\u00f3n \/ inoculantes | General Kinematics","isPartOf":{"@id":"https:\/\/www.generalkinematics.com\/es\/#website"},"primaryImageOfPage":{"@id":"https:\/\/www.generalkinematics.com\/es\/producto\/sistemas-de-adicion-de-aleacion\/#primaryimage"},"image":{"@id":"https:\/\/www.generalkinematics.com\/es\/producto\/sistemas-de-adicion-de-aleacion\/#primaryimage"},"thumbnailUrl":"https:\/\/media.generalkinematics.com\/wp-content\/uploads\/2015\/05\/EJIW_alloy_addition4.jpg","datePublished":"2015-05-12T09:09:28+00:00","dateModified":"2018-08-31T02:38:08+00:00","breadcrumb":{"@id":"https:\/\/www.generalkinematics.com\/es\/producto\/sistemas-de-adicion-de-aleacion\/#breadcrumb"},"inLanguage":"es","potentialAction":[{"@type":"ReadAction","target":["https:\/\/www.generalkinematics.com\/es\/producto\/sistemas-de-adicion-de-aleacion\/"]}]},{"@type":"ImageObject","inLanguage":"es","@id":"https:\/\/www.generalkinematics.com\/es\/producto\/sistemas-de-adicion-de-aleacion\/#primaryimage","url":"https:\/\/media.generalkinematics.com\/wp-content\/uploads\/2015\/05\/EJIW_alloy_addition4.jpg","contentUrl":"https:\/\/media.generalkinematics.com\/wp-content\/uploads\/2015\/05\/EJIW_alloy_addition4.jpg","width":1216,"height":912,"caption":"general-kinematics-alloy-addition"},{"@type":"BreadcrumbList","@id":"https:\/\/www.generalkinematics.com\/es\/producto\/sistemas-de-adicion-de-aleacion\/#breadcrumb","itemListElement":[{"@type":"ListItem","position":1,"name":"GK Home","item":"https:\/\/www.generalkinematics.com\/es\/"},{"@type":"ListItem","position":2,"name":"Shop","item":"https:\/\/www.generalkinematics.com\/shop\/"},{"@type":"ListItem","position":3,"name":"Sistemas de aleaci\u00f3n \/ inoculantes"}]},{"@type":"WebSite","@id":"https:\/\/www.generalkinematics.com\/es\/#website","url":"https:\/\/www.generalkinematics.com\/es\/","name":"General Kinematics","description":"","publisher":{"@id":"https:\/\/www.generalkinematics.com\/es\/#organization"},"potentialAction":[{"@type":"SearchAction","target":{"@type":"EntryPoint","urlTemplate":"https:\/\/www.generalkinematics.com\/es\/?s={search_term_string}"},"query-input":{"@type":"PropertyValueSpecification","valueRequired":true,"valueName":"search_term_string"}}],"inLanguage":"es"},{"@type":"Organization","@id":"https:\/\/www.generalkinematics.com\/es\/#organization","name":"General Kinematics","url":"https:\/\/www.generalkinematics.com\/es\/","logo":{"@type":"ImageObject","inLanguage":"es","@id":"https:\/\/www.generalkinematics.com\/es\/#\/schema\/logo\/image\/","url":"https:\/\/media.generalkinematics.com\/wp-content\/uploads\/2018\/03\/logo.png","contentUrl":"https:\/\/media.generalkinematics.com\/wp-content\/uploads\/2018\/03\/logo.png","width":313,"height":100,"caption":"General Kinematics"},"image":{"@id":"https:\/\/www.generalkinematics.com\/es\/#\/schema\/logo\/image\/"},"sameAs":["https:\/\/www.facebook.com\/generalkinematics","https:\/\/x.com\/gkvibrating"]}]}},"_links":{"self":[{"href":"https:\/\/www.generalkinematics.com\/es\/wp-json\/wp\/v2\/product\/36128","targetHints":{"allow":["GET"]}}],"collection":[{"href":"https:\/\/www.generalkinematics.com\/es\/wp-json\/wp\/v2\/product"}],"about":[{"href":"https:\/\/www.generalkinematics.com\/es\/wp-json\/wp\/v2\/types\/product"}],"replies":[{"embeddable":true,"href":"https:\/\/www.generalkinematics.com\/es\/wp-json\/wp\/v2\/comments?post=36128"}],"wp:featuredmedia":[{"embeddable":true,"href":"https:\/\/www.generalkinematics.com\/es\/wp-json\/wp\/v2\/media\/23252"}],"wp:attachment":[{"href":"https:\/\/www.generalkinematics.com\/es\/wp-json\/wp\/v2\/media?parent=36128"}],"wp:term":[{"taxonomy":"product_brand","embeddable":true,"href":"https:\/\/www.generalkinematics.com\/es\/wp-json\/wp\/v2\/product_brand?post=36128"},{"taxonomy":"product_cat","embeddable":true,"href":"https:\/\/www.generalkinematics.com\/es\/wp-json\/wp\/v2\/product_cat?post=36128"},{"taxonomy":"product_tag","embeddable":true,"href":"https:\/\/www.generalkinematics.com\/es\/wp-json\/wp\/v2\/product_tag?post=36128"}],"curies":[{"name":"wp","href":"https:\/\/api.w.org\/{rel}","templated":true}]}}