{"id":36142,"date":"2015-05-12T05:01:51","date_gmt":"2015-05-12T10:01:51","guid":{"rendered":"https:\/\/www.generalkinematics.com\/product\/sistema-fundicion-por-espuma-perdida\/"},"modified":"2018-08-30T20:51:53","modified_gmt":"2018-08-31T01:51:53","slug":"sistema-fundicion-por-espuma-perdida","status":"publish","type":"product","link":"https:\/\/www.generalkinematics.com\/es\/producto\/sistema-fundicion-por-espuma-perdida\/","title":{"rendered":"Sistema fundici\u00f3n por espuma perdida"},"content":{"rendered":"<p><u><strong>Desde el acondicionamiento de la arena a la compactaci\u00f3n del molde en un solo proceso automatizado.<\/strong><\/u><\/p>\n<p>General Kinematics combina la innovaci\u00f3n del dise\u00f1o, el conocimiento t\u00e9cnico del proceso y la tecnolog\u00eda vibratoria en un sistema de compactaci\u00f3n preciso y vers\u00e1til, concebido para obtener resultados de calidad y funcionar de manera rentable.<\/p>\n<p>Los componentes vibratorios apilados de manera vertical conservan la arena depositada en la base y permiten el flujo libre continuo de la arena en todas las fases del proceso. El sistema fundici\u00f3n por espuma perdida de GK aporta beneficios inmediatos al usuario:<\/p>\n<p><u><strong>Desde el desarrollo a la producci\u00f3n<\/strong><\/u><\/p>\n<p>Los sistemas de fundici\u00f3n por espuma perdida de GK permiten desarrollar el proceso para determinar los procedimientos \u00f3ptimos\u2026 posteriormente, pueden programarse para funcionar como sistemas de producci\u00f3n de alto volumen\u2026 todo con el mismo equipo.<\/p>\n<p><u><strong>Compacto, rentable<\/strong><\/u><\/p>\n<p>Utilizando un m\u00ednimo de espacio f\u00edsico, los sistemas de fundici\u00f3n por espuma perdida de GK no necesitan fosos ni cimentaciones especiales. Los componentes accionados por motor de bajo consumo de energ\u00eda funcionan con un costo y mantenimiento m\u00ednimos.<\/p>\n<p><u><strong>Proceso sellado<\/strong><\/u><\/p>\n<p>La recolecci\u00f3n de polvo debe realizarse en la estaci\u00f3n de llenado de la caja de moldeo \u00fanicamente, con todas las otras fases conectadas mediante sellos flexibles.<\/p>\n<p><u><strong>Adaptables a sus necesidades<\/strong><\/u><\/p>\n<p>Los sistemas fundici\u00f3n por espuma perdida de GK pueden adaptarse a las cajas de moldeo de cualquier tama\u00f1o que se utilizan en su planta.<\/p>\n<p><u><strong>Dise\u00f1o de poco mantenimiento, silencioso<\/strong><\/u><\/p>\n<p>Todos los componentes utilizan trasmisiones motorizadas, selladas y confiables para garantizar niveles de ruido aceptables. La ausencia de otras piezas m\u00f3viles, minimiza los requisitos de mantenimiento.<\/p>\n<p>&nbsp;<\/p>\n<h2>Caracter\u00edsticas:<\/h2>\n<ul>\n<li>Cribador \u2013 La arena se introduce a trav\u00e9s del cribador vibratorio \/ unidad clasificadora, instalado en la parte superior de la pila del equipo. La unidad mantiene la distribuci\u00f3n deseada del tama\u00f1o del grano y retira las part\u00edculas finas indeseables.<\/li>\n<li>Compuerta de desactivaci\u00f3n \u2013 La arena fluye en la tolva volante equipada con una compuerta inferior que se opera en forma neum\u00e1tica y permite desactivar el sistema sin tener que descargar.<\/li>\n<li>Enfriador \u2013 El enfriador de arena VIBRA-FIN\u2122 de General Kinematics detecta la temperatura de entrada y enfr\u00eda autom\u00e1ticamente la arena a la temperatura ideal de moldeo.<\/li>\n<li>Distribuci\u00f3n \u2013 La arena fluye a trav\u00e9s de una segunda tolva en una unidad de control y distribuci\u00f3n de flujo que vierte uniformemente la arena en la caja de moldeo. El patr\u00f3n de vertido suave elimina la distorsi\u00f3n de los patrones fr\u00e1giles. Si se desea, se pueden enmascarar \u00e1reas espec\u00edficas.<\/li>\n<li>Compactaci\u00f3n \u2013 La mesa de compactaci\u00f3n de General Kinematics est\u00e1 aislada en un bastidor de elevaci\u00f3n de operaci\u00f3n neum\u00e1tica que se eleva para colocar con precisi\u00f3n la caja de moldeo en la estaci\u00f3n de llenado. Tras el ciclo de compactaci\u00f3n de secuencia autom\u00e1tica, se baja la mesa, con lo que la caja de moldeo puede transferirse mediante la cinta transportadora de rodillo o el sistema automatizado de manipulaci\u00f3n de cajas de moldeo.<\/li>\n<li>Agarradera \u2013 El patr\u00f3n se coloca inicialmente y se conserva dentro de la caja de moldeo mediante una agarradera de acci\u00f3n neum\u00e1tica que reduce su agarre a medida que avanza el ciclo de compactaci\u00f3n.<\/li>\n<\/ul>\n","protected":false},"excerpt":{"rendered":"<p>Desde el acondicionamiento de la arena a la compactaci\u00f3n del molde en un solo proceso automatizado. General Kinematics combina la innovaci\u00f3n del dise\u00f1o, el conocimiento t\u00e9cnico del proceso y la tecnolog\u00eda vibratoria en un sistema de compactaci\u00f3n preciso y vers\u00e1til, concebido para obtener resultados de calidad y funcionar de manera rentable. Los componentes vibratorios apilados [&hellip;]<\/p>\n","protected":false},"featured_media":23232,"comment_status":"closed","ping_status":"closed","template":"","meta":{"_acf_changed":false,"om_disable_all_campaigns":false,"ep_exclude_from_search":false},"product_brand":[],"product_cat":[1845,1839],"product_tag":[],"class_list":{"0":"post-36142","1":"product","2":"type-product","3":"status-publish","4":"has-post-thumbnail","6":"product_cat-espuma-perdida","7":"product_cat-soluciones-de-fundicion-y-metalcasting","9":"first","10":"instock","11":"taxable","12":"shipping-taxable","13":"product-type-simple"},"acf":[],"yoast_head":"<!-- This site is optimized with the Yoast SEO plugin v27.2 - https:\/\/yoast.com\/product\/yoast-seo-wordpress\/ -->\n<title>Sistema fundici\u00f3n por espuma perdida | General Kinematics<\/title>\n<meta name=\"robots\" content=\"index, follow, max-snippet:-1, max-image-preview:large, max-video-preview:-1\" \/>\n<link rel=\"canonical\" href=\"https:\/\/www.generalkinematics.com\/es\/producto\/sistema-fundicion-por-espuma-perdida\/\" \/>\n<meta property=\"og:locale\" content=\"es_ES\" \/>\n<meta property=\"og:type\" content=\"article\" \/>\n<meta property=\"og:title\" content=\"Sistema fundici\u00f3n por espuma perdida | General Kinematics\" \/>\n<meta property=\"og:description\" content=\"Desde el acondicionamiento de la arena a la compactaci\u00f3n del molde en un solo proceso automatizado. General Kinematics combina la innovaci\u00f3n del dise\u00f1o, el conocimiento t\u00e9cnico del proceso y la tecnolog\u00eda vibratoria en un sistema de compactaci\u00f3n preciso y vers\u00e1til, concebido para obtener resultados de calidad y funcionar de manera rentable. Los componentes vibratorios apilados [&hellip;]\" \/>\n<meta property=\"og:url\" content=\"https:\/\/www.generalkinematics.com\/es\/producto\/sistema-fundicion-por-espuma-perdida\/\" \/>\n<meta property=\"og:site_name\" content=\"General Kinematics\" \/>\n<meta property=\"article:publisher\" content=\"https:\/\/www.facebook.com\/generalkinematics\" \/>\n<meta property=\"article:modified_time\" content=\"2018-08-31T01:51:53+00:00\" \/>\n<meta property=\"og:image\" content=\"https:\/\/www.generalkinematics.com\/wp-content\/uploads\/2015\/05\/scan0096.jpg\" \/>\n\t<meta property=\"og:image:width\" content=\"900\" \/>\n\t<meta property=\"og:image:height\" content=\"900\" \/>\n\t<meta property=\"og:image:type\" content=\"image\/jpeg\" \/>\n<meta name=\"twitter:card\" content=\"summary_large_image\" \/>\n<meta name=\"twitter:site\" content=\"@gkvibrating\" \/>\n<meta name=\"twitter:label1\" content=\"Tiempo de lectura\" \/>\n\t<meta name=\"twitter:data1\" content=\"3 minutos\" \/>\n<!-- \/ Yoast SEO plugin. -->","yoast_head_json":{"title":"Sistema fundici\u00f3n por espuma perdida | General Kinematics","robots":{"index":"index","follow":"follow","max-snippet":"max-snippet:-1","max-image-preview":"max-image-preview:large","max-video-preview":"max-video-preview:-1"},"canonical":"https:\/\/www.generalkinematics.com\/es\/producto\/sistema-fundicion-por-espuma-perdida\/","og_locale":"es_ES","og_type":"article","og_title":"Sistema fundici\u00f3n por espuma perdida | General Kinematics","og_description":"Desde el acondicionamiento de la arena a la compactaci\u00f3n del molde en un solo proceso automatizado. General Kinematics combina la innovaci\u00f3n del dise\u00f1o, el conocimiento t\u00e9cnico del proceso y la tecnolog\u00eda vibratoria en un sistema de compactaci\u00f3n preciso y vers\u00e1til, concebido para obtener resultados de calidad y funcionar de manera rentable. Los componentes vibratorios apilados [&hellip;]","og_url":"https:\/\/www.generalkinematics.com\/es\/producto\/sistema-fundicion-por-espuma-perdida\/","og_site_name":"General Kinematics","article_publisher":"https:\/\/www.facebook.com\/generalkinematics","article_modified_time":"2018-08-31T01:51:53+00:00","og_image":[{"width":900,"height":900,"url":"https:\/\/www.generalkinematics.com\/wp-content\/uploads\/2015\/05\/scan0096.jpg","type":"image\/jpeg"}],"twitter_card":"summary_large_image","twitter_site":"@gkvibrating","twitter_misc":{"Tiempo de lectura":"3 minutos"},"schema":{"@context":"https:\/\/schema.org","@graph":[{"@type":"WebPage","@id":"https:\/\/www.generalkinematics.com\/es\/producto\/sistema-fundicion-por-espuma-perdida\/","url":"https:\/\/www.generalkinematics.com\/es\/producto\/sistema-fundicion-por-espuma-perdida\/","name":"Sistema fundici\u00f3n por espuma perdida | General Kinematics","isPartOf":{"@id":"https:\/\/www.generalkinematics.com\/es\/#website"},"primaryImageOfPage":{"@id":"https:\/\/www.generalkinematics.com\/es\/producto\/sistema-fundicion-por-espuma-perdida\/#primaryimage"},"image":{"@id":"https:\/\/www.generalkinematics.com\/es\/producto\/sistema-fundicion-por-espuma-perdida\/#primaryimage"},"thumbnailUrl":"https:\/\/media.generalkinematics.com\/wp-content\/uploads\/2015\/05\/scan0096.jpg","datePublished":"2015-05-12T10:01:51+00:00","dateModified":"2018-08-31T01:51:53+00:00","breadcrumb":{"@id":"https:\/\/www.generalkinematics.com\/es\/producto\/sistema-fundicion-por-espuma-perdida\/#breadcrumb"},"inLanguage":"es","potentialAction":[{"@type":"ReadAction","target":["https:\/\/www.generalkinematics.com\/es\/producto\/sistema-fundicion-por-espuma-perdida\/"]}]},{"@type":"ImageObject","inLanguage":"es","@id":"https:\/\/www.generalkinematics.com\/es\/producto\/sistema-fundicion-por-espuma-perdida\/#primaryimage","url":"https:\/\/media.generalkinematics.com\/wp-content\/uploads\/2015\/05\/scan0096.jpg","contentUrl":"https:\/\/media.generalkinematics.com\/wp-content\/uploads\/2015\/05\/scan0096.jpg","width":900,"height":900,"caption":"general-kinematics-lost-foam-casting-systems"},{"@type":"BreadcrumbList","@id":"https:\/\/www.generalkinematics.com\/es\/producto\/sistema-fundicion-por-espuma-perdida\/#breadcrumb","itemListElement":[{"@type":"ListItem","position":1,"name":"GK Home","item":"https:\/\/www.generalkinematics.com\/es\/"},{"@type":"ListItem","position":2,"name":"Shop","item":"https:\/\/www.generalkinematics.com\/shop\/"},{"@type":"ListItem","position":3,"name":"Sistema fundici\u00f3n por espuma perdida"}]},{"@type":"WebSite","@id":"https:\/\/www.generalkinematics.com\/es\/#website","url":"https:\/\/www.generalkinematics.com\/es\/","name":"General Kinematics","description":"","publisher":{"@id":"https:\/\/www.generalkinematics.com\/es\/#organization"},"potentialAction":[{"@type":"SearchAction","target":{"@type":"EntryPoint","urlTemplate":"https:\/\/www.generalkinematics.com\/es\/?s={search_term_string}"},"query-input":{"@type":"PropertyValueSpecification","valueRequired":true,"valueName":"search_term_string"}}],"inLanguage":"es"},{"@type":"Organization","@id":"https:\/\/www.generalkinematics.com\/es\/#organization","name":"General Kinematics","url":"https:\/\/www.generalkinematics.com\/es\/","logo":{"@type":"ImageObject","inLanguage":"es","@id":"https:\/\/www.generalkinematics.com\/es\/#\/schema\/logo\/image\/","url":"https:\/\/media.generalkinematics.com\/wp-content\/uploads\/2018\/03\/logo.png","contentUrl":"https:\/\/media.generalkinematics.com\/wp-content\/uploads\/2018\/03\/logo.png","width":313,"height":100,"caption":"General Kinematics"},"image":{"@id":"https:\/\/www.generalkinematics.com\/es\/#\/schema\/logo\/image\/"},"sameAs":["https:\/\/www.facebook.com\/generalkinematics","https:\/\/x.com\/gkvibrating"]}]}},"_links":{"self":[{"href":"https:\/\/www.generalkinematics.com\/es\/wp-json\/wp\/v2\/product\/36142","targetHints":{"allow":["GET"]}}],"collection":[{"href":"https:\/\/www.generalkinematics.com\/es\/wp-json\/wp\/v2\/product"}],"about":[{"href":"https:\/\/www.generalkinematics.com\/es\/wp-json\/wp\/v2\/types\/product"}],"replies":[{"embeddable":true,"href":"https:\/\/www.generalkinematics.com\/es\/wp-json\/wp\/v2\/comments?post=36142"}],"wp:featuredmedia":[{"embeddable":true,"href":"https:\/\/www.generalkinematics.com\/es\/wp-json\/wp\/v2\/media\/23232"}],"wp:attachment":[{"href":"https:\/\/www.generalkinematics.com\/es\/wp-json\/wp\/v2\/media?parent=36142"}],"wp:term":[{"taxonomy":"product_brand","embeddable":true,"href":"https:\/\/www.generalkinematics.com\/es\/wp-json\/wp\/v2\/product_brand?post=36142"},{"taxonomy":"product_cat","embeddable":true,"href":"https:\/\/www.generalkinematics.com\/es\/wp-json\/wp\/v2\/product_cat?post=36142"},{"taxonomy":"product_tag","embeddable":true,"href":"https:\/\/www.generalkinematics.com\/es\/wp-json\/wp\/v2\/product_tag?post=36142"}],"curies":[{"name":"wp","href":"https:\/\/api.w.org\/{rel}","templated":true}]}}