{"id":36146,"date":"2015-05-12T05:04:39","date_gmt":"2015-05-12T10:04:39","guid":{"rendered":"https:\/\/www.generalkinematics.com\/product\/mesas-de-compactacion\/"},"modified":"2018-08-30T21:24:49","modified_gmt":"2018-08-31T02:24:49","slug":"mesas-de-compactacion","status":"publish","type":"product","link":"https:\/\/www.generalkinematics.com\/es\/producto\/mesas-de-compactacion\/","title":{"rendered":"Mesas de compactaci\u00f3n"},"content":{"rendered":"<p>Las t\u00e9cnicas de moldeo por espuma perdida y sin hornear exigen que la compactaci\u00f3n del molde sea de calidad superior con el fin de desarrollar la integridad de la pieza fundida y mantener la rentabilidad de la producci\u00f3n.<\/p>\n<p>Las <strong>mesas de compactaci\u00f3n<\/strong> de General Kinematics fluidizan la arena para obtener el grado \u00f3ptimo de migraci\u00f3n de la arena alrededor de todas las superficies del patr\u00f3n, una ventaja importante en los procesos a base de poliestireno que conllevan formas intrincadas.<\/p>\n<p>La arena se compacta a una densidad y dureza m\u00e1ximas, produciendo piezas fundidas de tolerancia restringida con un buen acabado superficial. La calidad es mayor, con menos chatarra y costos unitarios menores.<\/p>\n<p><u><strong>No es necesario sujetar la caja de moldeo<\/strong><\/u><\/p>\n<p>El soporte estable de tres puntos de la caja de moldeo est\u00e1 equipado con mecanismos \u00fanicos, moldeados de amortiguaci\u00f3n de sonido que ubican con precisi\u00f3n y aseguran la caja de moldeo durante el ciclo de compactaci\u00f3n. Se elimina la necesidad de tener que utilizar dispositivos de sujeci\u00f3n aparte, con lo que se agiliza la producci\u00f3n y se minimiza el mantenimiento.<\/p>\n<p><u><strong>Operaci\u00f3n programada<\/strong><\/u><\/p>\n<p>El control variable computarizado se programa para la acci\u00f3n vibratoria que es necesaria para cada patr\u00f3n espec\u00edfico. A medida que se llena la caja de moldeo, el sistema de retroalimentaci\u00f3n integrado compensa autom\u00e1ticamente cuando el peso de la arena es mayor y as\u00ed mantener la intensidad de vibraci\u00f3n deseada.<\/p>\n<h2>Caracter\u00edsticas:<\/h2>\n<ul>\n<li>El soporte estable de tres puntos de la caja de moldeo est\u00e1 equipado con mecanismos \u00fanicos, moldeados de amortiguaci\u00f3n de sonido que ubican con precisi\u00f3n y aseguran la caja de moldeo durante el ciclo de compactaci\u00f3n. Se elimina la necesidad de tener que utilizar dispositivos de sujeci\u00f3n aparte, con lo que se agiliza la producci\u00f3n y se minimiza el mantenimiento.<\/li>\n<\/ul>\n","protected":false},"excerpt":{"rendered":"<p>Las t\u00e9cnicas de moldeo por espuma perdida y sin hornear exigen que la compactaci\u00f3n del molde sea de calidad superior con el fin de desarrollar la integridad de la pieza fundida y mantener la rentabilidad de la producci\u00f3n. Las mesas de compactaci\u00f3n de General Kinematics fluidizan la arena para obtener el grado \u00f3ptimo de migraci\u00f3n [&hellip;]<\/p>\n","protected":false},"featured_media":23220,"comment_status":"closed","ping_status":"closed","template":"","meta":{"_acf_changed":false,"om_disable_all_campaigns":false,"ep_exclude_from_search":false},"product_brand":[],"product_cat":[1845,1829,1842,1839],"product_tag":[],"class_list":{"0":"post-36146","1":"product","2":"type-product","3":"status-publish","4":"has-post-thumbnail","6":"product_cat-espuma-perdida","7":"product_cat-fundicion-sin-hornear","8":"product_cat-otras-soluciones","9":"product_cat-soluciones-de-fundicion-y-metalcasting","11":"first","12":"instock","13":"taxable","14":"shipping-taxable","15":"product-type-simple"},"acf":[],"yoast_head":"<!-- This site is optimized with the Yoast SEO plugin v27.2 - https:\/\/yoast.com\/product\/yoast-seo-wordpress\/ -->\n<title>Mesas de compactaci\u00f3n | General Kinematics<\/title>\n<meta name=\"robots\" content=\"index, follow, max-snippet:-1, max-image-preview:large, max-video-preview:-1\" \/>\n<link rel=\"canonical\" href=\"https:\/\/www.generalkinematics.com\/es\/producto\/mesas-de-compactacion\/\" \/>\n<meta property=\"og:locale\" content=\"es_ES\" \/>\n<meta property=\"og:type\" content=\"article\" \/>\n<meta property=\"og:title\" content=\"Mesas de compactaci\u00f3n | General Kinematics\" \/>\n<meta property=\"og:description\" content=\"Las t\u00e9cnicas de moldeo por espuma perdida y sin hornear exigen que la compactaci\u00f3n del molde sea de calidad superior con el fin de desarrollar la integridad de la pieza fundida y mantener la rentabilidad de la producci\u00f3n. Las mesas de compactaci\u00f3n de General Kinematics fluidizan la arena para obtener el grado \u00f3ptimo de migraci\u00f3n [&hellip;]\" \/>\n<meta property=\"og:url\" content=\"https:\/\/www.generalkinematics.com\/es\/producto\/mesas-de-compactacion\/\" \/>\n<meta property=\"og:site_name\" content=\"General Kinematics\" \/>\n<meta property=\"article:publisher\" content=\"https:\/\/www.facebook.com\/generalkinematics\" \/>\n<meta property=\"article:modified_time\" content=\"2018-08-31T02:24:49+00:00\" \/>\n<meta property=\"og:image\" content=\"https:\/\/media.generalkinematics.com\/wp-content\/uploads\/2015\/05\/Vulcan-Mercury-compaction-table-3.jpg\" \/>\n\t<meta property=\"og:image:width\" content=\"640\" \/>\n\t<meta property=\"og:image:height\" content=\"480\" \/>\n\t<meta property=\"og:image:type\" content=\"image\/jpeg\" \/>\n<meta name=\"twitter:card\" content=\"summary_large_image\" \/>\n<meta name=\"twitter:site\" content=\"@gkvibrating\" \/>\n<meta name=\"twitter:label1\" content=\"Tiempo de lectura\" \/>\n\t<meta name=\"twitter:data1\" content=\"2 minutos\" \/>\n<!-- \/ Yoast SEO plugin. -->","yoast_head_json":{"title":"Mesas de compactaci\u00f3n | General Kinematics","robots":{"index":"index","follow":"follow","max-snippet":"max-snippet:-1","max-image-preview":"max-image-preview:large","max-video-preview":"max-video-preview:-1"},"canonical":"https:\/\/www.generalkinematics.com\/es\/producto\/mesas-de-compactacion\/","og_locale":"es_ES","og_type":"article","og_title":"Mesas de compactaci\u00f3n | General Kinematics","og_description":"Las t\u00e9cnicas de moldeo por espuma perdida y sin hornear exigen que la compactaci\u00f3n del molde sea de calidad superior con el fin de desarrollar la integridad de la pieza fundida y mantener la rentabilidad de la producci\u00f3n. Las mesas de compactaci\u00f3n de General Kinematics fluidizan la arena para obtener el grado \u00f3ptimo de migraci\u00f3n [&hellip;]","og_url":"https:\/\/www.generalkinematics.com\/es\/producto\/mesas-de-compactacion\/","og_site_name":"General Kinematics","article_publisher":"https:\/\/www.facebook.com\/generalkinematics","article_modified_time":"2018-08-31T02:24:49+00:00","og_image":[{"width":640,"height":480,"url":"https:\/\/media.generalkinematics.com\/wp-content\/uploads\/2015\/05\/Vulcan-Mercury-compaction-table-3.jpg","type":"image\/jpeg"}],"twitter_card":"summary_large_image","twitter_site":"@gkvibrating","twitter_misc":{"Tiempo de lectura":"2 minutos"},"schema":{"@context":"https:\/\/schema.org","@graph":[{"@type":"WebPage","@id":"https:\/\/www.generalkinematics.com\/es\/producto\/mesas-de-compactacion\/","url":"https:\/\/www.generalkinematics.com\/es\/producto\/mesas-de-compactacion\/","name":"Mesas de compactaci\u00f3n | General Kinematics","isPartOf":{"@id":"https:\/\/www.generalkinematics.com\/es\/#website"},"primaryImageOfPage":{"@id":"https:\/\/www.generalkinematics.com\/es\/producto\/mesas-de-compactacion\/#primaryimage"},"image":{"@id":"https:\/\/www.generalkinematics.com\/es\/producto\/mesas-de-compactacion\/#primaryimage"},"thumbnailUrl":"https:\/\/media.generalkinematics.com\/wp-content\/uploads\/2015\/05\/Vulcan-Mercury-compaction-table-3.jpg","datePublished":"2015-05-12T10:04:39+00:00","dateModified":"2018-08-31T02:24:49+00:00","breadcrumb":{"@id":"https:\/\/www.generalkinematics.com\/es\/producto\/mesas-de-compactacion\/#breadcrumb"},"inLanguage":"es","potentialAction":[{"@type":"ReadAction","target":["https:\/\/www.generalkinematics.com\/es\/producto\/mesas-de-compactacion\/"]}]},{"@type":"ImageObject","inLanguage":"es","@id":"https:\/\/www.generalkinematics.com\/es\/producto\/mesas-de-compactacion\/#primaryimage","url":"https:\/\/media.generalkinematics.com\/wp-content\/uploads\/2015\/05\/Vulcan-Mercury-compaction-table-3.jpg","contentUrl":"https:\/\/media.generalkinematics.com\/wp-content\/uploads\/2015\/05\/Vulcan-Mercury-compaction-table-3.jpg","width":640,"height":480,"caption":"general-kinematics-compaction-table"},{"@type":"BreadcrumbList","@id":"https:\/\/www.generalkinematics.com\/es\/producto\/mesas-de-compactacion\/#breadcrumb","itemListElement":[{"@type":"ListItem","position":1,"name":"GK Home","item":"https:\/\/www.generalkinematics.com\/es\/"},{"@type":"ListItem","position":2,"name":"Shop","item":"https:\/\/www.generalkinematics.com\/shop\/"},{"@type":"ListItem","position":3,"name":"Mesas de compactaci\u00f3n"}]},{"@type":"WebSite","@id":"https:\/\/www.generalkinematics.com\/es\/#website","url":"https:\/\/www.generalkinematics.com\/es\/","name":"General Kinematics","description":"","publisher":{"@id":"https:\/\/www.generalkinematics.com\/es\/#organization"},"potentialAction":[{"@type":"SearchAction","target":{"@type":"EntryPoint","urlTemplate":"https:\/\/www.generalkinematics.com\/es\/?s={search_term_string}"},"query-input":{"@type":"PropertyValueSpecification","valueRequired":true,"valueName":"search_term_string"}}],"inLanguage":"es"},{"@type":"Organization","@id":"https:\/\/www.generalkinematics.com\/es\/#organization","name":"General Kinematics","url":"https:\/\/www.generalkinematics.com\/es\/","logo":{"@type":"ImageObject","inLanguage":"es","@id":"https:\/\/www.generalkinematics.com\/es\/#\/schema\/logo\/image\/","url":"https:\/\/media.generalkinematics.com\/wp-content\/uploads\/2018\/03\/logo.png","contentUrl":"https:\/\/media.generalkinematics.com\/wp-content\/uploads\/2018\/03\/logo.png","width":313,"height":100,"caption":"General Kinematics"},"image":{"@id":"https:\/\/www.generalkinematics.com\/es\/#\/schema\/logo\/image\/"},"sameAs":["https:\/\/www.facebook.com\/generalkinematics","https:\/\/x.com\/gkvibrating"]}]}},"_links":{"self":[{"href":"https:\/\/www.generalkinematics.com\/es\/wp-json\/wp\/v2\/product\/36146","targetHints":{"allow":["GET"]}}],"collection":[{"href":"https:\/\/www.generalkinematics.com\/es\/wp-json\/wp\/v2\/product"}],"about":[{"href":"https:\/\/www.generalkinematics.com\/es\/wp-json\/wp\/v2\/types\/product"}],"replies":[{"embeddable":true,"href":"https:\/\/www.generalkinematics.com\/es\/wp-json\/wp\/v2\/comments?post=36146"}],"wp:featuredmedia":[{"embeddable":true,"href":"https:\/\/www.generalkinematics.com\/es\/wp-json\/wp\/v2\/media\/23220"}],"wp:attachment":[{"href":"https:\/\/www.generalkinematics.com\/es\/wp-json\/wp\/v2\/media?parent=36146"}],"wp:term":[{"taxonomy":"product_brand","embeddable":true,"href":"https:\/\/www.generalkinematics.com\/es\/wp-json\/wp\/v2\/product_brand?post=36146"},{"taxonomy":"product_cat","embeddable":true,"href":"https:\/\/www.generalkinematics.com\/es\/wp-json\/wp\/v2\/product_cat?post=36146"},{"taxonomy":"product_tag","embeddable":true,"href":"https:\/\/www.generalkinematics.com\/es\/wp-json\/wp\/v2\/product_tag?post=36146"}],"curies":[{"name":"wp","href":"https:\/\/api.w.org\/{rel}","templated":true}]}}