{"id":36154,"date":"2015-05-12T05:14:08","date_gmt":"2015-05-12T10:14:08","guid":{"rendered":"https:\/\/www.generalkinematics.com\/product\/enfriador-acondicionador-de-material-a-granel-vibra-fin\/"},"modified":"2019-10-01T15:22:57","modified_gmt":"2019-10-01T20:22:57","slug":"bulk-material-cooler-2","status":"publish","type":"product","link":"https:\/\/www.generalkinematics.com\/es\/producto\/bulk-material-cooler-2\/","title":{"rendered":"Enfriador \/ Acondicionador de material a granel VIBRA-FIN\u2122"},"content":{"rendered":"<p>Funcionalidad \u00fanica para atender una amplia gama de necesidades de procesamiento continuo, las <strong>unidades de enfriamiento indirecto de arena VIBRA-FIN\u2122<\/strong> son ideales para calentar, enfriar o secar la arena de fundici\u00f3n u otros materiales a granel de flujo suelto. Los enfriadores de arena VIBRA-FIN\u2122 se pueden obtener en varias configuraciones y utilizan un sistema de agitaci\u00f3n vibratoria mientras el medio de enfriamiento pasa a trav\u00e9s de la cama de material para absorber y disipar el calor indirectamente.<\/p>\n<h2>Caracter\u00edsticas:<\/h2>\n<ul>\n<li>Enfriamiento indirecto de flujos continuos de material caliente con un medio de enfriamiento de contraflujo bajo la superficie de transporte del material.<\/li>\n<li>Enfriamiento de materiales polvorientos, sensibles al ox\u00edgeno o higrosc\u00f3pico en un entorno sellado y controlado.<\/li>\n<li>Acero inoxidable, resistente a la abrasi\u00f3n y otras opciones de construcci\u00f3n para los materiales en contacto.<\/li>\n<li>Disponibilidad de sistemas de balanceo y aislamiento din\u00e1micos para instalaciones de grado superior.<\/li>\n<li>Opci\u00f3n de flujo variable para modular el tiempo de permanencia cuando es necesario.<\/li>\n<li>Conexiones de alimentaci\u00f3n y descarga selladas que elimina la necesidad de recolecci\u00f3n de polvo.<\/li>\n<li>Una pasada o recirculaci\u00f3n del medio de enfriamiento.<\/li>\n<li>Disponibilidad de torres de enfriamiento y refrigeraci\u00f3n para el medio de enfriamiento recirculado.<\/li>\n<li>Intercambiador de calor totalmente cerrado para el procesamiento continuo.<\/li>\n<li>Dise\u00f1o f\u00e1cil de mantener y autolimpiante.<\/li>\n<li>Compuertas opcionales de flujo de control o desactivaci\u00f3n hidr\u00e1ulicas, el\u00e9ctricas o neum\u00e1ticas.<\/li>\n<\/ul>\n","protected":false},"excerpt":{"rendered":"<p>Funcionalidad \u00fanica para atender una amplia gama de necesidades de procesamiento continuo, las unidades de enfriamiento indirecto de arena VIBRA-FIN\u2122 son ideales para calentar, enfriar o secar la arena de fundici\u00f3n u otros materiales a granel de flujo suelto. Los enfriadores de arena VIBRA-FIN\u2122 se pueden obtener en varias configuraciones y utilizan un sistema de [&hellip;]<\/p>\n","protected":false},"featured_media":27804,"comment_status":"closed","ping_status":"closed","template":"","meta":{"_acf_changed":false,"om_disable_all_campaigns":false,"ep_exclude_from_search":false},"product_brand":[],"product_cat":[1853,1861,1849,1839],"product_tag":[],"class_list":{"0":"post-36154","1":"product","2":"type-product","3":"status-publish","4":"has-post-thumbnail","6":"casestudytag-vibra-fin-es","7":"product_cat-equipo-de-enfriamiento-de-arena","8":"product_cat-fundicion-de-arena-verde","9":"product_cat-sistemas-de-arena-recuperacion","10":"product_cat-soluciones-de-fundicion-y-metalcasting","12":"first","13":"instock","14":"taxable","15":"shipping-taxable","16":"product-type-simple"},"acf":[],"yoast_head":"<!-- This site is optimized with the Yoast SEO plugin v27.2 - https:\/\/yoast.com\/product\/yoast-seo-wordpress\/ -->\n<title>Enfriador \/ Acondicionador de material a granel VIBRA-FIN\u2122 | General Kinematics<\/title>\n<meta name=\"robots\" content=\"index, follow, max-snippet:-1, max-image-preview:large, max-video-preview:-1\" \/>\n<link rel=\"canonical\" href=\"https:\/\/www.generalkinematics.com\/es\/producto\/bulk-material-cooler-2\/\" \/>\n<meta property=\"og:locale\" content=\"es_ES\" \/>\n<meta property=\"og:type\" content=\"article\" \/>\n<meta property=\"og:title\" content=\"Enfriador \/ Acondicionador de material a granel VIBRA-FIN\u2122 | General Kinematics\" \/>\n<meta property=\"og:description\" content=\"Funcionalidad \u00fanica para atender una amplia gama de necesidades de procesamiento continuo, las unidades de enfriamiento indirecto de arena VIBRA-FIN\u2122 son ideales para calentar, enfriar o secar la arena de fundici\u00f3n u otros materiales a granel de flujo suelto. Los enfriadores de arena VIBRA-FIN\u2122 se pueden obtener en varias configuraciones y utilizan un sistema de [&hellip;]\" \/>\n<meta property=\"og:url\" content=\"https:\/\/www.generalkinematics.com\/es\/producto\/bulk-material-cooler-2\/\" \/>\n<meta property=\"og:site_name\" content=\"General Kinematics\" \/>\n<meta property=\"article:publisher\" content=\"https:\/\/www.facebook.com\/generalkinematics\" \/>\n<meta property=\"article:modified_time\" content=\"2019-10-01T20:22:57+00:00\" \/>\n<meta property=\"og:image\" content=\"https:\/\/www.generalkinematics.com\/wp-content\/uploads\/2015\/05\/2016-03-22-10.21.00.jpg\" \/>\n\t<meta property=\"og:image:width\" content=\"3264\" \/>\n\t<meta property=\"og:image:height\" content=\"2448\" \/>\n\t<meta property=\"og:image:type\" content=\"image\/jpeg\" \/>\n<meta name=\"twitter:card\" content=\"summary_large_image\" \/>\n<meta name=\"twitter:site\" content=\"@gkvibrating\" \/>\n<meta name=\"twitter:label1\" content=\"Tiempo de lectura\" \/>\n\t<meta name=\"twitter:data1\" content=\"1 minuto\" \/>\n<!-- \/ Yoast SEO plugin. -->","yoast_head_json":{"title":"Enfriador \/ Acondicionador de material a granel VIBRA-FIN\u2122 | General Kinematics","robots":{"index":"index","follow":"follow","max-snippet":"max-snippet:-1","max-image-preview":"max-image-preview:large","max-video-preview":"max-video-preview:-1"},"canonical":"https:\/\/www.generalkinematics.com\/es\/producto\/bulk-material-cooler-2\/","og_locale":"es_ES","og_type":"article","og_title":"Enfriador \/ Acondicionador de material a granel VIBRA-FIN\u2122 | General Kinematics","og_description":"Funcionalidad \u00fanica para atender una amplia gama de necesidades de procesamiento continuo, las unidades de enfriamiento indirecto de arena VIBRA-FIN\u2122 son ideales para calentar, enfriar o secar la arena de fundici\u00f3n u otros materiales a granel de flujo suelto. Los enfriadores de arena VIBRA-FIN\u2122 se pueden obtener en varias configuraciones y utilizan un sistema de [&hellip;]","og_url":"https:\/\/www.generalkinematics.com\/es\/producto\/bulk-material-cooler-2\/","og_site_name":"General Kinematics","article_publisher":"https:\/\/www.facebook.com\/generalkinematics","article_modified_time":"2019-10-01T20:22:57+00:00","og_image":[{"width":3264,"height":2448,"url":"https:\/\/www.generalkinematics.com\/wp-content\/uploads\/2015\/05\/2016-03-22-10.21.00.jpg","type":"image\/jpeg"}],"twitter_card":"summary_large_image","twitter_site":"@gkvibrating","twitter_misc":{"Tiempo de lectura":"1 minuto"},"schema":{"@context":"https:\/\/schema.org","@graph":[{"@type":"WebPage","@id":"https:\/\/www.generalkinematics.com\/es\/producto\/bulk-material-cooler-2\/","url":"https:\/\/www.generalkinematics.com\/es\/producto\/bulk-material-cooler-2\/","name":"Enfriador \/ Acondicionador de material a granel VIBRA-FIN\u2122 | General Kinematics","isPartOf":{"@id":"https:\/\/www.generalkinematics.com\/es\/#website"},"primaryImageOfPage":{"@id":"https:\/\/www.generalkinematics.com\/es\/producto\/bulk-material-cooler-2\/#primaryimage"},"image":{"@id":"https:\/\/www.generalkinematics.com\/es\/producto\/bulk-material-cooler-2\/#primaryimage"},"thumbnailUrl":"https:\/\/media.generalkinematics.com\/wp-content\/uploads\/2015\/05\/2016-03-22-10.21.00.jpg","datePublished":"2015-05-12T10:14:08+00:00","dateModified":"2019-10-01T20:22:57+00:00","breadcrumb":{"@id":"https:\/\/www.generalkinematics.com\/es\/producto\/bulk-material-cooler-2\/#breadcrumb"},"inLanguage":"es","potentialAction":[{"@type":"ReadAction","target":["https:\/\/www.generalkinematics.com\/es\/producto\/bulk-material-cooler-2\/"]}]},{"@type":"ImageObject","inLanguage":"es","@id":"https:\/\/www.generalkinematics.com\/es\/producto\/bulk-material-cooler-2\/#primaryimage","url":"https:\/\/media.generalkinematics.com\/wp-content\/uploads\/2015\/05\/2016-03-22-10.21.00.jpg","contentUrl":"https:\/\/media.generalkinematics.com\/wp-content\/uploads\/2015\/05\/2016-03-22-10.21.00.jpg","width":2500,"height":1875,"caption":"general-kinematics-vibra-fin"},{"@type":"BreadcrumbList","@id":"https:\/\/www.generalkinematics.com\/es\/producto\/bulk-material-cooler-2\/#breadcrumb","itemListElement":[{"@type":"ListItem","position":1,"name":"GK Home","item":"https:\/\/www.generalkinematics.com\/es\/"},{"@type":"ListItem","position":2,"name":"Shop","item":"https:\/\/www.generalkinematics.com\/shop\/"},{"@type":"ListItem","position":3,"name":"Enfriador \/ Acondicionador de material a granel VIBRA-FIN\u2122"}]},{"@type":"WebSite","@id":"https:\/\/www.generalkinematics.com\/es\/#website","url":"https:\/\/www.generalkinematics.com\/es\/","name":"General Kinematics","description":"","publisher":{"@id":"https:\/\/www.generalkinematics.com\/es\/#organization"},"potentialAction":[{"@type":"SearchAction","target":{"@type":"EntryPoint","urlTemplate":"https:\/\/www.generalkinematics.com\/es\/?s={search_term_string}"},"query-input":{"@type":"PropertyValueSpecification","valueRequired":true,"valueName":"search_term_string"}}],"inLanguage":"es"},{"@type":"Organization","@id":"https:\/\/www.generalkinematics.com\/es\/#organization","name":"General Kinematics","url":"https:\/\/www.generalkinematics.com\/es\/","logo":{"@type":"ImageObject","inLanguage":"es","@id":"https:\/\/www.generalkinematics.com\/es\/#\/schema\/logo\/image\/","url":"https:\/\/media.generalkinematics.com\/wp-content\/uploads\/2018\/03\/logo.png","contentUrl":"https:\/\/media.generalkinematics.com\/wp-content\/uploads\/2018\/03\/logo.png","width":313,"height":100,"caption":"General Kinematics"},"image":{"@id":"https:\/\/www.generalkinematics.com\/es\/#\/schema\/logo\/image\/"},"sameAs":["https:\/\/www.facebook.com\/generalkinematics","https:\/\/x.com\/gkvibrating"]}]}},"_links":{"self":[{"href":"https:\/\/www.generalkinematics.com\/es\/wp-json\/wp\/v2\/product\/36154","targetHints":{"allow":["GET"]}}],"collection":[{"href":"https:\/\/www.generalkinematics.com\/es\/wp-json\/wp\/v2\/product"}],"about":[{"href":"https:\/\/www.generalkinematics.com\/es\/wp-json\/wp\/v2\/types\/product"}],"replies":[{"embeddable":true,"href":"https:\/\/www.generalkinematics.com\/es\/wp-json\/wp\/v2\/comments?post=36154"}],"wp:featuredmedia":[{"embeddable":true,"href":"https:\/\/www.generalkinematics.com\/es\/wp-json\/wp\/v2\/media\/27804"}],"wp:attachment":[{"href":"https:\/\/www.generalkinematics.com\/es\/wp-json\/wp\/v2\/media?parent=36154"}],"wp:term":[{"taxonomy":"product_brand","embeddable":true,"href":"https:\/\/www.generalkinematics.com\/es\/wp-json\/wp\/v2\/product_brand?post=36154"},{"taxonomy":"product_cat","embeddable":true,"href":"https:\/\/www.generalkinematics.com\/es\/wp-json\/wp\/v2\/product_cat?post=36154"},{"taxonomy":"product_tag","embeddable":true,"href":"https:\/\/www.generalkinematics.com\/es\/wp-json\/wp\/v2\/product_tag?post=36154"}],"curies":[{"name":"wp","href":"https:\/\/api.w.org\/{rel}","templated":true}]}}