{"id":36158,"date":"2015-05-12T05:28:33","date_gmt":"2015-05-12T10:28:33","guid":{"rendered":"https:\/\/www.generalkinematics.com\/product\/tambor-vibra-mill-sistema-vibratorio-de-flujo-continuo-para-la-recuperacion-de-arena\/"},"modified":"2018-08-30T21:32:35","modified_gmt":"2018-08-31T02:32:35","slug":"vibratorio-de-flujo-continuo","status":"publish","type":"product","link":"https:\/\/www.generalkinematics.com\/es\/producto\/vibratorio-de-flujo-continuo\/","title":{"rendered":"Tambor VIBRA-MILL\u00ae: Sistema vibratorio de flujo continuo para la recuperaci\u00f3n de arena"},"content":{"rendered":"<p>El <strong>tambor VIBRA-MILL\u00ae es un dispositivo de recuperaci\u00f3n de arena de flujo continuo<\/strong> que est\u00e1 dise\u00f1ado para reducir de forma eficiente y continua la masa de arena producto del moldeo sin hornear o qu\u00edmicamente aglomerada. El tambor VIBRA-MILL\u00ae combina procesos de vibraci\u00f3n, agitaci\u00f3n, volteo, abrasi\u00f3n y fregado para reducir completamente y de manera continua la masa a su tama\u00f1o de grano original. Los resultados de campo muestran que la arena se redujo el 100% a menos 20 mesh con la distribuci\u00f3n del tama\u00f1o original y la reducci\u00f3n correspondiente en L.O.I.<\/p>\n<h2>Caracter\u00edsticas:<\/h2>\n<ul>\n<li>Dise\u00f1ado para la atrici\u00f3n continua con arena.<\/li>\n<li>Transmisi\u00f3n de doble masa y baja potencia.<\/li>\n<li>Disponible en tama\u00f1os a la medida de su producci\u00f3n.<\/li>\n<\/ul>\n","protected":false},"excerpt":{"rendered":"<p>El tambor VIBRA-MILL\u00ae es un dispositivo de recuperaci\u00f3n de arena de flujo continuo que est\u00e1 dise\u00f1ado para reducir de forma eficiente y continua la masa de arena producto del moldeo sin hornear o qu\u00edmicamente aglomerada. El tambor VIBRA-MILL\u00ae combina procesos de vibraci\u00f3n, agitaci\u00f3n, volteo, abrasi\u00f3n y fregado para reducir completamente y de manera continua la [&hellip;]<\/p>\n","protected":false},"featured_media":23404,"comment_status":"closed","ping_status":"closed","template":"","meta":{"_acf_changed":false,"om_disable_all_campaigns":false,"ep_exclude_from_search":false},"product_brand":[],"product_cat":[1850,1849,1839],"product_tag":[],"class_list":{"0":"post-36158","1":"product","2":"type-product","3":"status-publish","4":"has-post-thumbnail","6":"product_cat-desgaste-de-arena","7":"product_cat-sistemas-de-arena-recuperacion","8":"product_cat-soluciones-de-fundicion-y-metalcasting","10":"first","11":"instock","12":"taxable","13":"shipping-taxable","14":"product-type-simple"},"acf":[],"yoast_head":"<!-- This site is optimized with the Yoast SEO plugin v27.2 - https:\/\/yoast.com\/product\/yoast-seo-wordpress\/ -->\n<title>Tambor VIBRA-MILL\u00ae: Sistema vibratorio de flujo continuo para la recuperaci\u00f3n de arena | General Kinematics<\/title>\n<meta name=\"robots\" content=\"index, follow, max-snippet:-1, max-image-preview:large, max-video-preview:-1\" \/>\n<link rel=\"canonical\" href=\"https:\/\/www.generalkinematics.com\/es\/producto\/vibratorio-de-flujo-continuo\/\" \/>\n<meta property=\"og:locale\" content=\"es_ES\" \/>\n<meta property=\"og:type\" content=\"article\" \/>\n<meta property=\"og:title\" content=\"Tambor VIBRA-MILL\u00ae: Sistema vibratorio de flujo continuo para la recuperaci\u00f3n de arena | General Kinematics\" \/>\n<meta property=\"og:description\" content=\"El tambor VIBRA-MILL\u00ae es un dispositivo de recuperaci\u00f3n de arena de flujo continuo que est\u00e1 dise\u00f1ado para reducir de forma eficiente y continua la masa de arena producto del moldeo sin hornear o qu\u00edmicamente aglomerada. El tambor VIBRA-MILL\u00ae combina procesos de vibraci\u00f3n, agitaci\u00f3n, volteo, abrasi\u00f3n y fregado para reducir completamente y de manera continua la [&hellip;]\" \/>\n<meta property=\"og:url\" content=\"https:\/\/www.generalkinematics.com\/es\/producto\/vibratorio-de-flujo-continuo\/\" \/>\n<meta property=\"og:site_name\" content=\"General Kinematics\" \/>\n<meta property=\"article:publisher\" content=\"https:\/\/www.facebook.com\/generalkinematics\" \/>\n<meta property=\"article:modified_time\" content=\"2018-08-31T02:32:35+00:00\" \/>\n<meta property=\"og:image\" content=\"https:\/\/media.generalkinematics.com\/wp-content\/uploads\/2015\/05\/DSC03168-2.jpg\" \/>\n\t<meta property=\"og:image:width\" content=\"1500\" \/>\n\t<meta property=\"og:image:height\" content=\"1125\" \/>\n\t<meta property=\"og:image:type\" content=\"image\/jpeg\" \/>\n<meta name=\"twitter:card\" content=\"summary_large_image\" \/>\n<meta name=\"twitter:site\" content=\"@gkvibrating\" \/>\n<meta name=\"twitter:label1\" content=\"Tiempo de lectura\" \/>\n\t<meta name=\"twitter:data1\" content=\"1 minuto\" \/>\n<!-- \/ Yoast SEO plugin. -->","yoast_head_json":{"title":"Tambor VIBRA-MILL\u00ae: Sistema vibratorio de flujo continuo para la recuperaci\u00f3n de arena | General Kinematics","robots":{"index":"index","follow":"follow","max-snippet":"max-snippet:-1","max-image-preview":"max-image-preview:large","max-video-preview":"max-video-preview:-1"},"canonical":"https:\/\/www.generalkinematics.com\/es\/producto\/vibratorio-de-flujo-continuo\/","og_locale":"es_ES","og_type":"article","og_title":"Tambor VIBRA-MILL\u00ae: Sistema vibratorio de flujo continuo para la recuperaci\u00f3n de arena | General Kinematics","og_description":"El tambor VIBRA-MILL\u00ae es un dispositivo de recuperaci\u00f3n de arena de flujo continuo que est\u00e1 dise\u00f1ado para reducir de forma eficiente y continua la masa de arena producto del moldeo sin hornear o qu\u00edmicamente aglomerada. El tambor VIBRA-MILL\u00ae combina procesos de vibraci\u00f3n, agitaci\u00f3n, volteo, abrasi\u00f3n y fregado para reducir completamente y de manera continua la [&hellip;]","og_url":"https:\/\/www.generalkinematics.com\/es\/producto\/vibratorio-de-flujo-continuo\/","og_site_name":"General Kinematics","article_publisher":"https:\/\/www.facebook.com\/generalkinematics","article_modified_time":"2018-08-31T02:32:35+00:00","og_image":[{"width":1500,"height":1125,"url":"https:\/\/media.generalkinematics.com\/wp-content\/uploads\/2015\/05\/DSC03168-2.jpg","type":"image\/jpeg"}],"twitter_card":"summary_large_image","twitter_site":"@gkvibrating","twitter_misc":{"Tiempo de lectura":"1 minuto"},"schema":{"@context":"https:\/\/schema.org","@graph":[{"@type":"WebPage","@id":"https:\/\/www.generalkinematics.com\/es\/producto\/vibratorio-de-flujo-continuo\/","url":"https:\/\/www.generalkinematics.com\/es\/producto\/vibratorio-de-flujo-continuo\/","name":"Tambor VIBRA-MILL\u00ae: Sistema vibratorio de flujo continuo para la recuperaci\u00f3n de arena | General Kinematics","isPartOf":{"@id":"https:\/\/www.generalkinematics.com\/es\/#website"},"primaryImageOfPage":{"@id":"https:\/\/www.generalkinematics.com\/es\/producto\/vibratorio-de-flujo-continuo\/#primaryimage"},"image":{"@id":"https:\/\/www.generalkinematics.com\/es\/producto\/vibratorio-de-flujo-continuo\/#primaryimage"},"thumbnailUrl":"https:\/\/media.generalkinematics.com\/wp-content\/uploads\/2015\/05\/DSC03168-2.jpg","datePublished":"2015-05-12T10:28:33+00:00","dateModified":"2018-08-31T02:32:35+00:00","breadcrumb":{"@id":"https:\/\/www.generalkinematics.com\/es\/producto\/vibratorio-de-flujo-continuo\/#breadcrumb"},"inLanguage":"es","potentialAction":[{"@type":"ReadAction","target":["https:\/\/www.generalkinematics.com\/es\/producto\/vibratorio-de-flujo-continuo\/"]}]},{"@type":"ImageObject","inLanguage":"es","@id":"https:\/\/www.generalkinematics.com\/es\/producto\/vibratorio-de-flujo-continuo\/#primaryimage","url":"https:\/\/media.generalkinematics.com\/wp-content\/uploads\/2015\/05\/DSC03168-2.jpg","contentUrl":"https:\/\/media.generalkinematics.com\/wp-content\/uploads\/2015\/05\/DSC03168-2.jpg","width":1500,"height":1125,"caption":"recuperaci\u00f3n vibratoria de arena de flujo continuo con el tambor vibra mill de general kinematics"},{"@type":"BreadcrumbList","@id":"https:\/\/www.generalkinematics.com\/es\/producto\/vibratorio-de-flujo-continuo\/#breadcrumb","itemListElement":[{"@type":"ListItem","position":1,"name":"GK Home","item":"https:\/\/www.generalkinematics.com\/es\/"},{"@type":"ListItem","position":2,"name":"Shop","item":"https:\/\/www.generalkinematics.com\/shop\/"},{"@type":"ListItem","position":3,"name":"Tambor VIBRA-MILL\u00ae: Sistema vibratorio de flujo continuo para la recuperaci\u00f3n de arena"}]},{"@type":"WebSite","@id":"https:\/\/www.generalkinematics.com\/es\/#website","url":"https:\/\/www.generalkinematics.com\/es\/","name":"General Kinematics","description":"","publisher":{"@id":"https:\/\/www.generalkinematics.com\/es\/#organization"},"potentialAction":[{"@type":"SearchAction","target":{"@type":"EntryPoint","urlTemplate":"https:\/\/www.generalkinematics.com\/es\/?s={search_term_string}"},"query-input":{"@type":"PropertyValueSpecification","valueRequired":true,"valueName":"search_term_string"}}],"inLanguage":"es"},{"@type":"Organization","@id":"https:\/\/www.generalkinematics.com\/es\/#organization","name":"General Kinematics","url":"https:\/\/www.generalkinematics.com\/es\/","logo":{"@type":"ImageObject","inLanguage":"es","@id":"https:\/\/www.generalkinematics.com\/es\/#\/schema\/logo\/image\/","url":"https:\/\/media.generalkinematics.com\/wp-content\/uploads\/2018\/03\/logo.png","contentUrl":"https:\/\/media.generalkinematics.com\/wp-content\/uploads\/2018\/03\/logo.png","width":313,"height":100,"caption":"General Kinematics"},"image":{"@id":"https:\/\/www.generalkinematics.com\/es\/#\/schema\/logo\/image\/"},"sameAs":["https:\/\/www.facebook.com\/generalkinematics","https:\/\/x.com\/gkvibrating"]}]}},"_links":{"self":[{"href":"https:\/\/www.generalkinematics.com\/es\/wp-json\/wp\/v2\/product\/36158","targetHints":{"allow":["GET"]}}],"collection":[{"href":"https:\/\/www.generalkinematics.com\/es\/wp-json\/wp\/v2\/product"}],"about":[{"href":"https:\/\/www.generalkinematics.com\/es\/wp-json\/wp\/v2\/types\/product"}],"replies":[{"embeddable":true,"href":"https:\/\/www.generalkinematics.com\/es\/wp-json\/wp\/v2\/comments?post=36158"}],"wp:featuredmedia":[{"embeddable":true,"href":"https:\/\/www.generalkinematics.com\/es\/wp-json\/wp\/v2\/media\/23404"}],"wp:attachment":[{"href":"https:\/\/www.generalkinematics.com\/es\/wp-json\/wp\/v2\/media?parent=36158"}],"wp:term":[{"taxonomy":"product_brand","embeddable":true,"href":"https:\/\/www.generalkinematics.com\/es\/wp-json\/wp\/v2\/product_brand?post=36158"},{"taxonomy":"product_cat","embeddable":true,"href":"https:\/\/www.generalkinematics.com\/es\/wp-json\/wp\/v2\/product_cat?post=36158"},{"taxonomy":"product_tag","embeddable":true,"href":"https:\/\/www.generalkinematics.com\/es\/wp-json\/wp\/v2\/product_tag?post=36158"}],"curies":[{"name":"wp","href":"https:\/\/api.w.org\/{rel}","templated":true}]}}