{"id":36176,"date":"2015-05-12T06:48:29","date_gmt":"2015-05-12T11:48:29","guid":{"rendered":"https:\/\/www.generalkinematics.com\/product\/procesadores-de-cama-de-fluidos-de-vector-variable-v2\/"},"modified":"2018-08-31T07:47:03","modified_gmt":"2018-08-31T12:47:03","slug":"procesador-de-vector-variable-v2","status":"publish","type":"product","link":"https:\/\/www.generalkinematics.com\/es\/producto\/procesador-de-vector-variable-v2\/","title":{"rendered":"Procesadores de cama de fluidos de vector variable V2"},"content":{"rendered":"<p>El <strong>procesador de cama de fluidos de vector variable V2<\/strong> de General Kinematics lleva al siguiente nivel el procesamiento de materiales. La tecnolog\u00eda de vector variable V2 le permite ajustar r\u00e1pidamente el tiempo de retenci\u00f3n del producto y as\u00ed maximizar el contacto del chorro de aire del proceso. El controlador f\u00e1cil de programar permite realizar ajustes con un solo bot\u00f3n o puede integrarse a los sistemas de control existentes para llevar el control automatizado del proceso.<\/p>\n<h2>Caracter\u00edsticas:<\/h2>\n<ul>\n<li>El sistema de control de f\u00e1cil uso permite ajustar el tiempo de retenci\u00f3n del material<\/li>\n<li>Puede adaptarse a los procesadores existentes de transmisi\u00f3n directa para mejorar las operaciones actuales<\/li>\n<li>Supervisa el desempe\u00f1o de la m\u00e1quina para poder controlar y ajustar la velocidad con precisi\u00f3n<\/li>\n<\/ul>\n","protected":false},"excerpt":{"rendered":"<p>El procesador de cama de fluidos de vector variable V2 de General Kinematics lleva al siguiente nivel el procesamiento de materiales. La tecnolog\u00eda de vector variable V2 le permite ajustar r\u00e1pidamente el tiempo de retenci\u00f3n del producto y as\u00ed maximizar el contacto del chorro de aire del proceso. El controlador f\u00e1cil de programar permite realizar [&hellip;]<\/p>\n","protected":false},"featured_media":25252,"comment_status":"closed","ping_status":"closed","template":"","meta":{"_acf_changed":false,"om_disable_all_campaigns":false,"ep_exclude_from_search":false},"product_brand":[],"product_cat":[1832,1831],"product_tag":[],"class_list":{"0":"post-36176","1":"product","2":"type-product","3":"status-publish","4":"has-post-thumbnail","6":"product_cat-procesadores-de-lecho-fluidizado-gk","7":"product_cat-soluciones-de-procesamiento-a-granel","9":"first","10":"instock","11":"taxable","12":"shipping-taxable","13":"product-type-simple"},"acf":[],"yoast_head":"<!-- This site is optimized with the Yoast SEO plugin v27.2 - https:\/\/yoast.com\/product\/yoast-seo-wordpress\/ -->\n<title>Procesadores de cama de fluidos de vector variable V2 | General Kinematics<\/title>\n<meta name=\"robots\" content=\"index, follow, max-snippet:-1, max-image-preview:large, max-video-preview:-1\" \/>\n<link rel=\"canonical\" href=\"https:\/\/www.generalkinematics.com\/es\/producto\/procesador-de-vector-variable-v2\/\" \/>\n<meta property=\"og:locale\" content=\"es_ES\" \/>\n<meta property=\"og:type\" content=\"article\" \/>\n<meta property=\"og:title\" content=\"Procesadores de cama de fluidos de vector variable V2 | General Kinematics\" \/>\n<meta property=\"og:description\" content=\"El procesador de cama de fluidos de vector variable V2 de General Kinematics lleva al siguiente nivel el procesamiento de materiales. La tecnolog\u00eda de vector variable V2 le permite ajustar r\u00e1pidamente el tiempo de retenci\u00f3n del producto y as\u00ed maximizar el contacto del chorro de aire del proceso. El controlador f\u00e1cil de programar permite realizar [&hellip;]\" \/>\n<meta property=\"og:url\" content=\"https:\/\/www.generalkinematics.com\/es\/producto\/procesador-de-vector-variable-v2\/\" \/>\n<meta property=\"og:site_name\" content=\"General Kinematics\" \/>\n<meta property=\"article:publisher\" content=\"https:\/\/www.facebook.com\/generalkinematics\" \/>\n<meta property=\"article:modified_time\" content=\"2018-08-31T12:47:03+00:00\" \/>\n<meta property=\"og:image\" content=\"https:\/\/www.generalkinematics.com\/wp-content\/uploads\/2015\/05\/v2fb2.jpg\" \/>\n\t<meta property=\"og:image:width\" content=\"2000\" \/>\n\t<meta property=\"og:image:height\" content=\"1500\" \/>\n\t<meta property=\"og:image:type\" content=\"image\/jpeg\" \/>\n<meta name=\"twitter:card\" content=\"summary_large_image\" \/>\n<meta name=\"twitter:site\" content=\"@gkvibrating\" \/>\n<meta name=\"twitter:label1\" content=\"Tiempo de lectura\" \/>\n\t<meta name=\"twitter:data1\" content=\"1 minuto\" \/>\n<!-- \/ Yoast SEO plugin. -->","yoast_head_json":{"title":"Procesadores de cama de fluidos de vector variable V2 | General Kinematics","robots":{"index":"index","follow":"follow","max-snippet":"max-snippet:-1","max-image-preview":"max-image-preview:large","max-video-preview":"max-video-preview:-1"},"canonical":"https:\/\/www.generalkinematics.com\/es\/producto\/procesador-de-vector-variable-v2\/","og_locale":"es_ES","og_type":"article","og_title":"Procesadores de cama de fluidos de vector variable V2 | General Kinematics","og_description":"El procesador de cama de fluidos de vector variable V2 de General Kinematics lleva al siguiente nivel el procesamiento de materiales. La tecnolog\u00eda de vector variable V2 le permite ajustar r\u00e1pidamente el tiempo de retenci\u00f3n del producto y as\u00ed maximizar el contacto del chorro de aire del proceso. El controlador f\u00e1cil de programar permite realizar [&hellip;]","og_url":"https:\/\/www.generalkinematics.com\/es\/producto\/procesador-de-vector-variable-v2\/","og_site_name":"General Kinematics","article_publisher":"https:\/\/www.facebook.com\/generalkinematics","article_modified_time":"2018-08-31T12:47:03+00:00","og_image":[{"width":2000,"height":1500,"url":"https:\/\/www.generalkinematics.com\/wp-content\/uploads\/2015\/05\/v2fb2.jpg","type":"image\/jpeg"}],"twitter_card":"summary_large_image","twitter_site":"@gkvibrating","twitter_misc":{"Tiempo de lectura":"1 minuto"},"schema":{"@context":"https:\/\/schema.org","@graph":[{"@type":"WebPage","@id":"https:\/\/www.generalkinematics.com\/es\/producto\/procesador-de-vector-variable-v2\/","url":"https:\/\/www.generalkinematics.com\/es\/producto\/procesador-de-vector-variable-v2\/","name":"Procesadores de cama de fluidos de vector variable V2 | General Kinematics","isPartOf":{"@id":"https:\/\/www.generalkinematics.com\/es\/#website"},"primaryImageOfPage":{"@id":"https:\/\/www.generalkinematics.com\/es\/producto\/procesador-de-vector-variable-v2\/#primaryimage"},"image":{"@id":"https:\/\/www.generalkinematics.com\/es\/producto\/procesador-de-vector-variable-v2\/#primaryimage"},"thumbnailUrl":"https:\/\/media.generalkinematics.com\/wp-content\/uploads\/2015\/05\/v2fb2.jpg","datePublished":"2015-05-12T11:48:29+00:00","dateModified":"2018-08-31T12:47:03+00:00","breadcrumb":{"@id":"https:\/\/www.generalkinematics.com\/es\/producto\/procesador-de-vector-variable-v2\/#breadcrumb"},"inLanguage":"es","potentialAction":[{"@type":"ReadAction","target":["https:\/\/www.generalkinematics.com\/es\/producto\/procesador-de-vector-variable-v2\/"]}]},{"@type":"ImageObject","inLanguage":"es","@id":"https:\/\/www.generalkinematics.com\/es\/producto\/procesador-de-vector-variable-v2\/#primaryimage","url":"https:\/\/media.generalkinematics.com\/wp-content\/uploads\/2015\/05\/v2fb2.jpg","contentUrl":"https:\/\/media.generalkinematics.com\/wp-content\/uploads\/2015\/05\/v2fb2.jpg","width":2000,"height":1500,"caption":"general-kinematics-render"},{"@type":"BreadcrumbList","@id":"https:\/\/www.generalkinematics.com\/es\/producto\/procesador-de-vector-variable-v2\/#breadcrumb","itemListElement":[{"@type":"ListItem","position":1,"name":"GK Home","item":"https:\/\/www.generalkinematics.com\/es\/"},{"@type":"ListItem","position":2,"name":"Shop","item":"https:\/\/www.generalkinematics.com\/shop\/"},{"@type":"ListItem","position":3,"name":"Procesadores de cama de fluidos de vector variable V2"}]},{"@type":"WebSite","@id":"https:\/\/www.generalkinematics.com\/es\/#website","url":"https:\/\/www.generalkinematics.com\/es\/","name":"General Kinematics","description":"","publisher":{"@id":"https:\/\/www.generalkinematics.com\/es\/#organization"},"potentialAction":[{"@type":"SearchAction","target":{"@type":"EntryPoint","urlTemplate":"https:\/\/www.generalkinematics.com\/es\/?s={search_term_string}"},"query-input":{"@type":"PropertyValueSpecification","valueRequired":true,"valueName":"search_term_string"}}],"inLanguage":"es"},{"@type":"Organization","@id":"https:\/\/www.generalkinematics.com\/es\/#organization","name":"General Kinematics","url":"https:\/\/www.generalkinematics.com\/es\/","logo":{"@type":"ImageObject","inLanguage":"es","@id":"https:\/\/www.generalkinematics.com\/es\/#\/schema\/logo\/image\/","url":"https:\/\/media.generalkinematics.com\/wp-content\/uploads\/2018\/03\/logo.png","contentUrl":"https:\/\/media.generalkinematics.com\/wp-content\/uploads\/2018\/03\/logo.png","width":313,"height":100,"caption":"General Kinematics"},"image":{"@id":"https:\/\/www.generalkinematics.com\/es\/#\/schema\/logo\/image\/"},"sameAs":["https:\/\/www.facebook.com\/generalkinematics","https:\/\/x.com\/gkvibrating"]}]}},"_links":{"self":[{"href":"https:\/\/www.generalkinematics.com\/es\/wp-json\/wp\/v2\/product\/36176","targetHints":{"allow":["GET"]}}],"collection":[{"href":"https:\/\/www.generalkinematics.com\/es\/wp-json\/wp\/v2\/product"}],"about":[{"href":"https:\/\/www.generalkinematics.com\/es\/wp-json\/wp\/v2\/types\/product"}],"replies":[{"embeddable":true,"href":"https:\/\/www.generalkinematics.com\/es\/wp-json\/wp\/v2\/comments?post=36176"}],"wp:featuredmedia":[{"embeddable":true,"href":"https:\/\/www.generalkinematics.com\/es\/wp-json\/wp\/v2\/media\/25252"}],"wp:attachment":[{"href":"https:\/\/www.generalkinematics.com\/es\/wp-json\/wp\/v2\/media?parent=36176"}],"wp:term":[{"taxonomy":"product_brand","embeddable":true,"href":"https:\/\/www.generalkinematics.com\/es\/wp-json\/wp\/v2\/product_brand?post=36176"},{"taxonomy":"product_cat","embeddable":true,"href":"https:\/\/www.generalkinematics.com\/es\/wp-json\/wp\/v2\/product_cat?post=36176"},{"taxonomy":"product_tag","embeddable":true,"href":"https:\/\/www.generalkinematics.com\/es\/wp-json\/wp\/v2\/product_tag?post=36176"}],"curies":[{"name":"wp","href":"https:\/\/api.w.org\/{rel}","templated":true}]}}