{"id":36180,"date":"2015-05-12T06:52:59","date_gmt":"2015-05-12T11:52:59","guid":{"rendered":"https:\/\/www.generalkinematics.com\/product\/hidroseparadores-vibratorios\/"},"modified":"2018-08-31T07:44:44","modified_gmt":"2018-08-31T12:44:44","slug":"hidroseparadores-vibratorios","status":"publish","type":"product","link":"https:\/\/www.generalkinematics.com\/es\/producto\/hidroseparadores-vibratorios\/","title":{"rendered":"Hidroseparadores vibratorios"},"content":{"rendered":"<p>Los <strong>hidroseparadores vibratorios<\/strong> de General Kinematics combinan la vibraci\u00f3n con la clasificaci\u00f3n por aire para la separaci\u00f3n de materiales con diferentes densidades. La eficacia de recolecci\u00f3n de los hidroseparadores General Kinematics se maximiza a trav\u00e9s del uso de energ\u00eda vibratoria que permite estratificar el producto y lo transfiere a trav\u00e9s del proceso. Una vez estratificado, el material de densidad menor sube de manera natural a la capa superior del caudal de material y se eyecta en la campana de escape de la m\u00e1quina.<\/p>\n<p>Los hidroseparadores vibratorios GK pueden configurarse con un dise\u00f1o de cama de fluidos estilo cinta transportadora recta o en configuraciones especiales de cinta transportadora en espiral, seg\u00fan los requisitos de su proceso. <a href=\"https:\/\/www.generalkinematics.com\/es\/contactar-a-general-kinematics\/\" target=\"_blank\" rel=\"noopener\">P\u00f3ngase en contacto con General Kinematics<\/a> para obtener informaci\u00f3n espec\u00edfica en relaci\u00f3n con las tecnolog\u00edas de hidroseparaci\u00f3n y otras tecnolog\u00edas de clasificaci\u00f3n mediante aire.<\/p>\n<h2>Caracter\u00edsticas:<\/h2>\n<ul>\n<li>Separa materiales de densidades diferentes utilizando aire y fluidizaci\u00f3n vibratoria.<\/li>\n<li>Dise\u00f1o a la medida de sus aplicaciones.<\/li>\n<li>Disponible en dise\u00f1os de l\u00ednea recta o en espiral.<\/li>\n<li>Disponibilidad de paquetes completos de manipulaci\u00f3n del aire y procesos.<\/li>\n<\/ul>\n","protected":false},"excerpt":{"rendered":"<p>Los hidroseparadores vibratorios de General Kinematics combinan la vibraci\u00f3n con la clasificaci\u00f3n por aire para la separaci\u00f3n de materiales con diferentes densidades. La eficacia de recolecci\u00f3n de los hidroseparadores General Kinematics se maximiza a trav\u00e9s del uso de energ\u00eda vibratoria que permite estratificar el producto y lo transfiere a trav\u00e9s del proceso. Una vez estratificado, [&hellip;]<\/p>\n","protected":false},"featured_media":25232,"comment_status":"closed","ping_status":"closed","template":"","meta":{"_acf_changed":false,"om_disable_all_campaigns":false,"ep_exclude_from_search":false},"product_brand":[],"product_cat":[1832,1831],"product_tag":[],"class_list":{"0":"post-36180","1":"product","2":"type-product","3":"status-publish","4":"has-post-thumbnail","6":"casestudytag-elutriation-unit-es","7":"product_cat-procesadores-de-lecho-fluidizado-gk","8":"product_cat-soluciones-de-procesamiento-a-granel","10":"first","11":"instock","12":"taxable","13":"shipping-taxable","14":"product-type-simple"},"acf":[],"yoast_head":"<!-- This site is optimized with the Yoast SEO plugin v27.2 - https:\/\/yoast.com\/product\/yoast-seo-wordpress\/ -->\n<title>Hidroseparadores vibratorios | General Kinematics<\/title>\n<meta name=\"robots\" content=\"index, follow, max-snippet:-1, max-image-preview:large, max-video-preview:-1\" \/>\n<link rel=\"canonical\" href=\"https:\/\/www.generalkinematics.com\/es\/producto\/hidroseparadores-vibratorios\/\" \/>\n<meta property=\"og:locale\" content=\"es_ES\" \/>\n<meta property=\"og:type\" content=\"article\" \/>\n<meta property=\"og:title\" content=\"Hidroseparadores vibratorios | General Kinematics\" \/>\n<meta property=\"og:description\" content=\"Los hidroseparadores vibratorios de General Kinematics combinan la vibraci\u00f3n con la clasificaci\u00f3n por aire para la separaci\u00f3n de materiales con diferentes densidades. La eficacia de recolecci\u00f3n de los hidroseparadores General Kinematics se maximiza a trav\u00e9s del uso de energ\u00eda vibratoria que permite estratificar el producto y lo transfiere a trav\u00e9s del proceso. Una vez estratificado, [&hellip;]\" \/>\n<meta property=\"og:url\" content=\"https:\/\/www.generalkinematics.com\/es\/producto\/hidroseparadores-vibratorios\/\" \/>\n<meta property=\"og:site_name\" content=\"General Kinematics\" \/>\n<meta property=\"article:publisher\" content=\"https:\/\/www.facebook.com\/generalkinematics\" \/>\n<meta property=\"article:modified_time\" content=\"2018-08-31T12:44:44+00:00\" \/>\n<meta property=\"og:image\" content=\"https:\/\/www.generalkinematics.com\/wp-content\/uploads\/2015\/05\/Elutriator.jpg\" \/>\n\t<meta property=\"og:image:width\" content=\"625\" \/>\n\t<meta property=\"og:image:height\" content=\"300\" \/>\n\t<meta property=\"og:image:type\" content=\"image\/jpeg\" \/>\n<meta name=\"twitter:card\" content=\"summary_large_image\" \/>\n<meta name=\"twitter:site\" content=\"@gkvibrating\" \/>\n<meta name=\"twitter:label1\" content=\"Tiempo de lectura\" \/>\n\t<meta name=\"twitter:data1\" content=\"1 minuto\" \/>\n<!-- \/ Yoast SEO plugin. -->","yoast_head_json":{"title":"Hidroseparadores vibratorios | General Kinematics","robots":{"index":"index","follow":"follow","max-snippet":"max-snippet:-1","max-image-preview":"max-image-preview:large","max-video-preview":"max-video-preview:-1"},"canonical":"https:\/\/www.generalkinematics.com\/es\/producto\/hidroseparadores-vibratorios\/","og_locale":"es_ES","og_type":"article","og_title":"Hidroseparadores vibratorios | General Kinematics","og_description":"Los hidroseparadores vibratorios de General Kinematics combinan la vibraci\u00f3n con la clasificaci\u00f3n por aire para la separaci\u00f3n de materiales con diferentes densidades. La eficacia de recolecci\u00f3n de los hidroseparadores General Kinematics se maximiza a trav\u00e9s del uso de energ\u00eda vibratoria que permite estratificar el producto y lo transfiere a trav\u00e9s del proceso. Una vez estratificado, [&hellip;]","og_url":"https:\/\/www.generalkinematics.com\/es\/producto\/hidroseparadores-vibratorios\/","og_site_name":"General Kinematics","article_publisher":"https:\/\/www.facebook.com\/generalkinematics","article_modified_time":"2018-08-31T12:44:44+00:00","og_image":[{"width":625,"height":300,"url":"https:\/\/www.generalkinematics.com\/wp-content\/uploads\/2015\/05\/Elutriator.jpg","type":"image\/jpeg"}],"twitter_card":"summary_large_image","twitter_site":"@gkvibrating","twitter_misc":{"Tiempo de lectura":"1 minuto"},"schema":{"@context":"https:\/\/schema.org","@graph":[{"@type":"WebPage","@id":"https:\/\/www.generalkinematics.com\/es\/producto\/hidroseparadores-vibratorios\/","url":"https:\/\/www.generalkinematics.com\/es\/producto\/hidroseparadores-vibratorios\/","name":"Hidroseparadores vibratorios | General Kinematics","isPartOf":{"@id":"https:\/\/www.generalkinematics.com\/es\/#website"},"primaryImageOfPage":{"@id":"https:\/\/www.generalkinematics.com\/es\/producto\/hidroseparadores-vibratorios\/#primaryimage"},"image":{"@id":"https:\/\/www.generalkinematics.com\/es\/producto\/hidroseparadores-vibratorios\/#primaryimage"},"thumbnailUrl":"https:\/\/media.generalkinematics.com\/wp-content\/uploads\/2015\/05\/Elutriator.jpg","datePublished":"2015-05-12T11:52:59+00:00","dateModified":"2018-08-31T12:44:44+00:00","breadcrumb":{"@id":"https:\/\/www.generalkinematics.com\/es\/producto\/hidroseparadores-vibratorios\/#breadcrumb"},"inLanguage":"es","potentialAction":[{"@type":"ReadAction","target":["https:\/\/www.generalkinematics.com\/es\/producto\/hidroseparadores-vibratorios\/"]}]},{"@type":"ImageObject","inLanguage":"es","@id":"https:\/\/www.generalkinematics.com\/es\/producto\/hidroseparadores-vibratorios\/#primaryimage","url":"https:\/\/media.generalkinematics.com\/wp-content\/uploads\/2015\/05\/Elutriator.jpg","contentUrl":"https:\/\/media.generalkinematics.com\/wp-content\/uploads\/2015\/05\/Elutriator.jpg","width":625,"height":300,"caption":"general-kinematics-vibratory-elutriator"},{"@type":"BreadcrumbList","@id":"https:\/\/www.generalkinematics.com\/es\/producto\/hidroseparadores-vibratorios\/#breadcrumb","itemListElement":[{"@type":"ListItem","position":1,"name":"GK Home","item":"https:\/\/www.generalkinematics.com\/es\/"},{"@type":"ListItem","position":2,"name":"Shop","item":"https:\/\/www.generalkinematics.com\/shop\/"},{"@type":"ListItem","position":3,"name":"Hidroseparadores vibratorios"}]},{"@type":"WebSite","@id":"https:\/\/www.generalkinematics.com\/es\/#website","url":"https:\/\/www.generalkinematics.com\/es\/","name":"General Kinematics","description":"","publisher":{"@id":"https:\/\/www.generalkinematics.com\/es\/#organization"},"potentialAction":[{"@type":"SearchAction","target":{"@type":"EntryPoint","urlTemplate":"https:\/\/www.generalkinematics.com\/es\/?s={search_term_string}"},"query-input":{"@type":"PropertyValueSpecification","valueRequired":true,"valueName":"search_term_string"}}],"inLanguage":"es"},{"@type":"Organization","@id":"https:\/\/www.generalkinematics.com\/es\/#organization","name":"General Kinematics","url":"https:\/\/www.generalkinematics.com\/es\/","logo":{"@type":"ImageObject","inLanguage":"es","@id":"https:\/\/www.generalkinematics.com\/es\/#\/schema\/logo\/image\/","url":"https:\/\/media.generalkinematics.com\/wp-content\/uploads\/2018\/03\/logo.png","contentUrl":"https:\/\/media.generalkinematics.com\/wp-content\/uploads\/2018\/03\/logo.png","width":313,"height":100,"caption":"General Kinematics"},"image":{"@id":"https:\/\/www.generalkinematics.com\/es\/#\/schema\/logo\/image\/"},"sameAs":["https:\/\/www.facebook.com\/generalkinematics","https:\/\/x.com\/gkvibrating"]}]}},"_links":{"self":[{"href":"https:\/\/www.generalkinematics.com\/es\/wp-json\/wp\/v2\/product\/36180","targetHints":{"allow":["GET"]}}],"collection":[{"href":"https:\/\/www.generalkinematics.com\/es\/wp-json\/wp\/v2\/product"}],"about":[{"href":"https:\/\/www.generalkinematics.com\/es\/wp-json\/wp\/v2\/types\/product"}],"replies":[{"embeddable":true,"href":"https:\/\/www.generalkinematics.com\/es\/wp-json\/wp\/v2\/comments?post=36180"}],"wp:featuredmedia":[{"embeddable":true,"href":"https:\/\/www.generalkinematics.com\/es\/wp-json\/wp\/v2\/media\/25232"}],"wp:attachment":[{"href":"https:\/\/www.generalkinematics.com\/es\/wp-json\/wp\/v2\/media?parent=36180"}],"wp:term":[{"taxonomy":"product_brand","embeddable":true,"href":"https:\/\/www.generalkinematics.com\/es\/wp-json\/wp\/v2\/product_brand?post=36180"},{"taxonomy":"product_cat","embeddable":true,"href":"https:\/\/www.generalkinematics.com\/es\/wp-json\/wp\/v2\/product_cat?post=36180"},{"taxonomy":"product_tag","embeddable":true,"href":"https:\/\/www.generalkinematics.com\/es\/wp-json\/wp\/v2\/product_tag?post=36180"}],"curies":[{"name":"wp","href":"https:\/\/api.w.org\/{rel}","templated":true}]}}