{"id":36184,"date":"2015-05-12T06:55:09","date_gmt":"2015-05-12T11:55:09","guid":{"rendered":"https:\/\/www.generalkinematics.com\/product\/enfriadores-de-arena-por-cama-vibratoria-de-fluidos\/"},"modified":"2019-02-05T22:03:00","modified_gmt":"2019-02-06T04:03:00","slug":"enfriadores-de-arena-por-cama-vibratoria-de-fluidos","status":"publish","type":"product","link":"https:\/\/www.generalkinematics.com\/es\/producto\/enfriadores-de-arena-por-cama-vibratoria-de-fluidos\/","title":{"rendered":"Enfriadores de arena por cama vibratoria de fluidos"},"content":{"rendered":"<p>Los <strong>enfriadores de arena por cama vibratoria de fluidos<\/strong> est\u00e1n especialmente dise\u00f1ados para el enfriamiento por evaporaci\u00f3n o el secado de arena de fundici\u00f3n. Las cubiertas de distribuci\u00f3n de aire est\u00e1n dise\u00f1adas para proporcionar el control completo del flujo de aire para realizar un proceso de secado excepcional o enfriar de manera eficiente.<\/p>\n<h2>Opciones:<\/h2>\n<ul>\n<li><a href=\"https:\/\/www.generalkinematics.com\/es\/producto\/sistemas-agua-adicion\/\" target=\"_blank\" rel=\"noopener\">Sistemas de adici\u00f3n de agua SPRAYCOOL\u2122<\/a><\/li>\n<li>Ventilador y controles del aire de entrada<\/li>\n<li>Sistemas de aire de entrada con calefacci\u00f3n<\/li>\n<li>Sistemas de aire de salida<\/li>\n<li>Conjuntos de compuertas para vertederos<\/li>\n<\/ul>\n<p>&nbsp;<\/p>\n<h2>Caracter\u00edsticas:<\/h2>\n<ul>\n<li>Opci\u00f3n de dise\u00f1os con estilos de balanceo vibratorio o aislado conforme a los requisitos espec\u00edficos de la instalaci\u00f3n en lo que corresponde a cimentaci\u00f3n o estructuras.<\/li>\n<li>Dise\u00f1ados a la medida de sus necesidades de rendimiento para los sistemas de enfriamiento de arena de 500 toneladas o m\u00e1s.<\/li>\n<li>Los controles infinitamente ajustables permiten variar el tiempo de retenci\u00f3n y mejorar la eficacia del proceso.<\/li>\n<li>Los colectores de distribuci\u00f3n del aire de entrada minimizan los elevados costos asociados con los conductos y soportes estacionarios.<\/li>\n<li>El motor de doble masa altamente eficaz y de baja potencia reduce los requisitos energ\u00e9ticos.<\/li>\n<\/ul>\n","protected":false},"excerpt":{"rendered":"<p>Los enfriadores de arena por cama vibratoria de fluidos est\u00e1n especialmente dise\u00f1ados para el enfriamiento por evaporaci\u00f3n o el secado de arena de fundici\u00f3n. Las cubiertas de distribuci\u00f3n de aire est\u00e1n dise\u00f1adas para proporcionar el control completo del flujo de aire para realizar un proceso de secado excepcional o enfriar de manera eficiente. Opciones: Sistemas [&hellip;]<\/p>\n","protected":false},"featured_media":23484,"comment_status":"closed","ping_status":"closed","template":"","meta":{"_acf_changed":false,"om_disable_all_campaigns":false,"ep_exclude_from_search":false},"product_brand":[],"product_cat":[1853,1861,1832,1852,1849,1839,1831],"product_tag":[],"class_list":{"0":"post-36184","1":"product","2":"type-product","3":"status-publish","4":"has-post-thumbnail","6":"product_cat-equipo-de-enfriamiento-de-arena","7":"product_cat-fundicion-de-arena-verde","8":"product_cat-procesadores-de-lecho-fluidizado-gk","9":"product_cat-procesamiento-manejo-de-arena","10":"product_cat-sistemas-de-arena-recuperacion","11":"product_cat-soluciones-de-fundicion-y-metalcasting","12":"product_cat-soluciones-de-procesamiento-a-granel","14":"first","15":"instock","16":"taxable","17":"shipping-taxable","18":"product-type-simple"},"acf":[],"yoast_head":"<!-- This site is optimized with the Yoast SEO plugin v27.5 - https:\/\/yoast.com\/product\/yoast-seo-wordpress\/ -->\n<title>Enfriadores de arena por cama vibratoria de fluidos | General Kinematics<\/title>\n<meta name=\"robots\" content=\"index, follow, max-snippet:-1, max-image-preview:large, max-video-preview:-1\" \/>\n<link rel=\"canonical\" href=\"https:\/\/www.generalkinematics.com\/es\/producto\/enfriadores-de-arena-por-cama-vibratoria-de-fluidos\/\" \/>\n<meta property=\"og:locale\" content=\"es_ES\" \/>\n<meta property=\"og:type\" content=\"article\" \/>\n<meta property=\"og:title\" content=\"Enfriadores de arena por cama vibratoria de fluidos | General Kinematics\" \/>\n<meta property=\"og:description\" content=\"Los enfriadores de arena por cama vibratoria de fluidos est\u00e1n especialmente dise\u00f1ados para el enfriamiento por evaporaci\u00f3n o el secado de arena de fundici\u00f3n. Las cubiertas de distribuci\u00f3n de aire est\u00e1n dise\u00f1adas para proporcionar el control completo del flujo de aire para realizar un proceso de secado excepcional o enfriar de manera eficiente. Opciones: Sistemas [&hellip;]\" \/>\n<meta property=\"og:url\" content=\"https:\/\/www.generalkinematics.com\/es\/producto\/enfriadores-de-arena-por-cama-vibratoria-de-fluidos\/\" \/>\n<meta property=\"og:site_name\" content=\"General Kinematics\" \/>\n<meta property=\"article:publisher\" content=\"https:\/\/www.facebook.com\/generalkinematics\" \/>\n<meta property=\"article:modified_time\" content=\"2019-02-06T04:03:00+00:00\" \/>\n<meta property=\"og:image\" content=\"https:\/\/media.generalkinematics.com\/wp-content\/uploads\/2015\/05\/Fluid-bed-sand-cooler.jpg\" \/>\n\t<meta property=\"og:image:width\" content=\"1287\" \/>\n\t<meta property=\"og:image:height\" content=\"849\" \/>\n\t<meta property=\"og:image:type\" content=\"image\/jpeg\" \/>\n<meta name=\"twitter:card\" content=\"summary_large_image\" \/>\n<meta name=\"twitter:site\" content=\"@gkvibrating\" \/>\n<meta name=\"twitter:label1\" content=\"Tiempo de lectura\" \/>\n\t<meta name=\"twitter:data1\" content=\"1 minuto\" \/>\n<!-- \/ Yoast SEO plugin. -->","yoast_head_json":{"title":"Enfriadores de arena por cama vibratoria de fluidos | General Kinematics","robots":{"index":"index","follow":"follow","max-snippet":"max-snippet:-1","max-image-preview":"max-image-preview:large","max-video-preview":"max-video-preview:-1"},"canonical":"https:\/\/www.generalkinematics.com\/es\/producto\/enfriadores-de-arena-por-cama-vibratoria-de-fluidos\/","og_locale":"es_ES","og_type":"article","og_title":"Enfriadores de arena por cama vibratoria de fluidos | General Kinematics","og_description":"Los enfriadores de arena por cama vibratoria de fluidos est\u00e1n especialmente dise\u00f1ados para el enfriamiento por evaporaci\u00f3n o el secado de arena de fundici\u00f3n. Las cubiertas de distribuci\u00f3n de aire est\u00e1n dise\u00f1adas para proporcionar el control completo del flujo de aire para realizar un proceso de secado excepcional o enfriar de manera eficiente. Opciones: Sistemas [&hellip;]","og_url":"https:\/\/www.generalkinematics.com\/es\/producto\/enfriadores-de-arena-por-cama-vibratoria-de-fluidos\/","og_site_name":"General Kinematics","article_publisher":"https:\/\/www.facebook.com\/generalkinematics","article_modified_time":"2019-02-06T04:03:00+00:00","og_image":[{"width":1287,"height":849,"url":"https:\/\/media.generalkinematics.com\/wp-content\/uploads\/2015\/05\/Fluid-bed-sand-cooler.jpg","type":"image\/jpeg"}],"twitter_card":"summary_large_image","twitter_site":"@gkvibrating","twitter_misc":{"Tiempo de lectura":"1 minuto"},"schema":{"@context":"https:\/\/schema.org","@graph":[{"@type":"WebPage","@id":"https:\/\/www.generalkinematics.com\/es\/producto\/enfriadores-de-arena-por-cama-vibratoria-de-fluidos\/","url":"https:\/\/www.generalkinematics.com\/es\/producto\/enfriadores-de-arena-por-cama-vibratoria-de-fluidos\/","name":"Enfriadores de arena por cama vibratoria de fluidos | General Kinematics","isPartOf":{"@id":"https:\/\/www.generalkinematics.com\/es\/#website"},"primaryImageOfPage":{"@id":"https:\/\/www.generalkinematics.com\/es\/producto\/enfriadores-de-arena-por-cama-vibratoria-de-fluidos\/#primaryimage"},"image":{"@id":"https:\/\/www.generalkinematics.com\/es\/producto\/enfriadores-de-arena-por-cama-vibratoria-de-fluidos\/#primaryimage"},"thumbnailUrl":"https:\/\/media.generalkinematics.com\/wp-content\/uploads\/2015\/05\/Fluid-bed-sand-cooler.jpg","datePublished":"2015-05-12T11:55:09+00:00","dateModified":"2019-02-06T04:03:00+00:00","breadcrumb":{"@id":"https:\/\/www.generalkinematics.com\/es\/producto\/enfriadores-de-arena-por-cama-vibratoria-de-fluidos\/#breadcrumb"},"inLanguage":"es","potentialAction":[{"@type":"ReadAction","target":["https:\/\/www.generalkinematics.com\/es\/producto\/enfriadores-de-arena-por-cama-vibratoria-de-fluidos\/"]}]},{"@type":"ImageObject","inLanguage":"es","@id":"https:\/\/www.generalkinematics.com\/es\/producto\/enfriadores-de-arena-por-cama-vibratoria-de-fluidos\/#primaryimage","url":"https:\/\/media.generalkinematics.com\/wp-content\/uploads\/2015\/05\/Fluid-bed-sand-cooler.jpg","contentUrl":"https:\/\/media.generalkinematics.com\/wp-content\/uploads\/2015\/05\/Fluid-bed-sand-cooler.jpg","width":1287,"height":849,"caption":"general-kinematics-fluid-bed-sand-cooler"},{"@type":"BreadcrumbList","@id":"https:\/\/www.generalkinematics.com\/es\/producto\/enfriadores-de-arena-por-cama-vibratoria-de-fluidos\/#breadcrumb","itemListElement":[{"@type":"ListItem","position":1,"name":"GK Home","item":"https:\/\/www.generalkinematics.com\/es\/"},{"@type":"ListItem","position":2,"name":"Shop","item":"https:\/\/www.generalkinematics.com\/shop\/"},{"@type":"ListItem","position":3,"name":"Enfriadores de arena por cama vibratoria de fluidos"}]},{"@type":"WebSite","@id":"https:\/\/www.generalkinematics.com\/es\/#website","url":"https:\/\/www.generalkinematics.com\/es\/","name":"General Kinematics","description":"","publisher":{"@id":"https:\/\/www.generalkinematics.com\/es\/#organization"},"potentialAction":[{"@type":"SearchAction","target":{"@type":"EntryPoint","urlTemplate":"https:\/\/www.generalkinematics.com\/es\/?s={search_term_string}"},"query-input":{"@type":"PropertyValueSpecification","valueRequired":true,"valueName":"search_term_string"}}],"inLanguage":"es"},{"@type":"Organization","@id":"https:\/\/www.generalkinematics.com\/es\/#organization","name":"General Kinematics","url":"https:\/\/www.generalkinematics.com\/es\/","logo":{"@type":"ImageObject","inLanguage":"es","@id":"https:\/\/www.generalkinematics.com\/es\/#\/schema\/logo\/image\/","url":"https:\/\/media.generalkinematics.com\/wp-content\/uploads\/2018\/03\/logo.png","contentUrl":"https:\/\/media.generalkinematics.com\/wp-content\/uploads\/2018\/03\/logo.png","width":313,"height":100,"caption":"General Kinematics"},"image":{"@id":"https:\/\/www.generalkinematics.com\/es\/#\/schema\/logo\/image\/"},"sameAs":["https:\/\/www.facebook.com\/generalkinematics","https:\/\/x.com\/gkvibrating"]}]}},"_links":{"self":[{"href":"https:\/\/www.generalkinematics.com\/es\/wp-json\/wp\/v2\/product\/36184","targetHints":{"allow":["GET"]}}],"collection":[{"href":"https:\/\/www.generalkinematics.com\/es\/wp-json\/wp\/v2\/product"}],"about":[{"href":"https:\/\/www.generalkinematics.com\/es\/wp-json\/wp\/v2\/types\/product"}],"replies":[{"embeddable":true,"href":"https:\/\/www.generalkinematics.com\/es\/wp-json\/wp\/v2\/comments?post=36184"}],"wp:featuredmedia":[{"embeddable":true,"href":"https:\/\/www.generalkinematics.com\/es\/wp-json\/wp\/v2\/media\/23484"}],"wp:attachment":[{"href":"https:\/\/www.generalkinematics.com\/es\/wp-json\/wp\/v2\/media?parent=36184"}],"wp:term":[{"taxonomy":"product_brand","embeddable":true,"href":"https:\/\/www.generalkinematics.com\/es\/wp-json\/wp\/v2\/product_brand?post=36184"},{"taxonomy":"product_cat","embeddable":true,"href":"https:\/\/www.generalkinematics.com\/es\/wp-json\/wp\/v2\/product_cat?post=36184"},{"taxonomy":"product_tag","embeddable":true,"href":"https:\/\/www.generalkinematics.com\/es\/wp-json\/wp\/v2\/product_tag?post=36184"}],"curies":[{"name":"wp","href":"https:\/\/api.w.org\/{rel}","templated":true}]}}