{"id":36193,"date":"2015-05-12T07:00:22","date_gmt":"2015-05-12T12:00:22","guid":{"rendered":"https:\/\/www.generalkinematics.com\/product\/cintas-transportadoras-vibratorias-syncro-coil\/"},"modified":"2018-08-31T07:50:10","modified_gmt":"2018-08-31T12:50:10","slug":"cintas-transportadoras-syncro-coil","status":"publish","type":"product","link":"https:\/\/www.generalkinematics.com\/es\/producto\/cintas-transportadoras-syncro-coil\/","title":{"rendered":"Cintas transportadoras vibratorias SYNCRO-COIL\u00ae"},"content":{"rendered":"<p>Las <strong>cintas transportadoras SYNCRO-COIL\u00ae<\/strong> est\u00e1n dise\u00f1adas para aplicaciones de carga de materiales de trabajo pesado o medio. Est\u00e1n equipadas con resortes de bobina de aleaci\u00f3n de alta resistencia y duraci\u00f3n y son ideales para aplicaciones de trabajo pesado en las que se utilizan cargas de construcci\u00f3n de bandejas y materiales de gran tama\u00f1o, o para utilizarlas en ambientes polvorientos o dif\u00edciles.<\/p>\n<p><u><strong>Transmisi\u00f3n de resorte de bobina SYNCRO-CUSHION\u2122<\/strong><\/u><\/p>\n<p>Nuestra transmisi\u00f3n de resorte de bobina SYNCRO-CUSHION\u2122 combina las ventajas de la acci\u00f3n vibratoria de la frecuencia natural con una transmisi\u00f3n resistente y la conexi\u00f3n de bandeja. El resultado: desempe\u00f1o excepcional en condiciones de funcionamiento con cargas altas o adversas.<\/p>\n<p><u><strong>Un estilo de balanceo para cada aplicaci\u00f3n<\/strong><\/u><\/p>\n<p>En muchas instalaciones, la transmisi\u00f3n de fuerzas a los soportes circundantes o a la estructura de acero de la instalaci\u00f3n debe reducirse al m\u00ednimo. General Kinematics ofrece muchos tipos de dise\u00f1os contrapuestos para absorber y aislar las fuerzas de reacci\u00f3n. <a href=\"\/technical-center-gk-vibrating\/vibratory-balancing\/\">Obtenga aqu\u00ed m\u00e1s informaci\u00f3n sobre los estilos de balanceo de GK.<\/a><\/p>\n<h2>Caracter\u00edsticas:<\/h2>\n<ul>\n<li><strong>Opciones vers\u00e1tiles de dise\u00f1o<\/strong> \u2013 Construcci\u00f3n liviana y para trabajo pesado, adem\u00e1s de aislamiento diferente y configuraciones de transmisi\u00f3n seg\u00fan las necesidades de su aplicaci\u00f3n.<\/li>\n<li><strong>Transmisi\u00f3n de resorte de bobina SYNCRO-CUSHION\u2122<\/strong> \u2013 La conexi\u00f3n del resorte de bobina a la bandeja permite proteger los componentes de la transmisi\u00f3n en caso de que ocurra una sobrecarga.<\/li>\n<li><strong>Patas de balanc\u00edn en aluminio<\/strong> \u2013 Las patas en aluminio ofrecen la resistencia del acero y reducen significativamente el peso vibrante de la m\u00e1quina. El aluminio tambi\u00e9n disipa r\u00e1pidamente el calor de los bujes. Menos peso y menos calor se traducen en menos desgaste de los componentes y m\u00e1s tiempo productivo del equipo.<\/li>\n<li><strong>Dise\u00f1os balanceados y aislados<\/strong> \u2013 En muchas instalaciones, la transmisi\u00f3n de fuerzas a los soportes circundantes o a la estructura de acero de la instalaci\u00f3n es inaceptable. GK ofrece muchos tipos diferentes de dise\u00f1os contrapuestos para absorber y aislar las fuerzas de reacci\u00f3n. Estos dise\u00f1os incluyen, entre otros componentes, conjuntos duplicados reactivos de bandeja, la subbase para sistemas de resorte de tierra y la masa estabilizadora accionada positivamente que mueve desfases de 180 grados. GK trabaja con el cliente para determinar cu\u00e1l es el dise\u00f1o m\u00e1s apropiado para la aplicaci\u00f3n de su proceso.<\/li>\n<\/ul>\n","protected":false},"excerpt":{"rendered":"<p>Las cintas transportadoras SYNCRO-COIL\u00ae est\u00e1n dise\u00f1adas para aplicaciones de carga de materiales de trabajo pesado o medio. Est\u00e1n equipadas con resortes de bobina de aleaci\u00f3n de alta resistencia y duraci\u00f3n y son ideales para aplicaciones de trabajo pesado en las que se utilizan cargas de construcci\u00f3n de bandejas y materiales de gran tama\u00f1o, o para [&hellip;]<\/p>\n","protected":false},"featured_media":21768,"comment_status":"closed","ping_status":"closed","template":"","meta":{"_acf_changed":false,"om_disable_all_campaigns":false,"ep_exclude_from_search":false},"product_brand":[],"product_cat":[1836,1831],"product_tag":[],"class_list":{"0":"post-36193","1":"product","2":"type-product","3":"status-publish","4":"has-post-thumbnail","6":"casestudytag-conveyors-es","7":"product_cat-cribas-vibratorios","8":"product_cat-soluciones-de-procesamiento-a-granel","10":"first","11":"instock","12":"taxable","13":"shipping-taxable","14":"product-type-simple"},"acf":[],"yoast_head":"<!-- This site is optimized with the Yoast SEO plugin v27.2 - https:\/\/yoast.com\/product\/yoast-seo-wordpress\/ -->\n<title>Cintas transportadoras vibratorias SYNCRO-COIL\u00ae | General Kinematics<\/title>\n<meta name=\"robots\" content=\"index, follow, max-snippet:-1, max-image-preview:large, max-video-preview:-1\" \/>\n<link rel=\"canonical\" href=\"https:\/\/www.generalkinematics.com\/es\/producto\/cintas-transportadoras-syncro-coil\/\" \/>\n<meta property=\"og:locale\" content=\"es_ES\" \/>\n<meta property=\"og:type\" content=\"article\" \/>\n<meta property=\"og:title\" content=\"Cintas transportadoras vibratorias SYNCRO-COIL\u00ae | General Kinematics\" \/>\n<meta property=\"og:description\" content=\"Las cintas transportadoras SYNCRO-COIL\u00ae est\u00e1n dise\u00f1adas para aplicaciones de carga de materiales de trabajo pesado o medio. Est\u00e1n equipadas con resortes de bobina de aleaci\u00f3n de alta resistencia y duraci\u00f3n y son ideales para aplicaciones de trabajo pesado en las que se utilizan cargas de construcci\u00f3n de bandejas y materiales de gran tama\u00f1o, o para [&hellip;]\" \/>\n<meta property=\"og:url\" content=\"https:\/\/www.generalkinematics.com\/es\/producto\/cintas-transportadoras-syncro-coil\/\" \/>\n<meta property=\"og:site_name\" content=\"General Kinematics\" \/>\n<meta property=\"article:publisher\" content=\"https:\/\/www.facebook.com\/generalkinematics\" \/>\n<meta property=\"article:modified_time\" content=\"2018-08-31T12:50:10+00:00\" \/>\n<meta property=\"og:image\" content=\"https:\/\/www.generalkinematics.com\/wp-content\/uploads\/2015\/07\/syncrocoil3-1.png\" \/>\n\t<meta property=\"og:image:width\" content=\"600\" \/>\n\t<meta property=\"og:image:height\" content=\"450\" \/>\n\t<meta property=\"og:image:type\" content=\"image\/jpeg\" \/>\n<meta name=\"twitter:card\" content=\"summary_large_image\" \/>\n<meta name=\"twitter:site\" content=\"@gkvibrating\" \/>\n<meta name=\"twitter:label1\" content=\"Tiempo de lectura\" \/>\n\t<meta name=\"twitter:data1\" content=\"2 minutos\" \/>\n<!-- \/ Yoast SEO plugin. -->","yoast_head_json":{"title":"Cintas transportadoras vibratorias SYNCRO-COIL\u00ae | General Kinematics","robots":{"index":"index","follow":"follow","max-snippet":"max-snippet:-1","max-image-preview":"max-image-preview:large","max-video-preview":"max-video-preview:-1"},"canonical":"https:\/\/www.generalkinematics.com\/es\/producto\/cintas-transportadoras-syncro-coil\/","og_locale":"es_ES","og_type":"article","og_title":"Cintas transportadoras vibratorias SYNCRO-COIL\u00ae | General Kinematics","og_description":"Las cintas transportadoras SYNCRO-COIL\u00ae est\u00e1n dise\u00f1adas para aplicaciones de carga de materiales de trabajo pesado o medio. Est\u00e1n equipadas con resortes de bobina de aleaci\u00f3n de alta resistencia y duraci\u00f3n y son ideales para aplicaciones de trabajo pesado en las que se utilizan cargas de construcci\u00f3n de bandejas y materiales de gran tama\u00f1o, o para [&hellip;]","og_url":"https:\/\/www.generalkinematics.com\/es\/producto\/cintas-transportadoras-syncro-coil\/","og_site_name":"General Kinematics","article_publisher":"https:\/\/www.facebook.com\/generalkinematics","article_modified_time":"2018-08-31T12:50:10+00:00","og_image":[{"width":600,"height":450,"url":"https:\/\/www.generalkinematics.com\/wp-content\/uploads\/2015\/07\/syncrocoil3-1.png","type":"image\/jpeg"}],"twitter_card":"summary_large_image","twitter_site":"@gkvibrating","twitter_misc":{"Tiempo de lectura":"2 minutos"},"schema":{"@context":"https:\/\/schema.org","@graph":[{"@type":"WebPage","@id":"https:\/\/www.generalkinematics.com\/es\/producto\/cintas-transportadoras-syncro-coil\/","url":"https:\/\/www.generalkinematics.com\/es\/producto\/cintas-transportadoras-syncro-coil\/","name":"Cintas transportadoras vibratorias SYNCRO-COIL\u00ae | General Kinematics","isPartOf":{"@id":"https:\/\/www.generalkinematics.com\/es\/#website"},"primaryImageOfPage":{"@id":"https:\/\/www.generalkinematics.com\/es\/producto\/cintas-transportadoras-syncro-coil\/#primaryimage"},"image":{"@id":"https:\/\/www.generalkinematics.com\/es\/producto\/cintas-transportadoras-syncro-coil\/#primaryimage"},"thumbnailUrl":"https:\/\/media.generalkinematics.com\/wp-content\/uploads\/2015\/07\/syncrocoil3-1.png","datePublished":"2015-05-12T12:00:22+00:00","dateModified":"2018-08-31T12:50:10+00:00","breadcrumb":{"@id":"https:\/\/www.generalkinematics.com\/es\/producto\/cintas-transportadoras-syncro-coil\/#breadcrumb"},"inLanguage":"es","potentialAction":[{"@type":"ReadAction","target":["https:\/\/www.generalkinematics.com\/es\/producto\/cintas-transportadoras-syncro-coil\/"]}]},{"@type":"ImageObject","inLanguage":"es","@id":"https:\/\/www.generalkinematics.com\/es\/producto\/cintas-transportadoras-syncro-coil\/#primaryimage","url":"https:\/\/media.generalkinematics.com\/wp-content\/uploads\/2015\/07\/syncrocoil3-1.png","contentUrl":"https:\/\/media.generalkinematics.com\/wp-content\/uploads\/2015\/07\/syncrocoil3-1.png","width":600,"height":450,"caption":"Cintas transportadoras vibrantes SYNCRO-COIL\u00ae"},{"@type":"BreadcrumbList","@id":"https:\/\/www.generalkinematics.com\/es\/producto\/cintas-transportadoras-syncro-coil\/#breadcrumb","itemListElement":[{"@type":"ListItem","position":1,"name":"GK Home","item":"https:\/\/www.generalkinematics.com\/es\/"},{"@type":"ListItem","position":2,"name":"Shop","item":"https:\/\/www.generalkinematics.com\/shop\/"},{"@type":"ListItem","position":3,"name":"Cintas transportadoras vibratorias SYNCRO-COIL\u00ae"}]},{"@type":"WebSite","@id":"https:\/\/www.generalkinematics.com\/es\/#website","url":"https:\/\/www.generalkinematics.com\/es\/","name":"General Kinematics","description":"","publisher":{"@id":"https:\/\/www.generalkinematics.com\/es\/#organization"},"potentialAction":[{"@type":"SearchAction","target":{"@type":"EntryPoint","urlTemplate":"https:\/\/www.generalkinematics.com\/es\/?s={search_term_string}"},"query-input":{"@type":"PropertyValueSpecification","valueRequired":true,"valueName":"search_term_string"}}],"inLanguage":"es"},{"@type":"Organization","@id":"https:\/\/www.generalkinematics.com\/es\/#organization","name":"General Kinematics","url":"https:\/\/www.generalkinematics.com\/es\/","logo":{"@type":"ImageObject","inLanguage":"es","@id":"https:\/\/www.generalkinematics.com\/es\/#\/schema\/logo\/image\/","url":"https:\/\/media.generalkinematics.com\/wp-content\/uploads\/2018\/03\/logo.png","contentUrl":"https:\/\/media.generalkinematics.com\/wp-content\/uploads\/2018\/03\/logo.png","width":313,"height":100,"caption":"General Kinematics"},"image":{"@id":"https:\/\/www.generalkinematics.com\/es\/#\/schema\/logo\/image\/"},"sameAs":["https:\/\/www.facebook.com\/generalkinematics","https:\/\/x.com\/gkvibrating"]}]}},"_links":{"self":[{"href":"https:\/\/www.generalkinematics.com\/es\/wp-json\/wp\/v2\/product\/36193","targetHints":{"allow":["GET"]}}],"collection":[{"href":"https:\/\/www.generalkinematics.com\/es\/wp-json\/wp\/v2\/product"}],"about":[{"href":"https:\/\/www.generalkinematics.com\/es\/wp-json\/wp\/v2\/types\/product"}],"replies":[{"embeddable":true,"href":"https:\/\/www.generalkinematics.com\/es\/wp-json\/wp\/v2\/comments?post=36193"}],"wp:featuredmedia":[{"embeddable":true,"href":"https:\/\/www.generalkinematics.com\/es\/wp-json\/wp\/v2\/media\/21768"}],"wp:attachment":[{"href":"https:\/\/www.generalkinematics.com\/es\/wp-json\/wp\/v2\/media?parent=36193"}],"wp:term":[{"taxonomy":"product_brand","embeddable":true,"href":"https:\/\/www.generalkinematics.com\/es\/wp-json\/wp\/v2\/product_brand?post=36193"},{"taxonomy":"product_cat","embeddable":true,"href":"https:\/\/www.generalkinematics.com\/es\/wp-json\/wp\/v2\/product_cat?post=36193"},{"taxonomy":"product_tag","embeddable":true,"href":"https:\/\/www.generalkinematics.com\/es\/wp-json\/wp\/v2\/product_tag?post=36193"}],"curies":[{"name":"wp","href":"https:\/\/api.w.org\/{rel}","templated":true}]}}