{"id":36220,"date":"2015-05-12T07:25:06","date_gmt":"2015-05-12T12:25:06","guid":{"rendered":"https:\/\/www.generalkinematics.com\/product\/alimentadores-vibratorios-de-serie-estandar-s-series\/"},"modified":"2018-08-31T07:58:53","modified_gmt":"2018-08-31T12:58:53","slug":"alimentadores-vibratorios-de-serie-estandar-s-series","status":"publish","type":"product","link":"https:\/\/www.generalkinematics.com\/es\/producto\/alimentadores-vibratorios-de-serie-estandar-s-series\/","title":{"rendered":"Alimentadores vibratorios de serie est\u00e1ndar S-SERIES"},"content":{"rendered":"<p>Los <strong>alimentadores vibratorios de serie est\u00e1ndar S-SERIES<\/strong> de General Kinematics son ideales en aplicaciones de trabajo liviano para manipular una amplia gama de productos de flujo libre, incluidos alimentos, ingredientes y sustancias qu\u00edmicas. Los alimentadores pueden dise\u00f1arse utilizando sistemas de transmisi\u00f3n de doble masa o fuerza bruta, electromec\u00e1nica o neum\u00e1tica. Disponibilidad de otros modelos en acero inoxidable y con capota para satisfacer sus requisitos especiales de flujo del proceso. <a href=\"https:\/\/www.generalkinematics.com\/es\/contactar-a-general-kinematics\/\" target=\"_blank\" rel=\"noopener\">Cont\u00e1ctenos hoy mismo<\/a>\u00a0para obtener asistencia completa sobre el dise\u00f1o y las aplicaciones.<\/p>\n<p><a href=\"https:\/\/www.generalkinematics.com\/es\/tablas-de-tamanos-de-la-serie-s\/\">Para obtener informaci\u00f3n sobre las dimensiones y tama\u00f1os, haga clic aqu\u00ed.<\/a><\/p>\n<h2>Caracter\u00edsticas:<\/h2>\n<ul>\n<li>Amplia gama de tama\u00f1os para diferentes aplicaciones.<\/li>\n<li>Los modelos predise\u00f1ados son rentables.<\/li>\n<li>Dise\u00f1o simple con transmisi\u00f3n motorizada de baja potencia y ahorradora de energ\u00eda.<\/li>\n<li>Resortes de hoja en PRFV de f\u00e1cil mantenimiento.<\/li>\n<li>La base aislada con resortes de hoja produce una reacci\u00f3n din\u00e1mica baja.<\/li>\n<li>Las unidades pueden instalarse sobre una base o estar suspendidas en lo alto.<\/li>\n<\/ul>\n","protected":false},"excerpt":{"rendered":"<p>Los alimentadores vibratorios de serie est\u00e1ndar S-SERIES de General Kinematics son ideales en aplicaciones de trabajo liviano para manipular una amplia gama de productos de flujo libre, incluidos alimentos, ingredientes y sustancias qu\u00edmicas. Los alimentadores pueden dise\u00f1arse utilizando sistemas de transmisi\u00f3n de doble masa o fuerza bruta, electromec\u00e1nica o neum\u00e1tica. Disponibilidad de otros modelos en [&hellip;]<\/p>\n","protected":false},"featured_media":25320,"comment_status":"closed","ping_status":"closed","template":"","meta":{"_acf_changed":false,"om_disable_all_campaigns":false,"ep_exclude_from_search":false},"product_brand":[],"product_cat":[1837,1831],"product_tag":[],"class_list":{"0":"post-36220","1":"product","2":"type-product","3":"status-publish","4":"has-post-thumbnail","6":"product_cat-alimentadores-vibratorios-soluciones-de-procesamiento-a-granel","7":"product_cat-soluciones-de-procesamiento-a-granel","9":"first","10":"instock","11":"taxable","12":"shipping-taxable","13":"product-type-simple"},"acf":[],"yoast_head":"<!-- This site is optimized with the Yoast SEO plugin v27.2 - https:\/\/yoast.com\/product\/yoast-seo-wordpress\/ -->\n<title>Alimentadores vibratorios de serie est\u00e1ndar S-SERIES | General Kinematics<\/title>\n<meta name=\"robots\" content=\"index, follow, max-snippet:-1, max-image-preview:large, max-video-preview:-1\" \/>\n<link rel=\"canonical\" href=\"https:\/\/www.generalkinematics.com\/es\/producto\/alimentadores-vibratorios-de-serie-estandar-s-series\/\" \/>\n<meta property=\"og:locale\" content=\"es_ES\" \/>\n<meta property=\"og:type\" content=\"article\" \/>\n<meta property=\"og:title\" content=\"Alimentadores vibratorios de serie est\u00e1ndar S-SERIES | General Kinematics\" \/>\n<meta property=\"og:description\" content=\"Los alimentadores vibratorios de serie est\u00e1ndar S-SERIES de General Kinematics son ideales en aplicaciones de trabajo liviano para manipular una amplia gama de productos de flujo libre, incluidos alimentos, ingredientes y sustancias qu\u00edmicas. Los alimentadores pueden dise\u00f1arse utilizando sistemas de transmisi\u00f3n de doble masa o fuerza bruta, electromec\u00e1nica o neum\u00e1tica. Disponibilidad de otros modelos en [&hellip;]\" \/>\n<meta property=\"og:url\" content=\"https:\/\/www.generalkinematics.com\/es\/producto\/alimentadores-vibratorios-de-serie-estandar-s-series\/\" \/>\n<meta property=\"og:site_name\" content=\"General Kinematics\" \/>\n<meta property=\"article:publisher\" content=\"https:\/\/www.facebook.com\/generalkinematics\" \/>\n<meta property=\"article:modified_time\" content=\"2018-08-31T12:58:53+00:00\" \/>\n<meta property=\"og:image\" content=\"https:\/\/media.generalkinematics.com\/wp-content\/uploads\/2015\/05\/DSC00008.jpg\" \/>\n\t<meta property=\"og:image:width\" content=\"1600\" \/>\n\t<meta property=\"og:image:height\" content=\"1200\" \/>\n\t<meta property=\"og:image:type\" content=\"image\/jpeg\" \/>\n<meta name=\"twitter:card\" content=\"summary_large_image\" \/>\n<meta name=\"twitter:site\" content=\"@gkvibrating\" \/>\n<meta name=\"twitter:label1\" content=\"Tiempo de lectura\" \/>\n\t<meta name=\"twitter:data1\" content=\"1 minuto\" \/>\n<!-- \/ Yoast SEO plugin. -->","yoast_head_json":{"title":"Alimentadores vibratorios de serie est\u00e1ndar S-SERIES | General Kinematics","robots":{"index":"index","follow":"follow","max-snippet":"max-snippet:-1","max-image-preview":"max-image-preview:large","max-video-preview":"max-video-preview:-1"},"canonical":"https:\/\/www.generalkinematics.com\/es\/producto\/alimentadores-vibratorios-de-serie-estandar-s-series\/","og_locale":"es_ES","og_type":"article","og_title":"Alimentadores vibratorios de serie est\u00e1ndar S-SERIES | General Kinematics","og_description":"Los alimentadores vibratorios de serie est\u00e1ndar S-SERIES de General Kinematics son ideales en aplicaciones de trabajo liviano para manipular una amplia gama de productos de flujo libre, incluidos alimentos, ingredientes y sustancias qu\u00edmicas. Los alimentadores pueden dise\u00f1arse utilizando sistemas de transmisi\u00f3n de doble masa o fuerza bruta, electromec\u00e1nica o neum\u00e1tica. Disponibilidad de otros modelos en [&hellip;]","og_url":"https:\/\/www.generalkinematics.com\/es\/producto\/alimentadores-vibratorios-de-serie-estandar-s-series\/","og_site_name":"General Kinematics","article_publisher":"https:\/\/www.facebook.com\/generalkinematics","article_modified_time":"2018-08-31T12:58:53+00:00","og_image":[{"width":1600,"height":1200,"url":"https:\/\/media.generalkinematics.com\/wp-content\/uploads\/2015\/05\/DSC00008.jpg","type":"image\/jpeg"}],"twitter_card":"summary_large_image","twitter_site":"@gkvibrating","twitter_misc":{"Tiempo de lectura":"1 minuto"},"schema":{"@context":"https:\/\/schema.org","@graph":[{"@type":"WebPage","@id":"https:\/\/www.generalkinematics.com\/es\/producto\/alimentadores-vibratorios-de-serie-estandar-s-series\/","url":"https:\/\/www.generalkinematics.com\/es\/producto\/alimentadores-vibratorios-de-serie-estandar-s-series\/","name":"Alimentadores vibratorios de serie est\u00e1ndar S-SERIES | General Kinematics","isPartOf":{"@id":"https:\/\/www.generalkinematics.com\/es\/#website"},"primaryImageOfPage":{"@id":"https:\/\/www.generalkinematics.com\/es\/producto\/alimentadores-vibratorios-de-serie-estandar-s-series\/#primaryimage"},"image":{"@id":"https:\/\/www.generalkinematics.com\/es\/producto\/alimentadores-vibratorios-de-serie-estandar-s-series\/#primaryimage"},"thumbnailUrl":"https:\/\/media.generalkinematics.com\/wp-content\/uploads\/2015\/05\/DSC00008.jpg","datePublished":"2015-05-12T12:25:06+00:00","dateModified":"2018-08-31T12:58:53+00:00","breadcrumb":{"@id":"https:\/\/www.generalkinematics.com\/es\/producto\/alimentadores-vibratorios-de-serie-estandar-s-series\/#breadcrumb"},"inLanguage":"es","potentialAction":[{"@type":"ReadAction","target":["https:\/\/www.generalkinematics.com\/es\/producto\/alimentadores-vibratorios-de-serie-estandar-s-series\/"]}]},{"@type":"ImageObject","inLanguage":"es","@id":"https:\/\/www.generalkinematics.com\/es\/producto\/alimentadores-vibratorios-de-serie-estandar-s-series\/#primaryimage","url":"https:\/\/media.generalkinematics.com\/wp-content\/uploads\/2015\/05\/DSC00008.jpg","contentUrl":"https:\/\/media.generalkinematics.com\/wp-content\/uploads\/2015\/05\/DSC00008.jpg","width":1440,"height":1080,"caption":"general-kinematics-feeder"},{"@type":"BreadcrumbList","@id":"https:\/\/www.generalkinematics.com\/es\/producto\/alimentadores-vibratorios-de-serie-estandar-s-series\/#breadcrumb","itemListElement":[{"@type":"ListItem","position":1,"name":"GK Home","item":"https:\/\/www.generalkinematics.com\/es\/"},{"@type":"ListItem","position":2,"name":"Shop","item":"https:\/\/www.generalkinematics.com\/shop\/"},{"@type":"ListItem","position":3,"name":"Alimentadores vibratorios de serie est\u00e1ndar S-SERIES"}]},{"@type":"WebSite","@id":"https:\/\/www.generalkinematics.com\/es\/#website","url":"https:\/\/www.generalkinematics.com\/es\/","name":"General Kinematics","description":"","publisher":{"@id":"https:\/\/www.generalkinematics.com\/es\/#organization"},"potentialAction":[{"@type":"SearchAction","target":{"@type":"EntryPoint","urlTemplate":"https:\/\/www.generalkinematics.com\/es\/?s={search_term_string}"},"query-input":{"@type":"PropertyValueSpecification","valueRequired":true,"valueName":"search_term_string"}}],"inLanguage":"es"},{"@type":"Organization","@id":"https:\/\/www.generalkinematics.com\/es\/#organization","name":"General Kinematics","url":"https:\/\/www.generalkinematics.com\/es\/","logo":{"@type":"ImageObject","inLanguage":"es","@id":"https:\/\/www.generalkinematics.com\/es\/#\/schema\/logo\/image\/","url":"https:\/\/media.generalkinematics.com\/wp-content\/uploads\/2018\/03\/logo.png","contentUrl":"https:\/\/media.generalkinematics.com\/wp-content\/uploads\/2018\/03\/logo.png","width":313,"height":100,"caption":"General Kinematics"},"image":{"@id":"https:\/\/www.generalkinematics.com\/es\/#\/schema\/logo\/image\/"},"sameAs":["https:\/\/www.facebook.com\/generalkinematics","https:\/\/x.com\/gkvibrating"]}]}},"_links":{"self":[{"href":"https:\/\/www.generalkinematics.com\/es\/wp-json\/wp\/v2\/product\/36220","targetHints":{"allow":["GET"]}}],"collection":[{"href":"https:\/\/www.generalkinematics.com\/es\/wp-json\/wp\/v2\/product"}],"about":[{"href":"https:\/\/www.generalkinematics.com\/es\/wp-json\/wp\/v2\/types\/product"}],"replies":[{"embeddable":true,"href":"https:\/\/www.generalkinematics.com\/es\/wp-json\/wp\/v2\/comments?post=36220"}],"wp:featuredmedia":[{"embeddable":true,"href":"https:\/\/www.generalkinematics.com\/es\/wp-json\/wp\/v2\/media\/25320"}],"wp:attachment":[{"href":"https:\/\/www.generalkinematics.com\/es\/wp-json\/wp\/v2\/media?parent=36220"}],"wp:term":[{"taxonomy":"product_brand","embeddable":true,"href":"https:\/\/www.generalkinematics.com\/es\/wp-json\/wp\/v2\/product_brand?post=36220"},{"taxonomy":"product_cat","embeddable":true,"href":"https:\/\/www.generalkinematics.com\/es\/wp-json\/wp\/v2\/product_cat?post=36220"},{"taxonomy":"product_tag","embeddable":true,"href":"https:\/\/www.generalkinematics.com\/es\/wp-json\/wp\/v2\/product_tag?post=36220"}],"curies":[{"name":"wp","href":"https:\/\/api.w.org\/{rel}","templated":true}]}}