{"id":36245,"date":"2015-05-12T07:49:04","date_gmt":"2015-05-12T12:49:04","guid":{"rendered":"https:\/\/www.generalkinematics.com\/product\/trituradora-vibratoria-de-tubo-hmg\/"},"modified":"2019-12-06T10:15:01","modified_gmt":"2019-12-06T16:15:01","slug":"vibrating-tube-crusher","status":"publish","type":"product","link":"https:\/\/www.generalkinematics.com\/es\/producto\/vibrating-tube-crusher\/","title":{"rendered":"Trituradora vibratoria de tubo HMG\u2122"},"content":{"rendered":"<p>La <strong>trituradora vibratoria de tubo HMG\u2122<\/strong> de General Kinematics, cuya patente est\u00e1 pendiente, desintegra r\u00e1pidamente el material. La r\u00e1pida pulsaci\u00f3n del medio dentro del tubo fractura el material en part\u00edculas m\u00e1s peque\u00f1as que son ideales para la pulverizaci\u00f3n final en el <a href=\"https:\/\/www.generalkinematics.com\/es\/producto\/soluciones-de-molienda-trituracion-y-lixiviacion\/\">Tambor de trituraci\u00f3n VIBRA-MILL\u00ae de GK.<\/a><\/p>\n<h2>Caracter\u00edsticas:<\/h2>\n<ul>\n<li>Puede sellarse totalmente para un entorno libre de polvo.<\/li>\n<li>El motor de baja potencia reduce el consumo de energ\u00eda y los costos de electricidad.<\/li>\n<li>Disponible en tama\u00f1os a la medida de su capacidad de producci\u00f3n y aplicaci\u00f3n.<\/li>\n<\/ul>\n","protected":false},"excerpt":{"rendered":"<p>La trituradora vibratoria de tubo HMG\u2122 de General Kinematics, cuya patente est\u00e1 pendiente, desintegra r\u00e1pidamente el material. La r\u00e1pida pulsaci\u00f3n del medio dentro del tubo fractura el material en part\u00edculas m\u00e1s peque\u00f1as que son ideales para la pulverizaci\u00f3n final en el Tambor de trituraci\u00f3n VIBRA-MILL\u00ae de GK. Caracter\u00edsticas: Puede sellarse totalmente para un entorno libre [&hellip;]<\/p>\n","protected":false},"featured_media":25208,"comment_status":"closed","ping_status":"closed","template":"","meta":{"_acf_changed":false,"om_disable_all_campaigns":false,"ep_exclude_from_search":false},"product_brand":[],"product_cat":[1819],"product_tag":[],"class_list":{"0":"post-36245","1":"product","2":"type-product","3":"status-publish","4":"has-post-thumbnail","6":"product_cat-controles-y-monitoreo","8":"first","9":"instock","10":"taxable","11":"shipping-taxable","12":"product-type-simple"},"acf":[],"yoast_head":"<!-- This site is optimized with the Yoast SEO plugin v27.2 - https:\/\/yoast.com\/product\/yoast-seo-wordpress\/ -->\n<title>Trituradora vibratoria de tubo HMG\u2122 | General Kinematics<\/title>\n<meta name=\"robots\" content=\"index, follow, max-snippet:-1, max-image-preview:large, max-video-preview:-1\" \/>\n<link rel=\"canonical\" href=\"https:\/\/www.generalkinematics.com\/es\/producto\/vibrating-tube-crusher\/\" \/>\n<meta property=\"og:locale\" content=\"es_ES\" \/>\n<meta property=\"og:type\" content=\"article\" \/>\n<meta property=\"og:title\" content=\"Trituradora vibratoria de tubo HMG\u2122 | General Kinematics\" \/>\n<meta property=\"og:description\" content=\"La trituradora vibratoria de tubo HMG\u2122 de General Kinematics, cuya patente est\u00e1 pendiente, desintegra r\u00e1pidamente el material. La r\u00e1pida pulsaci\u00f3n del medio dentro del tubo fractura el material en part\u00edculas m\u00e1s peque\u00f1as que son ideales para la pulverizaci\u00f3n final en el Tambor de trituraci\u00f3n VIBRA-MILL\u00ae de GK. Caracter\u00edsticas: Puede sellarse totalmente para un entorno libre [&hellip;]\" \/>\n<meta property=\"og:url\" content=\"https:\/\/www.generalkinematics.com\/es\/producto\/vibrating-tube-crusher\/\" \/>\n<meta property=\"og:site_name\" content=\"General Kinematics\" \/>\n<meta property=\"article:publisher\" content=\"https:\/\/www.facebook.com\/generalkinematics\" \/>\n<meta property=\"article:modified_time\" content=\"2019-12-06T16:15:01+00:00\" \/>\n<meta property=\"og:image\" content=\"https:\/\/media.generalkinematics.com\/wp-content\/uploads\/2015\/07\/IMG_2995.jpg\" \/>\n\t<meta property=\"og:image:width\" content=\"2592\" \/>\n\t<meta property=\"og:image:height\" content=\"1936\" \/>\n\t<meta property=\"og:image:type\" content=\"image\/jpeg\" \/>\n<meta name=\"twitter:card\" content=\"summary_large_image\" \/>\n<meta name=\"twitter:site\" content=\"@gkvibrating\" \/>\n<!-- \/ Yoast SEO plugin. -->","yoast_head_json":{"title":"Trituradora vibratoria de tubo HMG\u2122 | General Kinematics","robots":{"index":"index","follow":"follow","max-snippet":"max-snippet:-1","max-image-preview":"max-image-preview:large","max-video-preview":"max-video-preview:-1"},"canonical":"https:\/\/www.generalkinematics.com\/es\/producto\/vibrating-tube-crusher\/","og_locale":"es_ES","og_type":"article","og_title":"Trituradora vibratoria de tubo HMG\u2122 | General Kinematics","og_description":"La trituradora vibratoria de tubo HMG\u2122 de General Kinematics, cuya patente est\u00e1 pendiente, desintegra r\u00e1pidamente el material. La r\u00e1pida pulsaci\u00f3n del medio dentro del tubo fractura el material en part\u00edculas m\u00e1s peque\u00f1as que son ideales para la pulverizaci\u00f3n final en el Tambor de trituraci\u00f3n VIBRA-MILL\u00ae de GK. Caracter\u00edsticas: Puede sellarse totalmente para un entorno libre [&hellip;]","og_url":"https:\/\/www.generalkinematics.com\/es\/producto\/vibrating-tube-crusher\/","og_site_name":"General Kinematics","article_publisher":"https:\/\/www.facebook.com\/generalkinematics","article_modified_time":"2019-12-06T16:15:01+00:00","og_image":[{"width":2592,"height":1936,"url":"https:\/\/media.generalkinematics.com\/wp-content\/uploads\/2015\/07\/IMG_2995.jpg","type":"image\/jpeg"}],"twitter_card":"summary_large_image","twitter_site":"@gkvibrating","schema":{"@context":"https:\/\/schema.org","@graph":[{"@type":"WebPage","@id":"https:\/\/www.generalkinematics.com\/es\/producto\/vibrating-tube-crusher\/","url":"https:\/\/www.generalkinematics.com\/es\/producto\/vibrating-tube-crusher\/","name":"Trituradora vibratoria de tubo HMG\u2122 | General Kinematics","isPartOf":{"@id":"https:\/\/www.generalkinematics.com\/es\/#website"},"primaryImageOfPage":{"@id":"https:\/\/www.generalkinematics.com\/es\/producto\/vibrating-tube-crusher\/#primaryimage"},"image":{"@id":"https:\/\/www.generalkinematics.com\/es\/producto\/vibrating-tube-crusher\/#primaryimage"},"thumbnailUrl":"https:\/\/media.generalkinematics.com\/wp-content\/uploads\/2015\/07\/IMG_2995.jpg","datePublished":"2015-05-12T12:49:04+00:00","dateModified":"2019-12-06T16:15:01+00:00","breadcrumb":{"@id":"https:\/\/www.generalkinematics.com\/es\/producto\/vibrating-tube-crusher\/#breadcrumb"},"inLanguage":"es","potentialAction":[{"@type":"ReadAction","target":["https:\/\/www.generalkinematics.com\/es\/producto\/vibrating-tube-crusher\/"]}]},{"@type":"ImageObject","inLanguage":"es","@id":"https:\/\/www.generalkinematics.com\/es\/producto\/vibrating-tube-crusher\/#primaryimage","url":"https:\/\/media.generalkinematics.com\/wp-content\/uploads\/2015\/07\/IMG_2995.jpg","contentUrl":"https:\/\/media.generalkinematics.com\/wp-content\/uploads\/2015\/07\/IMG_2995.jpg","width":2500,"height":1867,"caption":"general-kinematics-vibratory-tube-crusher"},{"@type":"BreadcrumbList","@id":"https:\/\/www.generalkinematics.com\/es\/producto\/vibrating-tube-crusher\/#breadcrumb","itemListElement":[{"@type":"ListItem","position":1,"name":"GK Home","item":"https:\/\/www.generalkinematics.com\/es\/"},{"@type":"ListItem","position":2,"name":"Shop","item":"https:\/\/www.generalkinematics.com\/shop\/"},{"@type":"ListItem","position":3,"name":"Trituradora vibratoria de tubo HMG\u2122"}]},{"@type":"WebSite","@id":"https:\/\/www.generalkinematics.com\/es\/#website","url":"https:\/\/www.generalkinematics.com\/es\/","name":"General Kinematics","description":"","publisher":{"@id":"https:\/\/www.generalkinematics.com\/es\/#organization"},"potentialAction":[{"@type":"SearchAction","target":{"@type":"EntryPoint","urlTemplate":"https:\/\/www.generalkinematics.com\/es\/?s={search_term_string}"},"query-input":{"@type":"PropertyValueSpecification","valueRequired":true,"valueName":"search_term_string"}}],"inLanguage":"es"},{"@type":"Organization","@id":"https:\/\/www.generalkinematics.com\/es\/#organization","name":"General Kinematics","url":"https:\/\/www.generalkinematics.com\/es\/","logo":{"@type":"ImageObject","inLanguage":"es","@id":"https:\/\/www.generalkinematics.com\/es\/#\/schema\/logo\/image\/","url":"https:\/\/media.generalkinematics.com\/wp-content\/uploads\/2018\/03\/logo.png","contentUrl":"https:\/\/media.generalkinematics.com\/wp-content\/uploads\/2018\/03\/logo.png","width":313,"height":100,"caption":"General Kinematics"},"image":{"@id":"https:\/\/www.generalkinematics.com\/es\/#\/schema\/logo\/image\/"},"sameAs":["https:\/\/www.facebook.com\/generalkinematics","https:\/\/x.com\/gkvibrating"]}]}},"_links":{"self":[{"href":"https:\/\/www.generalkinematics.com\/es\/wp-json\/wp\/v2\/product\/36245","targetHints":{"allow":["GET"]}}],"collection":[{"href":"https:\/\/www.generalkinematics.com\/es\/wp-json\/wp\/v2\/product"}],"about":[{"href":"https:\/\/www.generalkinematics.com\/es\/wp-json\/wp\/v2\/types\/product"}],"replies":[{"embeddable":true,"href":"https:\/\/www.generalkinematics.com\/es\/wp-json\/wp\/v2\/comments?post=36245"}],"wp:featuredmedia":[{"embeddable":true,"href":"https:\/\/www.generalkinematics.com\/es\/wp-json\/wp\/v2\/media\/25208"}],"wp:attachment":[{"href":"https:\/\/www.generalkinematics.com\/es\/wp-json\/wp\/v2\/media?parent=36245"}],"wp:term":[{"taxonomy":"product_brand","embeddable":true,"href":"https:\/\/www.generalkinematics.com\/es\/wp-json\/wp\/v2\/product_brand?post=36245"},{"taxonomy":"product_cat","embeddable":true,"href":"https:\/\/www.generalkinematics.com\/es\/wp-json\/wp\/v2\/product_cat?post=36245"},{"taxonomy":"product_tag","embeddable":true,"href":"https:\/\/www.generalkinematics.com\/es\/wp-json\/wp\/v2\/product_tag?post=36245"}],"curies":[{"name":"wp","href":"https:\/\/api.w.org\/{rel}","templated":true}]}}