{"id":36535,"date":"2015-05-12T08:06:13","date_gmt":"2015-05-12T13:06:13","guid":{"rendered":"https:\/\/www.generalkinematics.com\/product\/densificador-de-contenedores-de-transporte-vibra-pack\/"},"modified":"2018-08-31T16:19:15","modified_gmt":"2018-08-31T21:19:15","slug":"densificador-de-contenedores-de-transporte-vibra-pack","status":"publish","type":"product","link":"https:\/\/www.generalkinematics.com\/es\/producto\/densificador-de-contenedores-de-transporte-vibra-pack\/","title":{"rendered":"Densificador de contenedores de transporte VIBRA-PACK\u00ae"},"content":{"rendered":"<p>El densificador <strong>VIBRA-PACK\u00ae<\/strong> llena todo el volumen de sus contenedores a granel para:<\/p>\n<ul>\n<li>Mover cargas \u00fatiles mayores.<\/li>\n<li>Usar menos contenedores por pedido.<\/li>\n<li>Reducir dr\u00e1sticamente el total de los costos de env\u00edo.<\/li>\n<\/ul>\n<p>&nbsp;<\/p>\n<h2>Caracter\u00edsticas:<\/h2>\n<ul>\n<li>Se asegura directamente al contenedor en el remolque, no es necesario utilizar contenedores o equipos especiales.<\/li>\n<li>Disponibilidad de sistema de sujeci\u00f3n manual o hidr\u00e1ulico.<\/li>\n<li>Ascensores de tijera opcionales para ajustar la altura conforme a una amplia variedad de configuraciones de remolques.<\/li>\n<\/ul>\n","protected":false},"excerpt":{"rendered":"<p>El densificador VIBRA-PACK\u00ae llena todo el volumen de sus contenedores a granel para: Mover cargas \u00fatiles mayores. Usar menos contenedores por pedido. Reducir dr\u00e1sticamente el total de los costos de env\u00edo. &nbsp; Caracter\u00edsticas: Se asegura directamente al contenedor en el remolque, no es necesario utilizar contenedores o equipos especiales. Disponibilidad de sistema de sujeci\u00f3n manual [&hellip;]<\/p>\n","protected":false},"featured_media":25328,"comment_status":"closed","ping_status":"closed","template":"","meta":{"_acf_changed":false,"om_disable_all_campaigns":false,"ep_exclude_from_search":false},"product_brand":[],"product_cat":[1833,1831],"product_tag":[],"class_list":{"0":"post-36535","1":"product","2":"type-product","3":"status-publish","4":"has-post-thumbnail","6":"product_cat-equipo-de-embalaje-y-envio","7":"product_cat-soluciones-de-procesamiento-a-granel","9":"first","10":"instock","11":"taxable","12":"shipping-taxable","13":"product-type-simple"},"acf":[],"yoast_head":"<!-- This site is optimized with the Yoast SEO plugin v27.2 - https:\/\/yoast.com\/product\/yoast-seo-wordpress\/ -->\n<title>Densificador de contenedores de transporte VIBRA-PACK\u00ae | General Kinematics<\/title>\n<meta name=\"robots\" content=\"index, follow, max-snippet:-1, max-image-preview:large, max-video-preview:-1\" \/>\n<link rel=\"canonical\" href=\"https:\/\/www.generalkinematics.com\/es\/producto\/densificador-de-contenedores-de-transporte-vibra-pack\/\" \/>\n<meta property=\"og:locale\" content=\"es_ES\" \/>\n<meta property=\"og:type\" content=\"article\" \/>\n<meta property=\"og:title\" content=\"Densificador de contenedores de transporte VIBRA-PACK\u00ae | General Kinematics\" \/>\n<meta property=\"og:description\" content=\"El densificador VIBRA-PACK\u00ae llena todo el volumen de sus contenedores a granel para: Mover cargas \u00fatiles mayores. Usar menos contenedores por pedido. Reducir dr\u00e1sticamente el total de los costos de env\u00edo. &nbsp; Caracter\u00edsticas: Se asegura directamente al contenedor en el remolque, no es necesario utilizar contenedores o equipos especiales. Disponibilidad de sistema de sujeci\u00f3n manual [&hellip;]\" \/>\n<meta property=\"og:url\" content=\"https:\/\/www.generalkinematics.com\/es\/producto\/densificador-de-contenedores-de-transporte-vibra-pack\/\" \/>\n<meta property=\"og:site_name\" content=\"General Kinematics\" \/>\n<meta property=\"article:publisher\" content=\"https:\/\/www.facebook.com\/generalkinematics\" \/>\n<meta property=\"article:modified_time\" content=\"2018-08-31T21:19:15+00:00\" \/>\n<meta property=\"og:image\" content=\"https:\/\/media.generalkinematics.com\/wp-content\/uploads\/2015\/05\/vibra-pack-installation.jpg\" \/>\n\t<meta property=\"og:image:width\" content=\"1216\" \/>\n\t<meta property=\"og:image:height\" content=\"816\" \/>\n\t<meta property=\"og:image:type\" content=\"image\/jpeg\" \/>\n<meta name=\"twitter:card\" content=\"summary_large_image\" \/>\n<meta name=\"twitter:site\" content=\"@gkvibrating\" \/>\n<!-- \/ Yoast SEO plugin. -->","yoast_head_json":{"title":"Densificador de contenedores de transporte VIBRA-PACK\u00ae | General Kinematics","robots":{"index":"index","follow":"follow","max-snippet":"max-snippet:-1","max-image-preview":"max-image-preview:large","max-video-preview":"max-video-preview:-1"},"canonical":"https:\/\/www.generalkinematics.com\/es\/producto\/densificador-de-contenedores-de-transporte-vibra-pack\/","og_locale":"es_ES","og_type":"article","og_title":"Densificador de contenedores de transporte VIBRA-PACK\u00ae | General Kinematics","og_description":"El densificador VIBRA-PACK\u00ae llena todo el volumen de sus contenedores a granel para: Mover cargas \u00fatiles mayores. Usar menos contenedores por pedido. Reducir dr\u00e1sticamente el total de los costos de env\u00edo. &nbsp; Caracter\u00edsticas: Se asegura directamente al contenedor en el remolque, no es necesario utilizar contenedores o equipos especiales. Disponibilidad de sistema de sujeci\u00f3n manual [&hellip;]","og_url":"https:\/\/www.generalkinematics.com\/es\/producto\/densificador-de-contenedores-de-transporte-vibra-pack\/","og_site_name":"General Kinematics","article_publisher":"https:\/\/www.facebook.com\/generalkinematics","article_modified_time":"2018-08-31T21:19:15+00:00","og_image":[{"width":1216,"height":816,"url":"https:\/\/media.generalkinematics.com\/wp-content\/uploads\/2015\/05\/vibra-pack-installation.jpg","type":"image\/jpeg"}],"twitter_card":"summary_large_image","twitter_site":"@gkvibrating","schema":{"@context":"https:\/\/schema.org","@graph":[{"@type":"WebPage","@id":"https:\/\/www.generalkinematics.com\/es\/producto\/densificador-de-contenedores-de-transporte-vibra-pack\/","url":"https:\/\/www.generalkinematics.com\/es\/producto\/densificador-de-contenedores-de-transporte-vibra-pack\/","name":"Densificador de contenedores de transporte VIBRA-PACK\u00ae | General Kinematics","isPartOf":{"@id":"https:\/\/www.generalkinematics.com\/es\/#website"},"primaryImageOfPage":{"@id":"https:\/\/www.generalkinematics.com\/es\/producto\/densificador-de-contenedores-de-transporte-vibra-pack\/#primaryimage"},"image":{"@id":"https:\/\/www.generalkinematics.com\/es\/producto\/densificador-de-contenedores-de-transporte-vibra-pack\/#primaryimage"},"thumbnailUrl":"https:\/\/media.generalkinematics.com\/wp-content\/uploads\/2015\/05\/vibra-pack-installation.jpg","datePublished":"2015-05-12T13:06:13+00:00","dateModified":"2018-08-31T21:19:15+00:00","breadcrumb":{"@id":"https:\/\/www.generalkinematics.com\/es\/producto\/densificador-de-contenedores-de-transporte-vibra-pack\/#breadcrumb"},"inLanguage":"es","potentialAction":[{"@type":"ReadAction","target":["https:\/\/www.generalkinematics.com\/es\/producto\/densificador-de-contenedores-de-transporte-vibra-pack\/"]}]},{"@type":"ImageObject","inLanguage":"es","@id":"https:\/\/www.generalkinematics.com\/es\/producto\/densificador-de-contenedores-de-transporte-vibra-pack\/#primaryimage","url":"https:\/\/media.generalkinematics.com\/wp-content\/uploads\/2015\/05\/vibra-pack-installation.jpg","contentUrl":"https:\/\/media.generalkinematics.com\/wp-content\/uploads\/2015\/05\/vibra-pack-installation.jpg","width":1216,"height":816,"caption":"general-kinematics-vibra-pack-installation"},{"@type":"BreadcrumbList","@id":"https:\/\/www.generalkinematics.com\/es\/producto\/densificador-de-contenedores-de-transporte-vibra-pack\/#breadcrumb","itemListElement":[{"@type":"ListItem","position":1,"name":"GK Home","item":"https:\/\/www.generalkinematics.com\/es\/"},{"@type":"ListItem","position":2,"name":"Shop","item":"https:\/\/www.generalkinematics.com\/shop\/"},{"@type":"ListItem","position":3,"name":"Densificador de contenedores de transporte VIBRA-PACK\u00ae"}]},{"@type":"WebSite","@id":"https:\/\/www.generalkinematics.com\/es\/#website","url":"https:\/\/www.generalkinematics.com\/es\/","name":"General Kinematics","description":"","publisher":{"@id":"https:\/\/www.generalkinematics.com\/es\/#organization"},"potentialAction":[{"@type":"SearchAction","target":{"@type":"EntryPoint","urlTemplate":"https:\/\/www.generalkinematics.com\/es\/?s={search_term_string}"},"query-input":{"@type":"PropertyValueSpecification","valueRequired":true,"valueName":"search_term_string"}}],"inLanguage":"es"},{"@type":"Organization","@id":"https:\/\/www.generalkinematics.com\/es\/#organization","name":"General Kinematics","url":"https:\/\/www.generalkinematics.com\/es\/","logo":{"@type":"ImageObject","inLanguage":"es","@id":"https:\/\/www.generalkinematics.com\/es\/#\/schema\/logo\/image\/","url":"https:\/\/media.generalkinematics.com\/wp-content\/uploads\/2018\/03\/logo.png","contentUrl":"https:\/\/media.generalkinematics.com\/wp-content\/uploads\/2018\/03\/logo.png","width":313,"height":100,"caption":"General Kinematics"},"image":{"@id":"https:\/\/www.generalkinematics.com\/es\/#\/schema\/logo\/image\/"},"sameAs":["https:\/\/www.facebook.com\/generalkinematics","https:\/\/x.com\/gkvibrating"]}]}},"_links":{"self":[{"href":"https:\/\/www.generalkinematics.com\/es\/wp-json\/wp\/v2\/product\/36535","targetHints":{"allow":["GET"]}}],"collection":[{"href":"https:\/\/www.generalkinematics.com\/es\/wp-json\/wp\/v2\/product"}],"about":[{"href":"https:\/\/www.generalkinematics.com\/es\/wp-json\/wp\/v2\/types\/product"}],"replies":[{"embeddable":true,"href":"https:\/\/www.generalkinematics.com\/es\/wp-json\/wp\/v2\/comments?post=36535"}],"wp:featuredmedia":[{"embeddable":true,"href":"https:\/\/www.generalkinematics.com\/es\/wp-json\/wp\/v2\/media\/25328"}],"wp:attachment":[{"href":"https:\/\/www.generalkinematics.com\/es\/wp-json\/wp\/v2\/media?parent=36535"}],"wp:term":[{"taxonomy":"product_brand","embeddable":true,"href":"https:\/\/www.generalkinematics.com\/es\/wp-json\/wp\/v2\/product_brand?post=36535"},{"taxonomy":"product_cat","embeddable":true,"href":"https:\/\/www.generalkinematics.com\/es\/wp-json\/wp\/v2\/product_cat?post=36535"},{"taxonomy":"product_tag","embeddable":true,"href":"https:\/\/www.generalkinematics.com\/es\/wp-json\/wp\/v2\/product_tag?post=36535"}],"curies":[{"name":"wp","href":"https:\/\/api.w.org\/{rel}","templated":true}]}}