{"id":36555,"date":"2015-05-12T08:21:26","date_gmt":"2015-05-12T13:21:26","guid":{"rendered":"https:\/\/www.generalkinematics.com\/product\/mesas-de-compactacion\/"},"modified":"2018-08-31T16:14:20","modified_gmt":"2018-08-31T21:14:20","slug":"gk-compaction-table","status":"publish","type":"product","link":"https:\/\/www.generalkinematics.com\/es\/producto\/gk-compaction-table\/","title":{"rendered":"Mesas de compactaci\u00f3n"},"content":{"rendered":"<p>La agitaci\u00f3n controlada constante producida por las <strong>mesas de compactaci\u00f3n<\/strong> vibratorias de General Kinematics optimizan la densificaci\u00f3n del producto para eliminar el asentamiento durante el transporte. Las mesas de compactaci\u00f3n vibratorias est\u00e1n disponibles en una gran variedad de tama\u00f1os con diferentes caracter\u00edsticas de control y operaci\u00f3n, configuradas para sus necesidades espec\u00edficas en cuanto a productos y procesos<\/p>\n<h2>Caracter\u00edsticas:<\/h2>\n<ul>\n<li>Sistemas de bajo perfil, compactos y de una sola masa, ideales para utilizar con las l\u00edneas de cintas transportadoras de rodillos.<\/li>\n<li>Las mesas rugosas de doble masa pueden compactar cargas de hasta 50 toneladas con menos de 10 caballos de fuerza.<\/li>\n<li>Disponen de una funci\u00f3n de detecci\u00f3n de carga para compensar autom\u00e1ticamente las variaciones de peso del producto.<\/li>\n<li>Motores y sistema de transmisi\u00f3n totalmente sellados para minimizar el mantenimiento.<\/li>\n<\/ul>\n","protected":false},"excerpt":{"rendered":"<p>La agitaci\u00f3n controlada constante producida por las mesas de compactaci\u00f3n vibratorias de General Kinematics optimizan la densificaci\u00f3n del producto para eliminar el asentamiento durante el transporte. Las mesas de compactaci\u00f3n vibratorias est\u00e1n disponibles en una gran variedad de tama\u00f1os con diferentes caracter\u00edsticas de control y operaci\u00f3n, configuradas para sus necesidades espec\u00edficas en cuanto a productos [&hellip;]<\/p>\n","protected":false},"featured_media":23220,"comment_status":"closed","ping_status":"closed","template":"","meta":{"_acf_changed":false,"om_disable_all_campaigns":false,"ep_exclude_from_search":false},"product_brand":[],"product_cat":[1833,1831],"product_tag":[],"class_list":{"0":"post-36555","1":"product","2":"type-product","3":"status-publish","4":"has-post-thumbnail","6":"product_cat-equipo-de-embalaje-y-envio","7":"product_cat-soluciones-de-procesamiento-a-granel","9":"first","10":"instock","11":"taxable","12":"shipping-taxable","13":"product-type-simple"},"acf":[],"yoast_head":"<!-- This site is optimized with the Yoast SEO plugin v27.2 - https:\/\/yoast.com\/product\/yoast-seo-wordpress\/ -->\n<title>Mesas de compactaci\u00f3n | General Kinematics<\/title>\n<meta name=\"robots\" content=\"index, follow, max-snippet:-1, max-image-preview:large, max-video-preview:-1\" \/>\n<link rel=\"canonical\" href=\"https:\/\/www.generalkinematics.com\/es\/producto\/gk-compaction-table\/\" \/>\n<meta property=\"og:locale\" content=\"es_ES\" \/>\n<meta property=\"og:type\" content=\"article\" \/>\n<meta property=\"og:title\" content=\"Mesas de compactaci\u00f3n | General Kinematics\" \/>\n<meta property=\"og:description\" content=\"La agitaci\u00f3n controlada constante producida por las mesas de compactaci\u00f3n vibratorias de General Kinematics optimizan la densificaci\u00f3n del producto para eliminar el asentamiento durante el transporte. Las mesas de compactaci\u00f3n vibratorias est\u00e1n disponibles en una gran variedad de tama\u00f1os con diferentes caracter\u00edsticas de control y operaci\u00f3n, configuradas para sus necesidades espec\u00edficas en cuanto a productos [&hellip;]\" \/>\n<meta property=\"og:url\" content=\"https:\/\/www.generalkinematics.com\/es\/producto\/gk-compaction-table\/\" \/>\n<meta property=\"og:site_name\" content=\"General Kinematics\" \/>\n<meta property=\"article:publisher\" content=\"https:\/\/www.facebook.com\/generalkinematics\" \/>\n<meta property=\"article:modified_time\" content=\"2018-08-31T21:14:20+00:00\" \/>\n<meta property=\"og:image\" content=\"https:\/\/media.generalkinematics.com\/wp-content\/uploads\/2015\/05\/Vulcan-Mercury-compaction-table-3.jpg\" \/>\n\t<meta property=\"og:image:width\" content=\"640\" \/>\n\t<meta property=\"og:image:height\" content=\"480\" \/>\n\t<meta property=\"og:image:type\" content=\"image\/jpeg\" \/>\n<meta name=\"twitter:card\" content=\"summary_large_image\" \/>\n<meta name=\"twitter:site\" content=\"@gkvibrating\" \/>\n<meta name=\"twitter:label1\" content=\"Tiempo de lectura\" \/>\n\t<meta name=\"twitter:data1\" content=\"1 minuto\" \/>\n<!-- \/ Yoast SEO plugin. -->","yoast_head_json":{"title":"Mesas de compactaci\u00f3n | General Kinematics","robots":{"index":"index","follow":"follow","max-snippet":"max-snippet:-1","max-image-preview":"max-image-preview:large","max-video-preview":"max-video-preview:-1"},"canonical":"https:\/\/www.generalkinematics.com\/es\/producto\/gk-compaction-table\/","og_locale":"es_ES","og_type":"article","og_title":"Mesas de compactaci\u00f3n | General Kinematics","og_description":"La agitaci\u00f3n controlada constante producida por las mesas de compactaci\u00f3n vibratorias de General Kinematics optimizan la densificaci\u00f3n del producto para eliminar el asentamiento durante el transporte. Las mesas de compactaci\u00f3n vibratorias est\u00e1n disponibles en una gran variedad de tama\u00f1os con diferentes caracter\u00edsticas de control y operaci\u00f3n, configuradas para sus necesidades espec\u00edficas en cuanto a productos [&hellip;]","og_url":"https:\/\/www.generalkinematics.com\/es\/producto\/gk-compaction-table\/","og_site_name":"General Kinematics","article_publisher":"https:\/\/www.facebook.com\/generalkinematics","article_modified_time":"2018-08-31T21:14:20+00:00","og_image":[{"width":640,"height":480,"url":"https:\/\/media.generalkinematics.com\/wp-content\/uploads\/2015\/05\/Vulcan-Mercury-compaction-table-3.jpg","type":"image\/jpeg"}],"twitter_card":"summary_large_image","twitter_site":"@gkvibrating","twitter_misc":{"Tiempo de lectura":"1 minuto"},"schema":{"@context":"https:\/\/schema.org","@graph":[{"@type":"WebPage","@id":"https:\/\/www.generalkinematics.com\/es\/producto\/gk-compaction-table\/","url":"https:\/\/www.generalkinematics.com\/es\/producto\/gk-compaction-table\/","name":"Mesas de compactaci\u00f3n | General Kinematics","isPartOf":{"@id":"https:\/\/www.generalkinematics.com\/es\/#website"},"primaryImageOfPage":{"@id":"https:\/\/www.generalkinematics.com\/es\/producto\/gk-compaction-table\/#primaryimage"},"image":{"@id":"https:\/\/www.generalkinematics.com\/es\/producto\/gk-compaction-table\/#primaryimage"},"thumbnailUrl":"https:\/\/media.generalkinematics.com\/wp-content\/uploads\/2015\/05\/Vulcan-Mercury-compaction-table-3.jpg","datePublished":"2015-05-12T13:21:26+00:00","dateModified":"2018-08-31T21:14:20+00:00","breadcrumb":{"@id":"https:\/\/www.generalkinematics.com\/es\/producto\/gk-compaction-table\/#breadcrumb"},"inLanguage":"es","potentialAction":[{"@type":"ReadAction","target":["https:\/\/www.generalkinematics.com\/es\/producto\/gk-compaction-table\/"]}]},{"@type":"ImageObject","inLanguage":"es","@id":"https:\/\/www.generalkinematics.com\/es\/producto\/gk-compaction-table\/#primaryimage","url":"https:\/\/media.generalkinematics.com\/wp-content\/uploads\/2015\/05\/Vulcan-Mercury-compaction-table-3.jpg","contentUrl":"https:\/\/media.generalkinematics.com\/wp-content\/uploads\/2015\/05\/Vulcan-Mercury-compaction-table-3.jpg","width":640,"height":480,"caption":"general-kinematics-compaction-table"},{"@type":"BreadcrumbList","@id":"https:\/\/www.generalkinematics.com\/es\/producto\/gk-compaction-table\/#breadcrumb","itemListElement":[{"@type":"ListItem","position":1,"name":"GK Home","item":"https:\/\/www.generalkinematics.com\/es\/"},{"@type":"ListItem","position":2,"name":"Shop","item":"https:\/\/www.generalkinematics.com\/shop\/"},{"@type":"ListItem","position":3,"name":"Mesas de compactaci\u00f3n"}]},{"@type":"WebSite","@id":"https:\/\/www.generalkinematics.com\/es\/#website","url":"https:\/\/www.generalkinematics.com\/es\/","name":"General Kinematics","description":"","publisher":{"@id":"https:\/\/www.generalkinematics.com\/es\/#organization"},"potentialAction":[{"@type":"SearchAction","target":{"@type":"EntryPoint","urlTemplate":"https:\/\/www.generalkinematics.com\/es\/?s={search_term_string}"},"query-input":{"@type":"PropertyValueSpecification","valueRequired":true,"valueName":"search_term_string"}}],"inLanguage":"es"},{"@type":"Organization","@id":"https:\/\/www.generalkinematics.com\/es\/#organization","name":"General Kinematics","url":"https:\/\/www.generalkinematics.com\/es\/","logo":{"@type":"ImageObject","inLanguage":"es","@id":"https:\/\/www.generalkinematics.com\/es\/#\/schema\/logo\/image\/","url":"https:\/\/media.generalkinematics.com\/wp-content\/uploads\/2018\/03\/logo.png","contentUrl":"https:\/\/media.generalkinematics.com\/wp-content\/uploads\/2018\/03\/logo.png","width":313,"height":100,"caption":"General Kinematics"},"image":{"@id":"https:\/\/www.generalkinematics.com\/es\/#\/schema\/logo\/image\/"},"sameAs":["https:\/\/www.facebook.com\/generalkinematics","https:\/\/x.com\/gkvibrating"]}]}},"_links":{"self":[{"href":"https:\/\/www.generalkinematics.com\/es\/wp-json\/wp\/v2\/product\/36555","targetHints":{"allow":["GET"]}}],"collection":[{"href":"https:\/\/www.generalkinematics.com\/es\/wp-json\/wp\/v2\/product"}],"about":[{"href":"https:\/\/www.generalkinematics.com\/es\/wp-json\/wp\/v2\/types\/product"}],"replies":[{"embeddable":true,"href":"https:\/\/www.generalkinematics.com\/es\/wp-json\/wp\/v2\/comments?post=36555"}],"wp:featuredmedia":[{"embeddable":true,"href":"https:\/\/www.generalkinematics.com\/es\/wp-json\/wp\/v2\/media\/23220"}],"wp:attachment":[{"href":"https:\/\/www.generalkinematics.com\/es\/wp-json\/wp\/v2\/media?parent=36555"}],"wp:term":[{"taxonomy":"product_brand","embeddable":true,"href":"https:\/\/www.generalkinematics.com\/es\/wp-json\/wp\/v2\/product_brand?post=36555"},{"taxonomy":"product_cat","embeddable":true,"href":"https:\/\/www.generalkinematics.com\/es\/wp-json\/wp\/v2\/product_cat?post=36555"},{"taxonomy":"product_tag","embeddable":true,"href":"https:\/\/www.generalkinematics.com\/es\/wp-json\/wp\/v2\/product_tag?post=36555"}],"curies":[{"name":"wp","href":"https:\/\/api.w.org\/{rel}","templated":true}]}}