{"id":36559,"date":"2015-05-12T08:26:53","date_gmt":"2015-05-12T13:26:53","guid":{"rendered":"https:\/\/www.generalkinematics.com\/product\/cinta-transportadora-de-banda-vibratoria-vibra-belt\/"},"modified":"2018-08-31T07:50:23","modified_gmt":"2018-08-31T12:50:23","slug":"cinta-transportadora-de-banda-vibratoria-vibra-belt","status":"publish","type":"product","link":"https:\/\/www.generalkinematics.com\/es\/producto\/cinta-transportadora-de-banda-vibratoria-vibra-belt\/","title":{"rendered":"Cinta transportadora de banda vibratoria VIBRA-BELT\u00ae"},"content":{"rendered":"<p>Las <strong>cintas transportadoras de banda vibratoria VIBRA-BELT\u00ae <\/strong> combinan las mejores caracter\u00edsticas de las cintas transportadoras vibratorias y las cintas transportadoras de banda en un solo concepto superior de manipulaci\u00f3n de materiales.<\/p>\n<p>La cinta transportadora de banda vibratoria VIBRA-BELT\u00ae tiene una bandeja flexible suspendida entre los lados de una bandeja equipada con la transmisi\u00f3n comprobada de la cinta transportadora vibratoria y los componentes del sistema reactivo de General Kinematics. El resultado es un sistema mejorado de cinta transportadora de banda, adaptable a una variedad de materiales y condiciones de operaci\u00f3n, que incorpora la confiabilidad y la limpieza incomparables del equipo vibratorio.<\/p>\n<p>La superficie de transporte flexible puede fabricarse en varios materiales, incluido el acero inoxidable, para manipular correctamente materiales calientes, pegajosos, fr\u00e1giles u otros materiales de \u00abdif\u00edcil manipulaci\u00f3n\u00bb. Las unidades VIBRA-BELT\u00ae est\u00e1n disponibles en longitudes de hasta 300 pies y en anchuras variables, seg\u00fan la aplicaci\u00f3n.<\/p>\n<h2>Caracter\u00edsticas:<\/h2>\n<ul>\n<li>Ideales para materiales que tienden a adherirse a la superficie de la bandeja met\u00e1lica, dado que el movimiento vibratorio flexiona la bandeja suspendida y, por consiguiente, se evita la acumulaci\u00f3n de material.<\/li>\n<li>El dise\u00f1o compacto y de bajo perfil se adapta a lugares donde otras cintas transportadoras no pueden instalarse.<\/li>\n<li>No hay problemas de formaci\u00f3n de marcas en la banda ni rodillos de gu\u00eda que haya que lubricar y mantener. Solo una \u00fanica transmisi\u00f3n exc\u00e9ntrica de la cinta transportadora vibratoria necesita lubricaci\u00f3n peri\u00f3dica.<\/li>\n<li>Las velocidades de desplazamiento del material en la cinta transportadora pueden ser fijas o ajustables.<\/li>\n<li>Disponible en construcci\u00f3n herm\u00e9tica al polvo y ventilada.<\/li>\n<\/ul>\n","protected":false},"excerpt":{"rendered":"<p>Las cintas transportadoras de banda vibratoria VIBRA-BELT\u00ae combinan las mejores caracter\u00edsticas de las cintas transportadoras vibratorias y las cintas transportadoras de banda en un solo concepto superior de manipulaci\u00f3n de materiales. La cinta transportadora de banda vibratoria VIBRA-BELT\u00ae tiene una bandeja flexible suspendida entre los lados de una bandeja equipada con la transmisi\u00f3n comprobada de [&hellip;]<\/p>\n","protected":false},"featured_media":25296,"comment_status":"closed","ping_status":"closed","template":"","meta":{"_acf_changed":false,"om_disable_all_campaigns":false,"ep_exclude_from_search":false},"product_brand":[],"product_cat":[1836,1851,1852,1849,1839,1831],"product_tag":[],"class_list":{"0":"post-36559","1":"product","2":"type-product","3":"status-publish","4":"has-post-thumbnail","6":"product_cat-cribas-vibratorios","7":"product_cat-equipos-de-transporte-y-cribado-de-arena","8":"product_cat-procesamiento-manejo-de-arena","9":"product_cat-sistemas-de-arena-recuperacion","10":"product_cat-soluciones-de-fundicion-y-metalcasting","11":"product_cat-soluciones-de-procesamiento-a-granel","13":"first","14":"instock","15":"taxable","16":"shipping-taxable","17":"product-type-simple"},"acf":[],"yoast_head":"<!-- This site is optimized with the Yoast SEO plugin v27.2 - https:\/\/yoast.com\/product\/yoast-seo-wordpress\/ -->\n<title>Cinta transportadora de banda vibratoria VIBRA-BELT\u00ae | General Kinematics<\/title>\n<meta name=\"robots\" content=\"index, follow, max-snippet:-1, max-image-preview:large, max-video-preview:-1\" \/>\n<link rel=\"canonical\" href=\"https:\/\/www.generalkinematics.com\/es\/producto\/cinta-transportadora-de-banda-vibratoria-vibra-belt\/\" \/>\n<meta property=\"og:locale\" content=\"es_ES\" \/>\n<meta property=\"og:type\" content=\"article\" \/>\n<meta property=\"og:title\" content=\"Cinta transportadora de banda vibratoria VIBRA-BELT\u00ae | General Kinematics\" \/>\n<meta property=\"og:description\" content=\"Las cintas transportadoras de banda vibratoria VIBRA-BELT\u00ae combinan las mejores caracter\u00edsticas de las cintas transportadoras vibratorias y las cintas transportadoras de banda en un solo concepto superior de manipulaci\u00f3n de materiales. La cinta transportadora de banda vibratoria VIBRA-BELT\u00ae tiene una bandeja flexible suspendida entre los lados de una bandeja equipada con la transmisi\u00f3n comprobada de [&hellip;]\" \/>\n<meta property=\"og:url\" content=\"https:\/\/www.generalkinematics.com\/es\/producto\/cinta-transportadora-de-banda-vibratoria-vibra-belt\/\" \/>\n<meta property=\"og:site_name\" content=\"General Kinematics\" \/>\n<meta property=\"article:publisher\" content=\"https:\/\/www.facebook.com\/generalkinematics\" \/>\n<meta property=\"article:modified_time\" content=\"2018-08-31T12:50:23+00:00\" \/>\n<meta property=\"og:image\" content=\"https:\/\/www.generalkinematics.com\/wp-content\/uploads\/2015\/05\/Vibra-Belt-conveyors.jpg\" \/>\n\t<meta property=\"og:image:width\" content=\"1557\" \/>\n\t<meta property=\"og:image:height\" content=\"1024\" \/>\n\t<meta property=\"og:image:type\" content=\"image\/jpeg\" \/>\n<meta name=\"twitter:card\" content=\"summary_large_image\" \/>\n<meta name=\"twitter:site\" content=\"@gkvibrating\" \/>\n<meta name=\"twitter:label1\" content=\"Tiempo de lectura\" \/>\n\t<meta name=\"twitter:data1\" content=\"1 minuto\" \/>\n<!-- \/ Yoast SEO plugin. -->","yoast_head_json":{"title":"Cinta transportadora de banda vibratoria VIBRA-BELT\u00ae | General Kinematics","robots":{"index":"index","follow":"follow","max-snippet":"max-snippet:-1","max-image-preview":"max-image-preview:large","max-video-preview":"max-video-preview:-1"},"canonical":"https:\/\/www.generalkinematics.com\/es\/producto\/cinta-transportadora-de-banda-vibratoria-vibra-belt\/","og_locale":"es_ES","og_type":"article","og_title":"Cinta transportadora de banda vibratoria VIBRA-BELT\u00ae | General Kinematics","og_description":"Las cintas transportadoras de banda vibratoria VIBRA-BELT\u00ae combinan las mejores caracter\u00edsticas de las cintas transportadoras vibratorias y las cintas transportadoras de banda en un solo concepto superior de manipulaci\u00f3n de materiales. La cinta transportadora de banda vibratoria VIBRA-BELT\u00ae tiene una bandeja flexible suspendida entre los lados de una bandeja equipada con la transmisi\u00f3n comprobada de [&hellip;]","og_url":"https:\/\/www.generalkinematics.com\/es\/producto\/cinta-transportadora-de-banda-vibratoria-vibra-belt\/","og_site_name":"General Kinematics","article_publisher":"https:\/\/www.facebook.com\/generalkinematics","article_modified_time":"2018-08-31T12:50:23+00:00","og_image":[{"width":1557,"height":1024,"url":"https:\/\/www.generalkinematics.com\/wp-content\/uploads\/2015\/05\/Vibra-Belt-conveyors.jpg","type":"image\/jpeg"}],"twitter_card":"summary_large_image","twitter_site":"@gkvibrating","twitter_misc":{"Tiempo de lectura":"1 minuto"},"schema":{"@context":"https:\/\/schema.org","@graph":[{"@type":"WebPage","@id":"https:\/\/www.generalkinematics.com\/es\/producto\/cinta-transportadora-de-banda-vibratoria-vibra-belt\/","url":"https:\/\/www.generalkinematics.com\/es\/producto\/cinta-transportadora-de-banda-vibratoria-vibra-belt\/","name":"Cinta transportadora de banda vibratoria VIBRA-BELT\u00ae | General Kinematics","isPartOf":{"@id":"https:\/\/www.generalkinematics.com\/es\/#website"},"primaryImageOfPage":{"@id":"https:\/\/www.generalkinematics.com\/es\/producto\/cinta-transportadora-de-banda-vibratoria-vibra-belt\/#primaryimage"},"image":{"@id":"https:\/\/www.generalkinematics.com\/es\/producto\/cinta-transportadora-de-banda-vibratoria-vibra-belt\/#primaryimage"},"thumbnailUrl":"https:\/\/media.generalkinematics.com\/wp-content\/uploads\/2015\/05\/Vibra-Belt-conveyors.jpg","datePublished":"2015-05-12T13:26:53+00:00","dateModified":"2018-08-31T12:50:23+00:00","breadcrumb":{"@id":"https:\/\/www.generalkinematics.com\/es\/producto\/cinta-transportadora-de-banda-vibratoria-vibra-belt\/#breadcrumb"},"inLanguage":"es","potentialAction":[{"@type":"ReadAction","target":["https:\/\/www.generalkinematics.com\/es\/producto\/cinta-transportadora-de-banda-vibratoria-vibra-belt\/"]}]},{"@type":"ImageObject","inLanguage":"es","@id":"https:\/\/www.generalkinematics.com\/es\/producto\/cinta-transportadora-de-banda-vibratoria-vibra-belt\/#primaryimage","url":"https:\/\/media.generalkinematics.com\/wp-content\/uploads\/2015\/05\/Vibra-Belt-conveyors.jpg","contentUrl":"https:\/\/media.generalkinematics.com\/wp-content\/uploads\/2015\/05\/Vibra-Belt-conveyors.jpg","width":2043,"height":1344,"caption":"general-kinematics-vibra-belt-conveyor"},{"@type":"BreadcrumbList","@id":"https:\/\/www.generalkinematics.com\/es\/producto\/cinta-transportadora-de-banda-vibratoria-vibra-belt\/#breadcrumb","itemListElement":[{"@type":"ListItem","position":1,"name":"GK Home","item":"https:\/\/www.generalkinematics.com\/es\/"},{"@type":"ListItem","position":2,"name":"Shop","item":"https:\/\/www.generalkinematics.com\/shop\/"},{"@type":"ListItem","position":3,"name":"Cinta transportadora de banda vibratoria VIBRA-BELT\u00ae"}]},{"@type":"WebSite","@id":"https:\/\/www.generalkinematics.com\/es\/#website","url":"https:\/\/www.generalkinematics.com\/es\/","name":"General Kinematics","description":"","publisher":{"@id":"https:\/\/www.generalkinematics.com\/es\/#organization"},"potentialAction":[{"@type":"SearchAction","target":{"@type":"EntryPoint","urlTemplate":"https:\/\/www.generalkinematics.com\/es\/?s={search_term_string}"},"query-input":{"@type":"PropertyValueSpecification","valueRequired":true,"valueName":"search_term_string"}}],"inLanguage":"es"},{"@type":"Organization","@id":"https:\/\/www.generalkinematics.com\/es\/#organization","name":"General Kinematics","url":"https:\/\/www.generalkinematics.com\/es\/","logo":{"@type":"ImageObject","inLanguage":"es","@id":"https:\/\/www.generalkinematics.com\/es\/#\/schema\/logo\/image\/","url":"https:\/\/media.generalkinematics.com\/wp-content\/uploads\/2018\/03\/logo.png","contentUrl":"https:\/\/media.generalkinematics.com\/wp-content\/uploads\/2018\/03\/logo.png","width":313,"height":100,"caption":"General Kinematics"},"image":{"@id":"https:\/\/www.generalkinematics.com\/es\/#\/schema\/logo\/image\/"},"sameAs":["https:\/\/www.facebook.com\/generalkinematics","https:\/\/x.com\/gkvibrating"]}]}},"_links":{"self":[{"href":"https:\/\/www.generalkinematics.com\/es\/wp-json\/wp\/v2\/product\/36559","targetHints":{"allow":["GET"]}}],"collection":[{"href":"https:\/\/www.generalkinematics.com\/es\/wp-json\/wp\/v2\/product"}],"about":[{"href":"https:\/\/www.generalkinematics.com\/es\/wp-json\/wp\/v2\/types\/product"}],"replies":[{"embeddable":true,"href":"https:\/\/www.generalkinematics.com\/es\/wp-json\/wp\/v2\/comments?post=36559"}],"wp:featuredmedia":[{"embeddable":true,"href":"https:\/\/www.generalkinematics.com\/es\/wp-json\/wp\/v2\/media\/25296"}],"wp:attachment":[{"href":"https:\/\/www.generalkinematics.com\/es\/wp-json\/wp\/v2\/media?parent=36559"}],"wp:term":[{"taxonomy":"product_brand","embeddable":true,"href":"https:\/\/www.generalkinematics.com\/es\/wp-json\/wp\/v2\/product_brand?post=36559"},{"taxonomy":"product_cat","embeddable":true,"href":"https:\/\/www.generalkinematics.com\/es\/wp-json\/wp\/v2\/product_cat?post=36559"},{"taxonomy":"product_tag","embeddable":true,"href":"https:\/\/www.generalkinematics.com\/es\/wp-json\/wp\/v2\/product_tag?post=36559"}],"curies":[{"name":"wp","href":"https:\/\/api.w.org\/{rel}","templated":true}]}}