{"id":36569,"date":"2015-05-12T08:35:42","date_gmt":"2015-05-12T13:35:42","guid":{"rendered":"https:\/\/www.generalkinematics.com\/product\/clasificador-neumatico-de-stoner-de-una-sola-cuchilla\/"},"modified":"2018-08-30T00:32:39","modified_gmt":"2018-08-30T05:32:39","slug":"destoner-air-classifier-2","status":"publish","type":"product","link":"https:\/\/www.generalkinematics.com\/es\/producto\/destoner-air-classifier-2\/","title":{"rendered":"Clasificador neum\u00e1tico DE-STONER\u00ae de una sola cuchilla"},"content":{"rendered":"<p>El clasificador neum\u00e1tico <strong>DE-STONER\u00ae de una sola cuchilla<\/strong> de GK es un dise\u00f1o plenamente comprobado que funciona de manera eficiente en muchas aplicaciones de separaci\u00f3n que exigen alto desempe\u00f1o. Es el \u00fanico sistema de clasificaci\u00f3n en seco capaz de manejar vol\u00famenes de producci\u00f3n altos y continuos.<\/p>\n<p>El sistema completamente seco elimina el manejo de agua y otros problemas asociados con los sistemas \u00abh\u00famedos\u00bb y adem\u00e1s puede procesar f\u00e1cilmente materiales h\u00famedos.<\/p>\n<p>La acci\u00f3n vibratoria y las corrientes de aire de alta velocidad y baja presi\u00f3n fluidizan y estratifican el material seg\u00fan la diferencia en la velocidad l\u00edmite de las part\u00edculas para eliminar los elementos pesados como vidrio, metales, piedras, suciedad, etc.<\/p>\n<p><u><strong>C\u00f3mo funciona<\/strong><\/u><\/p>\n<p>1. La acci\u00f3n vibratoria mueve el material, con el asentamiento del material de alta densidad al fondo de la bandeja.<\/p>\n<p>2. La secci\u00f3n de separaci\u00f3n de part\u00edculas finas (opcional) retira las part\u00edculas de menor tama\u00f1o como el vidrio roto o la suciedad antes de llegar al fluidizador neum\u00e1tico.<\/p>\n<p>3. La secci\u00f3n de fluidizaci\u00f3n neum\u00e1tica facilita la estratificaci\u00f3n del material.<\/p>\n<p>4. El chorro de aire de alta velocidad y baja presi\u00f3n se orienta hacia el flujo de material.<\/p>\n<p>5. El material se conduce hacia el chorro de aire. Los materiales m\u00e1s pesados caen a trav\u00e9s del chorro de aire en el canal de descarga.<\/p>\n<p>6. El material de densidad marginal queda atrapado en la placa de inclinaci\u00f3n ajustable y vuelve a caer en el canal de descarga.<\/p>\n<p>7. Los materiales m\u00e1s livianos que son aceptables se trasladan m\u00e1s all\u00e1 de la placa y van a la descarga del producto.<\/p>\n<p>8. Los materiales ultralivianos o de pel\u00edcula delgada, como papel y pel\u00edcula pl\u00e1stica, se retiran a trav\u00e9s del escape de aire en la descarga que est\u00e1 sobre la campana estacionaria.<\/p>\n<h2>Las aplicaciones de separaci\u00f3n y clasificaci\u00f3n eficaz incluyen:<\/h2>\n<ul>\n<li style=\"list-style-type: none;\">\n<ul>\n<li>Materiales combinados<\/li>\n<li>Materiales de construcci\u00f3n y demolici\u00f3n (CyD)<\/li>\n<li>Residuos s\u00f3lidos urbanos (RSU) desmenuzados<\/li>\n<li>Desecho ligero de autom\u00f3viles chatarrizados<\/li>\n<li>Combustible de biomasa<\/li>\n<li>Combustible derivado de residuos (CDR)<\/li>\n<\/ul>\n<\/li>\n<\/ul>\n<p>&nbsp;<\/p>\n<h2>Caracter\u00edsticas:<\/h2>\n<ul>\n<li style=\"list-style-type: none;\">\n<ul>\n<li>El sistema DE-STONER\u00ae usa aire en lugar de agua para separar el producto pesado del liviano, eliminando as\u00ed la suciedad y los riesgos ambientales que crea el proceso de separaci\u00f3n por agua.<\/li>\n<li>Ajustable para obtener diferentes grados de separaci\u00f3n. Adaptable para una amplia variedad de productos.<\/li>\n<li>Separa materiales de densidades diversas o de densidades iguales con part\u00edculas de tama\u00f1o diferente.<\/li>\n<li>Virtualmente a prueba de atascos. El separador no tiene piezas m\u00f3viles.<\/li>\n<li>Baja demanda energ\u00e9tica con un solo motor de baja potencia y el dise\u00f1o comprobado de doble masa de GK.<\/li>\n<li>Construcci\u00f3n duradera y para trabajo pesado.<\/li>\n<li>Su dise\u00f1o inherentemente simple y completamente aislado, minimiza los requisitos de cimentaci\u00f3n.<\/li>\n<\/ul>\n<\/li>\n<\/ul>\n","protected":false},"excerpt":{"rendered":"<p>El clasificador neum\u00e1tico DE-STONER\u00ae de una sola cuchilla de GK es un dise\u00f1o plenamente comprobado que funciona de manera eficiente en muchas aplicaciones de separaci\u00f3n que exigen alto desempe\u00f1o. Es el \u00fanico sistema de clasificaci\u00f3n en seco capaz de manejar vol\u00famenes de producci\u00f3n altos y continuos. El sistema completamente seco elimina el manejo de agua [&hellip;]<\/p>\n","protected":false},"featured_media":25416,"comment_status":"closed","ping_status":"closed","template":"","meta":{"_acf_changed":false,"om_disable_all_campaigns":false,"ep_exclude_from_search":false},"product_brand":[],"product_cat":[1819],"product_tag":[],"class_list":{"0":"post-36569","1":"product","2":"type-product","3":"status-publish","4":"has-post-thumbnail","6":"casestudytag-destoner-es","7":"product_cat-controles-y-monitoreo","9":"first","10":"instock","11":"taxable","12":"shipping-taxable","13":"product-type-simple"},"acf":[],"yoast_head":"<!-- This site is optimized with the Yoast SEO plugin v27.2 - https:\/\/yoast.com\/product\/yoast-seo-wordpress\/ -->\n<title>Clasificador neum\u00e1tico DE-STONER\u00ae de una sola cuchilla | General Kinematics<\/title>\n<meta name=\"robots\" content=\"index, follow, max-snippet:-1, max-image-preview:large, max-video-preview:-1\" \/>\n<link rel=\"canonical\" href=\"https:\/\/www.generalkinematics.com\/es\/producto\/destoner-air-classifier-2\/\" \/>\n<meta property=\"og:locale\" content=\"es_ES\" \/>\n<meta property=\"og:type\" content=\"article\" \/>\n<meta property=\"og:title\" content=\"Clasificador neum\u00e1tico DE-STONER\u00ae de una sola cuchilla | General Kinematics\" \/>\n<meta property=\"og:description\" content=\"El clasificador neum\u00e1tico DE-STONER\u00ae de una sola cuchilla de GK es un dise\u00f1o plenamente comprobado que funciona de manera eficiente en muchas aplicaciones de separaci\u00f3n que exigen alto desempe\u00f1o. Es el \u00fanico sistema de clasificaci\u00f3n en seco capaz de manejar vol\u00famenes de producci\u00f3n altos y continuos. El sistema completamente seco elimina el manejo de agua [&hellip;]\" \/>\n<meta property=\"og:url\" content=\"https:\/\/www.generalkinematics.com\/es\/producto\/destoner-air-classifier-2\/\" \/>\n<meta property=\"og:site_name\" content=\"General Kinematics\" \/>\n<meta property=\"article:publisher\" content=\"https:\/\/www.facebook.com\/generalkinematics\" \/>\n<meta property=\"article:modified_time\" content=\"2018-08-30T05:32:39+00:00\" \/>\n<meta property=\"og:image\" content=\"https:\/\/media.generalkinematics.com\/wp-content\/uploads\/2015\/05\/13.jpg\" \/>\n\t<meta property=\"og:image:width\" content=\"640\" \/>\n\t<meta property=\"og:image:height\" content=\"480\" \/>\n\t<meta property=\"og:image:type\" content=\"image\/jpeg\" \/>\n<meta name=\"twitter:card\" content=\"summary_large_image\" \/>\n<meta name=\"twitter:site\" content=\"@gkvibrating\" \/>\n<meta name=\"twitter:label1\" content=\"Tiempo de lectura\" \/>\n\t<meta name=\"twitter:data1\" content=\"2 minutos\" \/>\n<!-- \/ Yoast SEO plugin. -->","yoast_head_json":{"title":"Clasificador neum\u00e1tico DE-STONER\u00ae de una sola cuchilla | General Kinematics","robots":{"index":"index","follow":"follow","max-snippet":"max-snippet:-1","max-image-preview":"max-image-preview:large","max-video-preview":"max-video-preview:-1"},"canonical":"https:\/\/www.generalkinematics.com\/es\/producto\/destoner-air-classifier-2\/","og_locale":"es_ES","og_type":"article","og_title":"Clasificador neum\u00e1tico DE-STONER\u00ae de una sola cuchilla | General Kinematics","og_description":"El clasificador neum\u00e1tico DE-STONER\u00ae de una sola cuchilla de GK es un dise\u00f1o plenamente comprobado que funciona de manera eficiente en muchas aplicaciones de separaci\u00f3n que exigen alto desempe\u00f1o. Es el \u00fanico sistema de clasificaci\u00f3n en seco capaz de manejar vol\u00famenes de producci\u00f3n altos y continuos. El sistema completamente seco elimina el manejo de agua [&hellip;]","og_url":"https:\/\/www.generalkinematics.com\/es\/producto\/destoner-air-classifier-2\/","og_site_name":"General Kinematics","article_publisher":"https:\/\/www.facebook.com\/generalkinematics","article_modified_time":"2018-08-30T05:32:39+00:00","og_image":[{"width":640,"height":480,"url":"https:\/\/media.generalkinematics.com\/wp-content\/uploads\/2015\/05\/13.jpg","type":"image\/jpeg"}],"twitter_card":"summary_large_image","twitter_site":"@gkvibrating","twitter_misc":{"Tiempo de lectura":"2 minutos"},"schema":{"@context":"https:\/\/schema.org","@graph":[{"@type":"WebPage","@id":"https:\/\/www.generalkinematics.com\/es\/producto\/destoner-air-classifier-2\/","url":"https:\/\/www.generalkinematics.com\/es\/producto\/destoner-air-classifier-2\/","name":"Clasificador neum\u00e1tico DE-STONER\u00ae de una sola cuchilla | General Kinematics","isPartOf":{"@id":"https:\/\/www.generalkinematics.com\/es\/#website"},"primaryImageOfPage":{"@id":"https:\/\/www.generalkinematics.com\/es\/producto\/destoner-air-classifier-2\/#primaryimage"},"image":{"@id":"https:\/\/www.generalkinematics.com\/es\/producto\/destoner-air-classifier-2\/#primaryimage"},"thumbnailUrl":"https:\/\/media.generalkinematics.com\/wp-content\/uploads\/2015\/05\/13.jpg","datePublished":"2015-05-12T13:35:42+00:00","dateModified":"2018-08-30T05:32:39+00:00","breadcrumb":{"@id":"https:\/\/www.generalkinematics.com\/es\/producto\/destoner-air-classifier-2\/#breadcrumb"},"inLanguage":"es","potentialAction":[{"@type":"ReadAction","target":["https:\/\/www.generalkinematics.com\/es\/producto\/destoner-air-classifier-2\/"]}]},{"@type":"ImageObject","inLanguage":"es","@id":"https:\/\/www.generalkinematics.com\/es\/producto\/destoner-air-classifier-2\/#primaryimage","url":"https:\/\/media.generalkinematics.com\/wp-content\/uploads\/2015\/05\/13.jpg","contentUrl":"https:\/\/media.generalkinematics.com\/wp-content\/uploads\/2015\/05\/13.jpg","width":640,"height":480,"caption":"general-kinematics-installed-destoner"},{"@type":"BreadcrumbList","@id":"https:\/\/www.generalkinematics.com\/es\/producto\/destoner-air-classifier-2\/#breadcrumb","itemListElement":[{"@type":"ListItem","position":1,"name":"GK Home","item":"https:\/\/www.generalkinematics.com\/es\/"},{"@type":"ListItem","position":2,"name":"Shop","item":"https:\/\/www.generalkinematics.com\/shop\/"},{"@type":"ListItem","position":3,"name":"Clasificador neum\u00e1tico DE-STONER\u00ae de una sola cuchilla"}]},{"@type":"WebSite","@id":"https:\/\/www.generalkinematics.com\/es\/#website","url":"https:\/\/www.generalkinematics.com\/es\/","name":"General Kinematics","description":"","publisher":{"@id":"https:\/\/www.generalkinematics.com\/es\/#organization"},"potentialAction":[{"@type":"SearchAction","target":{"@type":"EntryPoint","urlTemplate":"https:\/\/www.generalkinematics.com\/es\/?s={search_term_string}"},"query-input":{"@type":"PropertyValueSpecification","valueRequired":true,"valueName":"search_term_string"}}],"inLanguage":"es"},{"@type":"Organization","@id":"https:\/\/www.generalkinematics.com\/es\/#organization","name":"General Kinematics","url":"https:\/\/www.generalkinematics.com\/es\/","logo":{"@type":"ImageObject","inLanguage":"es","@id":"https:\/\/www.generalkinematics.com\/es\/#\/schema\/logo\/image\/","url":"https:\/\/media.generalkinematics.com\/wp-content\/uploads\/2018\/03\/logo.png","contentUrl":"https:\/\/media.generalkinematics.com\/wp-content\/uploads\/2018\/03\/logo.png","width":313,"height":100,"caption":"General Kinematics"},"image":{"@id":"https:\/\/www.generalkinematics.com\/es\/#\/schema\/logo\/image\/"},"sameAs":["https:\/\/www.facebook.com\/generalkinematics","https:\/\/x.com\/gkvibrating"]}]}},"_links":{"self":[{"href":"https:\/\/www.generalkinematics.com\/es\/wp-json\/wp\/v2\/product\/36569","targetHints":{"allow":["GET"]}}],"collection":[{"href":"https:\/\/www.generalkinematics.com\/es\/wp-json\/wp\/v2\/product"}],"about":[{"href":"https:\/\/www.generalkinematics.com\/es\/wp-json\/wp\/v2\/types\/product"}],"replies":[{"embeddable":true,"href":"https:\/\/www.generalkinematics.com\/es\/wp-json\/wp\/v2\/comments?post=36569"}],"wp:featuredmedia":[{"embeddable":true,"href":"https:\/\/www.generalkinematics.com\/es\/wp-json\/wp\/v2\/media\/25416"}],"wp:attachment":[{"href":"https:\/\/www.generalkinematics.com\/es\/wp-json\/wp\/v2\/media?parent=36569"}],"wp:term":[{"taxonomy":"product_brand","embeddable":true,"href":"https:\/\/www.generalkinematics.com\/es\/wp-json\/wp\/v2\/product_brand?post=36569"},{"taxonomy":"product_cat","embeddable":true,"href":"https:\/\/www.generalkinematics.com\/es\/wp-json\/wp\/v2\/product_cat?post=36569"},{"taxonomy":"product_tag","embeddable":true,"href":"https:\/\/www.generalkinematics.com\/es\/wp-json\/wp\/v2\/product_tag?post=36569"}],"curies":[{"name":"wp","href":"https:\/\/api.w.org\/{rel}","templated":true}]}}