{"id":36574,"date":"2015-05-12T08:37:51","date_gmt":"2015-05-12T13:37:51","guid":{"rendered":"https:\/\/www.generalkinematics.com\/product\/cribas-de-fundicion-vibratorias\/"},"modified":"2018-08-30T21:28:43","modified_gmt":"2018-08-31T02:28:43","slug":"cribas-de-fundicion-vibratorias","status":"publish","type":"product","link":"https:\/\/www.generalkinematics.com\/es\/producto\/cribas-de-fundicion-vibratorias\/","title":{"rendered":"Cribas de fundici\u00f3n vibratorias"},"content":{"rendered":"<p>Las <strong>cribas de fundici\u00f3n vibratorias<\/strong> de General Kinematics no tienen parang\u00f3n en t\u00e9rminos de eficiencia y desempe\u00f1o en las aplicaciones de fundici\u00f3n. El sistema comprobado de transmisi\u00f3n de doble masa de GK reduce el consumo el\u00e9ctrico e incrementa la eficiencia de la operaci\u00f3n de cribado frente a los dise\u00f1os tradicionales de transmisi\u00f3n directa (fuerza bruta). Las opciones incluyen cubiertas reemplazables, unidades de varias cubiertas, cubiertas estilo banana y acabados especiales resistentes a la corrosi\u00f3n. Las cubiertas de fundici\u00f3n vibratoria de GK est\u00e1n disponibles en tama\u00f1os est\u00e1ndar y personalizados que se adaptan f\u00e1cilmente a los procesos existentes.<\/p>\n<h2>Caracter\u00edsticas:<\/h2>\n<ul>\n<li>El dise\u00f1o de doble masa permite reducir hasta en 5 veces el consumo el\u00e9ctrico frente a las cribas normales de transmisi\u00f3n directa (150 HP comparado con los 30 HP de las unidades de GK).<\/li>\n<li>Las cribas de doble masa de GK son reactivas a la carga. Entre m\u00e1s alto es el tonelaje, mayor es la eficiencia de la operaci\u00f3n de cribado.<\/li>\n<li>El dise\u00f1o de doble masa mantiene el nivel del recorrido, mientras que la fuerza bruta pierde el recorrido a medida que se coloca m\u00e1s material.<\/li>\n<li>La criba de doble masa de GK se puede instalar f\u00e1cilmente. Simplemente se conecta y queda lista para ser utilizada.<\/li>\n<li>Los motores vibratorios compactos de baja potencia van instalados en la unidad lo que a su vez permite sustituciones r\u00e1pidas.<\/li>\n<\/ul>\n","protected":false},"excerpt":{"rendered":"<p>Las cribas de fundici\u00f3n vibratorias de General Kinematics no tienen parang\u00f3n en t\u00e9rminos de eficiencia y desempe\u00f1o en las aplicaciones de fundici\u00f3n. El sistema comprobado de transmisi\u00f3n de doble masa de GK reduce el consumo el\u00e9ctrico e incrementa la eficiencia de la operaci\u00f3n de cribado frente a los dise\u00f1os tradicionales de transmisi\u00f3n directa (fuerza bruta). [&hellip;]<\/p>\n","protected":false},"featured_media":24928,"comment_status":"closed","ping_status":"closed","template":"","meta":{"_acf_changed":false,"om_disable_all_campaigns":false,"ep_exclude_from_search":false},"product_brand":[],"product_cat":[1851,1841,1862,1852,1849,1839],"product_tag":[],"class_list":{"0":"post-36574","1":"product","2":"type-product","3":"status-publish","4":"has-post-thumbnail","6":"product_cat-equipos-de-transporte-y-cribado-de-arena","7":"product_cat-manejo-de-materiales","8":"product_cat-mineria-y-soluciones-mierales","9":"product_cat-procesamiento-manejo-de-arena","10":"product_cat-sistemas-de-arena-recuperacion","11":"product_cat-soluciones-de-fundicion-y-metalcasting","13":"first","14":"instock","15":"taxable","16":"shipping-taxable","17":"product-type-simple"},"acf":[],"yoast_head":"<!-- This site is optimized with the Yoast SEO plugin v27.2 - https:\/\/yoast.com\/product\/yoast-seo-wordpress\/ -->\n<title>Cribas de fundici\u00f3n vibratorias | General Kinematics<\/title>\n<meta name=\"robots\" content=\"index, follow, max-snippet:-1, max-image-preview:large, max-video-preview:-1\" \/>\n<link rel=\"canonical\" href=\"https:\/\/www.generalkinematics.com\/es\/producto\/cribas-de-fundicion-vibratorias\/\" \/>\n<meta property=\"og:locale\" content=\"es_ES\" \/>\n<meta property=\"og:type\" content=\"article\" \/>\n<meta property=\"og:title\" content=\"Cribas de fundici\u00f3n vibratorias | General Kinematics\" \/>\n<meta property=\"og:description\" content=\"Las cribas de fundici\u00f3n vibratorias de General Kinematics no tienen parang\u00f3n en t\u00e9rminos de eficiencia y desempe\u00f1o en las aplicaciones de fundici\u00f3n. El sistema comprobado de transmisi\u00f3n de doble masa de GK reduce el consumo el\u00e9ctrico e incrementa la eficiencia de la operaci\u00f3n de cribado frente a los dise\u00f1os tradicionales de transmisi\u00f3n directa (fuerza bruta). [&hellip;]\" \/>\n<meta property=\"og:url\" content=\"https:\/\/www.generalkinematics.com\/es\/producto\/cribas-de-fundicion-vibratorias\/\" \/>\n<meta property=\"og:site_name\" content=\"General Kinematics\" \/>\n<meta property=\"article:publisher\" content=\"https:\/\/www.facebook.com\/generalkinematics\" \/>\n<meta property=\"article:modified_time\" content=\"2018-08-31T02:28:43+00:00\" \/>\n<meta property=\"og:image\" content=\"https:\/\/media.generalkinematics.com\/wp-content\/uploads\/2015\/05\/Sand-Screener-1.jpg\" \/>\n\t<meta property=\"og:image:width\" content=\"3648\" \/>\n\t<meta property=\"og:image:height\" content=\"2736\" \/>\n\t<meta property=\"og:image:type\" content=\"image\/jpeg\" \/>\n<meta name=\"twitter:card\" content=\"summary_large_image\" \/>\n<meta name=\"twitter:site\" content=\"@gkvibrating\" \/>\n<meta name=\"twitter:label1\" content=\"Tiempo de lectura\" \/>\n\t<meta name=\"twitter:data1\" content=\"1 minuto\" \/>\n<!-- \/ Yoast SEO plugin. -->","yoast_head_json":{"title":"Cribas de fundici\u00f3n vibratorias | General Kinematics","robots":{"index":"index","follow":"follow","max-snippet":"max-snippet:-1","max-image-preview":"max-image-preview:large","max-video-preview":"max-video-preview:-1"},"canonical":"https:\/\/www.generalkinematics.com\/es\/producto\/cribas-de-fundicion-vibratorias\/","og_locale":"es_ES","og_type":"article","og_title":"Cribas de fundici\u00f3n vibratorias | General Kinematics","og_description":"Las cribas de fundici\u00f3n vibratorias de General Kinematics no tienen parang\u00f3n en t\u00e9rminos de eficiencia y desempe\u00f1o en las aplicaciones de fundici\u00f3n. El sistema comprobado de transmisi\u00f3n de doble masa de GK reduce el consumo el\u00e9ctrico e incrementa la eficiencia de la operaci\u00f3n de cribado frente a los dise\u00f1os tradicionales de transmisi\u00f3n directa (fuerza bruta). [&hellip;]","og_url":"https:\/\/www.generalkinematics.com\/es\/producto\/cribas-de-fundicion-vibratorias\/","og_site_name":"General Kinematics","article_publisher":"https:\/\/www.facebook.com\/generalkinematics","article_modified_time":"2018-08-31T02:28:43+00:00","og_image":[{"width":3648,"height":2736,"url":"https:\/\/media.generalkinematics.com\/wp-content\/uploads\/2015\/05\/Sand-Screener-1.jpg","type":"image\/jpeg"}],"twitter_card":"summary_large_image","twitter_site":"@gkvibrating","twitter_misc":{"Tiempo de lectura":"1 minuto"},"schema":{"@context":"https:\/\/schema.org","@graph":[{"@type":"WebPage","@id":"https:\/\/www.generalkinematics.com\/es\/producto\/cribas-de-fundicion-vibratorias\/","url":"https:\/\/www.generalkinematics.com\/es\/producto\/cribas-de-fundicion-vibratorias\/","name":"Cribas de fundici\u00f3n vibratorias | General Kinematics","isPartOf":{"@id":"https:\/\/www.generalkinematics.com\/es\/#website"},"primaryImageOfPage":{"@id":"https:\/\/www.generalkinematics.com\/es\/producto\/cribas-de-fundicion-vibratorias\/#primaryimage"},"image":{"@id":"https:\/\/www.generalkinematics.com\/es\/producto\/cribas-de-fundicion-vibratorias\/#primaryimage"},"thumbnailUrl":"https:\/\/media.generalkinematics.com\/wp-content\/uploads\/2015\/05\/Sand-Screener-1.jpg","datePublished":"2015-05-12T13:37:51+00:00","dateModified":"2018-08-31T02:28:43+00:00","breadcrumb":{"@id":"https:\/\/www.generalkinematics.com\/es\/producto\/cribas-de-fundicion-vibratorias\/#breadcrumb"},"inLanguage":"es","potentialAction":[{"@type":"ReadAction","target":["https:\/\/www.generalkinematics.com\/es\/producto\/cribas-de-fundicion-vibratorias\/"]}]},{"@type":"ImageObject","inLanguage":"es","@id":"https:\/\/www.generalkinematics.com\/es\/producto\/cribas-de-fundicion-vibratorias\/#primaryimage","url":"https:\/\/media.generalkinematics.com\/wp-content\/uploads\/2015\/05\/Sand-Screener-1.jpg","contentUrl":"https:\/\/media.generalkinematics.com\/wp-content\/uploads\/2015\/05\/Sand-Screener-1.jpg","width":2500,"height":1875,"caption":"general-kinematics-sand-screener"},{"@type":"BreadcrumbList","@id":"https:\/\/www.generalkinematics.com\/es\/producto\/cribas-de-fundicion-vibratorias\/#breadcrumb","itemListElement":[{"@type":"ListItem","position":1,"name":"GK Home","item":"https:\/\/www.generalkinematics.com\/es\/"},{"@type":"ListItem","position":2,"name":"Shop","item":"https:\/\/www.generalkinematics.com\/shop\/"},{"@type":"ListItem","position":3,"name":"Cribas de fundici\u00f3n vibratorias"}]},{"@type":"WebSite","@id":"https:\/\/www.generalkinematics.com\/es\/#website","url":"https:\/\/www.generalkinematics.com\/es\/","name":"General Kinematics","description":"","publisher":{"@id":"https:\/\/www.generalkinematics.com\/es\/#organization"},"potentialAction":[{"@type":"SearchAction","target":{"@type":"EntryPoint","urlTemplate":"https:\/\/www.generalkinematics.com\/es\/?s={search_term_string}"},"query-input":{"@type":"PropertyValueSpecification","valueRequired":true,"valueName":"search_term_string"}}],"inLanguage":"es"},{"@type":"Organization","@id":"https:\/\/www.generalkinematics.com\/es\/#organization","name":"General Kinematics","url":"https:\/\/www.generalkinematics.com\/es\/","logo":{"@type":"ImageObject","inLanguage":"es","@id":"https:\/\/www.generalkinematics.com\/es\/#\/schema\/logo\/image\/","url":"https:\/\/media.generalkinematics.com\/wp-content\/uploads\/2018\/03\/logo.png","contentUrl":"https:\/\/media.generalkinematics.com\/wp-content\/uploads\/2018\/03\/logo.png","width":313,"height":100,"caption":"General Kinematics"},"image":{"@id":"https:\/\/www.generalkinematics.com\/es\/#\/schema\/logo\/image\/"},"sameAs":["https:\/\/www.facebook.com\/generalkinematics","https:\/\/x.com\/gkvibrating"]}]}},"_links":{"self":[{"href":"https:\/\/www.generalkinematics.com\/es\/wp-json\/wp\/v2\/product\/36574","targetHints":{"allow":["GET"]}}],"collection":[{"href":"https:\/\/www.generalkinematics.com\/es\/wp-json\/wp\/v2\/product"}],"about":[{"href":"https:\/\/www.generalkinematics.com\/es\/wp-json\/wp\/v2\/types\/product"}],"replies":[{"embeddable":true,"href":"https:\/\/www.generalkinematics.com\/es\/wp-json\/wp\/v2\/comments?post=36574"}],"wp:featuredmedia":[{"embeddable":true,"href":"https:\/\/www.generalkinematics.com\/es\/wp-json\/wp\/v2\/media\/24928"}],"wp:attachment":[{"href":"https:\/\/www.generalkinematics.com\/es\/wp-json\/wp\/v2\/media?parent=36574"}],"wp:term":[{"taxonomy":"product_brand","embeddable":true,"href":"https:\/\/www.generalkinematics.com\/es\/wp-json\/wp\/v2\/product_brand?post=36574"},{"taxonomy":"product_cat","embeddable":true,"href":"https:\/\/www.generalkinematics.com\/es\/wp-json\/wp\/v2\/product_cat?post=36574"},{"taxonomy":"product_tag","embeddable":true,"href":"https:\/\/www.generalkinematics.com\/es\/wp-json\/wp\/v2\/product_tag?post=36574"}],"curies":[{"name":"wp","href":"https:\/\/api.w.org\/{rel}","templated":true}]}}