{"id":36584,"date":"2015-05-12T08:42:05","date_gmt":"2015-05-12T13:42:05","guid":{"rendered":"https:\/\/www.generalkinematics.com\/product\/deshidratacion-de-coque-de-petroleo\/"},"modified":"2018-08-31T10:06:56","modified_gmt":"2018-08-31T15:06:56","slug":"sistema-de-deshidratacion-de-coque-de-petroleo","status":"publish","type":"product","link":"https:\/\/www.generalkinematics.com\/es\/producto\/sistema-de-deshidratacion-de-coque-de-petroleo\/","title":{"rendered":"Deshidrataci\u00f3n de coque de petr\u00f3leo"},"content":{"rendered":"<p>El <strong>sistema de deshidrataci\u00f3n de coque de petr\u00f3leo<\/strong> de General Kinematics produce una corriente continua y confiable de flujo deshidratado para procesar de manera r\u00e1pida y eficiente el coque de petr\u00f3leo. Las unidades de deshidrataci\u00f3n utilizan la tecnolog\u00eda patentada de la cubierta de deshidrataci\u00f3n de GK que elimina la obstrucci\u00f3n y el mantenimiento constante de la criba. Los alimentadores utilizan la tecnolog\u00eda comprobada de doble masa y funcionan m\u00e1s eficientemente desde el punto de vista energ\u00e9tico. Disponibles como unidades fijas o m\u00f3viles, seg\u00fan las necesidades de su proceso y aplicaci\u00f3n.<\/p>\n<h2>Caracter\u00edsticas:<\/h2>\n<ul>\n<li>Elimina la m\u00faltiple manipulaci\u00f3n<\/li>\n<li>Minimiza los requisitos de mano de obra<\/li>\n<li>Mejora la seguridad de la producci\u00f3n<\/li>\n<\/ul>\n","protected":false},"excerpt":{"rendered":"<p>El sistema de deshidrataci\u00f3n de coque de petr\u00f3leo de General Kinematics produce una corriente continua y confiable de flujo deshidratado para procesar de manera r\u00e1pida y eficiente el coque de petr\u00f3leo. Las unidades de deshidrataci\u00f3n utilizan la tecnolog\u00eda patentada de la cubierta de deshidrataci\u00f3n de GK que elimina la obstrucci\u00f3n y el mantenimiento constante de [&hellip;]<\/p>\n","protected":false},"featured_media":25396,"comment_status":"closed","ping_status":"closed","template":"","meta":{"_acf_changed":false,"om_disable_all_campaigns":false,"ep_exclude_from_search":false},"product_brand":[],"product_cat":[1835,1831],"product_tag":[],"class_list":{"0":"post-36584","1":"product","2":"type-product","3":"status-publish","4":"has-post-thumbnail","6":"casestudytag-pet-coke-dewater-es","7":"product_cat-cribas-clasificacion","8":"product_cat-soluciones-de-procesamiento-a-granel","10":"first","11":"instock","12":"taxable","13":"shipping-taxable","14":"product-type-simple"},"acf":[],"yoast_head":"<!-- This site is optimized with the Yoast SEO plugin v27.2 - https:\/\/yoast.com\/product\/yoast-seo-wordpress\/ -->\n<title>Deshidrataci\u00f3n de coque de petr\u00f3leo | General Kinematics<\/title>\n<meta name=\"robots\" content=\"index, follow, max-snippet:-1, max-image-preview:large, max-video-preview:-1\" \/>\n<link rel=\"canonical\" href=\"https:\/\/www.generalkinematics.com\/es\/producto\/sistema-de-deshidratacion-de-coque-de-petroleo\/\" \/>\n<meta property=\"og:locale\" content=\"es_ES\" \/>\n<meta property=\"og:type\" content=\"article\" \/>\n<meta property=\"og:title\" content=\"Deshidrataci\u00f3n de coque de petr\u00f3leo | General Kinematics\" \/>\n<meta property=\"og:description\" content=\"El sistema de deshidrataci\u00f3n de coque de petr\u00f3leo de General Kinematics produce una corriente continua y confiable de flujo deshidratado para procesar de manera r\u00e1pida y eficiente el coque de petr\u00f3leo. Las unidades de deshidrataci\u00f3n utilizan la tecnolog\u00eda patentada de la cubierta de deshidrataci\u00f3n de GK que elimina la obstrucci\u00f3n y el mantenimiento constante de [&hellip;]\" \/>\n<meta property=\"og:url\" content=\"https:\/\/www.generalkinematics.com\/es\/producto\/sistema-de-deshidratacion-de-coque-de-petroleo\/\" \/>\n<meta property=\"og:site_name\" content=\"General Kinematics\" \/>\n<meta property=\"article:publisher\" content=\"https:\/\/www.facebook.com\/generalkinematics\" \/>\n<meta property=\"article:modified_time\" content=\"2018-08-31T15:06:56+00:00\" \/>\n<meta property=\"og:image\" content=\"https:\/\/media.generalkinematics.com\/wp-content\/uploads\/2015\/05\/Pet-Coke-Dewatering-unit.jpg\" \/>\n\t<meta property=\"og:image:width\" content=\"3072\" \/>\n\t<meta property=\"og:image:height\" content=\"2304\" \/>\n\t<meta property=\"og:image:type\" content=\"image\/jpeg\" \/>\n<meta name=\"twitter:card\" content=\"summary_large_image\" \/>\n<meta name=\"twitter:site\" content=\"@gkvibrating\" \/>\n<meta name=\"twitter:label1\" content=\"Tiempo de lectura\" \/>\n\t<meta name=\"twitter:data1\" content=\"1 minuto\" \/>\n<!-- \/ Yoast SEO plugin. -->","yoast_head_json":{"title":"Deshidrataci\u00f3n de coque de petr\u00f3leo | General Kinematics","robots":{"index":"index","follow":"follow","max-snippet":"max-snippet:-1","max-image-preview":"max-image-preview:large","max-video-preview":"max-video-preview:-1"},"canonical":"https:\/\/www.generalkinematics.com\/es\/producto\/sistema-de-deshidratacion-de-coque-de-petroleo\/","og_locale":"es_ES","og_type":"article","og_title":"Deshidrataci\u00f3n de coque de petr\u00f3leo | General Kinematics","og_description":"El sistema de deshidrataci\u00f3n de coque de petr\u00f3leo de General Kinematics produce una corriente continua y confiable de flujo deshidratado para procesar de manera r\u00e1pida y eficiente el coque de petr\u00f3leo. Las unidades de deshidrataci\u00f3n utilizan la tecnolog\u00eda patentada de la cubierta de deshidrataci\u00f3n de GK que elimina la obstrucci\u00f3n y el mantenimiento constante de [&hellip;]","og_url":"https:\/\/www.generalkinematics.com\/es\/producto\/sistema-de-deshidratacion-de-coque-de-petroleo\/","og_site_name":"General Kinematics","article_publisher":"https:\/\/www.facebook.com\/generalkinematics","article_modified_time":"2018-08-31T15:06:56+00:00","og_image":[{"width":3072,"height":2304,"url":"https:\/\/media.generalkinematics.com\/wp-content\/uploads\/2015\/05\/Pet-Coke-Dewatering-unit.jpg","type":"image\/jpeg"}],"twitter_card":"summary_large_image","twitter_site":"@gkvibrating","twitter_misc":{"Tiempo de lectura":"1 minuto"},"schema":{"@context":"https:\/\/schema.org","@graph":[{"@type":"WebPage","@id":"https:\/\/www.generalkinematics.com\/es\/producto\/sistema-de-deshidratacion-de-coque-de-petroleo\/","url":"https:\/\/www.generalkinematics.com\/es\/producto\/sistema-de-deshidratacion-de-coque-de-petroleo\/","name":"Deshidrataci\u00f3n de coque de petr\u00f3leo | General Kinematics","isPartOf":{"@id":"https:\/\/www.generalkinematics.com\/es\/#website"},"primaryImageOfPage":{"@id":"https:\/\/www.generalkinematics.com\/es\/producto\/sistema-de-deshidratacion-de-coque-de-petroleo\/#primaryimage"},"image":{"@id":"https:\/\/www.generalkinematics.com\/es\/producto\/sistema-de-deshidratacion-de-coque-de-petroleo\/#primaryimage"},"thumbnailUrl":"https:\/\/media.generalkinematics.com\/wp-content\/uploads\/2015\/05\/Pet-Coke-Dewatering-unit.jpg","datePublished":"2015-05-12T13:42:05+00:00","dateModified":"2018-08-31T15:06:56+00:00","breadcrumb":{"@id":"https:\/\/www.generalkinematics.com\/es\/producto\/sistema-de-deshidratacion-de-coque-de-petroleo\/#breadcrumb"},"inLanguage":"es","potentialAction":[{"@type":"ReadAction","target":["https:\/\/www.generalkinematics.com\/es\/producto\/sistema-de-deshidratacion-de-coque-de-petroleo\/"]}]},{"@type":"ImageObject","inLanguage":"es","@id":"https:\/\/www.generalkinematics.com\/es\/producto\/sistema-de-deshidratacion-de-coque-de-petroleo\/#primaryimage","url":"https:\/\/media.generalkinematics.com\/wp-content\/uploads\/2015\/05\/Pet-Coke-Dewatering-unit.jpg","contentUrl":"https:\/\/media.generalkinematics.com\/wp-content\/uploads\/2015\/05\/Pet-Coke-Dewatering-unit.jpg","width":2500,"height":1875,"caption":"general-kinematics-pet-coke-dewatering-unit"},{"@type":"BreadcrumbList","@id":"https:\/\/www.generalkinematics.com\/es\/producto\/sistema-de-deshidratacion-de-coque-de-petroleo\/#breadcrumb","itemListElement":[{"@type":"ListItem","position":1,"name":"GK Home","item":"https:\/\/www.generalkinematics.com\/es\/"},{"@type":"ListItem","position":2,"name":"Shop","item":"https:\/\/www.generalkinematics.com\/shop\/"},{"@type":"ListItem","position":3,"name":"Deshidrataci\u00f3n de coque de petr\u00f3leo"}]},{"@type":"WebSite","@id":"https:\/\/www.generalkinematics.com\/es\/#website","url":"https:\/\/www.generalkinematics.com\/es\/","name":"General Kinematics","description":"","publisher":{"@id":"https:\/\/www.generalkinematics.com\/es\/#organization"},"potentialAction":[{"@type":"SearchAction","target":{"@type":"EntryPoint","urlTemplate":"https:\/\/www.generalkinematics.com\/es\/?s={search_term_string}"},"query-input":{"@type":"PropertyValueSpecification","valueRequired":true,"valueName":"search_term_string"}}],"inLanguage":"es"},{"@type":"Organization","@id":"https:\/\/www.generalkinematics.com\/es\/#organization","name":"General Kinematics","url":"https:\/\/www.generalkinematics.com\/es\/","logo":{"@type":"ImageObject","inLanguage":"es","@id":"https:\/\/www.generalkinematics.com\/es\/#\/schema\/logo\/image\/","url":"https:\/\/media.generalkinematics.com\/wp-content\/uploads\/2018\/03\/logo.png","contentUrl":"https:\/\/media.generalkinematics.com\/wp-content\/uploads\/2018\/03\/logo.png","width":313,"height":100,"caption":"General Kinematics"},"image":{"@id":"https:\/\/www.generalkinematics.com\/es\/#\/schema\/logo\/image\/"},"sameAs":["https:\/\/www.facebook.com\/generalkinematics","https:\/\/x.com\/gkvibrating"]}]}},"_links":{"self":[{"href":"https:\/\/www.generalkinematics.com\/es\/wp-json\/wp\/v2\/product\/36584","targetHints":{"allow":["GET"]}}],"collection":[{"href":"https:\/\/www.generalkinematics.com\/es\/wp-json\/wp\/v2\/product"}],"about":[{"href":"https:\/\/www.generalkinematics.com\/es\/wp-json\/wp\/v2\/types\/product"}],"replies":[{"embeddable":true,"href":"https:\/\/www.generalkinematics.com\/es\/wp-json\/wp\/v2\/comments?post=36584"}],"wp:featuredmedia":[{"embeddable":true,"href":"https:\/\/www.generalkinematics.com\/es\/wp-json\/wp\/v2\/media\/25396"}],"wp:attachment":[{"href":"https:\/\/www.generalkinematics.com\/es\/wp-json\/wp\/v2\/media?parent=36584"}],"wp:term":[{"taxonomy":"product_brand","embeddable":true,"href":"https:\/\/www.generalkinematics.com\/es\/wp-json\/wp\/v2\/product_brand?post=36584"},{"taxonomy":"product_cat","embeddable":true,"href":"https:\/\/www.generalkinematics.com\/es\/wp-json\/wp\/v2\/product_cat?post=36584"},{"taxonomy":"product_tag","embeddable":true,"href":"https:\/\/www.generalkinematics.com\/es\/wp-json\/wp\/v2\/product_tag?post=36584"}],"curies":[{"name":"wp","href":"https:\/\/api.w.org\/{rel}","templated":true}]}}