{"id":36600,"date":"2015-05-12T09:36:15","date_gmt":"2015-05-12T14:36:15","guid":{"rendered":"https:\/\/www.generalkinematics.com\/product\/cintas-transportadoras-vibratorias-para-aplicaciones-de-fundicion\/"},"modified":"2019-06-12T15:17:38","modified_gmt":"2019-06-12T20:17:38","slug":"cintas-transportadoras-vibratorias-para-aplicaciones-de-fundicion","status":"publish","type":"product","link":"https:\/\/www.generalkinematics.com\/es\/producto\/cintas-transportadoras-vibratorias-para-aplicaciones-de-fundicion\/","title":{"rendered":"Cintas transportadoras vibratorias para aplicaciones de fundici\u00f3n"},"content":{"rendered":"<div class=\"wpb-content-wrapper\"><p>[vc_row][vc_column][vc_column_text]<\/p>\n<h2>Cintas transportadoras dise\u00f1adas para trasladar lo que se coloque en ellas.<\/h2>\n<p>\u00bfVa a colocar una pieza fundida incandescente sobre una banda de caucho? No. \u00bfQu\u00e9 piensa si fuera arena fluida caliente sobre una plataforma o cinta transportadora met\u00e1lica? Solo si le gusta barrer. Solo hay una tecnolog\u00eda capaz de resistir el entorno exigente de una planta de fundici\u00f3n caliente y abrasiva: las cintas transportadoras vibratorias de General Kinematics.<\/p>\n<h2>M\u00e1s que una simple cinta transportadora<\/h2>\n<p>Las cintas transportadoras vibratorias vers\u00e1tiles de General Kinematics hacen m\u00e1s que trasladar materiales \u00fanicamente. El movimiento inherente de sacudir y lanzar continuamente el material hacia delante, genera la oportunidad de realizar uno o varios procesos a lo largo del recorrido. Seg\u00fan la aplicaci\u00f3n, las cintas transportadoras pueden dise\u00f1arse y construirse con dise\u00f1os resistentes y personalizados para manipular materiales calientes, pesados y\/o abrasivos en la planta de fundici\u00f3n, incluidos entre otros, la arena, coladas, piezas fundidas y escoria. Las cintas transportadoras pueden construirse utilizando una variedad de materiales, incluidos, el acero dulce o resistente a la abrasi\u00f3n, acero inoxidable o aleaciones especiales. Tambi\u00e9n pueden especificarse patrones, perforaciones y calibres de la bandeja especiales, conforme a las necesidades de su aplicaci\u00f3n.<\/p>\n<h2>Beneficios de las cintas transportadoras vibratorias de GK:<\/h2>\n<p>[\/vc_column_text][\/vc_column][\/vc_row][vc_row][vc_column width=\u00bb3\/4&#8243;][vc_column_text]<strong>DISE\u00d1O PARA TRABAJO SUPERPESADO<\/strong> El dise\u00f1o para trabajo superpesado de las cintas transportadoras vibratorias de GK les permite superar las exigencias de las aplicaciones de fundici\u00f3n con muy poco mantenimiento y tiempo fuera de servicio. Si fuera necesario sustituir algo, las piezas se pueden reemplazar f\u00e1cilmente y obtener a trav\u00e9s del equipo de repuestos de GK.[\/vc_column_text][\/vc_column][vc_column width=\u00bb1\/4&#8243;][vc_single_image image=\u00bb9064&#8243; img_size=\u00bbfull\u00bb alignment=\u00bbcenter\u00bb][\/vc_column][\/vc_row][vc_row][vc_column width=\u00bb3\/4&#8243;][vc_column_text]<strong>SISTEMA DE TRANSMISI\u00d3N EFICIENTE<\/strong> Las cintas transportadoras equipadas con la transmisi\u00f3n de resorte de bobina SYNCRO-CUSHION\u2122 necesitan menos potencia para poner en funcionamiento la m\u00e1quina. Menos potencia necesaria se traduce en un motor m\u00e1s peque\u00f1o y un motor m\u00e1s peque\u00f1o, se traduce en menos consumo el\u00e9ctrico y m\u00e1s ahorro de energ\u00eda.[\/vc_column_text][\/vc_column][vc_column width=\u00bb1\/4&#8243;][vc_single_image image=\u00bb9065&#8243; img_size=\u00bbfull\u00bb alignment=\u00bbcenter\u00bb][\/vc_column][\/vc_row][vc_row][vc_column width=\u00bb3\/4&#8243;][vc_column_text]<strong>USO M\u00cdNIMO DE ENERG\u00cdA<\/strong> Las cintas transportadoras de GK est\u00e1n dise\u00f1adas utilizando lo principal de la frecuencia natural. Esta t\u00e9cnica de dise\u00f1o utiliza las vibraciones arm\u00f3nicas de la m\u00e1quina para almacenar y liberar energ\u00eda a trav\u00e9s del sistema de resortes. Esto significa que, una vez que la m\u00e1quina est\u00e1 funcionando, pr\u00e1cticamente no necesita energ\u00eda para funcionar.[\/vc_column_text][\/vc_column][vc_column width=\u00bb1\/4&#8243;][vc_single_image image=\u00bb9066&#8243; img_size=\u00bbfull\u00bb alignment=\u00bbcenter\u00bb][\/vc_column][\/vc_row][vc_row][vc_column][vc_column_text]<\/p>\n<h2>Tecnolog\u00eda de las cintas transportadoras de GK<\/h2>\n<p>General Kinematics ofrece diferentes tipos de cintas transportadoras seg\u00fan su aplicaci\u00f3n. Haga clic en los v\u00ednculos siguientes para obtener m\u00e1s informaci\u00f3n sobre los diferentes tipos de cintas transportadoras de GK:<\/p>\n<ul>\n<li><a href=\"https:\/\/www.generalkinematics.com\/es\/producto\/cintas-transportadoras-vibratorias\/\">Cintas transportadoras de resorte de bobina SYNCRO-COIL\u00ae<\/a><\/li>\n<li><a href=\"https:\/\/www.generalkinematics.com\/es\/producto\/syncro-flex-vibrating-conveyors-2\/\">Cintas transportadoras de resorte de caucho SYNCRO-FLEX\u00ae<\/a><\/li>\n<li><a href=\"https:\/\/www.generalkinematics.com\/es\/producto\/syncro-flex-s-vibrating-conveyors-2\/\">Cintas transportadoras de tablillas SYNCRO-FLEX\u00ae S<\/a><\/li>\n<li><a href=\"https:\/\/www.generalkinematics.com\/es\/producto\/syncro-shear-vibratory-conveyors-2\/\">Cintas transportadoras de montar en cizalla SYNCRO-SHEAR\u00ae<\/a><\/li>\n<\/ul>\n<h2>Elija su aplicaci\u00f3n:<\/h2>\n<p>Bien sea para el dep\u00f3sito de chatarra o el departamento de embarques, GK tiene una cinta transportadora para ayudarle a trasladar los materiales de fundici\u00f3n. A continuaci\u00f3n, elija su aplicaci\u00f3n para obtener m\u00e1s informaci\u00f3n sobre los diferentes tipos de cintas transportadoras que GK puede suministrar.[\/vc_column_text][\/vc_column][\/vc_row][vc_row][vc_column width=\u00bb1\/3&#8243;][vc_column_text]<\/p>\n<h4 style=\"text-align: center;\"><a href=\"https:\/\/www.generalkinematics.com\/es\/producto\/cintas-transportadoras-vibratorias\/\">SYNCRO-COIL\u00ae<\/a><\/h4>\n<p>[\/vc_column_text][vc_column_text]<a href=\"https:\/\/www.generalkinematics.com\/es\/producto\/cintas-transportadoras-vibratorias\/\"><img decoding=\"async\" class=\"size-full wp-image-9067 aligncenter\" src=\"https:\/\/www.generalkinematics.com\/wp-content\/uploads\/syncro-coil.png\" alt=\"general-kinematics-syncro-coil-conveyors\" width=\"203\" height=\"140\" \/><\/a>[\/vc_column_text][\/vc_column][vc_column width=\u00bb1\/3&#8243;][vc_column_text]<\/p>\n<h4 style=\"text-align: center;\"><a href=\"https:\/\/www.generalkinematics.com\/es\/producto\/recoleccion-y-recuperacion-de-granalla\/\">Soluciones de recolecci\u00f3n y recuperaci\u00f3n de granalla<\/a><\/h4>\n<p>[\/vc_column_text][vc_column_text]<a href=\"https:\/\/www.generalkinematics.com\/es\/producto\/recoleccion-y-recuperacion-de-granalla\/\"><img decoding=\"async\" class=\"size-full wp-image-9068 aligncenter\" src=\"https:\/\/www.generalkinematics.com\/wp-content\/uploads\/shot-conveyor.png\" alt=\"general-kinematics-shot-conveyor\" width=\"203\" height=\"140\" \/><\/a>[\/vc_column_text][\/vc_column][vc_column width=\u00bb1\/3&#8243;][vc_column_text]<\/p>\n<h4 style=\"text-align: center;\"><a href=\"https:\/\/www.generalkinematics.com\/es\/producto\/cintas-transportadoras-de-clasificacion\/\">Cinta transportadora de clasificaci\u00f3n<\/a><\/h4>\n<p>[\/vc_column_text][vc_column_text]<a href=\"https:\/\/www.generalkinematics.com\/es\/producto\/cintas-transportadoras-de-clasificacion\/\"><img decoding=\"async\" class=\"size-full wp-image-9069 aligncenter\" src=\"https:\/\/www.generalkinematics.com\/wp-content\/uploads\/sorting.png\" alt=\"general-kinematics-sorting-conveyor\" width=\"203\" height=\"140\" \/><\/a>[\/vc_column_text][\/vc_column][\/vc_row][vc_row][vc_column width=\u00bb1\/3&#8243;][vc_column_text]<\/p>\n<h4 style=\"text-align: center;\"><a href=\"https:\/\/www.generalkinematics.com\/es\/producto\/cintas-transportadoras-vibratorias-en-espiral\/\">Cintas transportadoras en espiral SPIRA-FLOW\u2122<\/a><\/h4>\n<p>[\/vc_column_text][vc_column_text]<a href=\"https:\/\/www.generalkinematics.com\/es\/producto\/cintas-transportadoras-vibratorias-en-espiral\/\"><img decoding=\"async\" class=\"size-full wp-image-9070 aligncenter\" src=\"https:\/\/www.generalkinematics.com\/wp-content\/uploads\/spiral1.png\" alt=\"general-kinematics-spiral\" width=\"203\" height=\"140\" \/><\/a>[\/vc_column_text][\/vc_column][vc_column width=\u00bb1\/3&#8243;][vc_column_text]<\/p>\n<h4 style=\"text-align: center;\"><a href=\"https:\/\/www.generalkinematics.com\/es\/producto\/cintas-transportadoras-vibratorias-de-descarga-de-granallado\/\">Cintas transportadoras de descarga de granallado<\/a><\/h4>\n<p>[\/vc_column_text][vc_column_text]<a href=\"https:\/\/www.generalkinematics.com\/es\/producto\/cintas-transportadoras-vibratorias-de-descarga-de-granallado\/\"><img decoding=\"async\" class=\"size-full wp-image-9071 aligncenter\" src=\"https:\/\/www.generalkinematics.com\/wp-content\/uploads\/blast-unload.png\" alt=\"\" width=\"203\" height=\"140\" \/><\/a>[\/vc_column_text][\/vc_column][vc_column width=\u00bb1\/3&#8243;][vc_column_text]<\/p>\n<h4 style=\"text-align: center;\"><a href=\"https:\/\/www.generalkinematics.com\/es\/producto\/cinta-transportadora-de-enfriamiento\/\">Cintas transportadoras de enfriamiento de escoria en seco<\/a><\/h4>\n<p>[\/vc_column_text][vc_column_text]<a href=\"https:\/\/www.generalkinematics.com\/es\/producto\/cinta-transportadora-de-enfriamiento\/\"><img decoding=\"async\" class=\"size-full wp-image-9075 aligncenter\" src=\"https:\/\/www.generalkinematics.com\/wp-content\/uploads\/dry-slag-cooler.png\" alt=\"general-kinematics-dry-slag-cooler\" width=\"203\" height=\"140\" \/><\/a>[\/vc_column_text][\/vc_column][\/vc_row][vc_row][vc_column width=\u00bb1\/3&#8243;][vc_column_text]<\/p>\n<h4 style=\"text-align: center;\"><a href=\"https:\/\/www.generalkinematics.com\/es\/producto\/cinta-transportadora-de-banda-vibratoria-vibra-belt\/\">Cintas transportadoras de banda vibratoria VIBRA-BELT\u00ae<\/a><\/h4>\n<p>[\/vc_column_text][vc_column_text]<a href=\"https:\/\/www.generalkinematics.com\/es\/producto\/cinta-transportadora-de-banda-vibratoria-vibra-belt\/\"><img decoding=\"async\" class=\"size-full wp-image-9076 aligncenter\" src=\"https:\/\/www.generalkinematics.com\/wp-content\/uploads\/vibra-belt.png\" alt=\"general-kinematics-vibra-belt\" width=\"203\" height=\"140\" \/><\/a>[\/vc_column_text][\/vc_column][vc_column width=\u00bb1\/3&#8243;][vc_column_text]<\/p>\n<h4 style=\"text-align: center;\"><a href=\"https:\/\/www.generalkinematics.com\/es\/producto\/espiralesde-enfriamiento-de-piezas-fundidas\/\">Espirales de enfriamiento de piezas fundidas SPIRA-COOL\u00ae<\/a><\/h4>\n<p>[\/vc_column_text][vc_column_text]<a href=\"https:\/\/www.generalkinematics.com\/es\/producto\/espiralesde-enfriamiento-de-piezas-fundidas\/\"><img decoding=\"async\" class=\"size-full wp-image-9078 aligncenter\" src=\"https:\/\/www.generalkinematics.com\/wp-content\/uploads\/spira-cool.png\" alt=\"general-kinematics-spira-cool\" width=\"203\" height=\"140\" \/><\/a>[\/vc_column_text][\/vc_column][vc_column width=\u00bb1\/3&#8243;][vc_column_text]<\/p>\n<h4 style=\"text-align: center;\"><a href=\"https:\/\/www.generalkinematics.com\/es\/producto\/trenchveyor\/\">Cintas transportadoras vibratorias montadas en foso TRENCHVEYOR\u2122<\/a><\/h4>\n<p>[\/vc_column_text][vc_column_text]<a href=\"https:\/\/www.generalkinematics.com\/es\/producto\/trenchveyor\/\"><img decoding=\"async\" class=\"size-full wp-image-9079 aligncenter\" src=\"https:\/\/www.generalkinematics.com\/wp-content\/uploads\/trenchveyor.png\" alt=\"general-kinematics-trenchveyor\" width=\"203\" height=\"140\" \/><\/a>[\/vc_column_text][\/vc_column][\/vc_row][vc_row][vc_column][vc_column_text]<\/p>\n<h4 style=\"text-align: center;\"><a href=\"https:\/\/www.generalkinematics.com\/es\/producto\/v-trough-cintas-transportadoras-inclinadas-vibratorias\/\">Cintas transportadoras inclinadas vibratorias V-TROUGH\u00ae<\/a><\/h4>\n<p>[\/vc_column_text][vc_column_text]<a href=\"https:\/\/www.generalkinematics.com\/es\/producto\/v-trough-cintas-transportadoras-inclinadas-vibratorias\/\"><img decoding=\"async\" class=\"size-full wp-image-9080 aligncenter\" src=\"https:\/\/www.generalkinematics.com\/wp-content\/uploads\/inclined-conveyor.png\" alt=\"general-kinematics-inclined-conveyor\" width=\"203\" height=\"140\" \/><\/a>[\/vc_column_text][\/vc_column][\/vc_row]<\/p>\n<\/div>","protected":false},"excerpt":{"rendered":"<p>\u00bfVa a colocar una pieza fundida incandescente sobre una banda de caucho? No. \u00bfQu\u00e9 piensa si fuera arena fluida caliente sobre una plataforma o cinta transportadora met\u00e1lica? Solo si le gusta barrer. Solo hay una tecnolog\u00eda capaz de resistir el entorno exigente de una planta de fundici\u00f3n caliente y abrasiva: las cintas transportadoras vibratorias de General Kinematics.<\/p>\n","protected":false},"featured_media":23136,"comment_status":"closed","ping_status":"closed","template":"","meta":{"_acf_changed":false,"om_disable_all_campaigns":false,"ep_exclude_from_search":false},"product_brand":[],"product_cat":[1843,1841,1839],"product_tag":[],"class_list":{"0":"post-36600","1":"product","2":"type-product","3":"status-publish","4":"has-post-thumbnail","6":"product_cat-equipo-de-enfriamiento-de-colada","7":"product_cat-manejo-de-materiales","8":"product_cat-soluciones-de-fundicion-y-metalcasting","10":"first","11":"instock","12":"taxable","13":"shipping-taxable","14":"product-type-simple"},"acf":[],"yoast_head":"<!-- This site is optimized with the Yoast SEO plugin v27.2 - https:\/\/yoast.com\/product\/yoast-seo-wordpress\/ -->\n<title>Cintas transportadoras vibratorias para aplicaciones de fundici\u00f3n | General Kinematics<\/title>\n<meta name=\"robots\" content=\"index, follow, max-snippet:-1, max-image-preview:large, max-video-preview:-1\" \/>\n<link rel=\"canonical\" href=\"https:\/\/www.generalkinematics.com\/es\/producto\/cintas-transportadoras-vibratorias-para-aplicaciones-de-fundicion\/\" \/>\n<meta property=\"og:locale\" content=\"es_ES\" \/>\n<meta property=\"og:type\" content=\"article\" \/>\n<meta property=\"og:title\" content=\"Cintas transportadoras vibratorias para aplicaciones de fundici\u00f3n | General Kinematics\" \/>\n<meta property=\"og:description\" content=\"\u00bfVa a colocar una pieza fundida incandescente sobre una banda de caucho? No. \u00bfQu\u00e9 piensa si fuera arena fluida caliente sobre una plataforma o cinta transportadora met\u00e1lica? Solo si le gusta barrer. Solo hay una tecnolog\u00eda capaz de resistir el entorno exigente de una planta de fundici\u00f3n caliente y abrasiva: las cintas transportadoras vibratorias de General Kinematics.\" \/>\n<meta property=\"og:url\" content=\"https:\/\/www.generalkinematics.com\/es\/producto\/cintas-transportadoras-vibratorias-para-aplicaciones-de-fundicion\/\" \/>\n<meta property=\"og:site_name\" content=\"General Kinematics\" \/>\n<meta property=\"article:publisher\" content=\"https:\/\/www.facebook.com\/generalkinematics\" \/>\n<meta property=\"article:modified_time\" content=\"2019-06-12T20:17:38+00:00\" \/>\n<meta property=\"og:image\" content=\"https:\/\/media.generalkinematics.com\/wp-content\/uploads\/2015\/05\/IMG_6156.jpg\" \/>\n\t<meta property=\"og:image:width\" content=\"5184\" \/>\n\t<meta property=\"og:image:height\" content=\"3456\" \/>\n\t<meta property=\"og:image:type\" content=\"image\/jpeg\" \/>\n<meta name=\"twitter:card\" content=\"summary_large_image\" \/>\n<meta name=\"twitter:site\" content=\"@gkvibrating\" \/>\n<meta name=\"twitter:label1\" content=\"Tiempo de lectura\" \/>\n\t<meta name=\"twitter:data1\" content=\"4 minutos\" \/>\n<!-- \/ Yoast SEO plugin. -->","yoast_head_json":{"title":"Cintas transportadoras vibratorias para aplicaciones de fundici\u00f3n | General Kinematics","robots":{"index":"index","follow":"follow","max-snippet":"max-snippet:-1","max-image-preview":"max-image-preview:large","max-video-preview":"max-video-preview:-1"},"canonical":"https:\/\/www.generalkinematics.com\/es\/producto\/cintas-transportadoras-vibratorias-para-aplicaciones-de-fundicion\/","og_locale":"es_ES","og_type":"article","og_title":"Cintas transportadoras vibratorias para aplicaciones de fundici\u00f3n | General Kinematics","og_description":"\u00bfVa a colocar una pieza fundida incandescente sobre una banda de caucho? No. \u00bfQu\u00e9 piensa si fuera arena fluida caliente sobre una plataforma o cinta transportadora met\u00e1lica? Solo si le gusta barrer. Solo hay una tecnolog\u00eda capaz de resistir el entorno exigente de una planta de fundici\u00f3n caliente y abrasiva: las cintas transportadoras vibratorias de General Kinematics.","og_url":"https:\/\/www.generalkinematics.com\/es\/producto\/cintas-transportadoras-vibratorias-para-aplicaciones-de-fundicion\/","og_site_name":"General Kinematics","article_publisher":"https:\/\/www.facebook.com\/generalkinematics","article_modified_time":"2019-06-12T20:17:38+00:00","og_image":[{"width":5184,"height":3456,"url":"https:\/\/media.generalkinematics.com\/wp-content\/uploads\/2015\/05\/IMG_6156.jpg","type":"image\/jpeg"}],"twitter_card":"summary_large_image","twitter_site":"@gkvibrating","twitter_misc":{"Tiempo de lectura":"4 minutos"},"schema":{"@context":"https:\/\/schema.org","@graph":[{"@type":"WebPage","@id":"https:\/\/www.generalkinematics.com\/es\/producto\/cintas-transportadoras-vibratorias-para-aplicaciones-de-fundicion\/","url":"https:\/\/www.generalkinematics.com\/es\/producto\/cintas-transportadoras-vibratorias-para-aplicaciones-de-fundicion\/","name":"Cintas transportadoras vibratorias para aplicaciones de fundici\u00f3n | General Kinematics","isPartOf":{"@id":"https:\/\/www.generalkinematics.com\/es\/#website"},"primaryImageOfPage":{"@id":"https:\/\/www.generalkinematics.com\/es\/producto\/cintas-transportadoras-vibratorias-para-aplicaciones-de-fundicion\/#primaryimage"},"image":{"@id":"https:\/\/www.generalkinematics.com\/es\/producto\/cintas-transportadoras-vibratorias-para-aplicaciones-de-fundicion\/#primaryimage"},"thumbnailUrl":"https:\/\/media.generalkinematics.com\/wp-content\/uploads\/2015\/05\/IMG_6156.jpg","datePublished":"2015-05-12T14:36:15+00:00","dateModified":"2019-06-12T20:17:38+00:00","breadcrumb":{"@id":"https:\/\/www.generalkinematics.com\/es\/producto\/cintas-transportadoras-vibratorias-para-aplicaciones-de-fundicion\/#breadcrumb"},"inLanguage":"es","potentialAction":[{"@type":"ReadAction","target":["https:\/\/www.generalkinematics.com\/es\/producto\/cintas-transportadoras-vibratorias-para-aplicaciones-de-fundicion\/"]}]},{"@type":"ImageObject","inLanguage":"es","@id":"https:\/\/www.generalkinematics.com\/es\/producto\/cintas-transportadoras-vibratorias-para-aplicaciones-de-fundicion\/#primaryimage","url":"https:\/\/media.generalkinematics.com\/wp-content\/uploads\/2015\/05\/IMG_6156.jpg","contentUrl":"https:\/\/media.generalkinematics.com\/wp-content\/uploads\/2015\/05\/IMG_6156.jpg","width":2500,"height":1667,"caption":"general-kinematics-vibratory-conveyor-for-foundry"},{"@type":"BreadcrumbList","@id":"https:\/\/www.generalkinematics.com\/es\/producto\/cintas-transportadoras-vibratorias-para-aplicaciones-de-fundicion\/#breadcrumb","itemListElement":[{"@type":"ListItem","position":1,"name":"GK Home","item":"https:\/\/www.generalkinematics.com\/es\/"},{"@type":"ListItem","position":2,"name":"Shop","item":"https:\/\/www.generalkinematics.com\/shop\/"},{"@type":"ListItem","position":3,"name":"Cintas transportadoras vibratorias para aplicaciones de fundici\u00f3n"}]},{"@type":"WebSite","@id":"https:\/\/www.generalkinematics.com\/es\/#website","url":"https:\/\/www.generalkinematics.com\/es\/","name":"General Kinematics","description":"","publisher":{"@id":"https:\/\/www.generalkinematics.com\/es\/#organization"},"potentialAction":[{"@type":"SearchAction","target":{"@type":"EntryPoint","urlTemplate":"https:\/\/www.generalkinematics.com\/es\/?s={search_term_string}"},"query-input":{"@type":"PropertyValueSpecification","valueRequired":true,"valueName":"search_term_string"}}],"inLanguage":"es"},{"@type":"Organization","@id":"https:\/\/www.generalkinematics.com\/es\/#organization","name":"General Kinematics","url":"https:\/\/www.generalkinematics.com\/es\/","logo":{"@type":"ImageObject","inLanguage":"es","@id":"https:\/\/www.generalkinematics.com\/es\/#\/schema\/logo\/image\/","url":"https:\/\/media.generalkinematics.com\/wp-content\/uploads\/2018\/03\/logo.png","contentUrl":"https:\/\/media.generalkinematics.com\/wp-content\/uploads\/2018\/03\/logo.png","width":313,"height":100,"caption":"General Kinematics"},"image":{"@id":"https:\/\/www.generalkinematics.com\/es\/#\/schema\/logo\/image\/"},"sameAs":["https:\/\/www.facebook.com\/generalkinematics","https:\/\/x.com\/gkvibrating"]}]}},"_links":{"self":[{"href":"https:\/\/www.generalkinematics.com\/es\/wp-json\/wp\/v2\/product\/36600","targetHints":{"allow":["GET"]}}],"collection":[{"href":"https:\/\/www.generalkinematics.com\/es\/wp-json\/wp\/v2\/product"}],"about":[{"href":"https:\/\/www.generalkinematics.com\/es\/wp-json\/wp\/v2\/types\/product"}],"replies":[{"embeddable":true,"href":"https:\/\/www.generalkinematics.com\/es\/wp-json\/wp\/v2\/comments?post=36600"}],"wp:featuredmedia":[{"embeddable":true,"href":"https:\/\/www.generalkinematics.com\/es\/wp-json\/wp\/v2\/media\/23136"}],"wp:attachment":[{"href":"https:\/\/www.generalkinematics.com\/es\/wp-json\/wp\/v2\/media?parent=36600"}],"wp:term":[{"taxonomy":"product_brand","embeddable":true,"href":"https:\/\/www.generalkinematics.com\/es\/wp-json\/wp\/v2\/product_brand?post=36600"},{"taxonomy":"product_cat","embeddable":true,"href":"https:\/\/www.generalkinematics.com\/es\/wp-json\/wp\/v2\/product_cat?post=36600"},{"taxonomy":"product_tag","embeddable":true,"href":"https:\/\/www.generalkinematics.com\/es\/wp-json\/wp\/v2\/product_tag?post=36600"}],"curies":[{"name":"wp","href":"https:\/\/api.w.org\/{rel}","templated":true}]}}