{"id":36638,"date":"2015-05-12T10:23:16","date_gmt":"2015-05-12T15:23:16","guid":{"rendered":"https:\/\/www.generalkinematics.com\/product\/tecnologia-de-la-desmoldeadora-de-vector-variable-v2\/"},"modified":"2018-08-30T21:06:11","modified_gmt":"2018-08-31T02:06:11","slug":"desmoldeadoras-de-vector-variable","status":"publish","type":"product","link":"https:\/\/www.generalkinematics.com\/es\/producto\/desmoldeadoras-de-vector-variable\/","title":{"rendered":"Tecnolog\u00eda de la desmoldeadora de vector variable V2"},"content":{"rendered":"<p>Las <strong>desmoldeadoras de vector variable V2<\/strong> de General Kinematics le permiten ajustar el tiempo de retenci\u00f3n de la pieza fundida con solo presionar un bot\u00f3n. Sus componentes de larga duraci\u00f3n y construcci\u00f3n para trabajos ultrapesados, ofrecen tiempos de funcionamiento prolongados y con poco mantenimiento.<\/p>\n<p>El dise\u00f1o de la transmisi\u00f3n directa es f\u00e1cil de mantener e instalar. La facilidad del sistema de control de funcionamiento de la unidad V2 utiliza un sistema de medici\u00f3n basado en vectores para controlar y mantener el \u00e1ngulo de agitaci\u00f3n apropiado para el tipo de pieza fundida, adem\u00e1s de la posibilidad de ajustar la velocidad de desplazamiento para optimizar el tiempo de desmoldeado para los diferentes tama\u00f1os y formas de piezas fundidas.<\/p>\n<h2>Caracter\u00edsticas:<\/h2>\n<ul>\n<li>Controles f\u00e1ciles de usar para variar la velocidad de desplazamiento y el tiempo de retenci\u00f3n.<\/li>\n<li>La transmisi\u00f3n desbalanceada de trabajo pesado utiliza rodamientos GK patentados de larga duraci\u00f3n para maximizar el tiempo de funcionamiento y el grado de confiabilidad.<\/li>\n<li>Disponibles en tama\u00f1os est\u00e1ndar y personalizados, seg\u00fan su aplicaci\u00f3n.<\/li>\n<li>La medici\u00f3n basada en vectores rastrea el recorrido operativo verdadero para llevar el control preciso de la velocidad de transporte de la pieza fundida.<\/li>\n<\/ul>\n","protected":false},"excerpt":{"rendered":"<p>Las desmoldeadoras de vector variable V2 de General Kinematics le permiten ajustar el tiempo de retenci\u00f3n de la pieza fundida con solo presionar un bot\u00f3n. Sus componentes de larga duraci\u00f3n y construcci\u00f3n para trabajos ultrapesados, ofrecen tiempos de funcionamiento prolongados y con poco mantenimiento. El dise\u00f1o de la transmisi\u00f3n directa es f\u00e1cil de mantener e [&hellip;]<\/p>\n","protected":false},"featured_media":32734,"comment_status":"closed","ping_status":"closed","template":"","meta":{"_acf_changed":false,"om_disable_all_campaigns":false,"ep_exclude_from_search":false},"product_brand":[],"product_cat":[1860,1839,1857],"product_tag":[],"class_list":{"0":"post-36638","1":"product","2":"type-product","3":"status-publish","4":"has-post-thumbnail","6":"product_cat-sacudidas-vibratorias-rotativas","7":"product_cat-soluciones-de-fundicion-y-metalcasting","8":"product_cat-tambores-vibratorios-y-sacudidas","10":"first","11":"instock","12":"taxable","13":"shipping-taxable","14":"product-type-simple"},"acf":[],"yoast_head":"<!-- This site is optimized with the Yoast SEO plugin v27.2 - https:\/\/yoast.com\/product\/yoast-seo-wordpress\/ -->\n<title>Tecnolog\u00eda de la desmoldeadora de vector variable V2 | General Kinematics<\/title>\n<meta name=\"robots\" content=\"index, follow, max-snippet:-1, max-image-preview:large, max-video-preview:-1\" \/>\n<link rel=\"canonical\" href=\"https:\/\/www.generalkinematics.com\/es\/producto\/desmoldeadoras-de-vector-variable\/\" \/>\n<meta property=\"og:locale\" content=\"es_ES\" \/>\n<meta property=\"og:type\" content=\"article\" \/>\n<meta property=\"og:title\" content=\"Tecnolog\u00eda de la desmoldeadora de vector variable V2 | General Kinematics\" \/>\n<meta property=\"og:description\" content=\"Las desmoldeadoras de vector variable V2 de General Kinematics le permiten ajustar el tiempo de retenci\u00f3n de la pieza fundida con solo presionar un bot\u00f3n. Sus componentes de larga duraci\u00f3n y construcci\u00f3n para trabajos ultrapesados, ofrecen tiempos de funcionamiento prolongados y con poco mantenimiento. El dise\u00f1o de la transmisi\u00f3n directa es f\u00e1cil de mantener e [&hellip;]\" \/>\n<meta property=\"og:url\" content=\"https:\/\/www.generalkinematics.com\/es\/producto\/desmoldeadoras-de-vector-variable\/\" \/>\n<meta property=\"og:site_name\" content=\"General Kinematics\" \/>\n<meta property=\"article:publisher\" content=\"https:\/\/www.facebook.com\/generalkinematics\" \/>\n<meta property=\"article:modified_time\" content=\"2018-08-31T02:06:11+00:00\" \/>\n<meta property=\"og:image\" content=\"https:\/\/media.generalkinematics.com\/wp-content\/uploads\/2015\/05\/V2-Model-w-Logo.png\" \/>\n\t<meta property=\"og:image:width\" content=\"1440\" \/>\n\t<meta property=\"og:image:height\" content=\"864\" \/>\n\t<meta property=\"og:image:type\" content=\"image\/jpeg\" \/>\n<meta name=\"twitter:card\" content=\"summary_large_image\" \/>\n<meta name=\"twitter:site\" content=\"@gkvibrating\" \/>\n<meta name=\"twitter:label1\" content=\"Tiempo de lectura\" \/>\n\t<meta name=\"twitter:data1\" content=\"1 minuto\" \/>\n<!-- \/ Yoast SEO plugin. -->","yoast_head_json":{"title":"Tecnolog\u00eda de la desmoldeadora de vector variable V2 | General Kinematics","robots":{"index":"index","follow":"follow","max-snippet":"max-snippet:-1","max-image-preview":"max-image-preview:large","max-video-preview":"max-video-preview:-1"},"canonical":"https:\/\/www.generalkinematics.com\/es\/producto\/desmoldeadoras-de-vector-variable\/","og_locale":"es_ES","og_type":"article","og_title":"Tecnolog\u00eda de la desmoldeadora de vector variable V2 | General Kinematics","og_description":"Las desmoldeadoras de vector variable V2 de General Kinematics le permiten ajustar el tiempo de retenci\u00f3n de la pieza fundida con solo presionar un bot\u00f3n. Sus componentes de larga duraci\u00f3n y construcci\u00f3n para trabajos ultrapesados, ofrecen tiempos de funcionamiento prolongados y con poco mantenimiento. El dise\u00f1o de la transmisi\u00f3n directa es f\u00e1cil de mantener e [&hellip;]","og_url":"https:\/\/www.generalkinematics.com\/es\/producto\/desmoldeadoras-de-vector-variable\/","og_site_name":"General Kinematics","article_publisher":"https:\/\/www.facebook.com\/generalkinematics","article_modified_time":"2018-08-31T02:06:11+00:00","og_image":[{"width":1440,"height":864,"url":"https:\/\/media.generalkinematics.com\/wp-content\/uploads\/2015\/05\/V2-Model-w-Logo.png","type":"image\/jpeg"}],"twitter_card":"summary_large_image","twitter_site":"@gkvibrating","twitter_misc":{"Tiempo de lectura":"1 minuto"},"schema":{"@context":"https:\/\/schema.org","@graph":[{"@type":"WebPage","@id":"https:\/\/www.generalkinematics.com\/es\/producto\/desmoldeadoras-de-vector-variable\/","url":"https:\/\/www.generalkinematics.com\/es\/producto\/desmoldeadoras-de-vector-variable\/","name":"Tecnolog\u00eda de la desmoldeadora de vector variable V2 | General Kinematics","isPartOf":{"@id":"https:\/\/www.generalkinematics.com\/es\/#website"},"primaryImageOfPage":{"@id":"https:\/\/www.generalkinematics.com\/es\/producto\/desmoldeadoras-de-vector-variable\/#primaryimage"},"image":{"@id":"https:\/\/www.generalkinematics.com\/es\/producto\/desmoldeadoras-de-vector-variable\/#primaryimage"},"thumbnailUrl":"https:\/\/media.generalkinematics.com\/wp-content\/uploads\/2015\/05\/V2-Model-w-Logo.png","datePublished":"2015-05-12T15:23:16+00:00","dateModified":"2018-08-31T02:06:11+00:00","breadcrumb":{"@id":"https:\/\/www.generalkinematics.com\/es\/producto\/desmoldeadoras-de-vector-variable\/#breadcrumb"},"inLanguage":"es","potentialAction":[{"@type":"ReadAction","target":["https:\/\/www.generalkinematics.com\/es\/producto\/desmoldeadoras-de-vector-variable\/"]}]},{"@type":"ImageObject","inLanguage":"es","@id":"https:\/\/www.generalkinematics.com\/es\/producto\/desmoldeadoras-de-vector-variable\/#primaryimage","url":"https:\/\/media.generalkinematics.com\/wp-content\/uploads\/2015\/05\/V2-Model-w-Logo.png","contentUrl":"https:\/\/media.generalkinematics.com\/wp-content\/uploads\/2015\/05\/V2-Model-w-Logo.png","width":1440,"height":864},{"@type":"BreadcrumbList","@id":"https:\/\/www.generalkinematics.com\/es\/producto\/desmoldeadoras-de-vector-variable\/#breadcrumb","itemListElement":[{"@type":"ListItem","position":1,"name":"GK Home","item":"https:\/\/www.generalkinematics.com\/es\/"},{"@type":"ListItem","position":2,"name":"Shop","item":"https:\/\/www.generalkinematics.com\/shop\/"},{"@type":"ListItem","position":3,"name":"Tecnolog\u00eda de la desmoldeadora de vector variable V2"}]},{"@type":"WebSite","@id":"https:\/\/www.generalkinematics.com\/es\/#website","url":"https:\/\/www.generalkinematics.com\/es\/","name":"General Kinematics","description":"","publisher":{"@id":"https:\/\/www.generalkinematics.com\/es\/#organization"},"potentialAction":[{"@type":"SearchAction","target":{"@type":"EntryPoint","urlTemplate":"https:\/\/www.generalkinematics.com\/es\/?s={search_term_string}"},"query-input":{"@type":"PropertyValueSpecification","valueRequired":true,"valueName":"search_term_string"}}],"inLanguage":"es"},{"@type":"Organization","@id":"https:\/\/www.generalkinematics.com\/es\/#organization","name":"General Kinematics","url":"https:\/\/www.generalkinematics.com\/es\/","logo":{"@type":"ImageObject","inLanguage":"es","@id":"https:\/\/www.generalkinematics.com\/es\/#\/schema\/logo\/image\/","url":"https:\/\/media.generalkinematics.com\/wp-content\/uploads\/2018\/03\/logo.png","contentUrl":"https:\/\/media.generalkinematics.com\/wp-content\/uploads\/2018\/03\/logo.png","width":313,"height":100,"caption":"General Kinematics"},"image":{"@id":"https:\/\/www.generalkinematics.com\/es\/#\/schema\/logo\/image\/"},"sameAs":["https:\/\/www.facebook.com\/generalkinematics","https:\/\/x.com\/gkvibrating"]}]}},"_links":{"self":[{"href":"https:\/\/www.generalkinematics.com\/es\/wp-json\/wp\/v2\/product\/36638","targetHints":{"allow":["GET"]}}],"collection":[{"href":"https:\/\/www.generalkinematics.com\/es\/wp-json\/wp\/v2\/product"}],"about":[{"href":"https:\/\/www.generalkinematics.com\/es\/wp-json\/wp\/v2\/types\/product"}],"replies":[{"embeddable":true,"href":"https:\/\/www.generalkinematics.com\/es\/wp-json\/wp\/v2\/comments?post=36638"}],"wp:featuredmedia":[{"embeddable":true,"href":"https:\/\/www.generalkinematics.com\/es\/wp-json\/wp\/v2\/media\/32734"}],"wp:attachment":[{"href":"https:\/\/www.generalkinematics.com\/es\/wp-json\/wp\/v2\/media?parent=36638"}],"wp:term":[{"taxonomy":"product_brand","embeddable":true,"href":"https:\/\/www.generalkinematics.com\/es\/wp-json\/wp\/v2\/product_brand?post=36638"},{"taxonomy":"product_cat","embeddable":true,"href":"https:\/\/www.generalkinematics.com\/es\/wp-json\/wp\/v2\/product_cat?post=36638"},{"taxonomy":"product_tag","embeddable":true,"href":"https:\/\/www.generalkinematics.com\/es\/wp-json\/wp\/v2\/product_tag?post=36638"}],"curies":[{"name":"wp","href":"https:\/\/api.w.org\/{rel}","templated":true}]}}