{"id":36645,"date":"2015-05-12T10:26:06","date_gmt":"2015-05-12T15:26:06","guid":{"rendered":"https:\/\/www.generalkinematics.com\/product\/alimentadores-de-medicion\/"},"modified":"2018-08-30T20:57:31","modified_gmt":"2018-08-31T01:57:31","slug":"alimentadores-de-medicion","status":"publish","type":"product","link":"https:\/\/www.generalkinematics.com\/es\/producto\/alimentadores-de-medicion\/","title":{"rendered":"Alimentadores de medici\u00f3n"},"content":{"rendered":"<p>Los alimentadores de medici\u00f3n de GK recolectan, pesan y distribuyen uniformemente las piezas fundidas para las m\u00e1quinas de granallado. A trav\u00e9s de la combinaci\u00f3n de los alimentadores vibratorios con las celdas de pesaje, las compuertas y los sistemas de control modernos, los alimentadores de medici\u00f3n de GK pueden dispensar con precisi\u00f3n la cantidad correcta de piezas de fundici\u00f3n a sus m\u00e1quinas de granallado y optimizar la operaci\u00f3n de limpieza.<\/p>\n<p>Los alimentadores de medici\u00f3n de General Kinematics son solo una parte de los sistemas completos de manejo y limpieza por granallado de GK. Para obtener m\u00e1s informaci\u00f3n sobre las soluciones completas de granallado, <a href=\"https:\/\/www.generalkinematics.com\/es\/contactar-a-general-kinematics\/\">p\u00f3ngase en contacto con un especialista en fundici\u00f3n de GK<\/a>.<\/p>\n<h2>Caracter\u00edsticas:<\/h2>\n<ul>\n<li>Los alimentadores vibratorios utilizan la tecnolog\u00eda comprobada de doble masa de GK para reducir de manera significativa el consumo de energ\u00eda frente a los dise\u00f1os de fuerza bruta.<\/li>\n<li>Se pueden organizar varios alimentadores para acumular y almacenar el producto.<\/li>\n<li>Los alimentadores de medici\u00f3n de General Kinematics son una parte integral de los sistemas completos de manejo de granallado de GK.<\/li>\n<\/ul>\n","protected":false},"excerpt":{"rendered":"<p>Los alimentadores de medici\u00f3n de GK recolectan, pesan y distribuyen uniformemente las piezas fundidas para las m\u00e1quinas de granallado. A trav\u00e9s de la combinaci\u00f3n de los alimentadores vibratorios con las celdas de pesaje, las compuertas y los sistemas de control modernos, los alimentadores de medici\u00f3n de GK pueden dispensar con precisi\u00f3n la cantidad correcta de [&hellip;]<\/p>\n","protected":false},"featured_media":27616,"comment_status":"closed","ping_status":"closed","template":"","meta":{"_acf_changed":false,"om_disable_all_campaigns":false,"ep_exclude_from_search":false},"product_brand":[],"product_cat":[1855,1861,1839,1844],"product_tag":[],"class_list":{"0":"post-36645","1":"product","2":"type-product","3":"status-publish","4":"has-post-thumbnail","6":"product_cat-alimentadores-vibratorios","7":"product_cat-fundicion-de-arena-verde","8":"product_cat-soluciones-de-fundicion-y-metalcasting","9":"product_cat-soluciones-para-salas-de-limpieza","11":"first","12":"instock","13":"taxable","14":"shipping-taxable","15":"product-type-simple"},"acf":[],"yoast_head":"<!-- This site is optimized with the Yoast SEO plugin v27.2 - https:\/\/yoast.com\/product\/yoast-seo-wordpress\/ -->\n<title>Alimentadores de medici\u00f3n | General Kinematics<\/title>\n<meta name=\"robots\" content=\"index, follow, max-snippet:-1, max-image-preview:large, max-video-preview:-1\" \/>\n<link rel=\"canonical\" href=\"https:\/\/www.generalkinematics.com\/es\/producto\/alimentadores-de-medicion\/\" \/>\n<meta property=\"og:locale\" content=\"es_ES\" \/>\n<meta property=\"og:type\" content=\"article\" \/>\n<meta property=\"og:title\" content=\"Alimentadores de medici\u00f3n | General Kinematics\" \/>\n<meta property=\"og:description\" content=\"Los alimentadores de medici\u00f3n de GK recolectan, pesan y distribuyen uniformemente las piezas fundidas para las m\u00e1quinas de granallado. A trav\u00e9s de la combinaci\u00f3n de los alimentadores vibratorios con las celdas de pesaje, las compuertas y los sistemas de control modernos, los alimentadores de medici\u00f3n de GK pueden dispensar con precisi\u00f3n la cantidad correcta de [&hellip;]\" \/>\n<meta property=\"og:url\" content=\"https:\/\/www.generalkinematics.com\/es\/producto\/alimentadores-de-medicion\/\" \/>\n<meta property=\"og:site_name\" content=\"General Kinematics\" \/>\n<meta property=\"article:publisher\" content=\"https:\/\/www.facebook.com\/generalkinematics\" \/>\n<meta property=\"article:modified_time\" content=\"2018-08-31T01:57:31+00:00\" \/>\n<meta property=\"og:image\" content=\"https:\/\/media.generalkinematics.com\/wp-content\/uploads\/2015\/05\/5-feeders.jpg\" \/>\n\t<meta property=\"og:image:width\" content=\"1182\" \/>\n\t<meta property=\"og:image:height\" content=\"771\" \/>\n\t<meta property=\"og:image:type\" content=\"image\/jpeg\" \/>\n<meta name=\"twitter:card\" content=\"summary_large_image\" \/>\n<meta name=\"twitter:site\" content=\"@gkvibrating\" \/>\n<meta name=\"twitter:label1\" content=\"Tiempo de lectura\" \/>\n\t<meta name=\"twitter:data1\" content=\"1 minuto\" \/>\n<!-- \/ Yoast SEO plugin. -->","yoast_head_json":{"title":"Alimentadores de medici\u00f3n | General Kinematics","robots":{"index":"index","follow":"follow","max-snippet":"max-snippet:-1","max-image-preview":"max-image-preview:large","max-video-preview":"max-video-preview:-1"},"canonical":"https:\/\/www.generalkinematics.com\/es\/producto\/alimentadores-de-medicion\/","og_locale":"es_ES","og_type":"article","og_title":"Alimentadores de medici\u00f3n | General Kinematics","og_description":"Los alimentadores de medici\u00f3n de GK recolectan, pesan y distribuyen uniformemente las piezas fundidas para las m\u00e1quinas de granallado. A trav\u00e9s de la combinaci\u00f3n de los alimentadores vibratorios con las celdas de pesaje, las compuertas y los sistemas de control modernos, los alimentadores de medici\u00f3n de GK pueden dispensar con precisi\u00f3n la cantidad correcta de [&hellip;]","og_url":"https:\/\/www.generalkinematics.com\/es\/producto\/alimentadores-de-medicion\/","og_site_name":"General Kinematics","article_publisher":"https:\/\/www.facebook.com\/generalkinematics","article_modified_time":"2018-08-31T01:57:31+00:00","og_image":[{"width":1182,"height":771,"url":"https:\/\/media.generalkinematics.com\/wp-content\/uploads\/2015\/05\/5-feeders.jpg","type":"image\/jpeg"}],"twitter_card":"summary_large_image","twitter_site":"@gkvibrating","twitter_misc":{"Tiempo de lectura":"1 minuto"},"schema":{"@context":"https:\/\/schema.org","@graph":[{"@type":"WebPage","@id":"https:\/\/www.generalkinematics.com\/es\/producto\/alimentadores-de-medicion\/","url":"https:\/\/www.generalkinematics.com\/es\/producto\/alimentadores-de-medicion\/","name":"Alimentadores de medici\u00f3n | General Kinematics","isPartOf":{"@id":"https:\/\/www.generalkinematics.com\/es\/#website"},"primaryImageOfPage":{"@id":"https:\/\/www.generalkinematics.com\/es\/producto\/alimentadores-de-medicion\/#primaryimage"},"image":{"@id":"https:\/\/www.generalkinematics.com\/es\/producto\/alimentadores-de-medicion\/#primaryimage"},"thumbnailUrl":"https:\/\/media.generalkinematics.com\/wp-content\/uploads\/2015\/05\/5-feeders.jpg","datePublished":"2015-05-12T15:26:06+00:00","dateModified":"2018-08-31T01:57:31+00:00","breadcrumb":{"@id":"https:\/\/www.generalkinematics.com\/es\/producto\/alimentadores-de-medicion\/#breadcrumb"},"inLanguage":"es","potentialAction":[{"@type":"ReadAction","target":["https:\/\/www.generalkinematics.com\/es\/producto\/alimentadores-de-medicion\/"]}]},{"@type":"ImageObject","inLanguage":"es","@id":"https:\/\/www.generalkinematics.com\/es\/producto\/alimentadores-de-medicion\/#primaryimage","url":"https:\/\/media.generalkinematics.com\/wp-content\/uploads\/2015\/05\/5-feeders.jpg","contentUrl":"https:\/\/media.generalkinematics.com\/wp-content\/uploads\/2015\/05\/5-feeders.jpg","width":1182,"height":771,"caption":"general-kinematics-meter-feeders"},{"@type":"BreadcrumbList","@id":"https:\/\/www.generalkinematics.com\/es\/producto\/alimentadores-de-medicion\/#breadcrumb","itemListElement":[{"@type":"ListItem","position":1,"name":"GK Home","item":"https:\/\/www.generalkinematics.com\/es\/"},{"@type":"ListItem","position":2,"name":"Shop","item":"https:\/\/www.generalkinematics.com\/shop\/"},{"@type":"ListItem","position":3,"name":"Alimentadores de medici\u00f3n"}]},{"@type":"WebSite","@id":"https:\/\/www.generalkinematics.com\/es\/#website","url":"https:\/\/www.generalkinematics.com\/es\/","name":"General Kinematics","description":"","publisher":{"@id":"https:\/\/www.generalkinematics.com\/es\/#organization"},"potentialAction":[{"@type":"SearchAction","target":{"@type":"EntryPoint","urlTemplate":"https:\/\/www.generalkinematics.com\/es\/?s={search_term_string}"},"query-input":{"@type":"PropertyValueSpecification","valueRequired":true,"valueName":"search_term_string"}}],"inLanguage":"es"},{"@type":"Organization","@id":"https:\/\/www.generalkinematics.com\/es\/#organization","name":"General Kinematics","url":"https:\/\/www.generalkinematics.com\/es\/","logo":{"@type":"ImageObject","inLanguage":"es","@id":"https:\/\/www.generalkinematics.com\/es\/#\/schema\/logo\/image\/","url":"https:\/\/media.generalkinematics.com\/wp-content\/uploads\/2018\/03\/logo.png","contentUrl":"https:\/\/media.generalkinematics.com\/wp-content\/uploads\/2018\/03\/logo.png","width":313,"height":100,"caption":"General Kinematics"},"image":{"@id":"https:\/\/www.generalkinematics.com\/es\/#\/schema\/logo\/image\/"},"sameAs":["https:\/\/www.facebook.com\/generalkinematics","https:\/\/x.com\/gkvibrating"]}]}},"_links":{"self":[{"href":"https:\/\/www.generalkinematics.com\/es\/wp-json\/wp\/v2\/product\/36645","targetHints":{"allow":["GET"]}}],"collection":[{"href":"https:\/\/www.generalkinematics.com\/es\/wp-json\/wp\/v2\/product"}],"about":[{"href":"https:\/\/www.generalkinematics.com\/es\/wp-json\/wp\/v2\/types\/product"}],"replies":[{"embeddable":true,"href":"https:\/\/www.generalkinematics.com\/es\/wp-json\/wp\/v2\/comments?post=36645"}],"wp:featuredmedia":[{"embeddable":true,"href":"https:\/\/www.generalkinematics.com\/es\/wp-json\/wp\/v2\/media\/27616"}],"wp:attachment":[{"href":"https:\/\/www.generalkinematics.com\/es\/wp-json\/wp\/v2\/media?parent=36645"}],"wp:term":[{"taxonomy":"product_brand","embeddable":true,"href":"https:\/\/www.generalkinematics.com\/es\/wp-json\/wp\/v2\/product_brand?post=36645"},{"taxonomy":"product_cat","embeddable":true,"href":"https:\/\/www.generalkinematics.com\/es\/wp-json\/wp\/v2\/product_cat?post=36645"},{"taxonomy":"product_tag","embeddable":true,"href":"https:\/\/www.generalkinematics.com\/es\/wp-json\/wp\/v2\/product_tag?post=36645"}],"curies":[{"name":"wp","href":"https:\/\/api.w.org\/{rel}","templated":true}]}}