{"id":37534,"date":"2015-05-12T10:44:16","date_gmt":"2015-05-12T15:44:16","guid":{"rendered":"https:\/\/www.generalkinematics.com\/product\/equipo-de-fundicion-con-arena-vibra-drum\/"},"modified":"2021-12-03T11:52:45","modified_gmt":"2021-12-03T17:52:45","slug":"acondicionadores-de-arena-y-piezas-fundidas","status":"publish","type":"product","link":"https:\/\/www.generalkinematics.com\/es\/producto\/acondicionadores-de-arena-y-piezas-fundidas\/","title":{"rendered":"Equipo de fundici\u00f3n con arena VIBRA-DRUM\u00ae"},"content":{"rendered":"<p>Comprobados en cientos de aplicaciones en todo el mundo, los <strong>acondicionadores de arena y piezas fundidas VIBRA-DRUM\u00ae\u00a0<\/strong>han revolucionado la manipulaci\u00f3n de moldes\/arena y las aplicaciones de fundici\u00f3n. Este sistema vers\u00e1til de doble masa voltea suavemente las piezas fundidas y acelera su enfriamiento equilibrando las temperaturas de la arena\/fundici\u00f3n y evaporando la humedad.\u00a0La acci\u00f3n de volteo reduce los terrones de arena al tama\u00f1o de grano original y mezcla la arena para equilibrar la temperatura de la arena de desmoldeo \u2014 todo esto en una sola operaci\u00f3n continua y eficiente en t\u00e9rminos energ\u00e9ticos.<\/p>\n<p>La suave acci\u00f3n de volteo de la unidad VIBRA-DRUM\u00ae\u00a0mantiene a las piezas fundidas en una cama de arena, sin dejarlas caer o golpear nunca durante el proceso de desmoldeo. Esta acci\u00f3n permite realizar el desmoldeo m\u00e1s delicado del sector, con lo que es posible desmoldear autom\u00e1ticamente piezas fundidas fr\u00e1giles.<\/p>\n<p>La unidad VIBRA-DRUM\u00ae\u00a0de doble masa realiza una operaci\u00f3n continua de desmoldeo, adem\u00e1s de mover mucho mejor el material y procesar eficientemente la arena y las piezas moldeadas. La vibraci\u00f3n de frecuencia natural produce una rotaci\u00f3n conveniente del material similar a la de un tambor que reduce r\u00e1pidamente los terrones de arena sin da\u00f1ar las piezas fundidas. La agitaci\u00f3n de alta frecuencia reduce eficientemente la arena al tama\u00f1o de grano original. Re\u00fana todo esto y tendr\u00e1 un dise\u00f1o no rotatorio simple y f\u00e1cil de mantener, con todos los beneficios ambientales de un tambor totalmente cerrado \u2014 pero sin los problemas de manejo de aire, sellado o interconexi\u00f3n y sin causar da\u00f1os a las piezas fundidas.<\/p>\n<h2>Caracter\u00edsticas:<\/h2>\n<ul>\n<li>El sistema sincronizado subresonante de doble masa de la unidad VIBRA-DRUM\u00ae est\u00e1 dise\u00f1ado para compensar las variaciones de tama\u00f1o y peso de la carga.<\/li>\n<li>La estructura totalmente cerrada reduce los requisitos de recolecci\u00f3n de polvo.<\/li>\n<li>Las piezas fundidas salen m\u00e1s limpias y fr\u00edas con menos chatarra frente a los tambores rotatorios o vibratorios de fuerza bruta.<\/li>\n<li>La unidad VIBRA-DRUM\u00ae hace posible el enfriamiento metal\u00fargico controlado de las piezas fundidas.<\/li>\n<li>Resortes: Los resortes vibratorios de GK est\u00e1n dise\u00f1ados para funcionar continuamente todo el d\u00eda y necesitan poco mantenimiento durante el ciclo de vida de la m\u00e1quina. Los resortes para trabajo pesado de GK no se rompen y desgastan en condiciones normales de funcionamiento.<\/li>\n<li>Piezas: Los tambores de frecuencia natural tienen pocas piezas m\u00f3viles. El mantenimiento del equipo de moldeo con arena consiste en la lubricaci\u00f3n de los rodamientos y la revisi\u00f3n de los componentes del motor y la transmisi\u00f3n.<\/li>\n<li>Fuerza de la transmisi\u00f3n: La vibraci\u00f3n de frecuencia natural de la unidad VIBRA-DRUM\u00ae produce una rotaci\u00f3n conveniente del material similar a la de un tambor que reduce r\u00e1pidamente los terrones de arena sin da\u00f1ar las piezas fundidas. La acci\u00f3n de volteo de la unidad VIBRA-DRUM\u00ae restriega las superficies de la pieza moldeada sin causar da\u00f1os a la misma.<\/li>\n<li>El dise\u00f1o no rotatorio permite alimentar, descargar y mantener la unidad con mayor facilidad.<\/li>\n<li>Los revestimientos de trabajo pesado est\u00e1n hechos de placas resistentes a la abrasi\u00f3n una mayor duraci\u00f3n.<\/li>\n<\/ul>\n","protected":false},"excerpt":{"rendered":"<p>Comprobados en cientos de aplicaciones en todo el mundo, los acondicionadores de arena y piezas fundidas VIBRA-DRUM\u00ae\u00a0han revolucionado la manipulaci\u00f3n de moldes\/arena y las aplicaciones de fundici\u00f3n. Este sistema vers\u00e1til de doble masa voltea suavemente las piezas fundidas y acelera su enfriamiento equilibrando las temperaturas de la arena\/fundici\u00f3n y evaporando la humedad.\u00a0La acci\u00f3n de volteo [&hellip;]<\/p>\n","protected":false},"featured_media":53832,"comment_status":"closed","ping_status":"closed","template":"","meta":{"_acf_changed":false,"om_disable_all_campaigns":false,"ep_exclude_from_search":false},"product_brand":[],"product_cat":[1853,1843,1861,1858,1860,1849,1839,1844,1859,1857],"product_tag":[],"class_list":{"0":"post-37534","1":"product","2":"type-product","3":"status-publish","4":"has-post-thumbnail","6":"product_cat-equipo-de-enfriamiento-de-arena","7":"product_cat-equipo-de-enfriamiento-de-colada","8":"product_cat-fundicion-de-arena-verde","9":"product_cat-sacudida","10":"product_cat-sacudidas-vibratorias-rotativas","11":"product_cat-sistemas-de-arena-recuperacion","12":"product_cat-soluciones-de-fundicion-y-metalcasting","13":"product_cat-soluciones-para-salas-de-limpieza","14":"product_cat-soluciones-vibra-drum","15":"product_cat-tambores-vibratorios-y-sacudidas","17":"first","18":"instock","19":"taxable","20":"shipping-taxable","21":"product-type-simple"},"acf":[],"yoast_head":"<!-- This site is optimized with the Yoast SEO plugin v27.5 - https:\/\/yoast.com\/product\/yoast-seo-wordpress\/ -->\n<title>Equipo de fundici\u00f3n con arena VIBRA-DRUM\u00ae | General Kinematics<\/title>\n<meta name=\"robots\" content=\"index, follow, max-snippet:-1, max-image-preview:large, max-video-preview:-1\" \/>\n<link rel=\"canonical\" href=\"https:\/\/www.generalkinematics.com\/es\/producto\/acondicionadores-de-arena-y-piezas-fundidas\/\" \/>\n<meta property=\"og:locale\" content=\"es_ES\" \/>\n<meta property=\"og:type\" content=\"article\" \/>\n<meta property=\"og:title\" content=\"Equipo de fundici\u00f3n con arena VIBRA-DRUM\u00ae | General Kinematics\" \/>\n<meta property=\"og:description\" content=\"Comprobados en cientos de aplicaciones en todo el mundo, los acondicionadores de arena y piezas fundidas VIBRA-DRUM\u00ae\u00a0han revolucionado la manipulaci\u00f3n de moldes\/arena y las aplicaciones de fundici\u00f3n. Este sistema vers\u00e1til de doble masa voltea suavemente las piezas fundidas y acelera su enfriamiento equilibrando las temperaturas de la arena\/fundici\u00f3n y evaporando la humedad.\u00a0La acci\u00f3n de volteo [&hellip;]\" \/>\n<meta property=\"og:url\" content=\"https:\/\/www.generalkinematics.com\/es\/producto\/acondicionadores-de-arena-y-piezas-fundidas\/\" \/>\n<meta property=\"og:site_name\" content=\"General Kinematics\" \/>\n<meta property=\"article:publisher\" content=\"https:\/\/www.facebook.com\/generalkinematics\" \/>\n<meta property=\"article:modified_time\" content=\"2021-12-03T17:52:45+00:00\" \/>\n<meta property=\"og:image\" content=\"https:\/\/media.generalkinematics.com\/wp-content\/uploads\/2015\/05\/MicrosoftTeams-image-97.jpg\" \/>\n\t<meta property=\"og:image:width\" content=\"1024\" \/>\n\t<meta property=\"og:image:height\" content=\"768\" \/>\n\t<meta property=\"og:image:type\" content=\"image\/jpeg\" \/>\n<meta name=\"twitter:card\" content=\"summary_large_image\" \/>\n<meta name=\"twitter:site\" content=\"@gkvibrating\" \/>\n<meta name=\"twitter:label1\" content=\"Tiempo de lectura\" \/>\n\t<meta name=\"twitter:data1\" content=\"3 minutos\" \/>\n<!-- \/ Yoast SEO plugin. -->","yoast_head_json":{"title":"Equipo de fundici\u00f3n con arena VIBRA-DRUM\u00ae | General Kinematics","robots":{"index":"index","follow":"follow","max-snippet":"max-snippet:-1","max-image-preview":"max-image-preview:large","max-video-preview":"max-video-preview:-1"},"canonical":"https:\/\/www.generalkinematics.com\/es\/producto\/acondicionadores-de-arena-y-piezas-fundidas\/","og_locale":"es_ES","og_type":"article","og_title":"Equipo de fundici\u00f3n con arena VIBRA-DRUM\u00ae | General Kinematics","og_description":"Comprobados en cientos de aplicaciones en todo el mundo, los acondicionadores de arena y piezas fundidas VIBRA-DRUM\u00ae\u00a0han revolucionado la manipulaci\u00f3n de moldes\/arena y las aplicaciones de fundici\u00f3n. Este sistema vers\u00e1til de doble masa voltea suavemente las piezas fundidas y acelera su enfriamiento equilibrando las temperaturas de la arena\/fundici\u00f3n y evaporando la humedad.\u00a0La acci\u00f3n de volteo [&hellip;]","og_url":"https:\/\/www.generalkinematics.com\/es\/producto\/acondicionadores-de-arena-y-piezas-fundidas\/","og_site_name":"General Kinematics","article_publisher":"https:\/\/www.facebook.com\/generalkinematics","article_modified_time":"2021-12-03T17:52:45+00:00","og_image":[{"width":1024,"height":768,"url":"https:\/\/media.generalkinematics.com\/wp-content\/uploads\/2015\/05\/MicrosoftTeams-image-97.jpg","type":"image\/jpeg"}],"twitter_card":"summary_large_image","twitter_site":"@gkvibrating","twitter_misc":{"Tiempo de lectura":"3 minutos"},"schema":{"@context":"https:\/\/schema.org","@graph":[{"@type":"WebPage","@id":"https:\/\/www.generalkinematics.com\/es\/producto\/acondicionadores-de-arena-y-piezas-fundidas\/","url":"https:\/\/www.generalkinematics.com\/es\/producto\/acondicionadores-de-arena-y-piezas-fundidas\/","name":"Equipo de fundici\u00f3n con arena VIBRA-DRUM\u00ae | General Kinematics","isPartOf":{"@id":"https:\/\/www.generalkinematics.com\/es\/#website"},"primaryImageOfPage":{"@id":"https:\/\/www.generalkinematics.com\/es\/producto\/acondicionadores-de-arena-y-piezas-fundidas\/#primaryimage"},"image":{"@id":"https:\/\/www.generalkinematics.com\/es\/producto\/acondicionadores-de-arena-y-piezas-fundidas\/#primaryimage"},"thumbnailUrl":"https:\/\/media.generalkinematics.com\/wp-content\/uploads\/2024\/02\/MicrosoftTeams-image-97-e1708629330277.jpg","datePublished":"2015-05-12T15:44:16+00:00","dateModified":"2021-12-03T17:52:45+00:00","breadcrumb":{"@id":"https:\/\/www.generalkinematics.com\/es\/producto\/acondicionadores-de-arena-y-piezas-fundidas\/#breadcrumb"},"inLanguage":"es","potentialAction":[{"@type":"ReadAction","target":["https:\/\/www.generalkinematics.com\/es\/producto\/acondicionadores-de-arena-y-piezas-fundidas\/"]}]},{"@type":"ImageObject","inLanguage":"es","@id":"https:\/\/www.generalkinematics.com\/es\/producto\/acondicionadores-de-arena-y-piezas-fundidas\/#primaryimage","url":"https:\/\/media.generalkinematics.com\/wp-content\/uploads\/2024\/02\/MicrosoftTeams-image-97-e1708629330277.jpg","contentUrl":"https:\/\/media.generalkinematics.com\/wp-content\/uploads\/2024\/02\/MicrosoftTeams-image-97-e1708629330277.jpg","width":768,"height":768},{"@type":"BreadcrumbList","@id":"https:\/\/www.generalkinematics.com\/es\/producto\/acondicionadores-de-arena-y-piezas-fundidas\/#breadcrumb","itemListElement":[{"@type":"ListItem","position":1,"name":"GK Home","item":"https:\/\/www.generalkinematics.com\/es\/"},{"@type":"ListItem","position":2,"name":"Shop","item":"https:\/\/www.generalkinematics.com\/shop\/"},{"@type":"ListItem","position":3,"name":"Equipo de fundici\u00f3n con arena VIBRA-DRUM\u00ae"}]},{"@type":"WebSite","@id":"https:\/\/www.generalkinematics.com\/es\/#website","url":"https:\/\/www.generalkinematics.com\/es\/","name":"General Kinematics","description":"","publisher":{"@id":"https:\/\/www.generalkinematics.com\/es\/#organization"},"potentialAction":[{"@type":"SearchAction","target":{"@type":"EntryPoint","urlTemplate":"https:\/\/www.generalkinematics.com\/es\/?s={search_term_string}"},"query-input":{"@type":"PropertyValueSpecification","valueRequired":true,"valueName":"search_term_string"}}],"inLanguage":"es"},{"@type":"Organization","@id":"https:\/\/www.generalkinematics.com\/es\/#organization","name":"General Kinematics","url":"https:\/\/www.generalkinematics.com\/es\/","logo":{"@type":"ImageObject","inLanguage":"es","@id":"https:\/\/www.generalkinematics.com\/es\/#\/schema\/logo\/image\/","url":"https:\/\/media.generalkinematics.com\/wp-content\/uploads\/2018\/03\/logo.png","contentUrl":"https:\/\/media.generalkinematics.com\/wp-content\/uploads\/2018\/03\/logo.png","width":313,"height":100,"caption":"General Kinematics"},"image":{"@id":"https:\/\/www.generalkinematics.com\/es\/#\/schema\/logo\/image\/"},"sameAs":["https:\/\/www.facebook.com\/generalkinematics","https:\/\/x.com\/gkvibrating"]}]}},"_links":{"self":[{"href":"https:\/\/www.generalkinematics.com\/es\/wp-json\/wp\/v2\/product\/37534","targetHints":{"allow":["GET"]}}],"collection":[{"href":"https:\/\/www.generalkinematics.com\/es\/wp-json\/wp\/v2\/product"}],"about":[{"href":"https:\/\/www.generalkinematics.com\/es\/wp-json\/wp\/v2\/types\/product"}],"replies":[{"embeddable":true,"href":"https:\/\/www.generalkinematics.com\/es\/wp-json\/wp\/v2\/comments?post=37534"}],"wp:featuredmedia":[{"embeddable":true,"href":"https:\/\/www.generalkinematics.com\/es\/wp-json\/wp\/v2\/media\/53832"}],"wp:attachment":[{"href":"https:\/\/www.generalkinematics.com\/es\/wp-json\/wp\/v2\/media?parent=37534"}],"wp:term":[{"taxonomy":"product_brand","embeddable":true,"href":"https:\/\/www.generalkinematics.com\/es\/wp-json\/wp\/v2\/product_brand?post=37534"},{"taxonomy":"product_cat","embeddable":true,"href":"https:\/\/www.generalkinematics.com\/es\/wp-json\/wp\/v2\/product_cat?post=37534"},{"taxonomy":"product_tag","embeddable":true,"href":"https:\/\/www.generalkinematics.com\/es\/wp-json\/wp\/v2\/product_tag?post=37534"}],"curies":[{"name":"wp","href":"https:\/\/api.w.org\/{rel}","templated":true}]}}