{"id":37540,"date":"2015-05-12T10:50:00","date_gmt":"2015-05-12T15:50:00","guid":{"rendered":"https:\/\/www.generalkinematics.com\/product\/sistemas-de-recuperacion-de-escoria-vibra-drum\/"},"modified":"2018-08-30T20:19:44","modified_gmt":"2018-08-31T01:19:44","slug":"dross-reclamation-systems","status":"publish","type":"product","link":"https:\/\/www.generalkinematics.com\/es\/producto\/dross-reclamation-systems\/","title":{"rendered":"Sistemas de recuperaci\u00f3n de escoria VIBRA-DRUM\u00ae"},"content":{"rendered":"<p>El <strong>molino de recuperaci\u00f3n de escoria VIBRA-DRUM\u00ae<\/strong> libera r\u00e1pidamente los metales preciosos de la chatarra y la escoria, para recuperar con prontitud el material valioso. La unidad VIBRA-DRUM\u00ae puede funcionar en un proceso continuo o por lotes a trav\u00e9s del sistema de retenci\u00f3n automatizado de GK. El mecanismo de elevaci\u00f3n opcional permite al tambor realizar r\u00e1pidamente el trabajo de limpieza en funcionamiento por lotes y tambi\u00e9n retener el producto durante alg\u00fan tiempo cuando est\u00e1 funcionando en flujo continuo. La combinaci\u00f3n de estas dos variables proporciona el m\u00e1ximo de flexibilidad, eficiencia y combinaci\u00f3n de productos.<\/p>\n<p><\/p>\n<h2>Caracter\u00edsticas:<\/h2>\n<ul>\n<li>La vibraci\u00f3n de alta energ\u00eda fractura el material hasta cinco veces m\u00e1s r\u00e1pido que los dispositivos de recuperaci\u00f3n rotatorios o de otros tipos.<\/li>\n<li>El dise\u00f1o totalmente cerrado elimina el polvo e impide el ingreso de otros contaminantes provenientes del ambiente de trabajo.<\/li>\n<li>Huella reducida que minimiza los requisitos de espacio y evita la necesidad de cimientos especiales.<\/li>\n<li>El sistema de recubrimiento reemplazable y asegurado con pernos es seguro para instalar el y puede cambiarse r\u00e1pidamente sin tener que utilizar herramientas especiales.<\/li>\n<li>Puede funcionar en modo por lotes y continuo mediante el uso de la compuerta neum\u00e1tica de descarga.<\/li>\n<li>Las bolsas de aire aceleran el proceso de limpieza cuando funciona por lotes y se utiliza en una posici\u00f3n intermedia para acelerar la atrici\u00f3n de las part\u00edculas finas met\u00e1licas.<\/li>\n<li>Debido al mayor grado de atrici\u00f3n dentro de la cama del tambor y a la generaci\u00f3n de calor resultante, el material que contiene humedad se maneja de manera m\u00e1s efectiva frente a los m\u00e9todos convencionales o est\u00e1ticos de cribado.<\/li>\n<li>La eliminaci\u00f3n continua de part\u00edculas finas para eliminar el efecto de amortiguaci\u00f3n del material reducido, incrementa la capacidad y la eficiencia del proceso de molienda.<\/li>\n<li>Utiliza una secci\u00f3n de descarga perforada donde se realiza un cribado secundario.<\/li>\n<li>Los motores de baja potencia consumen menos energ\u00eda.<\/li>\n<li>El dise\u00f1o equilibrado se traduce en menos carga a los cimientos.<\/li>\n<li>El sistema puede utilizarse para realizar una variedad de funciones presentes y futuras, por ejemplo la eliminaci\u00f3n de part\u00edculas finas de coque.<\/li>\n<li>Elimina el requisito del medio de atrici\u00f3n.<\/li>\n<li>La compuerta neum\u00e1tica de descarga permite liberar el material por lotes sin tener que utilizar herramientas, sistemas de bloqueo\/etiquetado para bloqueo de la m\u00e1quina.<\/li>\n<\/ul>\n","protected":false},"excerpt":{"rendered":"<p>El molino de recuperaci\u00f3n de escoria VIBRA-DRUM\u00ae libera r\u00e1pidamente los metales preciosos de la chatarra y la escoria, para recuperar con prontitud el material valioso. La unidad VIBRA-DRUM\u00ae puede funcionar en un proceso continuo o por lotes a trav\u00e9s del sistema de retenci\u00f3n automatizado de GK. El mecanismo de elevaci\u00f3n opcional permite al tambor realizar [&hellip;]<\/p>\n","protected":false},"featured_media":26892,"comment_status":"closed","ping_status":"closed","template":"","meta":{"_acf_changed":false,"om_disable_all_campaigns":false,"ep_exclude_from_search":false},"product_brand":[],"product_cat":[1854,1839,1859,1857],"product_tag":[],"class_list":{"0":"post-37540","1":"product","2":"type-product","3":"status-publish","4":"has-post-thumbnail","6":"product_cat-recuperacion-de-desechos-y-escoria","7":"product_cat-soluciones-de-fundicion-y-metalcasting","8":"product_cat-soluciones-vibra-drum","9":"product_cat-tambores-vibratorios-y-sacudidas","11":"first","12":"instock","13":"taxable","14":"shipping-taxable","15":"product-type-simple"},"acf":[],"yoast_head":"<!-- This site is optimized with the Yoast SEO plugin v27.2 - https:\/\/yoast.com\/product\/yoast-seo-wordpress\/ -->\n<title>Sistemas de recuperaci\u00f3n de escoria VIBRA-DRUM\u00ae | General Kinematics<\/title>\n<meta name=\"robots\" content=\"index, follow, max-snippet:-1, max-image-preview:large, max-video-preview:-1\" \/>\n<link rel=\"canonical\" href=\"https:\/\/www.generalkinematics.com\/es\/producto\/dross-reclamation-systems\/\" \/>\n<meta property=\"og:locale\" content=\"es_ES\" \/>\n<meta property=\"og:type\" content=\"article\" \/>\n<meta property=\"og:title\" content=\"Sistemas de recuperaci\u00f3n de escoria VIBRA-DRUM\u00ae | General Kinematics\" \/>\n<meta property=\"og:description\" content=\"El molino de recuperaci\u00f3n de escoria VIBRA-DRUM\u00ae libera r\u00e1pidamente los metales preciosos de la chatarra y la escoria, para recuperar con prontitud el material valioso. La unidad VIBRA-DRUM\u00ae puede funcionar en un proceso continuo o por lotes a trav\u00e9s del sistema de retenci\u00f3n automatizado de GK. El mecanismo de elevaci\u00f3n opcional permite al tambor realizar [&hellip;]\" \/>\n<meta property=\"og:url\" content=\"https:\/\/www.generalkinematics.com\/es\/producto\/dross-reclamation-systems\/\" \/>\n<meta property=\"og:site_name\" content=\"General Kinematics\" \/>\n<meta property=\"article:publisher\" content=\"https:\/\/www.facebook.com\/generalkinematics\" \/>\n<meta property=\"article:modified_time\" content=\"2018-08-31T01:19:44+00:00\" \/>\n<meta property=\"og:image\" content=\"https:\/\/www.generalkinematics.com\/wp-content\/uploads\/2016\/03\/vibra-Drum.jpg\" \/>\n\t<meta property=\"og:image:width\" content=\"2560\" \/>\n\t<meta property=\"og:image:height\" content=\"1495\" \/>\n\t<meta property=\"og:image:type\" content=\"image\/jpeg\" \/>\n<meta name=\"twitter:card\" content=\"summary_large_image\" \/>\n<meta name=\"twitter:site\" content=\"@gkvibrating\" \/>\n<meta name=\"twitter:label1\" content=\"Tiempo de lectura\" \/>\n\t<meta name=\"twitter:data1\" content=\"2 minutos\" \/>\n<!-- \/ Yoast SEO plugin. -->","yoast_head_json":{"title":"Sistemas de recuperaci\u00f3n de escoria VIBRA-DRUM\u00ae | General Kinematics","robots":{"index":"index","follow":"follow","max-snippet":"max-snippet:-1","max-image-preview":"max-image-preview:large","max-video-preview":"max-video-preview:-1"},"canonical":"https:\/\/www.generalkinematics.com\/es\/producto\/dross-reclamation-systems\/","og_locale":"es_ES","og_type":"article","og_title":"Sistemas de recuperaci\u00f3n de escoria VIBRA-DRUM\u00ae | General Kinematics","og_description":"El molino de recuperaci\u00f3n de escoria VIBRA-DRUM\u00ae libera r\u00e1pidamente los metales preciosos de la chatarra y la escoria, para recuperar con prontitud el material valioso. La unidad VIBRA-DRUM\u00ae puede funcionar en un proceso continuo o por lotes a trav\u00e9s del sistema de retenci\u00f3n automatizado de GK. El mecanismo de elevaci\u00f3n opcional permite al tambor realizar [&hellip;]","og_url":"https:\/\/www.generalkinematics.com\/es\/producto\/dross-reclamation-systems\/","og_site_name":"General Kinematics","article_publisher":"https:\/\/www.facebook.com\/generalkinematics","article_modified_time":"2018-08-31T01:19:44+00:00","og_image":[{"width":2560,"height":1495,"url":"https:\/\/www.generalkinematics.com\/wp-content\/uploads\/2016\/03\/vibra-Drum.jpg","type":"image\/jpeg"}],"twitter_card":"summary_large_image","twitter_site":"@gkvibrating","twitter_misc":{"Tiempo de lectura":"2 minutos"},"schema":{"@context":"https:\/\/schema.org","@graph":[{"@type":"WebPage","@id":"https:\/\/www.generalkinematics.com\/es\/producto\/dross-reclamation-systems\/","url":"https:\/\/www.generalkinematics.com\/es\/producto\/dross-reclamation-systems\/","name":"Sistemas de recuperaci\u00f3n de escoria VIBRA-DRUM\u00ae | General Kinematics","isPartOf":{"@id":"https:\/\/www.generalkinematics.com\/es\/#website"},"primaryImageOfPage":{"@id":"https:\/\/www.generalkinematics.com\/es\/producto\/dross-reclamation-systems\/#primaryimage"},"image":{"@id":"https:\/\/www.generalkinematics.com\/es\/producto\/dross-reclamation-systems\/#primaryimage"},"thumbnailUrl":"https:\/\/media.generalkinematics.com\/wp-content\/uploads\/2016\/03\/vibra-Drum.jpg","datePublished":"2015-05-12T15:50:00+00:00","dateModified":"2018-08-31T01:19:44+00:00","breadcrumb":{"@id":"https:\/\/www.generalkinematics.com\/es\/producto\/dross-reclamation-systems\/#breadcrumb"},"inLanguage":"es","potentialAction":[{"@type":"ReadAction","target":["https:\/\/www.generalkinematics.com\/es\/producto\/dross-reclamation-systems\/"]}]},{"@type":"ImageObject","inLanguage":"es","@id":"https:\/\/www.generalkinematics.com\/es\/producto\/dross-reclamation-systems\/#primaryimage","url":"https:\/\/media.generalkinematics.com\/wp-content\/uploads\/2016\/03\/vibra-Drum.jpg","contentUrl":"https:\/\/media.generalkinematics.com\/wp-content\/uploads\/2016\/03\/vibra-Drum.jpg","width":2500,"height":1460,"caption":"general-kinematics-vibra-drum"},{"@type":"BreadcrumbList","@id":"https:\/\/www.generalkinematics.com\/es\/producto\/dross-reclamation-systems\/#breadcrumb","itemListElement":[{"@type":"ListItem","position":1,"name":"GK Home","item":"https:\/\/www.generalkinematics.com\/es\/"},{"@type":"ListItem","position":2,"name":"Shop","item":"https:\/\/www.generalkinematics.com\/shop\/"},{"@type":"ListItem","position":3,"name":"Sistemas de recuperaci\u00f3n de escoria VIBRA-DRUM\u00ae"}]},{"@type":"WebSite","@id":"https:\/\/www.generalkinematics.com\/es\/#website","url":"https:\/\/www.generalkinematics.com\/es\/","name":"General Kinematics","description":"","publisher":{"@id":"https:\/\/www.generalkinematics.com\/es\/#organization"},"potentialAction":[{"@type":"SearchAction","target":{"@type":"EntryPoint","urlTemplate":"https:\/\/www.generalkinematics.com\/es\/?s={search_term_string}"},"query-input":{"@type":"PropertyValueSpecification","valueRequired":true,"valueName":"search_term_string"}}],"inLanguage":"es"},{"@type":"Organization","@id":"https:\/\/www.generalkinematics.com\/es\/#organization","name":"General Kinematics","url":"https:\/\/www.generalkinematics.com\/es\/","logo":{"@type":"ImageObject","inLanguage":"es","@id":"https:\/\/www.generalkinematics.com\/es\/#\/schema\/logo\/image\/","url":"https:\/\/media.generalkinematics.com\/wp-content\/uploads\/2018\/03\/logo.png","contentUrl":"https:\/\/media.generalkinematics.com\/wp-content\/uploads\/2018\/03\/logo.png","width":313,"height":100,"caption":"General Kinematics"},"image":{"@id":"https:\/\/www.generalkinematics.com\/es\/#\/schema\/logo\/image\/"},"sameAs":["https:\/\/www.facebook.com\/generalkinematics","https:\/\/x.com\/gkvibrating"]}]}},"_links":{"self":[{"href":"https:\/\/www.generalkinematics.com\/es\/wp-json\/wp\/v2\/product\/37540","targetHints":{"allow":["GET"]}}],"collection":[{"href":"https:\/\/www.generalkinematics.com\/es\/wp-json\/wp\/v2\/product"}],"about":[{"href":"https:\/\/www.generalkinematics.com\/es\/wp-json\/wp\/v2\/types\/product"}],"replies":[{"embeddable":true,"href":"https:\/\/www.generalkinematics.com\/es\/wp-json\/wp\/v2\/comments?post=37540"}],"wp:featuredmedia":[{"embeddable":true,"href":"https:\/\/www.generalkinematics.com\/es\/wp-json\/wp\/v2\/media\/26892"}],"wp:attachment":[{"href":"https:\/\/www.generalkinematics.com\/es\/wp-json\/wp\/v2\/media?parent=37540"}],"wp:term":[{"taxonomy":"product_brand","embeddable":true,"href":"https:\/\/www.generalkinematics.com\/es\/wp-json\/wp\/v2\/product_brand?post=37540"},{"taxonomy":"product_cat","embeddable":true,"href":"https:\/\/www.generalkinematics.com\/es\/wp-json\/wp\/v2\/product_cat?post=37540"},{"taxonomy":"product_tag","embeddable":true,"href":"https:\/\/www.generalkinematics.com\/es\/wp-json\/wp\/v2\/product_tag?post=37540"}],"curies":[{"name":"wp","href":"https:\/\/api.w.org\/{rel}","templated":true}]}}