{"id":37544,"date":"2015-05-12T10:53:47","date_gmt":"2015-05-12T15:53:47","guid":{"rendered":"https:\/\/www.generalkinematics.com\/product\/cintas-transportadoras-de-descarga-de-granallado\/"},"modified":"2018-08-30T21:57:44","modified_gmt":"2018-08-31T02:57:44","slug":"cintas-transportadoras-vibratorias-de-descarga-de-granallado","status":"publish","type":"product","link":"https:\/\/www.generalkinematics.com\/es\/producto\/cintas-transportadoras-vibratorias-de-descarga-de-granallado\/","title":{"rendered":"Cintas transportadoras de descarga de granallado"},"content":{"rendered":"<p>Las <strong>cintas transportadoras vibratorias de descarga de granallado<\/strong>\u00a0trasportan de manera silenciosa y eficiente las piezas fundidas despu\u00e9s del granallado. Utilizando la tecnolog\u00eda comprobada de transmisi\u00f3n de la cinta transportadora vibratoria, las cintas transportadoras de descarga de granallado reciben las piezas fundidas limpias provenientes de la m\u00e1quina de granallado y las transportan desde la zona de granallado para someterlas a los procesos ulteriores. Las cintas transportadoras est\u00e1n disponibles con cubiertas de supresi\u00f3n de ruido o recubiertas de caucho para reducir el ruido y evitar da\u00f1os a las piezas fundidas.<\/p>\n<p>El mejoramiento de la transmisi\u00f3n patentada del alimentador TWO-WAY\u2122 de GK permite transportar las piezas completamente en horizontal. Esta mejora reduce ulteriormente el ruido y es ideal para piezas fundidas fr\u00e1giles. La unidad TWO-WAY\u2122 tambi\u00e9n puede controlarse de forma autom\u00e1tica para cambiar la direcci\u00f3n de flujo si hay un problema en cualquier punto a lo largo de la l\u00ednea.<\/p>\n<h2>Beneficios:<\/h2>\n<ul>\n<li>Disponibles con la transmisi\u00f3n de la cinta transportadora est\u00e1ndar de GK o con nuestra transmisi\u00f3n patentada de recorrido plano TWO-WAY\u2122.<\/li>\n<li>Las cubiertas de supresi\u00f3n de ruido mantienen el silencio de las zonas circundantes.<\/li>\n<li>Los revestimientos de caucho de la cubierta pueden incluirse para evitar da\u00f1os a las piezas fundidas.<\/li>\n<li>Los dise\u00f1os bidireccionales pueden cambiar el flujo de material seg\u00fan el proceso.<\/li>\n<\/ul>\n","protected":false},"excerpt":{"rendered":"<p>Las cintas transportadoras vibratorias de descarga de granallado\u00a0trasportan de manera silenciosa y eficiente las piezas fundidas despu\u00e9s del granallado. Utilizando la tecnolog\u00eda comprobada de transmisi\u00f3n de la cinta transportadora vibratoria, las cintas transportadoras de descarga de granallado reciben las piezas fundidas limpias provenientes de la m\u00e1quina de granallado y las transportan desde la zona de [&hellip;]<\/p>\n","protected":false},"featured_media":23144,"comment_status":"closed","ping_status":"closed","template":"","meta":{"_acf_changed":false,"om_disable_all_campaigns":false,"ep_exclude_from_search":false},"product_brand":[],"product_cat":[1861,1839,1844],"product_tag":[],"class_list":{"0":"post-37544","1":"product","2":"type-product","3":"status-publish","4":"has-post-thumbnail","6":"product_cat-fundicion-de-arena-verde","7":"product_cat-soluciones-de-fundicion-y-metalcasting","8":"product_cat-soluciones-para-salas-de-limpieza","10":"first","11":"instock","12":"taxable","13":"shipping-taxable","14":"product-type-simple"},"acf":[],"yoast_head":"<!-- This site is optimized with the Yoast SEO plugin v27.2 - https:\/\/yoast.com\/product\/yoast-seo-wordpress\/ -->\n<title>Cintas transportadoras de descarga de granallado | General Kinematics<\/title>\n<meta name=\"robots\" content=\"index, follow, max-snippet:-1, max-image-preview:large, max-video-preview:-1\" \/>\n<link rel=\"canonical\" href=\"https:\/\/www.generalkinematics.com\/es\/producto\/cintas-transportadoras-vibratorias-de-descarga-de-granallado\/\" \/>\n<meta property=\"og:locale\" content=\"es_ES\" \/>\n<meta property=\"og:type\" content=\"article\" \/>\n<meta property=\"og:title\" content=\"Cintas transportadoras de descarga de granallado | General Kinematics\" \/>\n<meta property=\"og:description\" content=\"Las cintas transportadoras vibratorias de descarga de granallado\u00a0trasportan de manera silenciosa y eficiente las piezas fundidas despu\u00e9s del granallado. Utilizando la tecnolog\u00eda comprobada de transmisi\u00f3n de la cinta transportadora vibratoria, las cintas transportadoras de descarga de granallado reciben las piezas fundidas limpias provenientes de la m\u00e1quina de granallado y las transportan desde la zona de [&hellip;]\" \/>\n<meta property=\"og:url\" content=\"https:\/\/www.generalkinematics.com\/es\/producto\/cintas-transportadoras-vibratorias-de-descarga-de-granallado\/\" \/>\n<meta property=\"og:site_name\" content=\"General Kinematics\" \/>\n<meta property=\"article:publisher\" content=\"https:\/\/www.facebook.com\/generalkinematics\" \/>\n<meta property=\"article:modified_time\" content=\"2018-08-31T02:57:44+00:00\" \/>\n<meta property=\"og:image\" content=\"https:\/\/www.generalkinematics.com\/wp-content\/uploads\/2015\/05\/DSC00009.jpg\" \/>\n\t<meta property=\"og:image:width\" content=\"1600\" \/>\n\t<meta property=\"og:image:height\" content=\"1200\" \/>\n\t<meta property=\"og:image:type\" content=\"image\/jpeg\" \/>\n<meta name=\"twitter:card\" content=\"summary_large_image\" \/>\n<meta name=\"twitter:site\" content=\"@gkvibrating\" \/>\n<meta name=\"twitter:label1\" content=\"Tiempo de lectura\" \/>\n\t<meta name=\"twitter:data1\" content=\"1 minuto\" \/>\n<!-- \/ Yoast SEO plugin. -->","yoast_head_json":{"title":"Cintas transportadoras de descarga de granallado | General Kinematics","robots":{"index":"index","follow":"follow","max-snippet":"max-snippet:-1","max-image-preview":"max-image-preview:large","max-video-preview":"max-video-preview:-1"},"canonical":"https:\/\/www.generalkinematics.com\/es\/producto\/cintas-transportadoras-vibratorias-de-descarga-de-granallado\/","og_locale":"es_ES","og_type":"article","og_title":"Cintas transportadoras de descarga de granallado | General Kinematics","og_description":"Las cintas transportadoras vibratorias de descarga de granallado\u00a0trasportan de manera silenciosa y eficiente las piezas fundidas despu\u00e9s del granallado. Utilizando la tecnolog\u00eda comprobada de transmisi\u00f3n de la cinta transportadora vibratoria, las cintas transportadoras de descarga de granallado reciben las piezas fundidas limpias provenientes de la m\u00e1quina de granallado y las transportan desde la zona de [&hellip;]","og_url":"https:\/\/www.generalkinematics.com\/es\/producto\/cintas-transportadoras-vibratorias-de-descarga-de-granallado\/","og_site_name":"General Kinematics","article_publisher":"https:\/\/www.facebook.com\/generalkinematics","article_modified_time":"2018-08-31T02:57:44+00:00","og_image":[{"width":1600,"height":1200,"url":"https:\/\/www.generalkinematics.com\/wp-content\/uploads\/2015\/05\/DSC00009.jpg","type":"image\/jpeg"}],"twitter_card":"summary_large_image","twitter_site":"@gkvibrating","twitter_misc":{"Tiempo de lectura":"1 minuto"},"schema":{"@context":"https:\/\/schema.org","@graph":[{"@type":"WebPage","@id":"https:\/\/www.generalkinematics.com\/es\/producto\/cintas-transportadoras-vibratorias-de-descarga-de-granallado\/","url":"https:\/\/www.generalkinematics.com\/es\/producto\/cintas-transportadoras-vibratorias-de-descarga-de-granallado\/","name":"Cintas transportadoras de descarga de granallado | General Kinematics","isPartOf":{"@id":"https:\/\/www.generalkinematics.com\/es\/#website"},"primaryImageOfPage":{"@id":"https:\/\/www.generalkinematics.com\/es\/producto\/cintas-transportadoras-vibratorias-de-descarga-de-granallado\/#primaryimage"},"image":{"@id":"https:\/\/www.generalkinematics.com\/es\/producto\/cintas-transportadoras-vibratorias-de-descarga-de-granallado\/#primaryimage"},"thumbnailUrl":"https:\/\/media.generalkinematics.com\/wp-content\/uploads\/2015\/05\/DSC00009.jpg","datePublished":"2015-05-12T15:53:47+00:00","dateModified":"2018-08-31T02:57:44+00:00","breadcrumb":{"@id":"https:\/\/www.generalkinematics.com\/es\/producto\/cintas-transportadoras-vibratorias-de-descarga-de-granallado\/#breadcrumb"},"inLanguage":"es","potentialAction":[{"@type":"ReadAction","target":["https:\/\/www.generalkinematics.com\/es\/producto\/cintas-transportadoras-vibratorias-de-descarga-de-granallado\/"]}]},{"@type":"ImageObject","inLanguage":"es","@id":"https:\/\/www.generalkinematics.com\/es\/producto\/cintas-transportadoras-vibratorias-de-descarga-de-granallado\/#primaryimage","url":"https:\/\/media.generalkinematics.com\/wp-content\/uploads\/2015\/05\/DSC00009.jpg","contentUrl":"https:\/\/media.generalkinematics.com\/wp-content\/uploads\/2015\/05\/DSC00009.jpg","width":1600,"height":1200,"caption":"general-kinematics-blast-unload-conveyor"},{"@type":"BreadcrumbList","@id":"https:\/\/www.generalkinematics.com\/es\/producto\/cintas-transportadoras-vibratorias-de-descarga-de-granallado\/#breadcrumb","itemListElement":[{"@type":"ListItem","position":1,"name":"GK Home","item":"https:\/\/www.generalkinematics.com\/es\/"},{"@type":"ListItem","position":2,"name":"Shop","item":"https:\/\/www.generalkinematics.com\/shop\/"},{"@type":"ListItem","position":3,"name":"Cintas transportadoras de descarga de granallado"}]},{"@type":"WebSite","@id":"https:\/\/www.generalkinematics.com\/es\/#website","url":"https:\/\/www.generalkinematics.com\/es\/","name":"General Kinematics","description":"","publisher":{"@id":"https:\/\/www.generalkinematics.com\/es\/#organization"},"potentialAction":[{"@type":"SearchAction","target":{"@type":"EntryPoint","urlTemplate":"https:\/\/www.generalkinematics.com\/es\/?s={search_term_string}"},"query-input":{"@type":"PropertyValueSpecification","valueRequired":true,"valueName":"search_term_string"}}],"inLanguage":"es"},{"@type":"Organization","@id":"https:\/\/www.generalkinematics.com\/es\/#organization","name":"General Kinematics","url":"https:\/\/www.generalkinematics.com\/es\/","logo":{"@type":"ImageObject","inLanguage":"es","@id":"https:\/\/www.generalkinematics.com\/es\/#\/schema\/logo\/image\/","url":"https:\/\/media.generalkinematics.com\/wp-content\/uploads\/2018\/03\/logo.png","contentUrl":"https:\/\/media.generalkinematics.com\/wp-content\/uploads\/2018\/03\/logo.png","width":313,"height":100,"caption":"General Kinematics"},"image":{"@id":"https:\/\/www.generalkinematics.com\/es\/#\/schema\/logo\/image\/"},"sameAs":["https:\/\/www.facebook.com\/generalkinematics","https:\/\/x.com\/gkvibrating"]}]}},"_links":{"self":[{"href":"https:\/\/www.generalkinematics.com\/es\/wp-json\/wp\/v2\/product\/37544","targetHints":{"allow":["GET"]}}],"collection":[{"href":"https:\/\/www.generalkinematics.com\/es\/wp-json\/wp\/v2\/product"}],"about":[{"href":"https:\/\/www.generalkinematics.com\/es\/wp-json\/wp\/v2\/types\/product"}],"replies":[{"embeddable":true,"href":"https:\/\/www.generalkinematics.com\/es\/wp-json\/wp\/v2\/comments?post=37544"}],"wp:featuredmedia":[{"embeddable":true,"href":"https:\/\/www.generalkinematics.com\/es\/wp-json\/wp\/v2\/media\/23144"}],"wp:attachment":[{"href":"https:\/\/www.generalkinematics.com\/es\/wp-json\/wp\/v2\/media?parent=37544"}],"wp:term":[{"taxonomy":"product_brand","embeddable":true,"href":"https:\/\/www.generalkinematics.com\/es\/wp-json\/wp\/v2\/product_brand?post=37544"},{"taxonomy":"product_cat","embeddable":true,"href":"https:\/\/www.generalkinematics.com\/es\/wp-json\/wp\/v2\/product_cat?post=37544"},{"taxonomy":"product_tag","embeddable":true,"href":"https:\/\/www.generalkinematics.com\/es\/wp-json\/wp\/v2\/product_tag?post=37544"}],"curies":[{"name":"wp","href":"https:\/\/api.w.org\/{rel}","templated":true}]}}