{"id":37551,"date":"2015-05-12T10:59:05","date_gmt":"2015-05-12T15:59:05","guid":{"rendered":"https:\/\/www.generalkinematics.com\/product\/tambor-de-medio-rotatorio-ducta-clean\/"},"modified":"2019-07-30T10:18:29","modified_gmt":"2019-07-30T15:18:29","slug":"tambor-de-medio-rotatorio","status":"publish","type":"product","link":"https:\/\/www.generalkinematics.com\/es\/producto\/tambor-de-medio-rotatorio\/","title":{"rendered":"Tambor de medio rotatorio DUCTA-CLEAN\u00ae"},"content":{"rendered":"<p>Las piezas fundidas m\u00e1s limpias y menos mantenimiento son solo dos de las ventajas que el <strong>tambor de medio rotatorio DUCTA-CLEAN\u00ae<\/strong>, cuya patente est\u00e1 en tr\u00e1mite, puede ofrecer. El medio restriega las piezas fundidas, eliminando la arena, mientras se separan la colada y las compuertas de las piezas fundidas. El medio, los residuos met\u00e1licos y la arena posteriormente salen del tambor y van a una cinta transportadora de clasificaci\u00f3n vibratoria de GK, que criba completamente la arena del medio, separa los residuos met\u00e1licos y, posteriormente, retorna el medio al tambor a trav\u00e9s de la cinta transportadora rotatoria de retorno ROTOVEYOR\u2122 de GK.<\/p>\n<h2>Caracter\u00edsticas:<\/h2>\n<ul>\n<li>La separaci\u00f3n de la arena, el medio y los residuos met\u00e1licos, se realiza fuera del conjunto rotatorio en un procesador vibratorio de GK, eliminando de esta manera la rotaci\u00f3n de la masa y el desgaste del cuerpo del tambor.<\/li>\n<li>Los revestimientos fabricados por GK son m\u00e1s f\u00e1ciles y seguros de reemplazar, y cuestan hasta un 75% menos que los sistemas de rejilla de fundici\u00f3n.<\/li>\n<li>El sistema de revestimiento, cuya patente est\u00e1 pendiente, elimina los anillos de compresi\u00f3n, los revestimientos de fundici\u00f3n pesados y los costos de mantenimiento excesivos.<\/li>\n<li>La carcasa del tambor no es una pieza que se desgasta, ahorr\u00e1ndole una gran cantidad de dinero en mantenimiento y dolores de cabeza.<\/li>\n<li>Los tambores usan componentes que se pueden obtener f\u00e1cilmente en el mercado.<\/li>\n<li>Disponibles en tama\u00f1os est\u00e1ndar y personalizados para ajustarse al dise\u00f1o y capacidad de producci\u00f3n de su proceso.<\/li>\n<\/ul>\n","protected":false},"excerpt":{"rendered":"<p>Las piezas fundidas m\u00e1s limpias y menos mantenimiento son solo dos de las ventajas que el tambor de medio rotatorio DUCTA-CLEAN\u00ae, cuya patente est\u00e1 en tr\u00e1mite, puede ofrecer. El medio restriega las piezas fundidas, eliminando la arena, mientras se separan la colada y las compuertas de las piezas fundidas. El medio, los residuos met\u00e1licos y [&hellip;]<\/p>\n","protected":false},"featured_media":54151,"comment_status":"closed","ping_status":"closed","template":"","meta":{"_acf_changed":false,"om_disable_all_campaigns":false,"ep_exclude_from_search":false},"product_brand":[],"product_cat":[1848,1860,1839,1847,1857],"product_tag":[],"class_list":{"0":"post-37551","1":"product","2":"type-product","3":"status-publish","4":"has-post-thumbnail","6":"casestudytag-ducta-clean-es","7":"product_cat-modelos-ducta-series","8":"product_cat-sacudidas-vibratorias-rotativas","9":"product_cat-soluciones-de-fundicion-y-metalcasting","10":"product_cat-tambores-giratorios-y-sacudidas","11":"product_cat-tambores-vibratorios-y-sacudidas","13":"first","14":"instock","15":"taxable","16":"shipping-taxable","17":"product-type-simple"},"acf":[],"yoast_head":"<!-- This site is optimized with the Yoast SEO plugin v27.2 - https:\/\/yoast.com\/product\/yoast-seo-wordpress\/ -->\n<title>Tambor de medio rotatorio DUCTA-CLEAN\u00ae | General Kinematics<\/title>\n<meta name=\"robots\" content=\"index, follow, max-snippet:-1, max-image-preview:large, max-video-preview:-1\" \/>\n<link rel=\"canonical\" href=\"https:\/\/www.generalkinematics.com\/es\/producto\/tambor-de-medio-rotatorio\/\" \/>\n<meta property=\"og:locale\" content=\"es_ES\" \/>\n<meta property=\"og:type\" content=\"article\" \/>\n<meta property=\"og:title\" content=\"Tambor de medio rotatorio DUCTA-CLEAN\u00ae | General Kinematics\" \/>\n<meta property=\"og:description\" content=\"Las piezas fundidas m\u00e1s limpias y menos mantenimiento son solo dos de las ventajas que el tambor de medio rotatorio DUCTA-CLEAN\u00ae, cuya patente est\u00e1 en tr\u00e1mite, puede ofrecer. El medio restriega las piezas fundidas, eliminando la arena, mientras se separan la colada y las compuertas de las piezas fundidas. El medio, los residuos met\u00e1licos y [&hellip;]\" \/>\n<meta property=\"og:url\" content=\"https:\/\/www.generalkinematics.com\/es\/producto\/tambor-de-medio-rotatorio\/\" \/>\n<meta property=\"og:site_name\" content=\"General Kinematics\" \/>\n<meta property=\"article:publisher\" content=\"https:\/\/www.facebook.com\/generalkinematics\" \/>\n<meta property=\"article:modified_time\" content=\"2019-07-30T15:18:29+00:00\" \/>\n<meta property=\"og:image\" content=\"https:\/\/media.generalkinematics.com\/wp-content\/uploads\/2015\/05\/DUCTA-CLEAN-drum1.jpg\" \/>\n\t<meta property=\"og:image:width\" content=\"800\" \/>\n\t<meta property=\"og:image:height\" content=\"533\" \/>\n\t<meta property=\"og:image:type\" content=\"image\/jpeg\" \/>\n<meta name=\"twitter:card\" content=\"summary_large_image\" \/>\n<meta name=\"twitter:site\" content=\"@gkvibrating\" \/>\n<meta name=\"twitter:label1\" content=\"Tiempo de lectura\" \/>\n\t<meta name=\"twitter:data1\" content=\"1 minuto\" \/>\n<!-- \/ Yoast SEO plugin. -->","yoast_head_json":{"title":"Tambor de medio rotatorio DUCTA-CLEAN\u00ae | General Kinematics","robots":{"index":"index","follow":"follow","max-snippet":"max-snippet:-1","max-image-preview":"max-image-preview:large","max-video-preview":"max-video-preview:-1"},"canonical":"https:\/\/www.generalkinematics.com\/es\/producto\/tambor-de-medio-rotatorio\/","og_locale":"es_ES","og_type":"article","og_title":"Tambor de medio rotatorio DUCTA-CLEAN\u00ae | General Kinematics","og_description":"Las piezas fundidas m\u00e1s limpias y menos mantenimiento son solo dos de las ventajas que el tambor de medio rotatorio DUCTA-CLEAN\u00ae, cuya patente est\u00e1 en tr\u00e1mite, puede ofrecer. El medio restriega las piezas fundidas, eliminando la arena, mientras se separan la colada y las compuertas de las piezas fundidas. El medio, los residuos met\u00e1licos y [&hellip;]","og_url":"https:\/\/www.generalkinematics.com\/es\/producto\/tambor-de-medio-rotatorio\/","og_site_name":"General Kinematics","article_publisher":"https:\/\/www.facebook.com\/generalkinematics","article_modified_time":"2019-07-30T15:18:29+00:00","og_image":[{"width":800,"height":533,"url":"https:\/\/media.generalkinematics.com\/wp-content\/uploads\/2015\/05\/DUCTA-CLEAN-drum1.jpg","type":"image\/jpeg"}],"twitter_card":"summary_large_image","twitter_site":"@gkvibrating","twitter_misc":{"Tiempo de lectura":"1 minuto"},"schema":{"@context":"https:\/\/schema.org","@graph":[{"@type":"WebPage","@id":"https:\/\/www.generalkinematics.com\/es\/producto\/tambor-de-medio-rotatorio\/","url":"https:\/\/www.generalkinematics.com\/es\/producto\/tambor-de-medio-rotatorio\/","name":"Tambor de medio rotatorio DUCTA-CLEAN\u00ae | General Kinematics","isPartOf":{"@id":"https:\/\/www.generalkinematics.com\/es\/#website"},"primaryImageOfPage":{"@id":"https:\/\/www.generalkinematics.com\/es\/producto\/tambor-de-medio-rotatorio\/#primaryimage"},"image":{"@id":"https:\/\/www.generalkinematics.com\/es\/producto\/tambor-de-medio-rotatorio\/#primaryimage"},"thumbnailUrl":"https:\/\/media.generalkinematics.com\/wp-content\/uploads\/2024\/08\/ducta-clean1.jpg","datePublished":"2015-05-12T15:59:05+00:00","dateModified":"2019-07-30T15:18:29+00:00","breadcrumb":{"@id":"https:\/\/www.generalkinematics.com\/es\/producto\/tambor-de-medio-rotatorio\/#breadcrumb"},"inLanguage":"es","potentialAction":[{"@type":"ReadAction","target":["https:\/\/www.generalkinematics.com\/es\/producto\/tambor-de-medio-rotatorio\/"]}]},{"@type":"ImageObject","inLanguage":"es","@id":"https:\/\/www.generalkinematics.com\/es\/producto\/tambor-de-medio-rotatorio\/#primaryimage","url":"https:\/\/media.generalkinematics.com\/wp-content\/uploads\/2024\/08\/ducta-clean1.jpg","contentUrl":"https:\/\/media.generalkinematics.com\/wp-content\/uploads\/2024\/08\/ducta-clean1.jpg","width":800,"height":533},{"@type":"BreadcrumbList","@id":"https:\/\/www.generalkinematics.com\/es\/producto\/tambor-de-medio-rotatorio\/#breadcrumb","itemListElement":[{"@type":"ListItem","position":1,"name":"GK Home","item":"https:\/\/www.generalkinematics.com\/es\/"},{"@type":"ListItem","position":2,"name":"Shop","item":"https:\/\/www.generalkinematics.com\/shop\/"},{"@type":"ListItem","position":3,"name":"Tambor de medio rotatorio DUCTA-CLEAN\u00ae"}]},{"@type":"WebSite","@id":"https:\/\/www.generalkinematics.com\/es\/#website","url":"https:\/\/www.generalkinematics.com\/es\/","name":"General Kinematics","description":"","publisher":{"@id":"https:\/\/www.generalkinematics.com\/es\/#organization"},"potentialAction":[{"@type":"SearchAction","target":{"@type":"EntryPoint","urlTemplate":"https:\/\/www.generalkinematics.com\/es\/?s={search_term_string}"},"query-input":{"@type":"PropertyValueSpecification","valueRequired":true,"valueName":"search_term_string"}}],"inLanguage":"es"},{"@type":"Organization","@id":"https:\/\/www.generalkinematics.com\/es\/#organization","name":"General Kinematics","url":"https:\/\/www.generalkinematics.com\/es\/","logo":{"@type":"ImageObject","inLanguage":"es","@id":"https:\/\/www.generalkinematics.com\/es\/#\/schema\/logo\/image\/","url":"https:\/\/media.generalkinematics.com\/wp-content\/uploads\/2018\/03\/logo.png","contentUrl":"https:\/\/media.generalkinematics.com\/wp-content\/uploads\/2018\/03\/logo.png","width":313,"height":100,"caption":"General Kinematics"},"image":{"@id":"https:\/\/www.generalkinematics.com\/es\/#\/schema\/logo\/image\/"},"sameAs":["https:\/\/www.facebook.com\/generalkinematics","https:\/\/x.com\/gkvibrating"]}]}},"_links":{"self":[{"href":"https:\/\/www.generalkinematics.com\/es\/wp-json\/wp\/v2\/product\/37551","targetHints":{"allow":["GET"]}}],"collection":[{"href":"https:\/\/www.generalkinematics.com\/es\/wp-json\/wp\/v2\/product"}],"about":[{"href":"https:\/\/www.generalkinematics.com\/es\/wp-json\/wp\/v2\/types\/product"}],"replies":[{"embeddable":true,"href":"https:\/\/www.generalkinematics.com\/es\/wp-json\/wp\/v2\/comments?post=37551"}],"wp:featuredmedia":[{"embeddable":true,"href":"https:\/\/www.generalkinematics.com\/es\/wp-json\/wp\/v2\/media\/54151"}],"wp:attachment":[{"href":"https:\/\/www.generalkinematics.com\/es\/wp-json\/wp\/v2\/media?parent=37551"}],"wp:term":[{"taxonomy":"product_brand","embeddable":true,"href":"https:\/\/www.generalkinematics.com\/es\/wp-json\/wp\/v2\/product_brand?post=37551"},{"taxonomy":"product_cat","embeddable":true,"href":"https:\/\/www.generalkinematics.com\/es\/wp-json\/wp\/v2\/product_cat?post=37551"},{"taxonomy":"product_tag","embeddable":true,"href":"https:\/\/www.generalkinematics.com\/es\/wp-json\/wp\/v2\/product_tag?post=37551"}],"curies":[{"name":"wp","href":"https:\/\/api.w.org\/{rel}","templated":true}]}}