{"id":37557,"date":"2015-05-12T11:00:54","date_gmt":"2015-05-12T16:00:54","guid":{"rendered":"https:\/\/www.generalkinematics.com\/product\/desmoldeadora-rotatoria-ducta-screen\/"},"modified":"2019-07-30T11:13:26","modified_gmt":"2019-07-30T16:13:26","slug":"desmoldeadora-rotatoria","status":"publish","type":"product","link":"https:\/\/www.generalkinematics.com\/es\/producto\/desmoldeadora-rotatoria\/","title":{"rendered":"Desmoldeadora rotatoria DUCTA-SCREEN\u2122"},"content":{"rendered":"<p>La <strong>desmoldeadora rotatoria DUCTA-SCREEN\u2122<\/strong> procesa de manera r\u00e1pida y eficiente los moldes para separar y extraer la arena de las piezas fundidas. La arena se fractura, sale de la carcasa rotatoria y se deposita en la cinta transportadora vibratoria de GK que se utiliza para retirar la arena. La extracci\u00f3n de arena de la carcasa rotatoria permite reducir las temperaturas del equipo, con lo que se incrementa la vida \u00fatil del equipo y los componentes, y se reducen las temperaturas de las piezas fundidas.<\/p>\n<p>La desmoldeadora rotatoria DUCTA-SCREEN\u2122 es un dispositivo ideal para separar las piezas fundidas de los moldes de motas. La unidad aut\u00f3noma reduce el ruido y mejora la separaci\u00f3n de arena de las piezas fundidas y la colada. La acci\u00f3n de la desmoldeadora rotatoria es suave, y de manera eficiente fractura los terrones de arena y proporciona arena apropiada para el cribado final de part\u00edculas muy finas. Disponibilidad de tama\u00f1os est\u00e1ndar y personalizados para satisfacer plenamente las necesidades de su aplicaci\u00f3n.<\/p>\n<p><a href=\"https:\/\/www.generalkinematics.com\/es\/contactar-a-general-kinematics\/\">P\u00f3ngase en contacto con un especialista en fundici\u00f3n de GK <\/a>para obtener m\u00e1s informaci\u00f3n.<\/p>\n<h2>Caracter\u00edsticas:<\/h2>\n<ul>\n<li>Los revestimientos fabricados por GK son m\u00e1s f\u00e1ciles y seguros de reemplazar, y cuestan hasta un 75% menos que los sistemas de rejilla de fundici\u00f3n.<\/li>\n<li>El sistema de revestimiento, cuya patente est\u00e1 pendiente, elimina los anillos de compresi\u00f3n, los revestimientos de fundici\u00f3n pesados y los costos de mantenimiento excesivos.<\/li>\n<li>La carcasa del tambor no es una pieza que se desgasta, ahorr\u00e1ndole una gran cantidad de dinero en mantenimiento y dolores de cabeza.<\/li>\n<li>Los tambores usan componentes que se pueden obtener f\u00e1cilmente en el mercado.<\/li>\n<li>Disponibles en tama\u00f1os est\u00e1ndar y personalizados para ajustarse al dise\u00f1o y capacidad de producci\u00f3n de su proceso.<\/li>\n<\/ul>\n","protected":false},"excerpt":{"rendered":"<p>La desmoldeadora rotatoria DUCTA-SCREEN\u2122 procesa de manera r\u00e1pida y eficiente los moldes para separar y extraer la arena de las piezas fundidas. La arena se fractura, sale de la carcasa rotatoria y se deposita en la cinta transportadora vibratoria de GK que se utiliza para retirar la arena. La extracci\u00f3n de arena de la carcasa [&hellip;]<\/p>\n","protected":false},"featured_media":27416,"comment_status":"closed","ping_status":"closed","template":"","meta":{"_acf_changed":false,"om_disable_all_campaigns":false,"ep_exclude_from_search":false},"product_brand":[],"product_cat":[1850,1848,1860,1849,1839,1847,1857],"product_tag":[],"class_list":{"0":"post-37557","1":"product","2":"type-product","3":"status-publish","4":"has-post-thumbnail","6":"product_cat-desgaste-de-arena","7":"product_cat-modelos-ducta-series","8":"product_cat-sacudidas-vibratorias-rotativas","9":"product_cat-sistemas-de-arena-recuperacion","10":"product_cat-soluciones-de-fundicion-y-metalcasting","11":"product_cat-tambores-giratorios-y-sacudidas","12":"product_cat-tambores-vibratorios-y-sacudidas","14":"first","15":"instock","16":"taxable","17":"shipping-taxable","18":"product-type-simple"},"acf":[],"yoast_head":"<!-- This site is optimized with the Yoast SEO plugin v27.2 - https:\/\/yoast.com\/product\/yoast-seo-wordpress\/ -->\n<title>Desmoldeadora rotatoria DUCTA-SCREEN\u2122 | General Kinematics<\/title>\n<meta name=\"robots\" content=\"index, follow, max-snippet:-1, max-image-preview:large, max-video-preview:-1\" \/>\n<link rel=\"canonical\" href=\"https:\/\/www.generalkinematics.com\/es\/producto\/desmoldeadora-rotatoria\/\" \/>\n<meta property=\"og:locale\" content=\"es_ES\" \/>\n<meta property=\"og:type\" content=\"article\" \/>\n<meta property=\"og:title\" content=\"Desmoldeadora rotatoria DUCTA-SCREEN\u2122 | General Kinematics\" \/>\n<meta property=\"og:description\" content=\"La desmoldeadora rotatoria DUCTA-SCREEN\u2122 procesa de manera r\u00e1pida y eficiente los moldes para separar y extraer la arena de las piezas fundidas. La arena se fractura, sale de la carcasa rotatoria y se deposita en la cinta transportadora vibratoria de GK que se utiliza para retirar la arena. La extracci\u00f3n de arena de la carcasa [&hellip;]\" \/>\n<meta property=\"og:url\" content=\"https:\/\/www.generalkinematics.com\/es\/producto\/desmoldeadora-rotatoria\/\" \/>\n<meta property=\"og:site_name\" content=\"General Kinematics\" \/>\n<meta property=\"article:publisher\" content=\"https:\/\/www.facebook.com\/generalkinematics\" \/>\n<meta property=\"article:modified_time\" content=\"2019-07-30T16:13:26+00:00\" \/>\n<meta property=\"og:image\" content=\"https:\/\/www.generalkinematics.com\/wp-content\/uploads\/2015\/07\/rendered.jpg\" \/>\n\t<meta property=\"og:image:width\" content=\"1462\" \/>\n\t<meta property=\"og:image:height\" content=\"958\" \/>\n\t<meta property=\"og:image:type\" content=\"image\/jpeg\" \/>\n<meta name=\"twitter:card\" content=\"summary_large_image\" \/>\n<meta name=\"twitter:site\" content=\"@gkvibrating\" \/>\n<meta name=\"twitter:label1\" content=\"Tiempo de lectura\" \/>\n\t<meta name=\"twitter:data1\" content=\"2 minutos\" \/>\n<!-- \/ Yoast SEO plugin. -->","yoast_head_json":{"title":"Desmoldeadora rotatoria DUCTA-SCREEN\u2122 | General Kinematics","robots":{"index":"index","follow":"follow","max-snippet":"max-snippet:-1","max-image-preview":"max-image-preview:large","max-video-preview":"max-video-preview:-1"},"canonical":"https:\/\/www.generalkinematics.com\/es\/producto\/desmoldeadora-rotatoria\/","og_locale":"es_ES","og_type":"article","og_title":"Desmoldeadora rotatoria DUCTA-SCREEN\u2122 | General Kinematics","og_description":"La desmoldeadora rotatoria DUCTA-SCREEN\u2122 procesa de manera r\u00e1pida y eficiente los moldes para separar y extraer la arena de las piezas fundidas. La arena se fractura, sale de la carcasa rotatoria y se deposita en la cinta transportadora vibratoria de GK que se utiliza para retirar la arena. La extracci\u00f3n de arena de la carcasa [&hellip;]","og_url":"https:\/\/www.generalkinematics.com\/es\/producto\/desmoldeadora-rotatoria\/","og_site_name":"General Kinematics","article_publisher":"https:\/\/www.facebook.com\/generalkinematics","article_modified_time":"2019-07-30T16:13:26+00:00","og_image":[{"width":1462,"height":958,"url":"https:\/\/www.generalkinematics.com\/wp-content\/uploads\/2015\/07\/rendered.jpg","type":"image\/jpeg"}],"twitter_card":"summary_large_image","twitter_site":"@gkvibrating","twitter_misc":{"Tiempo de lectura":"2 minutos"},"schema":{"@context":"https:\/\/schema.org","@graph":[{"@type":"WebPage","@id":"https:\/\/www.generalkinematics.com\/es\/producto\/desmoldeadora-rotatoria\/","url":"https:\/\/www.generalkinematics.com\/es\/producto\/desmoldeadora-rotatoria\/","name":"Desmoldeadora rotatoria DUCTA-SCREEN\u2122 | General Kinematics","isPartOf":{"@id":"https:\/\/www.generalkinematics.com\/es\/#website"},"primaryImageOfPage":{"@id":"https:\/\/www.generalkinematics.com\/es\/producto\/desmoldeadora-rotatoria\/#primaryimage"},"image":{"@id":"https:\/\/www.generalkinematics.com\/es\/producto\/desmoldeadora-rotatoria\/#primaryimage"},"thumbnailUrl":"https:\/\/media.generalkinematics.com\/wp-content\/uploads\/2015\/07\/rendered.jpg","datePublished":"2015-05-12T16:00:54+00:00","dateModified":"2019-07-30T16:13:26+00:00","breadcrumb":{"@id":"https:\/\/www.generalkinematics.com\/es\/producto\/desmoldeadora-rotatoria\/#breadcrumb"},"inLanguage":"es","potentialAction":[{"@type":"ReadAction","target":["https:\/\/www.generalkinematics.com\/es\/producto\/desmoldeadora-rotatoria\/"]}]},{"@type":"ImageObject","inLanguage":"es","@id":"https:\/\/www.generalkinematics.com\/es\/producto\/desmoldeadora-rotatoria\/#primaryimage","url":"https:\/\/media.generalkinematics.com\/wp-content\/uploads\/2015\/07\/rendered.jpg","contentUrl":"https:\/\/media.generalkinematics.com\/wp-content\/uploads\/2015\/07\/rendered.jpg","width":1462,"height":958,"caption":"general-kinematics-rotary-drum"},{"@type":"BreadcrumbList","@id":"https:\/\/www.generalkinematics.com\/es\/producto\/desmoldeadora-rotatoria\/#breadcrumb","itemListElement":[{"@type":"ListItem","position":1,"name":"GK Home","item":"https:\/\/www.generalkinematics.com\/es\/"},{"@type":"ListItem","position":2,"name":"Shop","item":"https:\/\/www.generalkinematics.com\/shop\/"},{"@type":"ListItem","position":3,"name":"Desmoldeadora rotatoria DUCTA-SCREEN\u2122"}]},{"@type":"WebSite","@id":"https:\/\/www.generalkinematics.com\/es\/#website","url":"https:\/\/www.generalkinematics.com\/es\/","name":"General Kinematics","description":"","publisher":{"@id":"https:\/\/www.generalkinematics.com\/es\/#organization"},"potentialAction":[{"@type":"SearchAction","target":{"@type":"EntryPoint","urlTemplate":"https:\/\/www.generalkinematics.com\/es\/?s={search_term_string}"},"query-input":{"@type":"PropertyValueSpecification","valueRequired":true,"valueName":"search_term_string"}}],"inLanguage":"es"},{"@type":"Organization","@id":"https:\/\/www.generalkinematics.com\/es\/#organization","name":"General Kinematics","url":"https:\/\/www.generalkinematics.com\/es\/","logo":{"@type":"ImageObject","inLanguage":"es","@id":"https:\/\/www.generalkinematics.com\/es\/#\/schema\/logo\/image\/","url":"https:\/\/media.generalkinematics.com\/wp-content\/uploads\/2018\/03\/logo.png","contentUrl":"https:\/\/media.generalkinematics.com\/wp-content\/uploads\/2018\/03\/logo.png","width":313,"height":100,"caption":"General Kinematics"},"image":{"@id":"https:\/\/www.generalkinematics.com\/es\/#\/schema\/logo\/image\/"},"sameAs":["https:\/\/www.facebook.com\/generalkinematics","https:\/\/x.com\/gkvibrating"]}]}},"_links":{"self":[{"href":"https:\/\/www.generalkinematics.com\/es\/wp-json\/wp\/v2\/product\/37557","targetHints":{"allow":["GET"]}}],"collection":[{"href":"https:\/\/www.generalkinematics.com\/es\/wp-json\/wp\/v2\/product"}],"about":[{"href":"https:\/\/www.generalkinematics.com\/es\/wp-json\/wp\/v2\/types\/product"}],"replies":[{"embeddable":true,"href":"https:\/\/www.generalkinematics.com\/es\/wp-json\/wp\/v2\/comments?post=37557"}],"wp:featuredmedia":[{"embeddable":true,"href":"https:\/\/www.generalkinematics.com\/es\/wp-json\/wp\/v2\/media\/27416"}],"wp:attachment":[{"href":"https:\/\/www.generalkinematics.com\/es\/wp-json\/wp\/v2\/media?parent=37557"}],"wp:term":[{"taxonomy":"product_brand","embeddable":true,"href":"https:\/\/www.generalkinematics.com\/es\/wp-json\/wp\/v2\/product_brand?post=37557"},{"taxonomy":"product_cat","embeddable":true,"href":"https:\/\/www.generalkinematics.com\/es\/wp-json\/wp\/v2\/product_cat?post=37557"},{"taxonomy":"product_tag","embeddable":true,"href":"https:\/\/www.generalkinematics.com\/es\/wp-json\/wp\/v2\/product_tag?post=37557"}],"curies":[{"name":"wp","href":"https:\/\/api.w.org\/{rel}","templated":true}]}}