{"id":37563,"date":"2015-05-12T11:10:33","date_gmt":"2015-05-12T16:10:33","guid":{"rendered":"https:\/\/www.generalkinematics.com\/product\/espirales-de-enfriamiento-de-piezas-fundidas-spira-cool\/"},"modified":"2018-08-30T21:52:29","modified_gmt":"2018-08-31T02:52:29","slug":"espiralesde-enfriamiento-de-piezas-fundidas","status":"publish","type":"product","link":"https:\/\/www.generalkinematics.com\/es\/producto\/espiralesde-enfriamiento-de-piezas-fundidas\/","title":{"rendered":"Espirales de enfriamiento de piezas fundidas SPIRA-COOL\u00ae"},"content":{"rendered":"<p>Las <strong>cintas transportadoras de enfriamiento de piezas fundidas SPIRA-COOL\u00ae\u00a0<\/strong>de General Kinematics permiten ahorrar espacio y reducir los costos de cimentaci\u00f3n y mantenimiento. Dise\u00f1adas a la medida de su proceso, cada unidad vibratoria SPIRA-COOL\u00ae puede sustituir a m\u00e1s de 400 pies de cintas transportadoras vibratorias de enfriamiento de piezas fundidas en un solo espacio reducido, adem\u00e1s de subir las piezas fundidas para realizar operaciones ulteriores de clasificaci\u00f3n o de chorro con granalla. Nuestro dise\u00f1o patentado de la c\u00e1mara de aire enfr\u00eda de manera eficiente y silenciosa las piezas fundidas. El dise\u00f1o de la espiral vibratoria mezcla las piezas fundidas en una ruta orientada sin causar da\u00f1os a las piezas fundidas. Una ventaja complementaria es la adici\u00f3n de un mecanismo de recolecci\u00f3n de arena en la cubierta, que se deposita en una sola cinta transportadora vibratoria de extracci\u00f3n de arena. La espiral de enfriamiento de piezas fundidas SPIRA-COOL\u00ae funciona con un tercio de los requisitos de potencia frente a los dise\u00f1os de la competencia sin transmitir vibraci\u00f3n a las zonas circundantes.<\/p>\n<p>La espiral de enfriamiento de piezas fundidas SPIRA-COOL\u00ae contiene todo el sistema de conductos de ventilaci\u00f3n en un solo lugar con lo que se reducen los costos de ventilaci\u00f3n y se acelera el enfriamiento de las piezas fundidas con un sistema de boquillas de alta velocidad. El chorro de aire est\u00e1 dise\u00f1ado con una caja de material desechado para reducir la emisi\u00f3n de part\u00edculas finas al sistema de recolecci\u00f3n de polvo.<\/p>\n<h2>Caracter\u00edsticas:<\/h2>\n<ul>\n<li>Las transmisiones de baja potencia y eficientes desde el punto de vista energ\u00e9tico, hacen vibrar toda la espiral.<\/li>\n<li>F\u00e1cil mantenimiento de los componentes de la transmisi\u00f3n que se pueden substituir r\u00e1pidamente.<\/li>\n<li>Capacidad para manipular piezas fundidas pesadas y fr\u00e1giles.<\/li>\n<li>Las cubiertas pueden dise\u00f1ar espec\u00edficamente para las piezas fundidas que desea enfriar.<\/li>\n<li>Funcionamiento silencioso, incluso cuando est\u00e1 completamente cargada con material.<\/li>\n<li>Sustituye hasta 400 pies de una cinta transportadora de enfriamiento, con lo que se ahorra una cantidad considerable de espacio dentro de su instalaci\u00f3n.<\/li>\n<li>Sobre el producto para realizar procesos ulteriores a lo largo de la l\u00ednea.<\/li>\n<\/ul>\n","protected":false},"excerpt":{"rendered":"<p>Las cintas transportadoras de enfriamiento de piezas fundidas SPIRA-COOL\u00ae\u00a0de General Kinematics permiten ahorrar espacio y reducir los costos de cimentaci\u00f3n y mantenimiento. Dise\u00f1adas a la medida de su proceso, cada unidad vibratoria SPIRA-COOL\u00ae puede sustituir a m\u00e1s de 400 pies de cintas transportadoras vibratorias de enfriamiento de piezas fundidas en un solo espacio reducido, adem\u00e1s [&hellip;]<\/p>\n","protected":false},"featured_media":22748,"comment_status":"closed","ping_status":"closed","template":"","meta":{"_acf_changed":false,"om_disable_all_campaigns":false,"ep_exclude_from_search":false},"product_brand":[],"product_cat":[1840,1843,1839,1857],"product_tag":[],"class_list":{"0":"post-37563","1":"product","2":"type-product","3":"status-publish","4":"has-post-thumbnail","6":"casestudytag-spira-cool-es","7":"product_cat-enfriamiento-de-colada","8":"product_cat-equipo-de-enfriamiento-de-colada","9":"product_cat-soluciones-de-fundicion-y-metalcasting","10":"product_cat-tambores-vibratorios-y-sacudidas","12":"first","13":"instock","14":"taxable","15":"shipping-taxable","16":"product-type-simple"},"acf":[],"yoast_head":"<!-- This site is optimized with the Yoast SEO plugin v27.2 - https:\/\/yoast.com\/product\/yoast-seo-wordpress\/ -->\n<title>Espirales de enfriamiento de piezas fundidas SPIRA-COOL\u00ae | General Kinematics<\/title>\n<meta name=\"robots\" content=\"index, follow, max-snippet:-1, max-image-preview:large, max-video-preview:-1\" \/>\n<link rel=\"canonical\" href=\"https:\/\/www.generalkinematics.com\/es\/producto\/espiralesde-enfriamiento-de-piezas-fundidas\/\" \/>\n<meta property=\"og:locale\" content=\"es_ES\" \/>\n<meta property=\"og:type\" content=\"article\" \/>\n<meta property=\"og:title\" content=\"Espirales de enfriamiento de piezas fundidas SPIRA-COOL\u00ae | General Kinematics\" \/>\n<meta property=\"og:description\" content=\"Las cintas transportadoras de enfriamiento de piezas fundidas SPIRA-COOL\u00ae\u00a0de General Kinematics permiten ahorrar espacio y reducir los costos de cimentaci\u00f3n y mantenimiento. Dise\u00f1adas a la medida de su proceso, cada unidad vibratoria SPIRA-COOL\u00ae puede sustituir a m\u00e1s de 400 pies de cintas transportadoras vibratorias de enfriamiento de piezas fundidas en un solo espacio reducido, adem\u00e1s [&hellip;]\" \/>\n<meta property=\"og:url\" content=\"https:\/\/www.generalkinematics.com\/es\/producto\/espiralesde-enfriamiento-de-piezas-fundidas\/\" \/>\n<meta property=\"og:site_name\" content=\"General Kinematics\" \/>\n<meta property=\"article:publisher\" content=\"https:\/\/www.facebook.com\/generalkinematics\" \/>\n<meta property=\"article:modified_time\" content=\"2018-08-31T02:52:29+00:00\" \/>\n<meta property=\"og:image\" content=\"https:\/\/media.generalkinematics.com\/wp-content\/uploads\/2015\/05\/0976700-2009-07-06-Equipment-photos-021.jpg\" \/>\n\t<meta property=\"og:image:width\" content=\"2500\" \/>\n\t<meta property=\"og:image:height\" content=\"1875\" \/>\n\t<meta property=\"og:image:type\" content=\"image\/jpeg\" \/>\n<meta name=\"twitter:card\" content=\"summary_large_image\" \/>\n<meta name=\"twitter:site\" content=\"@gkvibrating\" \/>\n<meta name=\"twitter:label1\" content=\"Tiempo de lectura\" \/>\n\t<meta name=\"twitter:data1\" content=\"2 minutos\" \/>\n<!-- \/ Yoast SEO plugin. -->","yoast_head_json":{"title":"Espirales de enfriamiento de piezas fundidas SPIRA-COOL\u00ae | General Kinematics","robots":{"index":"index","follow":"follow","max-snippet":"max-snippet:-1","max-image-preview":"max-image-preview:large","max-video-preview":"max-video-preview:-1"},"canonical":"https:\/\/www.generalkinematics.com\/es\/producto\/espiralesde-enfriamiento-de-piezas-fundidas\/","og_locale":"es_ES","og_type":"article","og_title":"Espirales de enfriamiento de piezas fundidas SPIRA-COOL\u00ae | General Kinematics","og_description":"Las cintas transportadoras de enfriamiento de piezas fundidas SPIRA-COOL\u00ae\u00a0de General Kinematics permiten ahorrar espacio y reducir los costos de cimentaci\u00f3n y mantenimiento. Dise\u00f1adas a la medida de su proceso, cada unidad vibratoria SPIRA-COOL\u00ae puede sustituir a m\u00e1s de 400 pies de cintas transportadoras vibratorias de enfriamiento de piezas fundidas en un solo espacio reducido, adem\u00e1s [&hellip;]","og_url":"https:\/\/www.generalkinematics.com\/es\/producto\/espiralesde-enfriamiento-de-piezas-fundidas\/","og_site_name":"General Kinematics","article_publisher":"https:\/\/www.facebook.com\/generalkinematics","article_modified_time":"2018-08-31T02:52:29+00:00","og_image":[{"width":2500,"height":1875,"url":"https:\/\/media.generalkinematics.com\/wp-content\/uploads\/2015\/05\/0976700-2009-07-06-Equipment-photos-021.jpg","type":"image\/jpeg"}],"twitter_card":"summary_large_image","twitter_site":"@gkvibrating","twitter_misc":{"Tiempo de lectura":"2 minutos"},"schema":{"@context":"https:\/\/schema.org","@graph":[{"@type":"WebPage","@id":"https:\/\/www.generalkinematics.com\/es\/producto\/espiralesde-enfriamiento-de-piezas-fundidas\/","url":"https:\/\/www.generalkinematics.com\/es\/producto\/espiralesde-enfriamiento-de-piezas-fundidas\/","name":"Espirales de enfriamiento de piezas fundidas SPIRA-COOL\u00ae | General Kinematics","isPartOf":{"@id":"https:\/\/www.generalkinematics.com\/es\/#website"},"primaryImageOfPage":{"@id":"https:\/\/www.generalkinematics.com\/es\/producto\/espiralesde-enfriamiento-de-piezas-fundidas\/#primaryimage"},"image":{"@id":"https:\/\/www.generalkinematics.com\/es\/producto\/espiralesde-enfriamiento-de-piezas-fundidas\/#primaryimage"},"thumbnailUrl":"https:\/\/media.generalkinematics.com\/wp-content\/uploads\/2015\/05\/0976700-2009-07-06-Equipment-photos-021.jpg","datePublished":"2015-05-12T16:10:33+00:00","dateModified":"2018-08-31T02:52:29+00:00","breadcrumb":{"@id":"https:\/\/www.generalkinematics.com\/es\/producto\/espiralesde-enfriamiento-de-piezas-fundidas\/#breadcrumb"},"inLanguage":"es","potentialAction":[{"@type":"ReadAction","target":["https:\/\/www.generalkinematics.com\/es\/producto\/espiralesde-enfriamiento-de-piezas-fundidas\/"]}]},{"@type":"ImageObject","inLanguage":"es","@id":"https:\/\/www.generalkinematics.com\/es\/producto\/espiralesde-enfriamiento-de-piezas-fundidas\/#primaryimage","url":"https:\/\/media.generalkinematics.com\/wp-content\/uploads\/2015\/05\/0976700-2009-07-06-Equipment-photos-021.jpg","contentUrl":"https:\/\/media.generalkinematics.com\/wp-content\/uploads\/2015\/05\/0976700-2009-07-06-Equipment-photos-021.jpg","width":2500,"height":1875,"caption":"general-kinematics-spiral-cooling-conveyor"},{"@type":"BreadcrumbList","@id":"https:\/\/www.generalkinematics.com\/es\/producto\/espiralesde-enfriamiento-de-piezas-fundidas\/#breadcrumb","itemListElement":[{"@type":"ListItem","position":1,"name":"GK Home","item":"https:\/\/www.generalkinematics.com\/es\/"},{"@type":"ListItem","position":2,"name":"Shop","item":"https:\/\/www.generalkinematics.com\/shop\/"},{"@type":"ListItem","position":3,"name":"Espirales de enfriamiento de piezas fundidas SPIRA-COOL\u00ae"}]},{"@type":"WebSite","@id":"https:\/\/www.generalkinematics.com\/es\/#website","url":"https:\/\/www.generalkinematics.com\/es\/","name":"General Kinematics","description":"","publisher":{"@id":"https:\/\/www.generalkinematics.com\/es\/#organization"},"potentialAction":[{"@type":"SearchAction","target":{"@type":"EntryPoint","urlTemplate":"https:\/\/www.generalkinematics.com\/es\/?s={search_term_string}"},"query-input":{"@type":"PropertyValueSpecification","valueRequired":true,"valueName":"search_term_string"}}],"inLanguage":"es"},{"@type":"Organization","@id":"https:\/\/www.generalkinematics.com\/es\/#organization","name":"General Kinematics","url":"https:\/\/www.generalkinematics.com\/es\/","logo":{"@type":"ImageObject","inLanguage":"es","@id":"https:\/\/www.generalkinematics.com\/es\/#\/schema\/logo\/image\/","url":"https:\/\/media.generalkinematics.com\/wp-content\/uploads\/2018\/03\/logo.png","contentUrl":"https:\/\/media.generalkinematics.com\/wp-content\/uploads\/2018\/03\/logo.png","width":313,"height":100,"caption":"General Kinematics"},"image":{"@id":"https:\/\/www.generalkinematics.com\/es\/#\/schema\/logo\/image\/"},"sameAs":["https:\/\/www.facebook.com\/generalkinematics","https:\/\/x.com\/gkvibrating"]}]}},"_links":{"self":[{"href":"https:\/\/www.generalkinematics.com\/es\/wp-json\/wp\/v2\/product\/37563","targetHints":{"allow":["GET"]}}],"collection":[{"href":"https:\/\/www.generalkinematics.com\/es\/wp-json\/wp\/v2\/product"}],"about":[{"href":"https:\/\/www.generalkinematics.com\/es\/wp-json\/wp\/v2\/types\/product"}],"replies":[{"embeddable":true,"href":"https:\/\/www.generalkinematics.com\/es\/wp-json\/wp\/v2\/comments?post=37563"}],"wp:featuredmedia":[{"embeddable":true,"href":"https:\/\/www.generalkinematics.com\/es\/wp-json\/wp\/v2\/media\/22748"}],"wp:attachment":[{"href":"https:\/\/www.generalkinematics.com\/es\/wp-json\/wp\/v2\/media?parent=37563"}],"wp:term":[{"taxonomy":"product_brand","embeddable":true,"href":"https:\/\/www.generalkinematics.com\/es\/wp-json\/wp\/v2\/product_brand?post=37563"},{"taxonomy":"product_cat","embeddable":true,"href":"https:\/\/www.generalkinematics.com\/es\/wp-json\/wp\/v2\/product_cat?post=37563"},{"taxonomy":"product_tag","embeddable":true,"href":"https:\/\/www.generalkinematics.com\/es\/wp-json\/wp\/v2\/product_tag?post=37563"}],"curies":[{"name":"wp","href":"https:\/\/api.w.org\/{rel}","templated":true}]}}