{"id":37573,"date":"2015-05-12T11:11:32","date_gmt":"2015-05-12T16:11:32","guid":{"rendered":"https:\/\/www.generalkinematics.com\/product\/molino-de-recuperacion-de-escoria-ducta-sprue\/"},"modified":"2018-08-30T21:21:12","modified_gmt":"2018-08-31T02:21:12","slug":"molino-de-recuperacion-de-escoria","status":"publish","type":"product","link":"https:\/\/www.generalkinematics.com\/es\/producto\/molino-de-recuperacion-de-escoria\/","title":{"rendered":"Molino de recuperaci\u00f3n de escoria DUCTA-SPRUE\u00ae"},"content":{"rendered":"<p>El molino de recuperaci\u00f3n de escoria DUCTA-SPRUE\u00ae libera los metales preciosos de la chatarra y la escoria, para recuperar con prontitud materiales valiosos. La acci\u00f3n rotatoria erosiona el material para separar y liberar chatarra, escoria y coque de metales recuperables.<\/p>\n<p>El recuperador de escoria DUCTA-SPRUE\u00ae limpia los dep\u00f3sitos de escoria para refundici\u00f3n, adem\u00e1s de fraccionar otras impurezas para reciclaje o eliminaci\u00f3n. Disponibilidad de una variedad de opciones de cribado para separar y clasificar ulteriormente el producto, incluido el cribado continuo dentro del tambor, precribado del material y separaci\u00f3n magn\u00e9tica de postcribado para maximizar la pureza del material.<\/p>\n<p>La unidad DUCTA-SPRUE\u00ae utiliza el sistema de revestimiento de GK, cuya patente est\u00e1 en tr\u00e1mite, eliminando el gasto de mantenimiento y los problemas de seguridad inherentes a los sistemas de revestimiento d\u00factil y de otro tipo. <a href=\"https:\/\/www.generalkinematics.com\/es\/contactar-a-general-kinematics\/\">P\u00f3ngase en contacto con un especialista en fundici\u00f3n de GK <\/a>para obtener m\u00e1s informaci\u00f3n o para programar la calificaci\u00f3n de su material en el centro de pruebas interno de GK.<\/p>\n<p>&nbsp;<\/p>\n<h2>Caracter\u00edsticas:<\/h2>\n<ul>\n<li>Las cribas DUCTA-SPRUE\u00ae, limpian y separan el material, recuperando metales valiosos.<\/li>\n<li>La acci\u00f3n de elevaci\u00f3n agresiva separa la escoria de los metales para una refundici\u00f3n m\u00e1s limpia.<\/li>\n<li>El tambor utiliza el sistema de revestimiento de GK, cuya patente est\u00e1 en tr\u00e1mite, para eliminar los gastos y problemas de mantenimiento.<\/li>\n<li>Los tambores utilizan componentes est\u00e1ndar con los puntos de montaje externos para facilitar el acceso y el mantenimiento.<\/li>\n<\/ul>\n","protected":false},"excerpt":{"rendered":"<p>El molino de recuperaci\u00f3n de escoria DUCTA-SPRUE\u00ae libera los metales preciosos de la chatarra y la escoria, para recuperar con prontitud materiales valiosos. La acci\u00f3n rotatoria erosiona el material para separar y liberar chatarra, escoria y coque de metales recuperables. El recuperador de escoria DUCTA-SPRUE\u00ae limpia los dep\u00f3sitos de escoria para refundici\u00f3n, adem\u00e1s de fraccionar [&hellip;]<\/p>\n","protected":false},"featured_media":23344,"comment_status":"closed","ping_status":"closed","template":"","meta":{"_acf_changed":false,"om_disable_all_campaigns":false,"ep_exclude_from_search":false},"product_brand":[],"product_cat":[1848,1854,1839,1847],"product_tag":[],"class_list":{"0":"post-37573","1":"product","2":"type-product","3":"status-publish","4":"has-post-thumbnail","6":"product_cat-modelos-ducta-series","7":"product_cat-recuperacion-de-desechos-y-escoria","8":"product_cat-soluciones-de-fundicion-y-metalcasting","9":"product_cat-tambores-giratorios-y-sacudidas","11":"first","12":"instock","13":"taxable","14":"shipping-taxable","15":"product-type-simple"},"acf":[],"yoast_head":"<!-- This site is optimized with the Yoast SEO plugin v27.2 - https:\/\/yoast.com\/product\/yoast-seo-wordpress\/ -->\n<title>Molino de recuperaci\u00f3n de escoria DUCTA-SPRUE\u00ae | General Kinematics<\/title>\n<meta name=\"robots\" content=\"index, follow, max-snippet:-1, max-image-preview:large, max-video-preview:-1\" \/>\n<link rel=\"canonical\" href=\"https:\/\/www.generalkinematics.com\/es\/producto\/molino-de-recuperacion-de-escoria\/\" \/>\n<meta property=\"og:locale\" content=\"es_ES\" \/>\n<meta property=\"og:type\" content=\"article\" \/>\n<meta property=\"og:title\" content=\"Molino de recuperaci\u00f3n de escoria DUCTA-SPRUE\u00ae | General Kinematics\" \/>\n<meta property=\"og:description\" content=\"El molino de recuperaci\u00f3n de escoria DUCTA-SPRUE\u00ae libera los metales preciosos de la chatarra y la escoria, para recuperar con prontitud materiales valiosos. La acci\u00f3n rotatoria erosiona el material para separar y liberar chatarra, escoria y coque de metales recuperables. El recuperador de escoria DUCTA-SPRUE\u00ae limpia los dep\u00f3sitos de escoria para refundici\u00f3n, adem\u00e1s de fraccionar [&hellip;]\" \/>\n<meta property=\"og:url\" content=\"https:\/\/www.generalkinematics.com\/es\/producto\/molino-de-recuperacion-de-escoria\/\" \/>\n<meta property=\"og:site_name\" content=\"General Kinematics\" \/>\n<meta property=\"article:publisher\" content=\"https:\/\/www.facebook.com\/generalkinematics\" \/>\n<meta property=\"article:modified_time\" content=\"2018-08-31T02:21:12+00:00\" \/>\n<meta property=\"og:image\" content=\"https:\/\/www.generalkinematics.com\/wp-content\/uploads\/2015\/05\/DSC02235.jpg\" \/>\n\t<meta property=\"og:image:width\" content=\"800\" \/>\n\t<meta property=\"og:image:height\" content=\"600\" \/>\n\t<meta property=\"og:image:type\" content=\"image\/jpeg\" \/>\n<meta name=\"twitter:card\" content=\"summary_large_image\" \/>\n<meta name=\"twitter:site\" content=\"@gkvibrating\" \/>\n<meta name=\"twitter:label1\" content=\"Tiempo de lectura\" \/>\n\t<meta name=\"twitter:data1\" content=\"1 minuto\" \/>\n<!-- \/ Yoast SEO plugin. -->","yoast_head_json":{"title":"Molino de recuperaci\u00f3n de escoria DUCTA-SPRUE\u00ae | General Kinematics","robots":{"index":"index","follow":"follow","max-snippet":"max-snippet:-1","max-image-preview":"max-image-preview:large","max-video-preview":"max-video-preview:-1"},"canonical":"https:\/\/www.generalkinematics.com\/es\/producto\/molino-de-recuperacion-de-escoria\/","og_locale":"es_ES","og_type":"article","og_title":"Molino de recuperaci\u00f3n de escoria DUCTA-SPRUE\u00ae | General Kinematics","og_description":"El molino de recuperaci\u00f3n de escoria DUCTA-SPRUE\u00ae libera los metales preciosos de la chatarra y la escoria, para recuperar con prontitud materiales valiosos. La acci\u00f3n rotatoria erosiona el material para separar y liberar chatarra, escoria y coque de metales recuperables. El recuperador de escoria DUCTA-SPRUE\u00ae limpia los dep\u00f3sitos de escoria para refundici\u00f3n, adem\u00e1s de fraccionar [&hellip;]","og_url":"https:\/\/www.generalkinematics.com\/es\/producto\/molino-de-recuperacion-de-escoria\/","og_site_name":"General Kinematics","article_publisher":"https:\/\/www.facebook.com\/generalkinematics","article_modified_time":"2018-08-31T02:21:12+00:00","og_image":[{"width":800,"height":600,"url":"https:\/\/www.generalkinematics.com\/wp-content\/uploads\/2015\/05\/DSC02235.jpg","type":"image\/jpeg"}],"twitter_card":"summary_large_image","twitter_site":"@gkvibrating","twitter_misc":{"Tiempo de lectura":"1 minuto"},"schema":{"@context":"https:\/\/schema.org","@graph":[{"@type":"WebPage","@id":"https:\/\/www.generalkinematics.com\/es\/producto\/molino-de-recuperacion-de-escoria\/","url":"https:\/\/www.generalkinematics.com\/es\/producto\/molino-de-recuperacion-de-escoria\/","name":"Molino de recuperaci\u00f3n de escoria DUCTA-SPRUE\u00ae | General Kinematics","isPartOf":{"@id":"https:\/\/www.generalkinematics.com\/es\/#website"},"primaryImageOfPage":{"@id":"https:\/\/www.generalkinematics.com\/es\/producto\/molino-de-recuperacion-de-escoria\/#primaryimage"},"image":{"@id":"https:\/\/www.generalkinematics.com\/es\/producto\/molino-de-recuperacion-de-escoria\/#primaryimage"},"thumbnailUrl":"https:\/\/media.generalkinematics.com\/wp-content\/uploads\/2015\/05\/DSC02235.jpg","datePublished":"2015-05-12T16:11:32+00:00","dateModified":"2018-08-31T02:21:12+00:00","breadcrumb":{"@id":"https:\/\/www.generalkinematics.com\/es\/producto\/molino-de-recuperacion-de-escoria\/#breadcrumb"},"inLanguage":"es","potentialAction":[{"@type":"ReadAction","target":["https:\/\/www.generalkinematics.com\/es\/producto\/molino-de-recuperacion-de-escoria\/"]}]},{"@type":"ImageObject","inLanguage":"es","@id":"https:\/\/www.generalkinematics.com\/es\/producto\/molino-de-recuperacion-de-escoria\/#primaryimage","url":"https:\/\/media.generalkinematics.com\/wp-content\/uploads\/2015\/05\/DSC02235.jpg","contentUrl":"https:\/\/media.generalkinematics.com\/wp-content\/uploads\/2015\/05\/DSC02235.jpg","width":800,"height":600,"caption":"general-kinematics-ducta-sprue"},{"@type":"BreadcrumbList","@id":"https:\/\/www.generalkinematics.com\/es\/producto\/molino-de-recuperacion-de-escoria\/#breadcrumb","itemListElement":[{"@type":"ListItem","position":1,"name":"GK Home","item":"https:\/\/www.generalkinematics.com\/es\/"},{"@type":"ListItem","position":2,"name":"Shop","item":"https:\/\/www.generalkinematics.com\/shop\/"},{"@type":"ListItem","position":3,"name":"Molino de recuperaci\u00f3n de escoria DUCTA-SPRUE\u00ae"}]},{"@type":"WebSite","@id":"https:\/\/www.generalkinematics.com\/es\/#website","url":"https:\/\/www.generalkinematics.com\/es\/","name":"General Kinematics","description":"","publisher":{"@id":"https:\/\/www.generalkinematics.com\/es\/#organization"},"potentialAction":[{"@type":"SearchAction","target":{"@type":"EntryPoint","urlTemplate":"https:\/\/www.generalkinematics.com\/es\/?s={search_term_string}"},"query-input":{"@type":"PropertyValueSpecification","valueRequired":true,"valueName":"search_term_string"}}],"inLanguage":"es"},{"@type":"Organization","@id":"https:\/\/www.generalkinematics.com\/es\/#organization","name":"General Kinematics","url":"https:\/\/www.generalkinematics.com\/es\/","logo":{"@type":"ImageObject","inLanguage":"es","@id":"https:\/\/www.generalkinematics.com\/es\/#\/schema\/logo\/image\/","url":"https:\/\/media.generalkinematics.com\/wp-content\/uploads\/2018\/03\/logo.png","contentUrl":"https:\/\/media.generalkinematics.com\/wp-content\/uploads\/2018\/03\/logo.png","width":313,"height":100,"caption":"General Kinematics"},"image":{"@id":"https:\/\/www.generalkinematics.com\/es\/#\/schema\/logo\/image\/"},"sameAs":["https:\/\/www.facebook.com\/generalkinematics","https:\/\/x.com\/gkvibrating"]}]}},"_links":{"self":[{"href":"https:\/\/www.generalkinematics.com\/es\/wp-json\/wp\/v2\/product\/37573","targetHints":{"allow":["GET"]}}],"collection":[{"href":"https:\/\/www.generalkinematics.com\/es\/wp-json\/wp\/v2\/product"}],"about":[{"href":"https:\/\/www.generalkinematics.com\/es\/wp-json\/wp\/v2\/types\/product"}],"replies":[{"embeddable":true,"href":"https:\/\/www.generalkinematics.com\/es\/wp-json\/wp\/v2\/comments?post=37573"}],"wp:featuredmedia":[{"embeddable":true,"href":"https:\/\/www.generalkinematics.com\/es\/wp-json\/wp\/v2\/media\/23344"}],"wp:attachment":[{"href":"https:\/\/www.generalkinematics.com\/es\/wp-json\/wp\/v2\/media?parent=37573"}],"wp:term":[{"taxonomy":"product_brand","embeddable":true,"href":"https:\/\/www.generalkinematics.com\/es\/wp-json\/wp\/v2\/product_brand?post=37573"},{"taxonomy":"product_cat","embeddable":true,"href":"https:\/\/www.generalkinematics.com\/es\/wp-json\/wp\/v2\/product_cat?post=37573"},{"taxonomy":"product_tag","embeddable":true,"href":"https:\/\/www.generalkinematics.com\/es\/wp-json\/wp\/v2\/product_tag?post=37573"}],"curies":[{"name":"wp","href":"https:\/\/api.w.org\/{rel}","templated":true}]}}