{"id":37589,"date":"2015-05-12T11:12:30","date_gmt":"2015-05-12T16:12:30","guid":{"rendered":"https:\/\/www.generalkinematics.com\/product\/trenchveyor\/"},"modified":"2018-08-31T11:27:47","modified_gmt":"2018-08-31T16:27:47","slug":"trenchveyor","status":"publish","type":"product","link":"https:\/\/www.generalkinematics.com\/es\/producto\/trenchveyor\/","title":{"rendered":"TRENCHVEYOR\u2122"},"content":{"rendered":"<p>La cinta transportadora vibratoria montada sobre una zanja TRENCHVEYOR\u2122 de General Kinematics est\u00e1 dise\u00f1ada para reducir el tama\u00f1o del foso y los problemas de mantenimiento. Toda la maquinaria est\u00e1 emplazada sobre la bandeja vibratoria, con los componentes de la transmisi\u00f3n montados sobre el suelo para facilitar el acceso. Cada cinta transportadora vibratoria TRENCHVEYOR\u2122 est\u00e1 dise\u00f1ada a la medida del cliente conforme a su aplicaci\u00f3n, con opciones como revestimientos reemplazables antiadherentes o resistentes a la abrasi\u00f3n. La cinta transportadora TRENCHVEYOR\u2122 tambi\u00e9n puede dise\u00f1arse con opciones de inclinaci\u00f3n o declinaci\u00f3n, para proporcionar m\u00e1s flexibilidad a la hora de realizar la distribuci\u00f3n del proceso.<\/p>\n<h2>Caracter\u00edsticas:<\/h2>\n<ul>\n<li>El menor nivel de ruido es producto de los revestimientos fabricados en acero resistentes a la abrasi\u00f3n y fijados con pernos y complementados con material de atenuaci\u00f3n de ruido entre el revestimiento y la bandeja.<\/li>\n<li>El dise\u00f1o de la cinta transportadora TRENCHVEYOR\u2122, con la maquinaria emplazada sobre la bandeja a nivel del suelo, permite acceder libremente a la hora de realizar el trabajo de mantenimiento y las inspecciones de la maquinaria, con lo que se facilitan las inspecciones de mantenimiento y se reduce el tiempo fuera de servicio.<\/li>\n<li>El equipo vibratorio de General Kinematics est\u00e1 dise\u00f1ado para su aplicaci\u00f3n espec\u00edfica para ofrecer el sistema m\u00e1s rentable y confiable disponible en el mercado.<\/li>\n<\/ul>\n","protected":false},"excerpt":{"rendered":"<p>La cinta transportadora vibratoria montada sobre una zanja TRENCHVEYOR\u2122 de General Kinematics est\u00e1 dise\u00f1ada para reducir el tama\u00f1o del foso y los problemas de mantenimiento. Toda la maquinaria est\u00e1 emplazada sobre la bandeja vibratoria, con los componentes de la transmisi\u00f3n montados sobre el suelo para facilitar el acceso. Cada cinta transportadora vibratoria TRENCHVEYOR\u2122 est\u00e1 dise\u00f1ada [&hellip;]<\/p>\n","protected":false},"featured_media":54642,"comment_status":"closed","ping_status":"closed","template":"","meta":{"_acf_changed":false,"om_disable_all_campaigns":false,"ep_exclude_from_search":false},"product_brand":[],"product_cat":[1839],"product_tag":[],"class_list":{"0":"post-37589","1":"product","2":"type-product","3":"status-publish","4":"has-post-thumbnail","6":"casestudytag-trenchveyor-es","7":"product_cat-soluciones-de-fundicion-y-metalcasting","9":"first","10":"instock","11":"taxable","12":"shipping-taxable","13":"product-type-simple"},"acf":[],"yoast_head":"<!-- This site is optimized with the Yoast SEO plugin v27.5 - https:\/\/yoast.com\/product\/yoast-seo-wordpress\/ -->\n<title>TRENCHVEYOR\u2122 | General Kinematics<\/title>\n<meta name=\"robots\" content=\"index, follow, max-snippet:-1, max-image-preview:large, max-video-preview:-1\" \/>\n<link rel=\"canonical\" href=\"https:\/\/www.generalkinematics.com\/es\/producto\/trenchveyor\/\" \/>\n<meta property=\"og:locale\" content=\"es_ES\" \/>\n<meta property=\"og:type\" content=\"article\" \/>\n<meta property=\"og:title\" content=\"TRENCHVEYOR\u2122 | General Kinematics\" \/>\n<meta property=\"og:description\" content=\"La cinta transportadora vibratoria montada sobre una zanja TRENCHVEYOR\u2122 de General Kinematics est\u00e1 dise\u00f1ada para reducir el tama\u00f1o del foso y los problemas de mantenimiento. Toda la maquinaria est\u00e1 emplazada sobre la bandeja vibratoria, con los componentes de la transmisi\u00f3n montados sobre el suelo para facilitar el acceso. Cada cinta transportadora vibratoria TRENCHVEYOR\u2122 est\u00e1 dise\u00f1ada [&hellip;]\" \/>\n<meta property=\"og:url\" content=\"https:\/\/www.generalkinematics.com\/es\/producto\/trenchveyor\/\" \/>\n<meta property=\"og:site_name\" content=\"General Kinematics\" \/>\n<meta property=\"article:publisher\" content=\"https:\/\/www.facebook.com\/generalkinematics\" \/>\n<meta property=\"article:modified_time\" content=\"2018-08-31T16:27:47+00:00\" \/>\n<meta property=\"og:image\" content=\"https:\/\/media.generalkinematics.com\/wp-content\/uploads\/2025\/05\/Trenchveyor2025.jpg\" \/>\n\t<meta property=\"og:image:width\" content=\"2295\" \/>\n\t<meta property=\"og:image:height\" content=\"1528\" \/>\n\t<meta property=\"og:image:type\" content=\"image\/jpeg\" \/>\n<meta name=\"twitter:card\" content=\"summary_large_image\" \/>\n<meta name=\"twitter:site\" content=\"@gkvibrating\" \/>\n<meta name=\"twitter:label1\" content=\"Tiempo de lectura\" \/>\n\t<meta name=\"twitter:data1\" content=\"1 minuto\" \/>\n<!-- \/ Yoast SEO plugin. -->","yoast_head_json":{"title":"TRENCHVEYOR\u2122 | General Kinematics","robots":{"index":"index","follow":"follow","max-snippet":"max-snippet:-1","max-image-preview":"max-image-preview:large","max-video-preview":"max-video-preview:-1"},"canonical":"https:\/\/www.generalkinematics.com\/es\/producto\/trenchveyor\/","og_locale":"es_ES","og_type":"article","og_title":"TRENCHVEYOR\u2122 | General Kinematics","og_description":"La cinta transportadora vibratoria montada sobre una zanja TRENCHVEYOR\u2122 de General Kinematics est\u00e1 dise\u00f1ada para reducir el tama\u00f1o del foso y los problemas de mantenimiento. Toda la maquinaria est\u00e1 emplazada sobre la bandeja vibratoria, con los componentes de la transmisi\u00f3n montados sobre el suelo para facilitar el acceso. Cada cinta transportadora vibratoria TRENCHVEYOR\u2122 est\u00e1 dise\u00f1ada [&hellip;]","og_url":"https:\/\/www.generalkinematics.com\/es\/producto\/trenchveyor\/","og_site_name":"General Kinematics","article_publisher":"https:\/\/www.facebook.com\/generalkinematics","article_modified_time":"2018-08-31T16:27:47+00:00","og_image":[{"width":2295,"height":1528,"url":"https:\/\/media.generalkinematics.com\/wp-content\/uploads\/2025\/05\/Trenchveyor2025.jpg","type":"image\/jpeg"}],"twitter_card":"summary_large_image","twitter_site":"@gkvibrating","twitter_misc":{"Tiempo de lectura":"1 minuto"},"schema":{"@context":"https:\/\/schema.org","@graph":[{"@type":"WebPage","@id":"https:\/\/www.generalkinematics.com\/es\/producto\/trenchveyor\/","url":"https:\/\/www.generalkinematics.com\/es\/producto\/trenchveyor\/","name":"TRENCHVEYOR\u2122 | General Kinematics","isPartOf":{"@id":"https:\/\/www.generalkinematics.com\/es\/#website"},"primaryImageOfPage":{"@id":"https:\/\/www.generalkinematics.com\/es\/producto\/trenchveyor\/#primaryimage"},"image":{"@id":"https:\/\/www.generalkinematics.com\/es\/producto\/trenchveyor\/#primaryimage"},"thumbnailUrl":"https:\/\/media.generalkinematics.com\/wp-content\/uploads\/2025\/05\/Trenchveyor2025.jpg","datePublished":"2015-05-12T16:12:30+00:00","dateModified":"2018-08-31T16:27:47+00:00","breadcrumb":{"@id":"https:\/\/www.generalkinematics.com\/es\/producto\/trenchveyor\/#breadcrumb"},"inLanguage":"es","potentialAction":[{"@type":"ReadAction","target":["https:\/\/www.generalkinematics.com\/es\/producto\/trenchveyor\/"]}]},{"@type":"ImageObject","inLanguage":"es","@id":"https:\/\/www.generalkinematics.com\/es\/producto\/trenchveyor\/#primaryimage","url":"https:\/\/media.generalkinematics.com\/wp-content\/uploads\/2025\/05\/Trenchveyor2025.jpg","contentUrl":"https:\/\/media.generalkinematics.com\/wp-content\/uploads\/2025\/05\/Trenchveyor2025.jpg","width":2295,"height":1528},{"@type":"BreadcrumbList","@id":"https:\/\/www.generalkinematics.com\/es\/producto\/trenchveyor\/#breadcrumb","itemListElement":[{"@type":"ListItem","position":1,"name":"GK Home","item":"https:\/\/www.generalkinematics.com\/es\/"},{"@type":"ListItem","position":2,"name":"Shop","item":"https:\/\/www.generalkinematics.com\/shop\/"},{"@type":"ListItem","position":3,"name":"TRENCHVEYOR\u2122"}]},{"@type":"WebSite","@id":"https:\/\/www.generalkinematics.com\/es\/#website","url":"https:\/\/www.generalkinematics.com\/es\/","name":"General Kinematics","description":"","publisher":{"@id":"https:\/\/www.generalkinematics.com\/es\/#organization"},"potentialAction":[{"@type":"SearchAction","target":{"@type":"EntryPoint","urlTemplate":"https:\/\/www.generalkinematics.com\/es\/?s={search_term_string}"},"query-input":{"@type":"PropertyValueSpecification","valueRequired":true,"valueName":"search_term_string"}}],"inLanguage":"es"},{"@type":"Organization","@id":"https:\/\/www.generalkinematics.com\/es\/#organization","name":"General Kinematics","url":"https:\/\/www.generalkinematics.com\/es\/","logo":{"@type":"ImageObject","inLanguage":"es","@id":"https:\/\/www.generalkinematics.com\/es\/#\/schema\/logo\/image\/","url":"https:\/\/media.generalkinematics.com\/wp-content\/uploads\/2018\/03\/logo.png","contentUrl":"https:\/\/media.generalkinematics.com\/wp-content\/uploads\/2018\/03\/logo.png","width":313,"height":100,"caption":"General Kinematics"},"image":{"@id":"https:\/\/www.generalkinematics.com\/es\/#\/schema\/logo\/image\/"},"sameAs":["https:\/\/www.facebook.com\/generalkinematics","https:\/\/x.com\/gkvibrating"]}]}},"_links":{"self":[{"href":"https:\/\/www.generalkinematics.com\/es\/wp-json\/wp\/v2\/product\/37589","targetHints":{"allow":["GET"]}}],"collection":[{"href":"https:\/\/www.generalkinematics.com\/es\/wp-json\/wp\/v2\/product"}],"about":[{"href":"https:\/\/www.generalkinematics.com\/es\/wp-json\/wp\/v2\/types\/product"}],"replies":[{"embeddable":true,"href":"https:\/\/www.generalkinematics.com\/es\/wp-json\/wp\/v2\/comments?post=37589"}],"wp:featuredmedia":[{"embeddable":true,"href":"https:\/\/www.generalkinematics.com\/es\/wp-json\/wp\/v2\/media\/54642"}],"wp:attachment":[{"href":"https:\/\/www.generalkinematics.com\/es\/wp-json\/wp\/v2\/media?parent=37589"}],"wp:term":[{"taxonomy":"product_brand","embeddable":true,"href":"https:\/\/www.generalkinematics.com\/es\/wp-json\/wp\/v2\/product_brand?post=37589"},{"taxonomy":"product_cat","embeddable":true,"href":"https:\/\/www.generalkinematics.com\/es\/wp-json\/wp\/v2\/product_cat?post=37589"},{"taxonomy":"product_tag","embeddable":true,"href":"https:\/\/www.generalkinematics.com\/es\/wp-json\/wp\/v2\/product_tag?post=37589"}],"curies":[{"name":"wp","href":"https:\/\/api.w.org\/{rel}","templated":true}]}}