{"id":37611,"date":"2015-05-12T11:18:49","date_gmt":"2015-05-12T16:18:49","guid":{"rendered":"https:\/\/www.generalkinematics.com\/product\/v-trough-cintas-transportadoras-inclinadas-vibratorias\/"},"modified":"2018-08-31T11:27:31","modified_gmt":"2018-08-31T16:27:31","slug":"v-trough-cintas-transportadoras-inclinadas-vibratorias","status":"publish","type":"product","link":"https:\/\/www.generalkinematics.com\/es\/producto\/v-trough-cintas-transportadoras-inclinadas-vibratorias\/","title":{"rendered":"V-TROUGH\u00ae \u2013 Cintas transportadoras inclinadas vibratorias"},"content":{"rendered":"<h2>ELEVE SU PRODUCTO<\/h2>\n<p>Las cintas transportadoras inclinadas V-TROUGH\u00ae de General Kinematics est\u00e1n dise\u00f1adas para elevar su producto sin los problemas inherentes de las bandas met\u00e1licas y otros productos de elevaci\u00f3n. Las unidades V-TROUGH\u00ae se basan en los dise\u00f1os comprobados de las cintas transportadoras de GK, con caracter\u00edsticas \u00fanicas como nuestro sistema de transmisi\u00f3n vibratoria PARA-MOUNT II\u00ae y est\u00e1n disponibles en varias opciones de balanceo para satisfacer de la mejor forma las necesidades de su proceso.<\/p>\n<h2>BENEFICIO DEL PROCESO<\/h2>\n<p>Las cintas transportadoras de frecuencia natural y eficientes desde el punto de vista energ\u00e9tico son dispositivos inherentemente eficientes, utilizando la energ\u00eda almacenada dentro del sistema reactivo de resorte para reducir los requisitos del motor y caballaje. Los dise\u00f1os para trabajo pesado y a prueba de atascos reducen los costos de mantenimiento y el tiempo fuera de servicio. Disponibles con inclinaciones de hasta 25 grados seg\u00fan los requisitos de su producto y del proceso. El equipo de la cinta transportadora inclinada de General Kinematics est\u00e1 personalizado para su aplicaci\u00f3n espec\u00edfica y para ofrecerle el sistema m\u00e1s rentable y confiable disponible en el mercado.<\/p>\n","protected":false},"excerpt":{"rendered":"<p>ELEVE SU PRODUCTO Las cintas transportadoras inclinadas V-TROUGH\u00ae de General Kinematics est\u00e1n dise\u00f1adas para elevar su producto sin los problemas inherentes de las bandas met\u00e1licas y otros productos de elevaci\u00f3n. Las unidades V-TROUGH\u00ae se basan en los dise\u00f1os comprobados de las cintas transportadoras de GK, con caracter\u00edsticas \u00fanicas como nuestro sistema de transmisi\u00f3n vibratoria PARA-MOUNT [&hellip;]<\/p>\n","protected":false},"featured_media":53432,"comment_status":"closed","ping_status":"closed","template":"","meta":{"_acf_changed":false,"om_disable_all_campaigns":false,"ep_exclude_from_search":false},"product_brand":[],"product_cat":[1839],"product_tag":[],"class_list":{"0":"post-37611","1":"product","2":"type-product","3":"status-publish","4":"has-post-thumbnail","6":"casestudytag-v-trough-conveyor-es","7":"product_cat-soluciones-de-fundicion-y-metalcasting","9":"first","10":"instock","11":"taxable","12":"shipping-taxable","13":"product-type-simple"},"acf":[],"yoast_head":"<!-- This site is optimized with the Yoast SEO plugin v27.5 - https:\/\/yoast.com\/product\/yoast-seo-wordpress\/ -->\n<title>V-TROUGH\u00ae \u2013 Cintas transportadoras inclinadas vibratorias | General Kinematics<\/title>\n<meta name=\"robots\" content=\"index, follow, max-snippet:-1, max-image-preview:large, max-video-preview:-1\" \/>\n<link rel=\"canonical\" href=\"https:\/\/www.generalkinematics.com\/es\/producto\/v-trough-cintas-transportadoras-inclinadas-vibratorias\/\" \/>\n<meta property=\"og:locale\" content=\"es_ES\" \/>\n<meta property=\"og:type\" content=\"article\" \/>\n<meta property=\"og:title\" content=\"V-TROUGH\u00ae \u2013 Cintas transportadoras inclinadas vibratorias | General Kinematics\" \/>\n<meta property=\"og:description\" content=\"ELEVE SU PRODUCTO Las cintas transportadoras inclinadas V-TROUGH\u00ae de General Kinematics est\u00e1n dise\u00f1adas para elevar su producto sin los problemas inherentes de las bandas met\u00e1licas y otros productos de elevaci\u00f3n. Las unidades V-TROUGH\u00ae se basan en los dise\u00f1os comprobados de las cintas transportadoras de GK, con caracter\u00edsticas \u00fanicas como nuestro sistema de transmisi\u00f3n vibratoria PARA-MOUNT [&hellip;]\" \/>\n<meta property=\"og:url\" content=\"https:\/\/www.generalkinematics.com\/es\/producto\/v-trough-cintas-transportadoras-inclinadas-vibratorias\/\" \/>\n<meta property=\"og:site_name\" content=\"General Kinematics\" \/>\n<meta property=\"article:publisher\" content=\"https:\/\/www.facebook.com\/generalkinematics\" \/>\n<meta property=\"article:modified_time\" content=\"2018-08-31T16:27:31+00:00\" \/>\n<meta property=\"og:image\" content=\"https:\/\/media.generalkinematics.com\/wp-content\/uploads\/2015\/05\/DSC01086-scaled-e1693245995767.jpg\" \/>\n\t<meta property=\"og:image:width\" content=\"1200\" \/>\n\t<meta property=\"og:image:height\" content=\"900\" \/>\n\t<meta property=\"og:image:type\" content=\"image\/jpeg\" \/>\n<meta name=\"twitter:card\" content=\"summary_large_image\" \/>\n<meta name=\"twitter:site\" content=\"@gkvibrating\" \/>\n<meta name=\"twitter:label1\" content=\"Tiempo de lectura\" \/>\n\t<meta name=\"twitter:data1\" content=\"1 minuto\" \/>\n<!-- \/ Yoast SEO plugin. -->","yoast_head_json":{"title":"V-TROUGH\u00ae \u2013 Cintas transportadoras inclinadas vibratorias | General Kinematics","robots":{"index":"index","follow":"follow","max-snippet":"max-snippet:-1","max-image-preview":"max-image-preview:large","max-video-preview":"max-video-preview:-1"},"canonical":"https:\/\/www.generalkinematics.com\/es\/producto\/v-trough-cintas-transportadoras-inclinadas-vibratorias\/","og_locale":"es_ES","og_type":"article","og_title":"V-TROUGH\u00ae \u2013 Cintas transportadoras inclinadas vibratorias | General Kinematics","og_description":"ELEVE SU PRODUCTO Las cintas transportadoras inclinadas V-TROUGH\u00ae de General Kinematics est\u00e1n dise\u00f1adas para elevar su producto sin los problemas inherentes de las bandas met\u00e1licas y otros productos de elevaci\u00f3n. Las unidades V-TROUGH\u00ae se basan en los dise\u00f1os comprobados de las cintas transportadoras de GK, con caracter\u00edsticas \u00fanicas como nuestro sistema de transmisi\u00f3n vibratoria PARA-MOUNT [&hellip;]","og_url":"https:\/\/www.generalkinematics.com\/es\/producto\/v-trough-cintas-transportadoras-inclinadas-vibratorias\/","og_site_name":"General Kinematics","article_publisher":"https:\/\/www.facebook.com\/generalkinematics","article_modified_time":"2018-08-31T16:27:31+00:00","og_image":[{"width":1200,"height":900,"url":"https:\/\/media.generalkinematics.com\/wp-content\/uploads\/2015\/05\/DSC01086-scaled-e1693245995767.jpg","type":"image\/jpeg"}],"twitter_card":"summary_large_image","twitter_site":"@gkvibrating","twitter_misc":{"Tiempo de lectura":"1 minuto"},"schema":{"@context":"https:\/\/schema.org","@graph":[{"@type":"WebPage","@id":"https:\/\/www.generalkinematics.com\/es\/producto\/v-trough-cintas-transportadoras-inclinadas-vibratorias\/","url":"https:\/\/www.generalkinematics.com\/es\/producto\/v-trough-cintas-transportadoras-inclinadas-vibratorias\/","name":"V-TROUGH\u00ae \u2013 Cintas transportadoras inclinadas vibratorias | General Kinematics","isPartOf":{"@id":"https:\/\/www.generalkinematics.com\/es\/#website"},"primaryImageOfPage":{"@id":"https:\/\/www.generalkinematics.com\/es\/producto\/v-trough-cintas-transportadoras-inclinadas-vibratorias\/#primaryimage"},"image":{"@id":"https:\/\/www.generalkinematics.com\/es\/producto\/v-trough-cintas-transportadoras-inclinadas-vibratorias\/#primaryimage"},"thumbnailUrl":"https:\/\/media.generalkinematics.com\/wp-content\/uploads\/2015\/05\/DSC01086-scaled-e1693245995767.jpg","datePublished":"2015-05-12T16:18:49+00:00","dateModified":"2018-08-31T16:27:31+00:00","breadcrumb":{"@id":"https:\/\/www.generalkinematics.com\/es\/producto\/v-trough-cintas-transportadoras-inclinadas-vibratorias\/#breadcrumb"},"inLanguage":"es","potentialAction":[{"@type":"ReadAction","target":["https:\/\/www.generalkinematics.com\/es\/producto\/v-trough-cintas-transportadoras-inclinadas-vibratorias\/"]}]},{"@type":"ImageObject","inLanguage":"es","@id":"https:\/\/www.generalkinematics.com\/es\/producto\/v-trough-cintas-transportadoras-inclinadas-vibratorias\/#primaryimage","url":"https:\/\/media.generalkinematics.com\/wp-content\/uploads\/2015\/05\/DSC01086-scaled-e1693245995767.jpg","contentUrl":"https:\/\/media.generalkinematics.com\/wp-content\/uploads\/2015\/05\/DSC01086-scaled-e1693245995767.jpg","width":1200,"height":900},{"@type":"BreadcrumbList","@id":"https:\/\/www.generalkinematics.com\/es\/producto\/v-trough-cintas-transportadoras-inclinadas-vibratorias\/#breadcrumb","itemListElement":[{"@type":"ListItem","position":1,"name":"GK Home","item":"https:\/\/www.generalkinematics.com\/es\/"},{"@type":"ListItem","position":2,"name":"Shop","item":"https:\/\/www.generalkinematics.com\/shop\/"},{"@type":"ListItem","position":3,"name":"V-TROUGH\u00ae \u2013 Cintas transportadoras inclinadas vibratorias"}]},{"@type":"WebSite","@id":"https:\/\/www.generalkinematics.com\/es\/#website","url":"https:\/\/www.generalkinematics.com\/es\/","name":"General Kinematics","description":"","publisher":{"@id":"https:\/\/www.generalkinematics.com\/es\/#organization"},"potentialAction":[{"@type":"SearchAction","target":{"@type":"EntryPoint","urlTemplate":"https:\/\/www.generalkinematics.com\/es\/?s={search_term_string}"},"query-input":{"@type":"PropertyValueSpecification","valueRequired":true,"valueName":"search_term_string"}}],"inLanguage":"es"},{"@type":"Organization","@id":"https:\/\/www.generalkinematics.com\/es\/#organization","name":"General Kinematics","url":"https:\/\/www.generalkinematics.com\/es\/","logo":{"@type":"ImageObject","inLanguage":"es","@id":"https:\/\/www.generalkinematics.com\/es\/#\/schema\/logo\/image\/","url":"https:\/\/media.generalkinematics.com\/wp-content\/uploads\/2018\/03\/logo.png","contentUrl":"https:\/\/media.generalkinematics.com\/wp-content\/uploads\/2018\/03\/logo.png","width":313,"height":100,"caption":"General Kinematics"},"image":{"@id":"https:\/\/www.generalkinematics.com\/es\/#\/schema\/logo\/image\/"},"sameAs":["https:\/\/www.facebook.com\/generalkinematics","https:\/\/x.com\/gkvibrating"]}]}},"_links":{"self":[{"href":"https:\/\/www.generalkinematics.com\/es\/wp-json\/wp\/v2\/product\/37611","targetHints":{"allow":["GET"]}}],"collection":[{"href":"https:\/\/www.generalkinematics.com\/es\/wp-json\/wp\/v2\/product"}],"about":[{"href":"https:\/\/www.generalkinematics.com\/es\/wp-json\/wp\/v2\/types\/product"}],"replies":[{"embeddable":true,"href":"https:\/\/www.generalkinematics.com\/es\/wp-json\/wp\/v2\/comments?post=37611"}],"wp:featuredmedia":[{"embeddable":true,"href":"https:\/\/www.generalkinematics.com\/es\/wp-json\/wp\/v2\/media\/53432"}],"wp:attachment":[{"href":"https:\/\/www.generalkinematics.com\/es\/wp-json\/wp\/v2\/media?parent=37611"}],"wp:term":[{"taxonomy":"product_brand","embeddable":true,"href":"https:\/\/www.generalkinematics.com\/es\/wp-json\/wp\/v2\/product_brand?post=37611"},{"taxonomy":"product_cat","embeddable":true,"href":"https:\/\/www.generalkinematics.com\/es\/wp-json\/wp\/v2\/product_cat?post=37611"},{"taxonomy":"product_tag","embeddable":true,"href":"https:\/\/www.generalkinematics.com\/es\/wp-json\/wp\/v2\/product_tag?post=37611"}],"curies":[{"name":"wp","href":"https:\/\/api.w.org\/{rel}","templated":true}]}}