{"id":37646,"date":"2015-05-12T11:20:25","date_gmt":"2015-05-12T16:20:25","guid":{"rendered":"https:\/\/www.generalkinematics.com\/product\/revestimientos-y-carcasas-de-tambores-rotatorios-lock-tite\/"},"modified":"2020-05-18T14:30:24","modified_gmt":"2020-05-18T19:30:24","slug":"revestimientos-de-tambores-rotatorios","status":"publish","type":"product","link":"https:\/\/www.generalkinematics.com\/es\/producto\/revestimientos-de-tambores-rotatorios\/","title":{"rendered":"Revestimientos y carcasas de tambores rotatorios LOCK-TITE\u2122"},"content":{"rendered":"<p>\u00bfTiene un tambor rotatorio en su taller de fundici\u00f3n que est\u00e1 desgastado por el uso, pero no est\u00e1 preparado para adquirir uno nuevo? Los <strong>sistemas patentados de revestimiento de tambores rotatorios LOCK-TITE\u2122<\/strong>\u00a0y las carcasas de repuesto est\u00e1n dise\u00f1ados para modernizar su m\u00e1quina rotatoria actual con la \u00faltima tecnolog\u00eda rotatoria.<\/p>\n<p><u><strong>Cambie el revestimiento de su tambor existente<\/strong><\/u><\/p>\n<p>Si la carcasa de su tambor rotatorio existente a\u00fan est\u00e1 en buen estado, modernice su sistema de revestimiento con los revestimientos LOCK-TITE\u2122 de GK. El sistema completamente modular se puede instalar f\u00e1cilmente e incluso es m\u00e1s f\u00e1cil de mantener. La instalaci\u00f3n se puede realizar f\u00e1cilmente utilizando barras de fijaci\u00f3n y componentes est\u00e1ndar. Los requisitos de instalaci\u00f3n esperados se limitan a 2 o 3 trabajadores equipados con un montacargas (y un aguil\u00f3n) y una llave de impacto durante un tiempo de cambio esperado de entre uno y dos turnos, con lo que se puede realizar el reemplazo correspondiente durante un fin de semana. El cambio de los paneles se realiza con facilidad soltando los pernos e introduciendo un nuevo panel. O, en el caso de las zonas de desgaste localizadas, las placas parche se pueden colocar y soldar con facilidad, directamente sobre el revestimiento\u2026 algo que no se puede realizar f\u00e1cilmente con otros sistemas de revestimiento.<\/p>\n<p><u><strong>Modernice todo su conjunto rotatorio<\/strong><\/u><\/p>\n<p>GK ofrece conjuntos rotatorios completos de reemplazo para la mayor\u00eda de las marcas de equipos rotatorios. Cada conjunto rotatorio est\u00e1 dise\u00f1ado a la medida del cliente, conforme a su sistema de transmisi\u00f3n y estructura existente. Las carcasas rotatorias utilizan los mismos componentes de larga duraci\u00f3n de todos los tambores rotatorios de GK, incluidas llantas forjadas, los revestimientos LOCK-TITE\u2122 de GK y est\u00e1n construidos con acero resistente a la abrasi\u00f3n. Los componentes adicionales, que incluyen nuevas cadenas, ruedas, rodamientos, etc., pueden obtenerse a trav\u00e9s de GK para ayudarle a reconstruir su sistema de tambor rotatorio.<\/p>\n","protected":false},"excerpt":{"rendered":"<p>\u00bfTiene un tambor rotatorio en su taller de fundici\u00f3n que est\u00e1 desgastado por el uso, pero no est\u00e1 preparado para adquirir uno nuevo? Los sistemas patentados de revestimiento de tambores rotatorios LOCK-TITE\u2122\u00a0y las carcasas de repuesto est\u00e1n dise\u00f1ados para modernizar su m\u00e1quina rotatoria actual con la \u00faltima tecnolog\u00eda rotatoria. Cambie el revestimiento de su tambor [&hellip;]<\/p>\n","protected":false},"featured_media":28384,"comment_status":"closed","ping_status":"closed","template":"","meta":{"_acf_changed":false,"om_disable_all_campaigns":false,"ep_exclude_from_search":false},"product_brand":[],"product_cat":[1848,1827,1839,1847],"product_tag":[],"class_list":{"0":"post-37646","1":"product","2":"type-product","3":"status-publish","4":"has-post-thumbnail","6":"casestudytag-rotary-drum-liners-es","7":"product_cat-modelos-ducta-series","8":"product_cat-piezas-y-componentes-rotativos","9":"product_cat-soluciones-de-fundicion-y-metalcasting","10":"product_cat-tambores-giratorios-y-sacudidas","12":"first","13":"instock","14":"taxable","15":"shipping-taxable","16":"product-type-simple"},"acf":[],"yoast_head":"<!-- This site is optimized with the Yoast SEO plugin v27.2 - https:\/\/yoast.com\/product\/yoast-seo-wordpress\/ -->\n<title>Revestimientos y carcasas de tambores rotatorios LOCK-TITE\u2122 | General Kinematics<\/title>\n<meta name=\"robots\" content=\"index, follow, max-snippet:-1, max-image-preview:large, max-video-preview:-1\" \/>\n<link rel=\"canonical\" href=\"https:\/\/www.generalkinematics.com\/es\/producto\/revestimientos-de-tambores-rotatorios\/\" \/>\n<meta property=\"og:locale\" content=\"es_ES\" \/>\n<meta property=\"og:type\" content=\"article\" \/>\n<meta property=\"og:title\" content=\"Revestimientos y carcasas de tambores rotatorios LOCK-TITE\u2122 | General Kinematics\" \/>\n<meta property=\"og:description\" content=\"\u00bfTiene un tambor rotatorio en su taller de fundici\u00f3n que est\u00e1 desgastado por el uso, pero no est\u00e1 preparado para adquirir uno nuevo? Los sistemas patentados de revestimiento de tambores rotatorios LOCK-TITE\u2122\u00a0y las carcasas de repuesto est\u00e1n dise\u00f1ados para modernizar su m\u00e1quina rotatoria actual con la \u00faltima tecnolog\u00eda rotatoria. Cambie el revestimiento de su tambor [&hellip;]\" \/>\n<meta property=\"og:url\" content=\"https:\/\/www.generalkinematics.com\/es\/producto\/revestimientos-de-tambores-rotatorios\/\" \/>\n<meta property=\"og:site_name\" content=\"General Kinematics\" \/>\n<meta property=\"article:publisher\" content=\"https:\/\/www.facebook.com\/generalkinematics\" \/>\n<meta property=\"article:modified_time\" content=\"2020-05-18T19:30:24+00:00\" \/>\n<meta property=\"og:image\" content=\"https:\/\/media.generalkinematics.com\/wp-content\/uploads\/2015\/05\/rotary-liners.png\" \/>\n\t<meta property=\"og:image:width\" content=\"400\" \/>\n\t<meta property=\"og:image:height\" content=\"400\" \/>\n\t<meta property=\"og:image:type\" content=\"image\/jpeg\" \/>\n<meta name=\"twitter:card\" content=\"summary_large_image\" \/>\n<meta name=\"twitter:site\" content=\"@gkvibrating\" \/>\n<meta name=\"twitter:label1\" content=\"Tiempo de lectura\" \/>\n\t<meta name=\"twitter:data1\" content=\"2 minutos\" \/>\n<!-- \/ Yoast SEO plugin. -->","yoast_head_json":{"title":"Revestimientos y carcasas de tambores rotatorios LOCK-TITE\u2122 | General Kinematics","robots":{"index":"index","follow":"follow","max-snippet":"max-snippet:-1","max-image-preview":"max-image-preview:large","max-video-preview":"max-video-preview:-1"},"canonical":"https:\/\/www.generalkinematics.com\/es\/producto\/revestimientos-de-tambores-rotatorios\/","og_locale":"es_ES","og_type":"article","og_title":"Revestimientos y carcasas de tambores rotatorios LOCK-TITE\u2122 | General Kinematics","og_description":"\u00bfTiene un tambor rotatorio en su taller de fundici\u00f3n que est\u00e1 desgastado por el uso, pero no est\u00e1 preparado para adquirir uno nuevo? Los sistemas patentados de revestimiento de tambores rotatorios LOCK-TITE\u2122\u00a0y las carcasas de repuesto est\u00e1n dise\u00f1ados para modernizar su m\u00e1quina rotatoria actual con la \u00faltima tecnolog\u00eda rotatoria. Cambie el revestimiento de su tambor [&hellip;]","og_url":"https:\/\/www.generalkinematics.com\/es\/producto\/revestimientos-de-tambores-rotatorios\/","og_site_name":"General Kinematics","article_publisher":"https:\/\/www.facebook.com\/generalkinematics","article_modified_time":"2020-05-18T19:30:24+00:00","og_image":[{"width":400,"height":400,"url":"https:\/\/media.generalkinematics.com\/wp-content\/uploads\/2015\/05\/rotary-liners.png","type":"image\/jpeg"}],"twitter_card":"summary_large_image","twitter_site":"@gkvibrating","twitter_misc":{"Tiempo de lectura":"2 minutos"},"schema":{"@context":"https:\/\/schema.org","@graph":[{"@type":"WebPage","@id":"https:\/\/www.generalkinematics.com\/es\/producto\/revestimientos-de-tambores-rotatorios\/","url":"https:\/\/www.generalkinematics.com\/es\/producto\/revestimientos-de-tambores-rotatorios\/","name":"Revestimientos y carcasas de tambores rotatorios LOCK-TITE\u2122 | General Kinematics","isPartOf":{"@id":"https:\/\/www.generalkinematics.com\/es\/#website"},"primaryImageOfPage":{"@id":"https:\/\/www.generalkinematics.com\/es\/producto\/revestimientos-de-tambores-rotatorios\/#primaryimage"},"image":{"@id":"https:\/\/www.generalkinematics.com\/es\/producto\/revestimientos-de-tambores-rotatorios\/#primaryimage"},"thumbnailUrl":"https:\/\/media.generalkinematics.com\/wp-content\/uploads\/2016\/07\/GK-Locktite-Liners-Alternate-to-Cast-Grid.png","datePublished":"2015-05-12T16:20:25+00:00","dateModified":"2020-05-18T19:30:24+00:00","breadcrumb":{"@id":"https:\/\/www.generalkinematics.com\/es\/producto\/revestimientos-de-tambores-rotatorios\/#breadcrumb"},"inLanguage":"es","potentialAction":[{"@type":"ReadAction","target":["https:\/\/www.generalkinematics.com\/es\/producto\/revestimientos-de-tambores-rotatorios\/"]}]},{"@type":"ImageObject","inLanguage":"es","@id":"https:\/\/www.generalkinematics.com\/es\/producto\/revestimientos-de-tambores-rotatorios\/#primaryimage","url":"https:\/\/media.generalkinematics.com\/wp-content\/uploads\/2016\/07\/GK-Locktite-Liners-Alternate-to-Cast-Grid.png","contentUrl":"https:\/\/media.generalkinematics.com\/wp-content\/uploads\/2016\/07\/GK-Locktite-Liners-Alternate-to-Cast-Grid.png","width":500,"height":500},{"@type":"BreadcrumbList","@id":"https:\/\/www.generalkinematics.com\/es\/producto\/revestimientos-de-tambores-rotatorios\/#breadcrumb","itemListElement":[{"@type":"ListItem","position":1,"name":"GK Home","item":"https:\/\/www.generalkinematics.com\/es\/"},{"@type":"ListItem","position":2,"name":"Shop","item":"https:\/\/www.generalkinematics.com\/shop\/"},{"@type":"ListItem","position":3,"name":"Revestimientos y carcasas de tambores rotatorios LOCK-TITE\u2122"}]},{"@type":"WebSite","@id":"https:\/\/www.generalkinematics.com\/es\/#website","url":"https:\/\/www.generalkinematics.com\/es\/","name":"General Kinematics","description":"","publisher":{"@id":"https:\/\/www.generalkinematics.com\/es\/#organization"},"potentialAction":[{"@type":"SearchAction","target":{"@type":"EntryPoint","urlTemplate":"https:\/\/www.generalkinematics.com\/es\/?s={search_term_string}"},"query-input":{"@type":"PropertyValueSpecification","valueRequired":true,"valueName":"search_term_string"}}],"inLanguage":"es"},{"@type":"Organization","@id":"https:\/\/www.generalkinematics.com\/es\/#organization","name":"General Kinematics","url":"https:\/\/www.generalkinematics.com\/es\/","logo":{"@type":"ImageObject","inLanguage":"es","@id":"https:\/\/www.generalkinematics.com\/es\/#\/schema\/logo\/image\/","url":"https:\/\/media.generalkinematics.com\/wp-content\/uploads\/2018\/03\/logo.png","contentUrl":"https:\/\/media.generalkinematics.com\/wp-content\/uploads\/2018\/03\/logo.png","width":313,"height":100,"caption":"General Kinematics"},"image":{"@id":"https:\/\/www.generalkinematics.com\/es\/#\/schema\/logo\/image\/"},"sameAs":["https:\/\/www.facebook.com\/generalkinematics","https:\/\/x.com\/gkvibrating"]}]}},"_links":{"self":[{"href":"https:\/\/www.generalkinematics.com\/es\/wp-json\/wp\/v2\/product\/37646","targetHints":{"allow":["GET"]}}],"collection":[{"href":"https:\/\/www.generalkinematics.com\/es\/wp-json\/wp\/v2\/product"}],"about":[{"href":"https:\/\/www.generalkinematics.com\/es\/wp-json\/wp\/v2\/types\/product"}],"replies":[{"embeddable":true,"href":"https:\/\/www.generalkinematics.com\/es\/wp-json\/wp\/v2\/comments?post=37646"}],"wp:featuredmedia":[{"embeddable":true,"href":"https:\/\/www.generalkinematics.com\/es\/wp-json\/wp\/v2\/media\/28384"}],"wp:attachment":[{"href":"https:\/\/www.generalkinematics.com\/es\/wp-json\/wp\/v2\/media?parent=37646"}],"wp:term":[{"taxonomy":"product_brand","embeddable":true,"href":"https:\/\/www.generalkinematics.com\/es\/wp-json\/wp\/v2\/product_brand?post=37646"},{"taxonomy":"product_cat","embeddable":true,"href":"https:\/\/www.generalkinematics.com\/es\/wp-json\/wp\/v2\/product_cat?post=37646"},{"taxonomy":"product_tag","embeddable":true,"href":"https:\/\/www.generalkinematics.com\/es\/wp-json\/wp\/v2\/product_tag?post=37646"}],"curies":[{"name":"wp","href":"https:\/\/api.w.org\/{rel}","templated":true}]}}