{"id":37708,"date":"2015-05-12T12:07:48","date_gmt":"2015-05-12T17:07:48","guid":{"rendered":"https:\/\/www.generalkinematics.com\/product\/monitor-de-recorrido-portatil-inalambrico\/"},"modified":"2024-06-26T15:11:00","modified_gmt":"2024-06-26T20:11:00","slug":"monitor-de-recorrido-portatil-inalambrico","status":"publish","type":"product","link":"https:\/\/www.generalkinematics.com\/es\/producto\/monitor-de-recorrido-portatil-inalambrico\/","title":{"rendered":"Monitor de recorrido port\u00e1til inal\u00e1mbrico"},"content":{"rendered":"<div class=\"wpb-content-wrapper\"><p>[vc_row][vc_column][vc_column_text]<\/p>\n<p>El monitor de recorrido port\u00e1til inal\u00e1mbrico de General Kinematics se conecta con nuestra aplicaci\u00f3n gratuita para tel\u00e9fonos inteligentes y est\u00e1 disponible para la compra en nuestra tienda de herramientas. La versi\u00f3n m\u00e1s reciente del aceler\u00f3metro de GK permite a los usuarios medir el desempe\u00f1o de su equipo vibratorio y monitorear las diferentes piezas del equipo durante el transcurso del tiempo.<\/p>\n<ul>\n<li>Mide 3 ejes (X, Y y Z)<\/li>\n<li>Dimensiones: 3,5\u201d x 2,3\u201d x 0,6\u201d<\/li>\n<\/ul>\n<p><img decoding=\"async\" class=\"size-full wp-image-33819 aligncenter\" src=\"https:\/\/www.generalkinematics.com\/wp-content\/uploads\/2018\/01\/Apex.png\" alt=\"apex logo\" width=\"190\" height=\"49\" \/><\/p>\n<h3>CARACTER\u00cdSTICAS DEL NUEVO ACELER\u00d3METRO DE SEGUNDA GENERACI\u00d3N\u2026<\/h3>\n<ul>\n<li>El aceler\u00f3metro triaxial le permite colocar el sensor en cualquier lugar sin que sea necesaria la orientaci\u00f3n direccional.<\/li>\n<li>Los potentes imanes garantizan que el sensor permanezca firmemente asegurado, incluso a m\u00e1quinas con la m\u00e1s alta fuerza gravitacional.<\/li>\n<li>La pantalla principal de la aplicaci\u00f3n para m\u00f3viles muestra el Recorrido total y las revoluciones por minuto (RPM) (ver las im\u00e1genes siguientes).<\/li>\n<li>La pantalla detallada en la aplicaci\u00f3n muestra los recorridos en los ejes X, Y y Z independientemente.<\/li>\n<li>La funci\u00f3n de env\u00edo del correo electr\u00f3nico incluye los puntos de datos para los recorridos en las direcciones X, Y y Z; el Recorrido total; y las RPM.<\/li>\n<li>Cree nombres definidos por el usuario para cada pieza de equipo a ser monitoreada.<\/li>\n<\/ul>\n<h3><b>CADA PAQUETE INCLUYE:<\/b><\/h3>\n<ul>\n<li>El acelerador Bluetooth inal\u00e1mbrico de GK<\/li>\n<li>El estuche<\/li>\n<li>El cable de carga USB \u2013 de segunda generaci\u00f3n que incorpora una pila recargable.<\/li>\n<li><a href=\"https:\/\/greenhatgk-wpengine.netdna-ssl.com\/wp-content\/uploads\/2017\/10\/APEX-Manual_Web-1.pdf\">Manual del usuario<\/a><\/li>\n<\/ul>\n<h3><b>APLICACI\u00d3N PARA M\u00d3VILES:<\/b><\/h3>\n<p><b>Compatibilidad con iOS de Apple:<\/b><span style=\"font-weight: 400;\"> Para Bluetooth 4.0 de bajo consumo de energ\u00eda, los siguientes dispositivos son compatibles: iPhone 5, iPhone 4S, iPod Touch 5th Gen, iPad 3, iPad 4, iPad Mini o de una versi\u00f3n m\u00e1s reciente.<\/span><\/p>\n<p><b>Compatibilidad con Android:<\/b><span style=\"font-weight: 400;\"> Para Bluetooth 4.0 de bajo consumo de energ\u00eda, los siguientes dispositivos son compatibles: Samsung Galaxy  S2, S3, S4, Note y Tab, HTC One, y los equipos Google (LG) Nexus 4 o de una versi\u00f3n m\u00e1s reciente.<\/span><\/p>\n<h3>DESCARGUE AQU\u00cd GRATUITAMENTE LA APLICACI\u00d3N:<\/h3>\n<p>[\/vc_column_text][\/vc_column][\/vc_row][vc_row][vc_column width=\u00bb1\/4&#8243;][vc_column_text]<\/p>\n<p style=\"text-align: center;\"><a href=\"https:\/\/itunes.apple.com\/us\/app\/gk-stroke-monitor\/id819606985?mt=8\"><img decoding=\"async\" class=\"aligncenter size-full wp-image-7602\" src=\"https:\/\/www.generalkinematics.com\/wp-content\/uploads\/_d_improd_\/download-app-store_f_improf_135x40.png\" alt=\"download-app-store\" width=\"135\" height=\"40\" \/><\/a><\/p>\n<p>[\/vc_column_text][\/vc_column][vc_column width=\u00bb1\/4&#8243;][vc_column_text]<\/p>\n<p style=\"text-align: center;\"><a href=\"https:\/\/play.google.com\/store\/apps\/details?id=generalkinematics.com.vibration_tool&amp;hl=en\"><img decoding=\"async\" class=\"aligncenter wp-image-8015 size-full\" src=\"https:\/\/www.generalkinematics.com\/wp-content\/uploads\/android_badge11.png\" alt=\"android_badge1\" width=\"135\" height=\"45\" \/><\/a><\/p>\n<p>[\/vc_column_text][\/vc_column][vc_column width=\u00bb1\/4&#8243;][\/vc_column][vc_column width=\u00bb1\/4&#8243;][\/vc_column][\/vc_row][vc_row][vc_column][vc_column_text](Nota: Las aplicaciones para m\u00f3viles son compatibles con el aceler\u00f3metro inal\u00e1mbrico de primera y segunda generaci\u00f3n)[\/vc_column_text][\/vc_column][\/vc_row]<\/p>\n<\/div>","protected":false},"excerpt":{"rendered":"<p>El monitor de recorrido port\u00e1til inal\u00e1mbrico de General Kinematics se conecta con nuestra aplicaci\u00f3n gratuita para tel\u00e9fonos inteligentes y est\u00e1 disponible para la compra en nuestra tienda de herramientas. La versi\u00f3n m\u00e1s reciente del aceler\u00f3metro de GK permite a los usuarios medir el desempe\u00f1o de su equipo vibratorio y monitorear las diferentes piezas del equipo durante el transcurso del tiempo.<\/p>\n","protected":false},"featured_media":54550,"comment_status":"closed","ping_status":"closed","template":"","meta":{"_acf_changed":false,"om_disable_all_campaigns":false,"ep_exclude_from_search":false},"product_brand":[],"product_cat":[1819,1818],"product_tag":[],"class_list":{"0":"post-37708","1":"product","2":"type-product","3":"status-publish","4":"has-post-thumbnail","6":"product_cat-controles-y-monitoreo","7":"product_cat-gkparts-com-es","8":"pa_weight-1-lbs","10":"first","11":"instock","12":"taxable","13":"shipping-taxable","14":"product-type-simple"},"acf":[],"yoast_head":"<!-- This site is optimized with the Yoast SEO plugin v27.2 - https:\/\/yoast.com\/product\/yoast-seo-wordpress\/ -->\n<title>Monitor de recorrido port\u00e1til inal\u00e1mbrico | General Kinematics<\/title>\n<meta name=\"robots\" content=\"index, follow, max-snippet:-1, max-image-preview:large, max-video-preview:-1\" \/>\n<link rel=\"canonical\" href=\"https:\/\/www.generalkinematics.com\/es\/producto\/monitor-de-recorrido-portatil-inalambrico\/\" \/>\n<meta property=\"og:locale\" content=\"es_ES\" \/>\n<meta property=\"og:type\" content=\"article\" \/>\n<meta property=\"og:title\" content=\"Monitor de recorrido port\u00e1til inal\u00e1mbrico | General Kinematics\" \/>\n<meta property=\"og:description\" content=\"El monitor de recorrido port\u00e1til inal\u00e1mbrico de General Kinematics se conecta con nuestra aplicaci\u00f3n gratuita para tel\u00e9fonos inteligentes y est\u00e1 disponible para la compra en nuestra tienda de herramientas. La versi\u00f3n m\u00e1s reciente del aceler\u00f3metro de GK permite a los usuarios medir el desempe\u00f1o de su equipo vibratorio y monitorear las diferentes piezas del equipo durante el transcurso del tiempo.\" \/>\n<meta property=\"og:url\" content=\"https:\/\/www.generalkinematics.com\/es\/producto\/monitor-de-recorrido-portatil-inalambrico\/\" \/>\n<meta property=\"og:site_name\" content=\"General Kinematics\" \/>\n<meta property=\"article:publisher\" content=\"https:\/\/www.facebook.com\/generalkinematics\" \/>\n<meta property=\"article:modified_time\" content=\"2024-06-26T20:11:00+00:00\" \/>\n<meta property=\"og:image\" content=\"https:\/\/media.generalkinematics.com\/wp-content\/uploads\/2015\/05\/Apex-Product-image-angle.jpg\" \/>\n\t<meta property=\"og:image:width\" content=\"2500\" \/>\n\t<meta property=\"og:image:height\" content=\"1922\" \/>\n\t<meta property=\"og:image:type\" content=\"image\/jpeg\" \/>\n<meta name=\"twitter:card\" content=\"summary_large_image\" \/>\n<meta name=\"twitter:site\" content=\"@gkvibrating\" \/>\n<meta name=\"twitter:label1\" content=\"Tiempo de lectura\" \/>\n\t<meta name=\"twitter:data1\" content=\"2 minutos\" \/>\n<!-- \/ Yoast SEO plugin. -->","yoast_head_json":{"title":"Monitor de recorrido port\u00e1til inal\u00e1mbrico | General Kinematics","robots":{"index":"index","follow":"follow","max-snippet":"max-snippet:-1","max-image-preview":"max-image-preview:large","max-video-preview":"max-video-preview:-1"},"canonical":"https:\/\/www.generalkinematics.com\/es\/producto\/monitor-de-recorrido-portatil-inalambrico\/","og_locale":"es_ES","og_type":"article","og_title":"Monitor de recorrido port\u00e1til inal\u00e1mbrico | General Kinematics","og_description":"El monitor de recorrido port\u00e1til inal\u00e1mbrico de General Kinematics se conecta con nuestra aplicaci\u00f3n gratuita para tel\u00e9fonos inteligentes y est\u00e1 disponible para la compra en nuestra tienda de herramientas. La versi\u00f3n m\u00e1s reciente del aceler\u00f3metro de GK permite a los usuarios medir el desempe\u00f1o de su equipo vibratorio y monitorear las diferentes piezas del equipo durante el transcurso del tiempo.","og_url":"https:\/\/www.generalkinematics.com\/es\/producto\/monitor-de-recorrido-portatil-inalambrico\/","og_site_name":"General Kinematics","article_publisher":"https:\/\/www.facebook.com\/generalkinematics","article_modified_time":"2024-06-26T20:11:00+00:00","og_image":[{"width":2500,"height":1922,"url":"https:\/\/media.generalkinematics.com\/wp-content\/uploads\/2015\/05\/Apex-Product-image-angle.jpg","type":"image\/jpeg"}],"twitter_card":"summary_large_image","twitter_site":"@gkvibrating","twitter_misc":{"Tiempo de lectura":"2 minutos"},"schema":{"@context":"https:\/\/schema.org","@graph":[{"@type":"WebPage","@id":"https:\/\/www.generalkinematics.com\/es\/producto\/monitor-de-recorrido-portatil-inalambrico\/","url":"https:\/\/www.generalkinematics.com\/es\/producto\/monitor-de-recorrido-portatil-inalambrico\/","name":"Monitor de recorrido port\u00e1til inal\u00e1mbrico | General Kinematics","isPartOf":{"@id":"https:\/\/www.generalkinematics.com\/es\/#website"},"primaryImageOfPage":{"@id":"https:\/\/www.generalkinematics.com\/es\/producto\/monitor-de-recorrido-portatil-inalambrico\/#primaryimage"},"image":{"@id":"https:\/\/www.generalkinematics.com\/es\/producto\/monitor-de-recorrido-portatil-inalambrico\/#primaryimage"},"thumbnailUrl":"https:\/\/media.generalkinematics.com\/wp-content\/uploads\/2025\/04\/APEX-2025-Edit.jpg","datePublished":"2015-05-12T17:07:48+00:00","dateModified":"2024-06-26T20:11:00+00:00","breadcrumb":{"@id":"https:\/\/www.generalkinematics.com\/es\/producto\/monitor-de-recorrido-portatil-inalambrico\/#breadcrumb"},"inLanguage":"es","potentialAction":[{"@type":"ReadAction","target":["https:\/\/www.generalkinematics.com\/es\/producto\/monitor-de-recorrido-portatil-inalambrico\/"]}]},{"@type":"ImageObject","inLanguage":"es","@id":"https:\/\/www.generalkinematics.com\/es\/producto\/monitor-de-recorrido-portatil-inalambrico\/#primaryimage","url":"https:\/\/media.generalkinematics.com\/wp-content\/uploads\/2025\/04\/APEX-2025-Edit.jpg","contentUrl":"https:\/\/media.generalkinematics.com\/wp-content\/uploads\/2025\/04\/APEX-2025-Edit.jpg","width":1500,"height":998},{"@type":"BreadcrumbList","@id":"https:\/\/www.generalkinematics.com\/es\/producto\/monitor-de-recorrido-portatil-inalambrico\/#breadcrumb","itemListElement":[{"@type":"ListItem","position":1,"name":"GK Home","item":"https:\/\/www.generalkinematics.com\/es\/"},{"@type":"ListItem","position":2,"name":"Shop","item":"https:\/\/www.generalkinematics.com\/shop\/"},{"@type":"ListItem","position":3,"name":"Monitor de recorrido port\u00e1til inal\u00e1mbrico"}]},{"@type":"WebSite","@id":"https:\/\/www.generalkinematics.com\/es\/#website","url":"https:\/\/www.generalkinematics.com\/es\/","name":"General Kinematics","description":"","publisher":{"@id":"https:\/\/www.generalkinematics.com\/es\/#organization"},"potentialAction":[{"@type":"SearchAction","target":{"@type":"EntryPoint","urlTemplate":"https:\/\/www.generalkinematics.com\/es\/?s={search_term_string}"},"query-input":{"@type":"PropertyValueSpecification","valueRequired":true,"valueName":"search_term_string"}}],"inLanguage":"es"},{"@type":"Organization","@id":"https:\/\/www.generalkinematics.com\/es\/#organization","name":"General Kinematics","url":"https:\/\/www.generalkinematics.com\/es\/","logo":{"@type":"ImageObject","inLanguage":"es","@id":"https:\/\/www.generalkinematics.com\/es\/#\/schema\/logo\/image\/","url":"https:\/\/media.generalkinematics.com\/wp-content\/uploads\/2018\/03\/logo.png","contentUrl":"https:\/\/media.generalkinematics.com\/wp-content\/uploads\/2018\/03\/logo.png","width":313,"height":100,"caption":"General Kinematics"},"image":{"@id":"https:\/\/www.generalkinematics.com\/es\/#\/schema\/logo\/image\/"},"sameAs":["https:\/\/www.facebook.com\/generalkinematics","https:\/\/x.com\/gkvibrating"]}]}},"_links":{"self":[{"href":"https:\/\/www.generalkinematics.com\/es\/wp-json\/wp\/v2\/product\/37708","targetHints":{"allow":["GET"]}}],"collection":[{"href":"https:\/\/www.generalkinematics.com\/es\/wp-json\/wp\/v2\/product"}],"about":[{"href":"https:\/\/www.generalkinematics.com\/es\/wp-json\/wp\/v2\/types\/product"}],"replies":[{"embeddable":true,"href":"https:\/\/www.generalkinematics.com\/es\/wp-json\/wp\/v2\/comments?post=37708"}],"wp:featuredmedia":[{"embeddable":true,"href":"https:\/\/www.generalkinematics.com\/es\/wp-json\/wp\/v2\/media\/54550"}],"wp:attachment":[{"href":"https:\/\/www.generalkinematics.com\/es\/wp-json\/wp\/v2\/media?parent=37708"}],"wp:term":[{"taxonomy":"product_brand","embeddable":true,"href":"https:\/\/www.generalkinematics.com\/es\/wp-json\/wp\/v2\/product_brand?post=37708"},{"taxonomy":"product_cat","embeddable":true,"href":"https:\/\/www.generalkinematics.com\/es\/wp-json\/wp\/v2\/product_cat?post=37708"},{"taxonomy":"product_tag","embeddable":true,"href":"https:\/\/www.generalkinematics.com\/es\/wp-json\/wp\/v2\/product_tag?post=37708"}],"curies":[{"name":"wp","href":"https:\/\/api.w.org\/{rel}","templated":true}]}}