{"id":37753,"date":"2015-07-26T10:04:48","date_gmt":"2015-07-26T15:04:48","guid":{"rendered":"https:\/\/www.generalkinematics.com\/product\/desmoldeadoras-de-fuerza-bruta-transmision-directa\/"},"modified":"2018-08-30T21:06:05","modified_gmt":"2018-08-31T02:06:05","slug":"desmoldeadoras-de-fuerza-bruta","status":"publish","type":"product","link":"https:\/\/www.generalkinematics.com\/es\/producto\/desmoldeadoras-de-fuerza-bruta\/","title":{"rendered":"Desmoldeadoras de fuerza bruta \/ transmisi\u00f3n directa"},"content":{"rendered":"<p>Desde que se comenz\u00f3 a usar la vibraci\u00f3n para desmoldear las piezas fundidas, se han utilizado las <strong>desmoldeadoras de fuerza bruta<\/strong> como una soluci\u00f3n asequible para eliminar la arena de las piezas fundidas. Durante m\u00e1s de 50 a\u00f1os, GK ha estado perfeccionando este dise\u00f1o, ofreciendo una m\u00e1quina refinada que est\u00e1 lista para entrar en funcionamiento tan pronto como est\u00e9 instalada.<\/p>\n<p>Utilizada de manera simple, conectando dos motores exc\u00e9ntricamente ponderados y montados en la masa vibratoria, la desmoldeadora de fuerza bruta de General Kinematics permite configurar f\u00e1cilmente su transmisi\u00f3n. Para los sistemas de mayor capacidad, tambi\u00e9n est\u00e1 disponible la tecnolog\u00eda de las desmoldeadoras de doble masa.<\/p>\n<p>&nbsp;<\/p>\n<h2>Caracter\u00edsticas:<\/h2>\n<ul>\n<li>Dise\u00f1o para trabajo pesado y vida \u00fatil prolongada.<\/li>\n<li>Disponibilidad de una serie de opciones de cubierta para satisfacer mejor su proceso.<\/li>\n<li>Dise\u00f1adas para facilitar el trabajo de reparaci\u00f3n y servicio y bajo mantenimiento.<\/li>\n<li>Disponibles en varias anchuras y longitudes \u2013\u00a0<a href=\"https:\/\/www.generalkinematics.com\/es\/contactar-a-general-kinematics\/\" target=\"_blank\" rel=\"noopener\">p\u00f3ngase en contacto con su especialista en fundici\u00f3n<\/a> para obtener informaci\u00f3n sobre la desmoldeadora m\u00e1s apropiada para su proceso.<\/li>\n<\/ul>\n","protected":false},"excerpt":{"rendered":"<p>Desde que se comenz\u00f3 a usar la vibraci\u00f3n para desmoldear las piezas fundidas, se han utilizado las desmoldeadoras de fuerza bruta como una soluci\u00f3n asequible para eliminar la arena de las piezas fundidas. Durante m\u00e1s de 50 a\u00f1os, GK ha estado perfeccionando este dise\u00f1o, ofreciendo una m\u00e1quina refinada que est\u00e1 lista para entrar en funcionamiento [&hellip;]<\/p>\n","protected":false},"featured_media":17736,"comment_status":"closed","ping_status":"closed","template":"","meta":{"_acf_changed":false,"om_disable_all_campaigns":false,"ep_exclude_from_search":false},"product_brand":[],"product_cat":[1860,1839,1857],"product_tag":[],"class_list":{"0":"post-37753","1":"product","2":"type-product","3":"status-publish","4":"has-post-thumbnail","6":"product_cat-sacudidas-vibratorias-rotativas","7":"product_cat-soluciones-de-fundicion-y-metalcasting","8":"product_cat-tambores-vibratorios-y-sacudidas","10":"first","11":"instock","12":"taxable","13":"shipping-taxable","14":"product-type-simple"},"acf":[],"yoast_head":"<!-- This site is optimized with the Yoast SEO plugin v27.2 - https:\/\/yoast.com\/product\/yoast-seo-wordpress\/ -->\n<title>Desmoldeadoras de fuerza bruta \/ transmisi\u00f3n directa | General Kinematics<\/title>\n<meta name=\"robots\" content=\"index, follow, max-snippet:-1, max-image-preview:large, max-video-preview:-1\" \/>\n<link rel=\"canonical\" href=\"https:\/\/www.generalkinematics.com\/es\/producto\/desmoldeadoras-de-fuerza-bruta\/\" \/>\n<meta property=\"og:locale\" content=\"es_ES\" \/>\n<meta property=\"og:type\" content=\"article\" \/>\n<meta property=\"og:title\" content=\"Desmoldeadoras de fuerza bruta \/ transmisi\u00f3n directa | General Kinematics\" \/>\n<meta property=\"og:description\" content=\"Desde que se comenz\u00f3 a usar la vibraci\u00f3n para desmoldear las piezas fundidas, se han utilizado las desmoldeadoras de fuerza bruta como una soluci\u00f3n asequible para eliminar la arena de las piezas fundidas. Durante m\u00e1s de 50 a\u00f1os, GK ha estado perfeccionando este dise\u00f1o, ofreciendo una m\u00e1quina refinada que est\u00e1 lista para entrar en funcionamiento [&hellip;]\" \/>\n<meta property=\"og:url\" content=\"https:\/\/www.generalkinematics.com\/es\/producto\/desmoldeadoras-de-fuerza-bruta\/\" \/>\n<meta property=\"og:site_name\" content=\"General Kinematics\" \/>\n<meta property=\"article:publisher\" content=\"https:\/\/www.facebook.com\/generalkinematics\" \/>\n<meta property=\"article:modified_time\" content=\"2018-08-31T02:06:05+00:00\" \/>\n<meta property=\"og:image\" content=\"https:\/\/media.generalkinematics.com\/wp-content\/uploads\/21-1.jpg\" \/>\n\t<meta property=\"og:image:width\" content=\"1053\" \/>\n\t<meta property=\"og:image:height\" content=\"736\" \/>\n\t<meta property=\"og:image:type\" content=\"image\/jpeg\" \/>\n<meta name=\"twitter:card\" content=\"summary_large_image\" \/>\n<meta name=\"twitter:site\" content=\"@gkvibrating\" \/>\n<meta name=\"twitter:label1\" content=\"Tiempo de lectura\" \/>\n\t<meta name=\"twitter:data1\" content=\"1 minuto\" \/>\n<!-- \/ Yoast SEO plugin. -->","yoast_head_json":{"title":"Desmoldeadoras de fuerza bruta \/ transmisi\u00f3n directa | General Kinematics","robots":{"index":"index","follow":"follow","max-snippet":"max-snippet:-1","max-image-preview":"max-image-preview:large","max-video-preview":"max-video-preview:-1"},"canonical":"https:\/\/www.generalkinematics.com\/es\/producto\/desmoldeadoras-de-fuerza-bruta\/","og_locale":"es_ES","og_type":"article","og_title":"Desmoldeadoras de fuerza bruta \/ transmisi\u00f3n directa | General Kinematics","og_description":"Desde que se comenz\u00f3 a usar la vibraci\u00f3n para desmoldear las piezas fundidas, se han utilizado las desmoldeadoras de fuerza bruta como una soluci\u00f3n asequible para eliminar la arena de las piezas fundidas. Durante m\u00e1s de 50 a\u00f1os, GK ha estado perfeccionando este dise\u00f1o, ofreciendo una m\u00e1quina refinada que est\u00e1 lista para entrar en funcionamiento [&hellip;]","og_url":"https:\/\/www.generalkinematics.com\/es\/producto\/desmoldeadoras-de-fuerza-bruta\/","og_site_name":"General Kinematics","article_publisher":"https:\/\/www.facebook.com\/generalkinematics","article_modified_time":"2018-08-31T02:06:05+00:00","og_image":[{"width":1053,"height":736,"url":"https:\/\/media.generalkinematics.com\/wp-content\/uploads\/21-1.jpg","type":"image\/jpeg"}],"twitter_card":"summary_large_image","twitter_site":"@gkvibrating","twitter_misc":{"Tiempo de lectura":"1 minuto"},"schema":{"@context":"https:\/\/schema.org","@graph":[{"@type":"WebPage","@id":"https:\/\/www.generalkinematics.com\/es\/producto\/desmoldeadoras-de-fuerza-bruta\/","url":"https:\/\/www.generalkinematics.com\/es\/producto\/desmoldeadoras-de-fuerza-bruta\/","name":"Desmoldeadoras de fuerza bruta \/ transmisi\u00f3n directa | General Kinematics","isPartOf":{"@id":"https:\/\/www.generalkinematics.com\/es\/#website"},"primaryImageOfPage":{"@id":"https:\/\/www.generalkinematics.com\/es\/producto\/desmoldeadoras-de-fuerza-bruta\/#primaryimage"},"image":{"@id":"https:\/\/www.generalkinematics.com\/es\/producto\/desmoldeadoras-de-fuerza-bruta\/#primaryimage"},"thumbnailUrl":"https:\/\/media.generalkinematics.com\/wp-content\/uploads\/2023\/10\/21-1.jpg","datePublished":"2015-07-26T15:04:48+00:00","dateModified":"2018-08-31T02:06:05+00:00","breadcrumb":{"@id":"https:\/\/www.generalkinematics.com\/es\/producto\/desmoldeadoras-de-fuerza-bruta\/#breadcrumb"},"inLanguage":"es","potentialAction":[{"@type":"ReadAction","target":["https:\/\/www.generalkinematics.com\/es\/producto\/desmoldeadoras-de-fuerza-bruta\/"]}]},{"@type":"ImageObject","inLanguage":"es","@id":"https:\/\/www.generalkinematics.com\/es\/producto\/desmoldeadoras-de-fuerza-bruta\/#primaryimage","url":"https:\/\/media.generalkinematics.com\/wp-content\/uploads\/2023\/10\/21-1.jpg","contentUrl":"https:\/\/media.generalkinematics.com\/wp-content\/uploads\/2023\/10\/21-1.jpg","width":1053,"height":736,"caption":"general-kinematics-brute-force-shakeout"},{"@type":"BreadcrumbList","@id":"https:\/\/www.generalkinematics.com\/es\/producto\/desmoldeadoras-de-fuerza-bruta\/#breadcrumb","itemListElement":[{"@type":"ListItem","position":1,"name":"GK Home","item":"https:\/\/www.generalkinematics.com\/es\/"},{"@type":"ListItem","position":2,"name":"Shop","item":"https:\/\/www.generalkinematics.com\/shop\/"},{"@type":"ListItem","position":3,"name":"Desmoldeadoras de fuerza bruta \/ transmisi\u00f3n directa"}]},{"@type":"WebSite","@id":"https:\/\/www.generalkinematics.com\/es\/#website","url":"https:\/\/www.generalkinematics.com\/es\/","name":"General Kinematics","description":"","publisher":{"@id":"https:\/\/www.generalkinematics.com\/es\/#organization"},"potentialAction":[{"@type":"SearchAction","target":{"@type":"EntryPoint","urlTemplate":"https:\/\/www.generalkinematics.com\/es\/?s={search_term_string}"},"query-input":{"@type":"PropertyValueSpecification","valueRequired":true,"valueName":"search_term_string"}}],"inLanguage":"es"},{"@type":"Organization","@id":"https:\/\/www.generalkinematics.com\/es\/#organization","name":"General Kinematics","url":"https:\/\/www.generalkinematics.com\/es\/","logo":{"@type":"ImageObject","inLanguage":"es","@id":"https:\/\/www.generalkinematics.com\/es\/#\/schema\/logo\/image\/","url":"https:\/\/media.generalkinematics.com\/wp-content\/uploads\/2018\/03\/logo.png","contentUrl":"https:\/\/media.generalkinematics.com\/wp-content\/uploads\/2018\/03\/logo.png","width":313,"height":100,"caption":"General Kinematics"},"image":{"@id":"https:\/\/www.generalkinematics.com\/es\/#\/schema\/logo\/image\/"},"sameAs":["https:\/\/www.facebook.com\/generalkinematics","https:\/\/x.com\/gkvibrating"]}]}},"_links":{"self":[{"href":"https:\/\/www.generalkinematics.com\/es\/wp-json\/wp\/v2\/product\/37753","targetHints":{"allow":["GET"]}}],"collection":[{"href":"https:\/\/www.generalkinematics.com\/es\/wp-json\/wp\/v2\/product"}],"about":[{"href":"https:\/\/www.generalkinematics.com\/es\/wp-json\/wp\/v2\/types\/product"}],"replies":[{"embeddable":true,"href":"https:\/\/www.generalkinematics.com\/es\/wp-json\/wp\/v2\/comments?post=37753"}],"wp:featuredmedia":[{"embeddable":true,"href":"https:\/\/www.generalkinematics.com\/es\/wp-json\/wp\/v2\/media\/17736"}],"wp:attachment":[{"href":"https:\/\/www.generalkinematics.com\/es\/wp-json\/wp\/v2\/media?parent=37753"}],"wp:term":[{"taxonomy":"product_brand","embeddable":true,"href":"https:\/\/www.generalkinematics.com\/es\/wp-json\/wp\/v2\/product_brand?post=37753"},{"taxonomy":"product_cat","embeddable":true,"href":"https:\/\/www.generalkinematics.com\/es\/wp-json\/wp\/v2\/product_cat?post=37753"},{"taxonomy":"product_tag","embeddable":true,"href":"https:\/\/www.generalkinematics.com\/es\/wp-json\/wp\/v2\/product_tag?post=37753"}],"curies":[{"name":"wp","href":"https:\/\/api.w.org\/{rel}","templated":true}]}}