{"id":37772,"date":"2015-07-26T10:21:00","date_gmt":"2015-07-26T15:21:00","guid":{"rendered":"https:\/\/www.generalkinematics.com\/product\/trituradora-de-terrones-recuperadora-de-arena-rotatoria-ducta-claim\/"},"modified":"2018-08-30T20:21:26","modified_gmt":"2018-08-31T01:21:26","slug":"recuperadora-de-arena-rotatoria","status":"publish","type":"product","link":"https:\/\/www.generalkinematics.com\/es\/producto\/recuperadora-de-arena-rotatoria\/","title":{"rendered":"Trituradora de terrones \/ recuperadora de arena rotatoria DUCTA-CLAIM\u2122"},"content":{"rendered":"<p>La <strong>recuperadora de arena rotatoria DUCTA-CLAIM\u2122<\/strong> clasifica, separa, tritura y criba la arena para la recuperaci\u00f3n eficiente de arena al tama\u00f1o de grano. La construcci\u00f3n para trabajo ultrapesado, combinada con el dise\u00f1o de m\u00e1quina innovador, le proporciona una recuperadora de alto desempe\u00f1o en un paquete confiable que necesita poco mantenimiento. La recuperadora DUCTA-CLAIM\u2122 est\u00e1 disponible en longitudes, di\u00e1metros y bandejas configurados a la medida del cliente, y puede funcionar como un proceso continuo o por lotes.<\/p>\n<h2>Caracter\u00edsticas:<\/h2>\n<ul>\n<li>Clasifican, separan, trituran y criban arena en un tambor rotatorio eficiente.<\/li>\n<li>Disponibles en tama\u00f1os est\u00e1ndar y personalizados para ajustarse al dise\u00f1o y capacidad de producci\u00f3n de su proceso.<\/li>\n<li>La construcci\u00f3n para trabajo pesado garantiza su funcionamiento libre de problemas con un m\u00e1ximo de confiabilidad y tiempo de funcionamiento.<\/li>\n<\/ul>\n","protected":false},"excerpt":{"rendered":"<p>La recuperadora de arena rotatoria DUCTA-CLAIM\u2122 clasifica, separa, tritura y criba la arena para la recuperaci\u00f3n eficiente de arena al tama\u00f1o de grano. La construcci\u00f3n para trabajo ultrapesado, combinada con el dise\u00f1o de m\u00e1quina innovador, le proporciona una recuperadora de alto desempe\u00f1o en un paquete confiable que necesita poco mantenimiento. La recuperadora DUCTA-CLAIM\u2122 est\u00e1 disponible [&hellip;]<\/p>\n","protected":false},"featured_media":27472,"comment_status":"closed","ping_status":"closed","template":"","meta":{"_acf_changed":false,"om_disable_all_campaigns":false,"ep_exclude_from_search":false},"product_brand":[],"product_cat":[1850,1848,1849,1839,1847],"product_tag":[],"class_list":{"0":"post-37772","1":"product","2":"type-product","3":"status-publish","4":"has-post-thumbnail","6":"product_cat-desgaste-de-arena","7":"product_cat-modelos-ducta-series","8":"product_cat-sistemas-de-arena-recuperacion","9":"product_cat-soluciones-de-fundicion-y-metalcasting","10":"product_cat-tambores-giratorios-y-sacudidas","12":"first","13":"instock","14":"taxable","15":"shipping-taxable","16":"product-type-simple"},"acf":[],"yoast_head":"<!-- This site is optimized with the Yoast SEO plugin v27.2 - https:\/\/yoast.com\/product\/yoast-seo-wordpress\/ -->\n<title>Trituradora de terrones \/ recuperadora de arena rotatoria DUCTA-CLAIM\u2122 | General Kinematics<\/title>\n<meta name=\"robots\" content=\"index, follow, max-snippet:-1, max-image-preview:large, max-video-preview:-1\" \/>\n<link rel=\"canonical\" href=\"https:\/\/www.generalkinematics.com\/es\/producto\/recuperadora-de-arena-rotatoria\/\" \/>\n<meta property=\"og:locale\" content=\"es_ES\" \/>\n<meta property=\"og:type\" content=\"article\" \/>\n<meta property=\"og:title\" content=\"Trituradora de terrones \/ recuperadora de arena rotatoria DUCTA-CLAIM\u2122 | General Kinematics\" \/>\n<meta property=\"og:description\" content=\"La recuperadora de arena rotatoria DUCTA-CLAIM\u2122 clasifica, separa, tritura y criba la arena para la recuperaci\u00f3n eficiente de arena al tama\u00f1o de grano. La construcci\u00f3n para trabajo ultrapesado, combinada con el dise\u00f1o de m\u00e1quina innovador, le proporciona una recuperadora de alto desempe\u00f1o en un paquete confiable que necesita poco mantenimiento. La recuperadora DUCTA-CLAIM\u2122 est\u00e1 disponible [&hellip;]\" \/>\n<meta property=\"og:url\" content=\"https:\/\/www.generalkinematics.com\/es\/producto\/recuperadora-de-arena-rotatoria\/\" \/>\n<meta property=\"og:site_name\" content=\"General Kinematics\" \/>\n<meta property=\"article:publisher\" content=\"https:\/\/www.facebook.com\/generalkinematics\" \/>\n<meta property=\"article:modified_time\" content=\"2018-08-31T01:21:26+00:00\" \/>\n<meta property=\"og:image\" content=\"https:\/\/media.generalkinematics.com\/wp-content\/uploads\/2015\/07\/IMG_2952.jpg\" \/>\n\t<meta property=\"og:image:width\" content=\"2500\" \/>\n\t<meta property=\"og:image:height\" content=\"1875\" \/>\n\t<meta property=\"og:image:type\" content=\"image\/jpeg\" \/>\n<meta name=\"twitter:card\" content=\"summary_large_image\" \/>\n<meta name=\"twitter:site\" content=\"@gkvibrating\" \/>\n<meta name=\"twitter:label1\" content=\"Tiempo de lectura\" \/>\n\t<meta name=\"twitter:data1\" content=\"1 minuto\" \/>\n<!-- \/ Yoast SEO plugin. -->","yoast_head_json":{"title":"Trituradora de terrones \/ recuperadora de arena rotatoria DUCTA-CLAIM\u2122 | General Kinematics","robots":{"index":"index","follow":"follow","max-snippet":"max-snippet:-1","max-image-preview":"max-image-preview:large","max-video-preview":"max-video-preview:-1"},"canonical":"https:\/\/www.generalkinematics.com\/es\/producto\/recuperadora-de-arena-rotatoria\/","og_locale":"es_ES","og_type":"article","og_title":"Trituradora de terrones \/ recuperadora de arena rotatoria DUCTA-CLAIM\u2122 | General Kinematics","og_description":"La recuperadora de arena rotatoria DUCTA-CLAIM\u2122 clasifica, separa, tritura y criba la arena para la recuperaci\u00f3n eficiente de arena al tama\u00f1o de grano. La construcci\u00f3n para trabajo ultrapesado, combinada con el dise\u00f1o de m\u00e1quina innovador, le proporciona una recuperadora de alto desempe\u00f1o en un paquete confiable que necesita poco mantenimiento. La recuperadora DUCTA-CLAIM\u2122 est\u00e1 disponible [&hellip;]","og_url":"https:\/\/www.generalkinematics.com\/es\/producto\/recuperadora-de-arena-rotatoria\/","og_site_name":"General Kinematics","article_publisher":"https:\/\/www.facebook.com\/generalkinematics","article_modified_time":"2018-08-31T01:21:26+00:00","og_image":[{"width":2500,"height":1875,"url":"https:\/\/media.generalkinematics.com\/wp-content\/uploads\/2015\/07\/IMG_2952.jpg","type":"image\/jpeg"}],"twitter_card":"summary_large_image","twitter_site":"@gkvibrating","twitter_misc":{"Tiempo de lectura":"1 minuto"},"schema":{"@context":"https:\/\/schema.org","@graph":[{"@type":"WebPage","@id":"https:\/\/www.generalkinematics.com\/es\/producto\/recuperadora-de-arena-rotatoria\/","url":"https:\/\/www.generalkinematics.com\/es\/producto\/recuperadora-de-arena-rotatoria\/","name":"Trituradora de terrones \/ recuperadora de arena rotatoria DUCTA-CLAIM\u2122 | General Kinematics","isPartOf":{"@id":"https:\/\/www.generalkinematics.com\/es\/#website"},"primaryImageOfPage":{"@id":"https:\/\/www.generalkinematics.com\/es\/producto\/recuperadora-de-arena-rotatoria\/#primaryimage"},"image":{"@id":"https:\/\/www.generalkinematics.com\/es\/producto\/recuperadora-de-arena-rotatoria\/#primaryimage"},"thumbnailUrl":"https:\/\/media.generalkinematics.com\/wp-content\/uploads\/2015\/07\/IMG_2952.jpg","datePublished":"2015-07-26T15:21:00+00:00","dateModified":"2018-08-31T01:21:26+00:00","breadcrumb":{"@id":"https:\/\/www.generalkinematics.com\/es\/producto\/recuperadora-de-arena-rotatoria\/#breadcrumb"},"inLanguage":"es","potentialAction":[{"@type":"ReadAction","target":["https:\/\/www.generalkinematics.com\/es\/producto\/recuperadora-de-arena-rotatoria\/"]}]},{"@type":"ImageObject","inLanguage":"es","@id":"https:\/\/www.generalkinematics.com\/es\/producto\/recuperadora-de-arena-rotatoria\/#primaryimage","url":"https:\/\/media.generalkinematics.com\/wp-content\/uploads\/2015\/07\/IMG_2952.jpg","contentUrl":"https:\/\/media.generalkinematics.com\/wp-content\/uploads\/2015\/07\/IMG_2952.jpg","width":2500,"height":1875,"caption":"general-kinematics-lump-crusher"},{"@type":"BreadcrumbList","@id":"https:\/\/www.generalkinematics.com\/es\/producto\/recuperadora-de-arena-rotatoria\/#breadcrumb","itemListElement":[{"@type":"ListItem","position":1,"name":"GK Home","item":"https:\/\/www.generalkinematics.com\/es\/"},{"@type":"ListItem","position":2,"name":"Shop","item":"https:\/\/www.generalkinematics.com\/shop\/"},{"@type":"ListItem","position":3,"name":"Trituradora de terrones \/ recuperadora de arena rotatoria DUCTA-CLAIM\u2122"}]},{"@type":"WebSite","@id":"https:\/\/www.generalkinematics.com\/es\/#website","url":"https:\/\/www.generalkinematics.com\/es\/","name":"General Kinematics","description":"","publisher":{"@id":"https:\/\/www.generalkinematics.com\/es\/#organization"},"potentialAction":[{"@type":"SearchAction","target":{"@type":"EntryPoint","urlTemplate":"https:\/\/www.generalkinematics.com\/es\/?s={search_term_string}"},"query-input":{"@type":"PropertyValueSpecification","valueRequired":true,"valueName":"search_term_string"}}],"inLanguage":"es"},{"@type":"Organization","@id":"https:\/\/www.generalkinematics.com\/es\/#organization","name":"General Kinematics","url":"https:\/\/www.generalkinematics.com\/es\/","logo":{"@type":"ImageObject","inLanguage":"es","@id":"https:\/\/www.generalkinematics.com\/es\/#\/schema\/logo\/image\/","url":"https:\/\/media.generalkinematics.com\/wp-content\/uploads\/2018\/03\/logo.png","contentUrl":"https:\/\/media.generalkinematics.com\/wp-content\/uploads\/2018\/03\/logo.png","width":313,"height":100,"caption":"General Kinematics"},"image":{"@id":"https:\/\/www.generalkinematics.com\/es\/#\/schema\/logo\/image\/"},"sameAs":["https:\/\/www.facebook.com\/generalkinematics","https:\/\/x.com\/gkvibrating"]}]}},"_links":{"self":[{"href":"https:\/\/www.generalkinematics.com\/es\/wp-json\/wp\/v2\/product\/37772","targetHints":{"allow":["GET"]}}],"collection":[{"href":"https:\/\/www.generalkinematics.com\/es\/wp-json\/wp\/v2\/product"}],"about":[{"href":"https:\/\/www.generalkinematics.com\/es\/wp-json\/wp\/v2\/types\/product"}],"replies":[{"embeddable":true,"href":"https:\/\/www.generalkinematics.com\/es\/wp-json\/wp\/v2\/comments?post=37772"}],"wp:featuredmedia":[{"embeddable":true,"href":"https:\/\/www.generalkinematics.com\/es\/wp-json\/wp\/v2\/media\/27472"}],"wp:attachment":[{"href":"https:\/\/www.generalkinematics.com\/es\/wp-json\/wp\/v2\/media?parent=37772"}],"wp:term":[{"taxonomy":"product_brand","embeddable":true,"href":"https:\/\/www.generalkinematics.com\/es\/wp-json\/wp\/v2\/product_brand?post=37772"},{"taxonomy":"product_cat","embeddable":true,"href":"https:\/\/www.generalkinematics.com\/es\/wp-json\/wp\/v2\/product_cat?post=37772"},{"taxonomy":"product_tag","embeddable":true,"href":"https:\/\/www.generalkinematics.com\/es\/wp-json\/wp\/v2\/product_tag?post=37772"}],"curies":[{"name":"wp","href":"https:\/\/api.w.org\/{rel}","templated":true}]}}