{"id":37793,"date":"2015-07-26T10:36:04","date_gmt":"2015-07-26T15:36:04","guid":{"rendered":"https:\/\/www.generalkinematics.com\/product\/tambores-rotatorios-secadores-y-de-enfriamiento-ducta-cool\/"},"modified":"2019-07-30T11:43:10","modified_gmt":"2019-07-30T16:43:10","slug":"tambor-rotatorio","status":"publish","type":"product","link":"https:\/\/www.generalkinematics.com\/es\/producto\/tambor-rotatorio\/","title":{"rendered":"Tambores rotatorios secadores y de enfriamiento DUCTA-COOL\u2122"},"content":{"rendered":"<p>El <strong>tambor rotatorio DUCTA-COOL\u2122<\/strong> de GK combina los procesos de enfriamiento de arena, separaci\u00f3n de arena y de piezas fundidas, y enfriamiento de piezas fundidas en un tambor rotatorio eficiente. La acci\u00f3n suave de volteo, combinada con la circulaci\u00f3n de aire, crea un efecto de enfriamiento evaporatorio para reducir las temperaturas de las piezas fundidas durante el enfriamiento. Los terrones de arena se descomponen y se mezclan antes de efectuar la criba en el extremo del tambor y, posteriormente, regresan al sistema de procesamiento de arena. Reuniendo todo esto, tendr\u00e1 una m\u00e1quina secadora rotatoria para realizar varias funciones en un paquete de equipo f\u00e1cil de instalar y mantener.<\/p>\n<h2>Caracter\u00edsticas:<\/h2>\n<ul>\n<li>Enfriamiento de arena, separaci\u00f3n de arena y de piezas fundidas, y enfriamiento de piezas fundidas en un tambor rotatorio eficiente.<\/li>\n<li>Los secadores y los tambores rotatorios est\u00e1n disponibles en tama\u00f1os est\u00e1ndar y personalizados para ajustarse al dise\u00f1o y la capacidad de producci\u00f3n de su proceso.<\/li>\n<li>La construcci\u00f3n para trabajo pesado garantiza su funcionamiento libre de problemas con un m\u00e1ximo de confiabilidad y tiempo de funcionamiento.<\/li>\n<\/ul>\n","protected":false},"excerpt":{"rendered":"<p>El tambor rotatorio DUCTA-COOL\u2122 de GK combina los procesos de enfriamiento de arena, separaci\u00f3n de arena y de piezas fundidas, y enfriamiento de piezas fundidas en un tambor rotatorio eficiente. La acci\u00f3n suave de volteo, combinada con la circulaci\u00f3n de aire, crea un efecto de enfriamiento evaporatorio para reducir las temperaturas de las piezas fundidas [&hellip;]<\/p>\n","protected":false},"featured_media":54500,"comment_status":"closed","ping_status":"closed","template":"","meta":{"_acf_changed":false,"om_disable_all_campaigns":false,"ep_exclude_from_search":false},"product_brand":[],"product_cat":[1861,1848,1860,1849,1839,1847,1857],"product_tag":[],"class_list":{"0":"post-37793","1":"product","2":"type-product","3":"status-publish","4":"has-post-thumbnail","6":"product_cat-fundicion-de-arena-verde","7":"product_cat-modelos-ducta-series","8":"product_cat-sacudidas-vibratorias-rotativas","9":"product_cat-sistemas-de-arena-recuperacion","10":"product_cat-soluciones-de-fundicion-y-metalcasting","11":"product_cat-tambores-giratorios-y-sacudidas","12":"product_cat-tambores-vibratorios-y-sacudidas","14":"first","15":"instock","16":"taxable","17":"shipping-taxable","18":"product-type-simple"},"acf":[],"yoast_head":"<!-- This site is optimized with the Yoast SEO plugin v27.2 - https:\/\/yoast.com\/product\/yoast-seo-wordpress\/ -->\n<title>Tambores rotatorios secadores y de enfriamiento DUCTA-COOL\u2122 | General Kinematics<\/title>\n<meta name=\"robots\" content=\"index, follow, max-snippet:-1, max-image-preview:large, max-video-preview:-1\" \/>\n<link rel=\"canonical\" href=\"https:\/\/www.generalkinematics.com\/es\/producto\/tambor-rotatorio\/\" \/>\n<meta property=\"og:locale\" content=\"es_ES\" \/>\n<meta property=\"og:type\" content=\"article\" \/>\n<meta property=\"og:title\" content=\"Tambores rotatorios secadores y de enfriamiento DUCTA-COOL\u2122 | General Kinematics\" \/>\n<meta property=\"og:description\" content=\"El tambor rotatorio DUCTA-COOL\u2122 de GK combina los procesos de enfriamiento de arena, separaci\u00f3n de arena y de piezas fundidas, y enfriamiento de piezas fundidas en un tambor rotatorio eficiente. La acci\u00f3n suave de volteo, combinada con la circulaci\u00f3n de aire, crea un efecto de enfriamiento evaporatorio para reducir las temperaturas de las piezas fundidas [&hellip;]\" \/>\n<meta property=\"og:url\" content=\"https:\/\/www.generalkinematics.com\/es\/producto\/tambor-rotatorio\/\" \/>\n<meta property=\"og:site_name\" content=\"General Kinematics\" \/>\n<meta property=\"article:publisher\" content=\"https:\/\/www.facebook.com\/generalkinematics\" \/>\n<meta property=\"article:modified_time\" content=\"2019-07-30T16:43:10+00:00\" \/>\n<meta property=\"og:image\" content=\"https:\/\/media.generalkinematics.com\/wp-content\/uploads\/2025\/03\/Image-2025-03-24T082307.945.jpeg\" \/>\n\t<meta property=\"og:image:width\" content=\"482\" \/>\n\t<meta property=\"og:image:height\" content=\"348\" \/>\n\t<meta property=\"og:image:type\" content=\"image\/jpeg\" \/>\n<meta name=\"twitter:card\" content=\"summary_large_image\" \/>\n<meta name=\"twitter:site\" content=\"@gkvibrating\" \/>\n<meta name=\"twitter:label1\" content=\"Tiempo de lectura\" \/>\n\t<meta name=\"twitter:data1\" content=\"1 minuto\" \/>\n<!-- \/ Yoast SEO plugin. -->","yoast_head_json":{"title":"Tambores rotatorios secadores y de enfriamiento DUCTA-COOL\u2122 | General Kinematics","robots":{"index":"index","follow":"follow","max-snippet":"max-snippet:-1","max-image-preview":"max-image-preview:large","max-video-preview":"max-video-preview:-1"},"canonical":"https:\/\/www.generalkinematics.com\/es\/producto\/tambor-rotatorio\/","og_locale":"es_ES","og_type":"article","og_title":"Tambores rotatorios secadores y de enfriamiento DUCTA-COOL\u2122 | General Kinematics","og_description":"El tambor rotatorio DUCTA-COOL\u2122 de GK combina los procesos de enfriamiento de arena, separaci\u00f3n de arena y de piezas fundidas, y enfriamiento de piezas fundidas en un tambor rotatorio eficiente. La acci\u00f3n suave de volteo, combinada con la circulaci\u00f3n de aire, crea un efecto de enfriamiento evaporatorio para reducir las temperaturas de las piezas fundidas [&hellip;]","og_url":"https:\/\/www.generalkinematics.com\/es\/producto\/tambor-rotatorio\/","og_site_name":"General Kinematics","article_publisher":"https:\/\/www.facebook.com\/generalkinematics","article_modified_time":"2019-07-30T16:43:10+00:00","og_image":[{"width":482,"height":348,"url":"https:\/\/media.generalkinematics.com\/wp-content\/uploads\/2025\/03\/Image-2025-03-24T082307.945.jpeg","type":"image\/jpeg"}],"twitter_card":"summary_large_image","twitter_site":"@gkvibrating","twitter_misc":{"Tiempo de lectura":"1 minuto"},"schema":{"@context":"https:\/\/schema.org","@graph":[{"@type":"WebPage","@id":"https:\/\/www.generalkinematics.com\/es\/producto\/tambor-rotatorio\/","url":"https:\/\/www.generalkinematics.com\/es\/producto\/tambor-rotatorio\/","name":"Tambores rotatorios secadores y de enfriamiento DUCTA-COOL\u2122 | General Kinematics","isPartOf":{"@id":"https:\/\/www.generalkinematics.com\/es\/#website"},"primaryImageOfPage":{"@id":"https:\/\/www.generalkinematics.com\/es\/producto\/tambor-rotatorio\/#primaryimage"},"image":{"@id":"https:\/\/www.generalkinematics.com\/es\/producto\/tambor-rotatorio\/#primaryimage"},"thumbnailUrl":"https:\/\/media.generalkinematics.com\/wp-content\/uploads\/2025\/03\/Image-2025-03-24T082307.945.jpeg","datePublished":"2015-07-26T15:36:04+00:00","dateModified":"2019-07-30T16:43:10+00:00","breadcrumb":{"@id":"https:\/\/www.generalkinematics.com\/es\/producto\/tambor-rotatorio\/#breadcrumb"},"inLanguage":"es","potentialAction":[{"@type":"ReadAction","target":["https:\/\/www.generalkinematics.com\/es\/producto\/tambor-rotatorio\/"]}]},{"@type":"ImageObject","inLanguage":"es","@id":"https:\/\/www.generalkinematics.com\/es\/producto\/tambor-rotatorio\/#primaryimage","url":"https:\/\/media.generalkinematics.com\/wp-content\/uploads\/2025\/03\/Image-2025-03-24T082307.945.jpeg","contentUrl":"https:\/\/media.generalkinematics.com\/wp-content\/uploads\/2025\/03\/Image-2025-03-24T082307.945.jpeg","width":482,"height":348},{"@type":"BreadcrumbList","@id":"https:\/\/www.generalkinematics.com\/es\/producto\/tambor-rotatorio\/#breadcrumb","itemListElement":[{"@type":"ListItem","position":1,"name":"GK Home","item":"https:\/\/www.generalkinematics.com\/es\/"},{"@type":"ListItem","position":2,"name":"Shop","item":"https:\/\/www.generalkinematics.com\/shop\/"},{"@type":"ListItem","position":3,"name":"Tambores rotatorios secadores y de enfriamiento DUCTA-COOL\u2122"}]},{"@type":"WebSite","@id":"https:\/\/www.generalkinematics.com\/es\/#website","url":"https:\/\/www.generalkinematics.com\/es\/","name":"General Kinematics","description":"","publisher":{"@id":"https:\/\/www.generalkinematics.com\/es\/#organization"},"potentialAction":[{"@type":"SearchAction","target":{"@type":"EntryPoint","urlTemplate":"https:\/\/www.generalkinematics.com\/es\/?s={search_term_string}"},"query-input":{"@type":"PropertyValueSpecification","valueRequired":true,"valueName":"search_term_string"}}],"inLanguage":"es"},{"@type":"Organization","@id":"https:\/\/www.generalkinematics.com\/es\/#organization","name":"General Kinematics","url":"https:\/\/www.generalkinematics.com\/es\/","logo":{"@type":"ImageObject","inLanguage":"es","@id":"https:\/\/www.generalkinematics.com\/es\/#\/schema\/logo\/image\/","url":"https:\/\/media.generalkinematics.com\/wp-content\/uploads\/2018\/03\/logo.png","contentUrl":"https:\/\/media.generalkinematics.com\/wp-content\/uploads\/2018\/03\/logo.png","width":313,"height":100,"caption":"General Kinematics"},"image":{"@id":"https:\/\/www.generalkinematics.com\/es\/#\/schema\/logo\/image\/"},"sameAs":["https:\/\/www.facebook.com\/generalkinematics","https:\/\/x.com\/gkvibrating"]}]}},"_links":{"self":[{"href":"https:\/\/www.generalkinematics.com\/es\/wp-json\/wp\/v2\/product\/37793","targetHints":{"allow":["GET"]}}],"collection":[{"href":"https:\/\/www.generalkinematics.com\/es\/wp-json\/wp\/v2\/product"}],"about":[{"href":"https:\/\/www.generalkinematics.com\/es\/wp-json\/wp\/v2\/types\/product"}],"replies":[{"embeddable":true,"href":"https:\/\/www.generalkinematics.com\/es\/wp-json\/wp\/v2\/comments?post=37793"}],"wp:featuredmedia":[{"embeddable":true,"href":"https:\/\/www.generalkinematics.com\/es\/wp-json\/wp\/v2\/media\/54500"}],"wp:attachment":[{"href":"https:\/\/www.generalkinematics.com\/es\/wp-json\/wp\/v2\/media?parent=37793"}],"wp:term":[{"taxonomy":"product_brand","embeddable":true,"href":"https:\/\/www.generalkinematics.com\/es\/wp-json\/wp\/v2\/product_brand?post=37793"},{"taxonomy":"product_cat","embeddable":true,"href":"https:\/\/www.generalkinematics.com\/es\/wp-json\/wp\/v2\/product_cat?post=37793"},{"taxonomy":"product_tag","embeddable":true,"href":"https:\/\/www.generalkinematics.com\/es\/wp-json\/wp\/v2\/product_tag?post=37793"}],"curies":[{"name":"wp","href":"https:\/\/api.w.org\/{rel}","templated":true}]}}