{"id":37859,"date":"2015-07-26T11:16:39","date_gmt":"2015-07-26T16:16:39","guid":{"rendered":"https:\/\/www.generalkinematics.com\/product\/criba-de-arena-rotatoria\/"},"modified":"2018-08-30T21:21:18","modified_gmt":"2018-08-31T02:21:18","slug":"criba-de-arena-rotatoria","status":"publish","type":"product","link":"https:\/\/www.generalkinematics.com\/es\/producto\/criba-de-arena-rotatoria\/","title":{"rendered":"Criba de arena rotatoria"},"content":{"rendered":"<p>La <strong>criba de arena rotatoria DUCTA-SCREEN\u2122<\/strong>\u00a0de General Kinematics mezcla y acondiciona la arena, mientras retira el metal atrapado y los despuntes centrales para un reciclado m\u00e1s limpio de la arena que regresa al sistema de arena. La arena se fractura, sale de la carcasa rotatoria y se deposita en la cinta transportadora vibratoria de GK que se utiliza para retirar la arena. La extracci\u00f3n de arena de la carcasa rotatoria permite reducir las temperaturas del equipo, con lo que se incrementa la vida \u00fatil del equipo y los componentes.<\/p>\n<h2>Caracter\u00edsticas:<\/h2>\n<ul>\n<li>Los revestimientos fabricados por GK son m\u00e1s f\u00e1ciles y seguros de reemplazar, y cuestan hasta un 75% menos que los sistemas de rejilla de fundici\u00f3n.<\/li>\n<li>La carcasa del tambor no es una pieza que se desgasta, ahorr\u00e1ndole una gran cantidad de dinero en mantenimiento y dolores de cabeza.<\/li>\n<li>Los tambores usan componentes que se pueden obtener f\u00e1cilmente en el mercado.<\/li>\n<li>Disponibles en tama\u00f1os est\u00e1ndar y personalizados para ajustarse al dise\u00f1o y capacidad de producci\u00f3n de su proceso.<\/li>\n<\/ul>\n","protected":false},"excerpt":{"rendered":"<p>La criba de arena rotatoria DUCTA-SCREEN\u2122\u00a0de General Kinematics mezcla y acondiciona la arena, mientras retira el metal atrapado y los despuntes centrales para un reciclado m\u00e1s limpio de la arena que regresa al sistema de arena. La arena se fractura, sale de la carcasa rotatoria y se deposita en la cinta transportadora vibratoria de GK [&hellip;]<\/p>\n","protected":false},"featured_media":54384,"comment_status":"closed","ping_status":"closed","template":"","meta":{"_acf_changed":false,"om_disable_all_campaigns":false,"ep_exclude_from_search":false},"product_brand":[],"product_cat":[1851,1852,1849,1839],"product_tag":[],"class_list":{"0":"post-37859","1":"product","2":"type-product","3":"status-publish","4":"has-post-thumbnail","6":"product_cat-equipos-de-transporte-y-cribado-de-arena","7":"product_cat-procesamiento-manejo-de-arena","8":"product_cat-sistemas-de-arena-recuperacion","9":"product_cat-soluciones-de-fundicion-y-metalcasting","11":"first","12":"instock","13":"taxable","14":"shipping-taxable","15":"product-type-simple"},"acf":[],"yoast_head":"<!-- This site is optimized with the Yoast SEO plugin v27.2 - https:\/\/yoast.com\/product\/yoast-seo-wordpress\/ -->\n<title>Criba de arena rotatoria | General Kinematics<\/title>\n<meta name=\"robots\" content=\"index, follow, max-snippet:-1, max-image-preview:large, max-video-preview:-1\" \/>\n<link rel=\"canonical\" href=\"https:\/\/www.generalkinematics.com\/es\/producto\/criba-de-arena-rotatoria\/\" \/>\n<meta property=\"og:locale\" content=\"es_ES\" \/>\n<meta property=\"og:type\" content=\"article\" \/>\n<meta property=\"og:title\" content=\"Criba de arena rotatoria | General Kinematics\" \/>\n<meta property=\"og:description\" content=\"La criba de arena rotatoria DUCTA-SCREEN\u2122\u00a0de General Kinematics mezcla y acondiciona la arena, mientras retira el metal atrapado y los despuntes centrales para un reciclado m\u00e1s limpio de la arena que regresa al sistema de arena. La arena se fractura, sale de la carcasa rotatoria y se deposita en la cinta transportadora vibratoria de GK [&hellip;]\" \/>\n<meta property=\"og:url\" content=\"https:\/\/www.generalkinematics.com\/es\/producto\/criba-de-arena-rotatoria\/\" \/>\n<meta property=\"og:site_name\" content=\"General Kinematics\" \/>\n<meta property=\"article:publisher\" content=\"https:\/\/www.facebook.com\/generalkinematics\" \/>\n<meta property=\"article:modified_time\" content=\"2018-08-31T02:21:18+00:00\" \/>\n<meta property=\"og:image\" content=\"https:\/\/media.generalkinematics.com\/wp-content\/uploads\/2025\/02\/Rotary-Screen_3.png\" \/>\n\t<meta property=\"og:image:width\" content=\"2000\" \/>\n\t<meta property=\"og:image:height\" content=\"1500\" \/>\n\t<meta property=\"og:image:type\" content=\"image\/png\" \/>\n<meta name=\"twitter:card\" content=\"summary_large_image\" \/>\n<meta name=\"twitter:site\" content=\"@gkvibrating\" \/>\n<meta name=\"twitter:label1\" content=\"Tiempo de lectura\" \/>\n\t<meta name=\"twitter:data1\" content=\"1 minuto\" \/>\n<!-- \/ Yoast SEO plugin. -->","yoast_head_json":{"title":"Criba de arena rotatoria | General Kinematics","robots":{"index":"index","follow":"follow","max-snippet":"max-snippet:-1","max-image-preview":"max-image-preview:large","max-video-preview":"max-video-preview:-1"},"canonical":"https:\/\/www.generalkinematics.com\/es\/producto\/criba-de-arena-rotatoria\/","og_locale":"es_ES","og_type":"article","og_title":"Criba de arena rotatoria | General Kinematics","og_description":"La criba de arena rotatoria DUCTA-SCREEN\u2122\u00a0de General Kinematics mezcla y acondiciona la arena, mientras retira el metal atrapado y los despuntes centrales para un reciclado m\u00e1s limpio de la arena que regresa al sistema de arena. La arena se fractura, sale de la carcasa rotatoria y se deposita en la cinta transportadora vibratoria de GK [&hellip;]","og_url":"https:\/\/www.generalkinematics.com\/es\/producto\/criba-de-arena-rotatoria\/","og_site_name":"General Kinematics","article_publisher":"https:\/\/www.facebook.com\/generalkinematics","article_modified_time":"2018-08-31T02:21:18+00:00","og_image":[{"width":2000,"height":1500,"url":"https:\/\/media.generalkinematics.com\/wp-content\/uploads\/2025\/02\/Rotary-Screen_3.png","type":"image\/png"}],"twitter_card":"summary_large_image","twitter_site":"@gkvibrating","twitter_misc":{"Tiempo de lectura":"1 minuto"},"schema":{"@context":"https:\/\/schema.org","@graph":[{"@type":"WebPage","@id":"https:\/\/www.generalkinematics.com\/es\/producto\/criba-de-arena-rotatoria\/","url":"https:\/\/www.generalkinematics.com\/es\/producto\/criba-de-arena-rotatoria\/","name":"Criba de arena rotatoria | General Kinematics","isPartOf":{"@id":"https:\/\/www.generalkinematics.com\/es\/#website"},"primaryImageOfPage":{"@id":"https:\/\/www.generalkinematics.com\/es\/producto\/criba-de-arena-rotatoria\/#primaryimage"},"image":{"@id":"https:\/\/www.generalkinematics.com\/es\/producto\/criba-de-arena-rotatoria\/#primaryimage"},"thumbnailUrl":"https:\/\/media.generalkinematics.com\/wp-content\/uploads\/2025\/02\/Rotary-Sand-Screener.jpg","datePublished":"2015-07-26T16:16:39+00:00","dateModified":"2018-08-31T02:21:18+00:00","breadcrumb":{"@id":"https:\/\/www.generalkinematics.com\/es\/producto\/criba-de-arena-rotatoria\/#breadcrumb"},"inLanguage":"es","potentialAction":[{"@type":"ReadAction","target":["https:\/\/www.generalkinematics.com\/es\/producto\/criba-de-arena-rotatoria\/"]}]},{"@type":"ImageObject","inLanguage":"es","@id":"https:\/\/www.generalkinematics.com\/es\/producto\/criba-de-arena-rotatoria\/#primaryimage","url":"https:\/\/media.generalkinematics.com\/wp-content\/uploads\/2025\/02\/Rotary-Sand-Screener.jpg","contentUrl":"https:\/\/media.generalkinematics.com\/wp-content\/uploads\/2025\/02\/Rotary-Sand-Screener.jpg","width":2000,"height":1500},{"@type":"BreadcrumbList","@id":"https:\/\/www.generalkinematics.com\/es\/producto\/criba-de-arena-rotatoria\/#breadcrumb","itemListElement":[{"@type":"ListItem","position":1,"name":"GK Home","item":"https:\/\/www.generalkinematics.com\/es\/"},{"@type":"ListItem","position":2,"name":"Shop","item":"https:\/\/www.generalkinematics.com\/shop\/"},{"@type":"ListItem","position":3,"name":"Criba de arena rotatoria"}]},{"@type":"WebSite","@id":"https:\/\/www.generalkinematics.com\/es\/#website","url":"https:\/\/www.generalkinematics.com\/es\/","name":"General Kinematics","description":"","publisher":{"@id":"https:\/\/www.generalkinematics.com\/es\/#organization"},"potentialAction":[{"@type":"SearchAction","target":{"@type":"EntryPoint","urlTemplate":"https:\/\/www.generalkinematics.com\/es\/?s={search_term_string}"},"query-input":{"@type":"PropertyValueSpecification","valueRequired":true,"valueName":"search_term_string"}}],"inLanguage":"es"},{"@type":"Organization","@id":"https:\/\/www.generalkinematics.com\/es\/#organization","name":"General Kinematics","url":"https:\/\/www.generalkinematics.com\/es\/","logo":{"@type":"ImageObject","inLanguage":"es","@id":"https:\/\/www.generalkinematics.com\/es\/#\/schema\/logo\/image\/","url":"https:\/\/media.generalkinematics.com\/wp-content\/uploads\/2018\/03\/logo.png","contentUrl":"https:\/\/media.generalkinematics.com\/wp-content\/uploads\/2018\/03\/logo.png","width":313,"height":100,"caption":"General Kinematics"},"image":{"@id":"https:\/\/www.generalkinematics.com\/es\/#\/schema\/logo\/image\/"},"sameAs":["https:\/\/www.facebook.com\/generalkinematics","https:\/\/x.com\/gkvibrating"]}]}},"_links":{"self":[{"href":"https:\/\/www.generalkinematics.com\/es\/wp-json\/wp\/v2\/product\/37859","targetHints":{"allow":["GET"]}}],"collection":[{"href":"https:\/\/www.generalkinematics.com\/es\/wp-json\/wp\/v2\/product"}],"about":[{"href":"https:\/\/www.generalkinematics.com\/es\/wp-json\/wp\/v2\/types\/product"}],"replies":[{"embeddable":true,"href":"https:\/\/www.generalkinematics.com\/es\/wp-json\/wp\/v2\/comments?post=37859"}],"wp:featuredmedia":[{"embeddable":true,"href":"https:\/\/www.generalkinematics.com\/es\/wp-json\/wp\/v2\/media\/54384"}],"wp:attachment":[{"href":"https:\/\/www.generalkinematics.com\/es\/wp-json\/wp\/v2\/media?parent=37859"}],"wp:term":[{"taxonomy":"product_brand","embeddable":true,"href":"https:\/\/www.generalkinematics.com\/es\/wp-json\/wp\/v2\/product_brand?post=37859"},{"taxonomy":"product_cat","embeddable":true,"href":"https:\/\/www.generalkinematics.com\/es\/wp-json\/wp\/v2\/product_cat?post=37859"},{"taxonomy":"product_tag","embeddable":true,"href":"https:\/\/www.generalkinematics.com\/es\/wp-json\/wp\/v2\/product_tag?post=37859"}],"curies":[{"name":"wp","href":"https:\/\/api.w.org\/{rel}","templated":true}]}}