{"id":37877,"date":"2015-07-26T11:37:34","date_gmt":"2015-07-26T16:37:34","guid":{"rendered":"https:\/\/www.generalkinematics.com\/product\/cintas-transportadoras-de-clasificacion\/"},"modified":"2018-08-30T21:59:12","modified_gmt":"2018-08-31T02:59:12","slug":"cintas-transportadoras-de-clasificacion","status":"publish","type":"product","link":"https:\/\/www.generalkinematics.com\/es\/producto\/cintas-transportadoras-de-clasificacion\/","title":{"rendered":"Cintas transportadoras de clasificaci\u00f3n"},"content":{"rendered":"<p>Las <strong>cintas transportadoras vibratorias de clasificaci\u00f3n<\/strong>\u00a0de las piezas fundidas presentes en postproceso con granalla facilitan el acceso y la clasificaci\u00f3n. La tecnolog\u00eda de la cinta transportadora de recorrido plano de GK, combinada con varias l\u00edneas, los canales de atenuaci\u00f3n de ruido, reducen la fatiga del trabajador e incrementan la productividad del taller de fundici\u00f3n.<\/p>\n<p>Las cintas transportadoras vibratorias de clasificaci\u00f3n de GK pueden integrarse a los sistemas de granallado existentes o combinarse con nuestras soluciones completas de automatizaci\u00f3n de granallado para configurar un sistema de clasificaci\u00f3n de piezas fundidas llave en mano y garantizado para incrementar los \u00edndices de producci\u00f3n y desempe\u00f1o de los talleres de fundici\u00f3n.<\/p>\n<h2>Beneficios:<\/h2>\n<ul>\n<li>Los dise\u00f1os de recorrido plano y los canales de atenuaci\u00f3n de sonido reducen la fatiga del trabajador.<\/li>\n<li>Los canales de las cintas transportadoras pueden dise\u00f1arse con varias l\u00edneas para distribuir el producto terminado y la chatarra a diferentes lugares.<\/li>\n<li>Los sistemas personalizados pueden dise\u00f1arse bas\u00e1ndose en las instalaciones existentes para simplificar la integraci\u00f3n del proceso.<\/li>\n<\/ul>\n","protected":false},"excerpt":{"rendered":"<p>Las cintas transportadoras vibratorias de clasificaci\u00f3n\u00a0de las piezas fundidas presentes en postproceso con granalla facilitan el acceso y la clasificaci\u00f3n. La tecnolog\u00eda de la cinta transportadora de recorrido plano de GK, combinada con varias l\u00edneas, los canales de atenuaci\u00f3n de ruido, reducen la fatiga del trabajador e incrementan la productividad del taller de fundici\u00f3n. Las [&hellip;]<\/p>\n","protected":false},"featured_media":23164,"comment_status":"closed","ping_status":"closed","template":"","meta":{"_acf_changed":false,"om_disable_all_campaigns":false,"ep_exclude_from_search":false},"product_brand":[],"product_cat":[1861,1839,1844],"product_tag":[],"class_list":{"0":"post-37877","1":"product","2":"type-product","3":"status-publish","4":"has-post-thumbnail","6":"product_cat-fundicion-de-arena-verde","7":"product_cat-soluciones-de-fundicion-y-metalcasting","8":"product_cat-soluciones-para-salas-de-limpieza","10":"first","11":"instock","12":"taxable","13":"shipping-taxable","14":"product-type-simple"},"acf":[],"yoast_head":"<!-- This site is optimized with the Yoast SEO plugin v27.5 - https:\/\/yoast.com\/product\/yoast-seo-wordpress\/ -->\n<title>Cintas transportadoras de clasificaci\u00f3n | General Kinematics<\/title>\n<meta name=\"robots\" content=\"index, follow, max-snippet:-1, max-image-preview:large, max-video-preview:-1\" \/>\n<link rel=\"canonical\" href=\"https:\/\/www.generalkinematics.com\/es\/producto\/cintas-transportadoras-de-clasificacion\/\" \/>\n<meta property=\"og:locale\" content=\"es_ES\" \/>\n<meta property=\"og:type\" content=\"article\" \/>\n<meta property=\"og:title\" content=\"Cintas transportadoras de clasificaci\u00f3n | General Kinematics\" \/>\n<meta property=\"og:description\" content=\"Las cintas transportadoras vibratorias de clasificaci\u00f3n\u00a0de las piezas fundidas presentes en postproceso con granalla facilitan el acceso y la clasificaci\u00f3n. La tecnolog\u00eda de la cinta transportadora de recorrido plano de GK, combinada con varias l\u00edneas, los canales de atenuaci\u00f3n de ruido, reducen la fatiga del trabajador e incrementan la productividad del taller de fundici\u00f3n. Las [&hellip;]\" \/>\n<meta property=\"og:url\" content=\"https:\/\/www.generalkinematics.com\/es\/producto\/cintas-transportadoras-de-clasificacion\/\" \/>\n<meta property=\"og:site_name\" content=\"General Kinematics\" \/>\n<meta property=\"article:publisher\" content=\"https:\/\/www.facebook.com\/generalkinematics\" \/>\n<meta property=\"article:modified_time\" content=\"2018-08-31T02:59:12+00:00\" \/>\n<meta property=\"og:image\" content=\"https:\/\/www.generalkinematics.com\/wp-content\/uploads\/2015\/07\/IMG_5320.jpg\" \/>\n\t<meta property=\"og:image:width\" content=\"3264\" \/>\n\t<meta property=\"og:image:height\" content=\"2448\" \/>\n\t<meta property=\"og:image:type\" content=\"image\/jpeg\" \/>\n<meta name=\"twitter:card\" content=\"summary_large_image\" \/>\n<meta name=\"twitter:site\" content=\"@gkvibrating\" \/>\n<meta name=\"twitter:label1\" content=\"Tiempo de lectura\" \/>\n\t<meta name=\"twitter:data1\" content=\"1 minuto\" \/>\n<!-- \/ Yoast SEO plugin. -->","yoast_head_json":{"title":"Cintas transportadoras de clasificaci\u00f3n | General Kinematics","robots":{"index":"index","follow":"follow","max-snippet":"max-snippet:-1","max-image-preview":"max-image-preview:large","max-video-preview":"max-video-preview:-1"},"canonical":"https:\/\/www.generalkinematics.com\/es\/producto\/cintas-transportadoras-de-clasificacion\/","og_locale":"es_ES","og_type":"article","og_title":"Cintas transportadoras de clasificaci\u00f3n | General Kinematics","og_description":"Las cintas transportadoras vibratorias de clasificaci\u00f3n\u00a0de las piezas fundidas presentes en postproceso con granalla facilitan el acceso y la clasificaci\u00f3n. La tecnolog\u00eda de la cinta transportadora de recorrido plano de GK, combinada con varias l\u00edneas, los canales de atenuaci\u00f3n de ruido, reducen la fatiga del trabajador e incrementan la productividad del taller de fundici\u00f3n. Las [&hellip;]","og_url":"https:\/\/www.generalkinematics.com\/es\/producto\/cintas-transportadoras-de-clasificacion\/","og_site_name":"General Kinematics","article_publisher":"https:\/\/www.facebook.com\/generalkinematics","article_modified_time":"2018-08-31T02:59:12+00:00","og_image":[{"width":3264,"height":2448,"url":"https:\/\/www.generalkinematics.com\/wp-content\/uploads\/2015\/07\/IMG_5320.jpg","type":"image\/jpeg"}],"twitter_card":"summary_large_image","twitter_site":"@gkvibrating","twitter_misc":{"Tiempo de lectura":"1 minuto"},"schema":{"@context":"https:\/\/schema.org","@graph":[{"@type":"WebPage","@id":"https:\/\/www.generalkinematics.com\/es\/producto\/cintas-transportadoras-de-clasificacion\/","url":"https:\/\/www.generalkinematics.com\/es\/producto\/cintas-transportadoras-de-clasificacion\/","name":"Cintas transportadoras de clasificaci\u00f3n | General Kinematics","isPartOf":{"@id":"https:\/\/www.generalkinematics.com\/es\/#website"},"primaryImageOfPage":{"@id":"https:\/\/www.generalkinematics.com\/es\/producto\/cintas-transportadoras-de-clasificacion\/#primaryimage"},"image":{"@id":"https:\/\/www.generalkinematics.com\/es\/producto\/cintas-transportadoras-de-clasificacion\/#primaryimage"},"thumbnailUrl":"https:\/\/media.generalkinematics.com\/wp-content\/uploads\/2015\/07\/IMG_5320.jpg","datePublished":"2015-07-26T16:37:34+00:00","dateModified":"2018-08-31T02:59:12+00:00","breadcrumb":{"@id":"https:\/\/www.generalkinematics.com\/es\/producto\/cintas-transportadoras-de-clasificacion\/#breadcrumb"},"inLanguage":"es","potentialAction":[{"@type":"ReadAction","target":["https:\/\/www.generalkinematics.com\/es\/producto\/cintas-transportadoras-de-clasificacion\/"]}]},{"@type":"ImageObject","inLanguage":"es","@id":"https:\/\/www.generalkinematics.com\/es\/producto\/cintas-transportadoras-de-clasificacion\/#primaryimage","url":"https:\/\/media.generalkinematics.com\/wp-content\/uploads\/2015\/07\/IMG_5320.jpg","contentUrl":"https:\/\/media.generalkinematics.com\/wp-content\/uploads\/2015\/07\/IMG_5320.jpg","width":2500,"height":1875,"caption":"general-kinematics-sorting-conveyor"},{"@type":"BreadcrumbList","@id":"https:\/\/www.generalkinematics.com\/es\/producto\/cintas-transportadoras-de-clasificacion\/#breadcrumb","itemListElement":[{"@type":"ListItem","position":1,"name":"GK Home","item":"https:\/\/www.generalkinematics.com\/es\/"},{"@type":"ListItem","position":2,"name":"Shop","item":"https:\/\/www.generalkinematics.com\/shop\/"},{"@type":"ListItem","position":3,"name":"Cintas transportadoras de clasificaci\u00f3n"}]},{"@type":"WebSite","@id":"https:\/\/www.generalkinematics.com\/es\/#website","url":"https:\/\/www.generalkinematics.com\/es\/","name":"General Kinematics","description":"","publisher":{"@id":"https:\/\/www.generalkinematics.com\/es\/#organization"},"potentialAction":[{"@type":"SearchAction","target":{"@type":"EntryPoint","urlTemplate":"https:\/\/www.generalkinematics.com\/es\/?s={search_term_string}"},"query-input":{"@type":"PropertyValueSpecification","valueRequired":true,"valueName":"search_term_string"}}],"inLanguage":"es"},{"@type":"Organization","@id":"https:\/\/www.generalkinematics.com\/es\/#organization","name":"General Kinematics","url":"https:\/\/www.generalkinematics.com\/es\/","logo":{"@type":"ImageObject","inLanguage":"es","@id":"https:\/\/www.generalkinematics.com\/es\/#\/schema\/logo\/image\/","url":"https:\/\/media.generalkinematics.com\/wp-content\/uploads\/2018\/03\/logo.png","contentUrl":"https:\/\/media.generalkinematics.com\/wp-content\/uploads\/2018\/03\/logo.png","width":313,"height":100,"caption":"General Kinematics"},"image":{"@id":"https:\/\/www.generalkinematics.com\/es\/#\/schema\/logo\/image\/"},"sameAs":["https:\/\/www.facebook.com\/generalkinematics","https:\/\/x.com\/gkvibrating"]}]}},"_links":{"self":[{"href":"https:\/\/www.generalkinematics.com\/es\/wp-json\/wp\/v2\/product\/37877","targetHints":{"allow":["GET"]}}],"collection":[{"href":"https:\/\/www.generalkinematics.com\/es\/wp-json\/wp\/v2\/product"}],"about":[{"href":"https:\/\/www.generalkinematics.com\/es\/wp-json\/wp\/v2\/types\/product"}],"replies":[{"embeddable":true,"href":"https:\/\/www.generalkinematics.com\/es\/wp-json\/wp\/v2\/comments?post=37877"}],"wp:featuredmedia":[{"embeddable":true,"href":"https:\/\/www.generalkinematics.com\/es\/wp-json\/wp\/v2\/media\/23164"}],"wp:attachment":[{"href":"https:\/\/www.generalkinematics.com\/es\/wp-json\/wp\/v2\/media?parent=37877"}],"wp:term":[{"taxonomy":"product_brand","embeddable":true,"href":"https:\/\/www.generalkinematics.com\/es\/wp-json\/wp\/v2\/product_brand?post=37877"},{"taxonomy":"product_cat","embeddable":true,"href":"https:\/\/www.generalkinematics.com\/es\/wp-json\/wp\/v2\/product_cat?post=37877"},{"taxonomy":"product_tag","embeddable":true,"href":"https:\/\/www.generalkinematics.com\/es\/wp-json\/wp\/v2\/product_tag?post=37877"}],"curies":[{"name":"wp","href":"https:\/\/api.w.org\/{rel}","templated":true}]}}