{"id":37883,"date":"2015-07-26T12:09:37","date_gmt":"2015-07-26T17:09:37","guid":{"rendered":"https:\/\/www.generalkinematics.com\/product\/cintas-transportadoras-en-espiral-spira-flow\/"},"modified":"2018-08-30T21:28:10","modified_gmt":"2018-08-31T02:28:10","slug":"cintas-transportadoras-vibratorias-en-espiral","status":"publish","type":"product","link":"https:\/\/www.generalkinematics.com\/es\/producto\/cintas-transportadoras-vibratorias-en-espiral\/","title":{"rendered":"Cintas transportadoras en espiral SPIRA-FLOW\u2122"},"content":{"rendered":"<p>Las <strong>cintas transportadoras vibratorias en espiral SPIRA-FLOW\u2122<\/strong>\u00a0de General Kinematics ofrecen un grado de desempe\u00f1o inigualable con funciones de procesamiento adicionales. Disponibles en longitudes y alturas infinitas, las cintas transportadoras en espiral de GK se construyen a la medida de las aplicaciones espec\u00edficas del cliente.<\/p>\n<p>T\u00e9cnicamente avanzadas, las cintas transportadoras vibratorias en espiral son m\u00e1s que un dispositivo para mover su producto. Las espirales pueden equiparse para realizar las operaciones de secado directo o indirecto, enfriamiento directo o indirecto y recubrimiento, y pueden dise\u00f1arse para transportar el material hacia arriba o hacia abajo. Disponibles en acero inoxidable o acero dulce, abiertas o cerradas, no existe un l\u00edmite para lo que puede hacer una espiral de GK.<\/p>\n<p>Las aplicaciones de talleres de fundici\u00f3n incluyen: arena, piezas fundidas peque\u00f1as, granallado, colada, n\u00facleos, medios y m\u00e1s.<\/p>\n<h2>Beneficios:<\/h2>\n<ul>\n<li>La transmisi\u00f3n de fuerza variable permite ajustar f\u00e1cilmente la velocidad y el tiempo de retenci\u00f3n.<\/li>\n<li>Las espirales pueden ser de pasaje abierto o totalmente cerradas, seg\u00fan los requisitos del producto y el ambiente.<\/li>\n<li>Las funciones opcionales de procesamiento como calentamiento, enfriamiento, secado, recubrimiento y otras m\u00e1s, permiten procesar varios materiales en una sola m\u00e1quina compacta.<\/li>\n<\/ul>\n","protected":false},"excerpt":{"rendered":"<p>Las cintas transportadoras vibratorias en espiral SPIRA-FLOW\u2122\u00a0de General Kinematics ofrecen un grado de desempe\u00f1o inigualable con funciones de procesamiento adicionales. Disponibles en longitudes y alturas infinitas, las cintas transportadoras en espiral de GK se construyen a la medida de las aplicaciones espec\u00edficas del cliente. T\u00e9cnicamente avanzadas, las cintas transportadoras vibratorias en espiral son m\u00e1s que [&hellip;]<\/p>\n","protected":false},"featured_media":23172,"comment_status":"closed","ping_status":"closed","template":"","meta":{"_acf_changed":false,"om_disable_all_campaigns":false,"ep_exclude_from_search":false},"product_brand":[],"product_cat":[1861,1841,1839],"product_tag":[],"class_list":{"0":"post-37883","1":"product","2":"type-product","3":"status-publish","4":"has-post-thumbnail","6":"product_cat-fundicion-de-arena-verde","7":"product_cat-manejo-de-materiales","8":"product_cat-soluciones-de-fundicion-y-metalcasting","10":"first","11":"instock","12":"taxable","13":"shipping-taxable","14":"product-type-simple"},"acf":[],"yoast_head":"<!-- This site is optimized with the Yoast SEO plugin v27.2 - https:\/\/yoast.com\/product\/yoast-seo-wordpress\/ -->\n<title>Cintas transportadoras en espiral SPIRA-FLOW\u2122 | General Kinematics<\/title>\n<meta name=\"robots\" content=\"index, follow, max-snippet:-1, max-image-preview:large, max-video-preview:-1\" \/>\n<link rel=\"canonical\" href=\"https:\/\/www.generalkinematics.com\/es\/producto\/cintas-transportadoras-vibratorias-en-espiral\/\" \/>\n<meta property=\"og:locale\" content=\"es_ES\" \/>\n<meta property=\"og:type\" content=\"article\" \/>\n<meta property=\"og:title\" content=\"Cintas transportadoras en espiral SPIRA-FLOW\u2122 | General Kinematics\" \/>\n<meta property=\"og:description\" content=\"Las cintas transportadoras vibratorias en espiral SPIRA-FLOW\u2122\u00a0de General Kinematics ofrecen un grado de desempe\u00f1o inigualable con funciones de procesamiento adicionales. Disponibles en longitudes y alturas infinitas, las cintas transportadoras en espiral de GK se construyen a la medida de las aplicaciones espec\u00edficas del cliente. T\u00e9cnicamente avanzadas, las cintas transportadoras vibratorias en espiral son m\u00e1s que [&hellip;]\" \/>\n<meta property=\"og:url\" content=\"https:\/\/www.generalkinematics.com\/es\/producto\/cintas-transportadoras-vibratorias-en-espiral\/\" \/>\n<meta property=\"og:site_name\" content=\"General Kinematics\" \/>\n<meta property=\"article:publisher\" content=\"https:\/\/www.facebook.com\/generalkinematics\" \/>\n<meta property=\"article:modified_time\" content=\"2018-08-31T02:28:10+00:00\" \/>\n<meta property=\"og:image\" content=\"https:\/\/media.generalkinematics.com\/wp-content\/uploads\/2015\/07\/spiral-1.png\" \/>\n\t<meta property=\"og:image:width\" content=\"640\" \/>\n\t<meta property=\"og:image:height\" content=\"480\" \/>\n\t<meta property=\"og:image:type\" content=\"image\/jpeg\" \/>\n<meta name=\"twitter:card\" content=\"summary_large_image\" \/>\n<meta name=\"twitter:site\" content=\"@gkvibrating\" \/>\n<meta name=\"twitter:label1\" content=\"Tiempo de lectura\" \/>\n\t<meta name=\"twitter:data1\" content=\"1 minuto\" \/>\n<!-- \/ Yoast SEO plugin. -->","yoast_head_json":{"title":"Cintas transportadoras en espiral SPIRA-FLOW\u2122 | General Kinematics","robots":{"index":"index","follow":"follow","max-snippet":"max-snippet:-1","max-image-preview":"max-image-preview:large","max-video-preview":"max-video-preview:-1"},"canonical":"https:\/\/www.generalkinematics.com\/es\/producto\/cintas-transportadoras-vibratorias-en-espiral\/","og_locale":"es_ES","og_type":"article","og_title":"Cintas transportadoras en espiral SPIRA-FLOW\u2122 | General Kinematics","og_description":"Las cintas transportadoras vibratorias en espiral SPIRA-FLOW\u2122\u00a0de General Kinematics ofrecen un grado de desempe\u00f1o inigualable con funciones de procesamiento adicionales. Disponibles en longitudes y alturas infinitas, las cintas transportadoras en espiral de GK se construyen a la medida de las aplicaciones espec\u00edficas del cliente. T\u00e9cnicamente avanzadas, las cintas transportadoras vibratorias en espiral son m\u00e1s que [&hellip;]","og_url":"https:\/\/www.generalkinematics.com\/es\/producto\/cintas-transportadoras-vibratorias-en-espiral\/","og_site_name":"General Kinematics","article_publisher":"https:\/\/www.facebook.com\/generalkinematics","article_modified_time":"2018-08-31T02:28:10+00:00","og_image":[{"width":640,"height":480,"url":"https:\/\/media.generalkinematics.com\/wp-content\/uploads\/2015\/07\/spiral-1.png","type":"image\/jpeg"}],"twitter_card":"summary_large_image","twitter_site":"@gkvibrating","twitter_misc":{"Tiempo de lectura":"1 minuto"},"schema":{"@context":"https:\/\/schema.org","@graph":[{"@type":"WebPage","@id":"https:\/\/www.generalkinematics.com\/es\/producto\/cintas-transportadoras-vibratorias-en-espiral\/","url":"https:\/\/www.generalkinematics.com\/es\/producto\/cintas-transportadoras-vibratorias-en-espiral\/","name":"Cintas transportadoras en espiral SPIRA-FLOW\u2122 | General Kinematics","isPartOf":{"@id":"https:\/\/www.generalkinematics.com\/es\/#website"},"primaryImageOfPage":{"@id":"https:\/\/www.generalkinematics.com\/es\/producto\/cintas-transportadoras-vibratorias-en-espiral\/#primaryimage"},"image":{"@id":"https:\/\/www.generalkinematics.com\/es\/producto\/cintas-transportadoras-vibratorias-en-espiral\/#primaryimage"},"thumbnailUrl":"https:\/\/media.generalkinematics.com\/wp-content\/uploads\/2015\/07\/spiral-1.png","datePublished":"2015-07-26T17:09:37+00:00","dateModified":"2018-08-31T02:28:10+00:00","breadcrumb":{"@id":"https:\/\/www.generalkinematics.com\/es\/producto\/cintas-transportadoras-vibratorias-en-espiral\/#breadcrumb"},"inLanguage":"es","potentialAction":[{"@type":"ReadAction","target":["https:\/\/www.generalkinematics.com\/es\/producto\/cintas-transportadoras-vibratorias-en-espiral\/"]}]},{"@type":"ImageObject","inLanguage":"es","@id":"https:\/\/www.generalkinematics.com\/es\/producto\/cintas-transportadoras-vibratorias-en-espiral\/#primaryimage","url":"https:\/\/media.generalkinematics.com\/wp-content\/uploads\/2015\/07\/spiral-1.png","contentUrl":"https:\/\/media.generalkinematics.com\/wp-content\/uploads\/2015\/07\/spiral-1.png","width":640,"height":480,"caption":"general-kinematics-spiral-conveyor"},{"@type":"BreadcrumbList","@id":"https:\/\/www.generalkinematics.com\/es\/producto\/cintas-transportadoras-vibratorias-en-espiral\/#breadcrumb","itemListElement":[{"@type":"ListItem","position":1,"name":"GK Home","item":"https:\/\/www.generalkinematics.com\/es\/"},{"@type":"ListItem","position":2,"name":"Shop","item":"https:\/\/www.generalkinematics.com\/shop\/"},{"@type":"ListItem","position":3,"name":"Cintas transportadoras en espiral SPIRA-FLOW\u2122"}]},{"@type":"WebSite","@id":"https:\/\/www.generalkinematics.com\/es\/#website","url":"https:\/\/www.generalkinematics.com\/es\/","name":"General Kinematics","description":"","publisher":{"@id":"https:\/\/www.generalkinematics.com\/es\/#organization"},"potentialAction":[{"@type":"SearchAction","target":{"@type":"EntryPoint","urlTemplate":"https:\/\/www.generalkinematics.com\/es\/?s={search_term_string}"},"query-input":{"@type":"PropertyValueSpecification","valueRequired":true,"valueName":"search_term_string"}}],"inLanguage":"es"},{"@type":"Organization","@id":"https:\/\/www.generalkinematics.com\/es\/#organization","name":"General Kinematics","url":"https:\/\/www.generalkinematics.com\/es\/","logo":{"@type":"ImageObject","inLanguage":"es","@id":"https:\/\/www.generalkinematics.com\/es\/#\/schema\/logo\/image\/","url":"https:\/\/media.generalkinematics.com\/wp-content\/uploads\/2018\/03\/logo.png","contentUrl":"https:\/\/media.generalkinematics.com\/wp-content\/uploads\/2018\/03\/logo.png","width":313,"height":100,"caption":"General Kinematics"},"image":{"@id":"https:\/\/www.generalkinematics.com\/es\/#\/schema\/logo\/image\/"},"sameAs":["https:\/\/www.facebook.com\/generalkinematics","https:\/\/x.com\/gkvibrating"]}]}},"_links":{"self":[{"href":"https:\/\/www.generalkinematics.com\/es\/wp-json\/wp\/v2\/product\/37883","targetHints":{"allow":["GET"]}}],"collection":[{"href":"https:\/\/www.generalkinematics.com\/es\/wp-json\/wp\/v2\/product"}],"about":[{"href":"https:\/\/www.generalkinematics.com\/es\/wp-json\/wp\/v2\/types\/product"}],"replies":[{"embeddable":true,"href":"https:\/\/www.generalkinematics.com\/es\/wp-json\/wp\/v2\/comments?post=37883"}],"wp:featuredmedia":[{"embeddable":true,"href":"https:\/\/www.generalkinematics.com\/es\/wp-json\/wp\/v2\/media\/23172"}],"wp:attachment":[{"href":"https:\/\/www.generalkinematics.com\/es\/wp-json\/wp\/v2\/media?parent=37883"}],"wp:term":[{"taxonomy":"product_brand","embeddable":true,"href":"https:\/\/www.generalkinematics.com\/es\/wp-json\/wp\/v2\/product_brand?post=37883"},{"taxonomy":"product_cat","embeddable":true,"href":"https:\/\/www.generalkinematics.com\/es\/wp-json\/wp\/v2\/product_cat?post=37883"},{"taxonomy":"product_tag","embeddable":true,"href":"https:\/\/www.generalkinematics.com\/es\/wp-json\/wp\/v2\/product_tag?post=37883"}],"curies":[{"name":"wp","href":"https:\/\/api.w.org\/{rel}","templated":true}]}}