{"id":38171,"date":"2015-07-26T12:44:29","date_gmt":"2015-07-26T17:44:29","guid":{"rendered":"https:\/\/www.generalkinematics.com\/product\/cintas-transportadoras-vibratorias-de-enfriamiento-de-piezas-fundidas\/"},"modified":"2019-02-05T22:40:44","modified_gmt":"2019-02-06T04:40:44","slug":"cintas-transportadoras-vibratorias-2","status":"publish","type":"product","link":"https:\/\/www.generalkinematics.com\/es\/producto\/cintas-transportadoras-vibratorias-2\/","title":{"rendered":"Cintas transportadoras vibratorias de enfriamiento de piezas fundidas"},"content":{"rendered":"<p>Las <strong>Cintas transportadoras vibratorias de enfriamiento de piezas fundidas<\/strong> de General Kinematics transportan suavemente y enfr\u00edan las piezas fundidas. Las cintas transportadoras de enfriamiento dise\u00f1adas a la medida del cliente pueden incluir una capota completa, sistemas de manejo de aire, control de recorrido y mucho m\u00e1s. Las cintas transportadoras vibratorias de General Kinematics est\u00e1n dise\u00f1adas a la medida del cliente y configuradas para funcionar casi a su frecuencia natural. Este dise\u00f1o permite a las unidades vibratorias funcionar de manera que el 90% de la fuerza necesaria para mover su producto, se crea de forma natural. El 10% restante se obtiene a trav\u00e9s del sistema de transmisi\u00f3n de alta eficiencia y baja potencia de General Kinematics.<\/p>\n<p>Las cintas transportadoras vibratorias de enfriamiento de piezas fundidas pueden dise\u00f1arse con longitudes y anchuras infinitas. Si el espacio es un factor limitante para su aplicaci\u00f3n, consulte nuestras <a href=\"https:\/\/www.generalkinematics.com\/es\/producto\/espiralesde-enfriamiento-de-piezas-fundidas\/\" target=\"_blank\" rel=\"noopener\">espirales de enfriamiento de piezas fundidas SPIRA-COOL\u00ae<\/a>.<\/p>\n<h2>Caracter\u00edsticas:<\/h2>\n<ul>\n<li>Dise\u00f1o personalizado conforme a los objetivos de su proceso.<\/li>\n<li>Disponibilidad de dise\u00f1os balanceados y desbalanceados.<\/li>\n<li>Construidas para resistir el trabajo ultrapesado y prestar muchos a\u00f1os de servicio sin dar problemas.<\/li>\n<\/ul>\n","protected":false},"excerpt":{"rendered":"<p>Las Cintas transportadoras vibratorias de enfriamiento de piezas fundidas de General Kinematics transportan suavemente y enfr\u00edan las piezas fundidas. Las cintas transportadoras de enfriamiento dise\u00f1adas a la medida del cliente pueden incluir una capota completa, sistemas de manejo de aire, control de recorrido y mucho m\u00e1s. Las cintas transportadoras vibratorias de General Kinematics est\u00e1n dise\u00f1adas [&hellip;]<\/p>\n","protected":false},"featured_media":19424,"comment_status":"closed","ping_status":"closed","template":"","meta":{"_acf_changed":false,"om_disable_all_campaigns":false,"ep_exclude_from_search":false},"product_brand":[],"product_cat":[1840,1843,1839],"product_tag":[],"class_list":{"0":"post-38171","1":"product","2":"type-product","3":"status-publish","4":"has-post-thumbnail","6":"casestudytag-casting-cooling-conveyor-es","7":"product_cat-enfriamiento-de-colada","8":"product_cat-equipo-de-enfriamiento-de-colada","9":"product_cat-soluciones-de-fundicion-y-metalcasting","11":"first","12":"instock","13":"taxable","14":"shipping-taxable","15":"product-type-simple"},"acf":[],"yoast_head":"<!-- This site is optimized with the Yoast SEO plugin v27.2 - https:\/\/yoast.com\/product\/yoast-seo-wordpress\/ -->\n<title>Cintas transportadoras vibratorias de enfriamiento de piezas fundidas | General Kinematics<\/title>\n<meta name=\"robots\" content=\"index, follow, max-snippet:-1, max-image-preview:large, max-video-preview:-1\" \/>\n<link rel=\"canonical\" href=\"https:\/\/www.generalkinematics.com\/es\/producto\/cintas-transportadoras-vibratorias-2\/\" \/>\n<meta property=\"og:locale\" content=\"es_ES\" \/>\n<meta property=\"og:type\" content=\"article\" \/>\n<meta property=\"og:title\" content=\"Cintas transportadoras vibratorias de enfriamiento de piezas fundidas | General Kinematics\" \/>\n<meta property=\"og:description\" content=\"Las Cintas transportadoras vibratorias de enfriamiento de piezas fundidas de General Kinematics transportan suavemente y enfr\u00edan las piezas fundidas. Las cintas transportadoras de enfriamiento dise\u00f1adas a la medida del cliente pueden incluir una capota completa, sistemas de manejo de aire, control de recorrido y mucho m\u00e1s. Las cintas transportadoras vibratorias de General Kinematics est\u00e1n dise\u00f1adas [&hellip;]\" \/>\n<meta property=\"og:url\" content=\"https:\/\/www.generalkinematics.com\/es\/producto\/cintas-transportadoras-vibratorias-2\/\" \/>\n<meta property=\"og:site_name\" content=\"General Kinematics\" \/>\n<meta property=\"article:publisher\" content=\"https:\/\/www.facebook.com\/generalkinematics\" \/>\n<meta property=\"article:modified_time\" content=\"2019-02-06T04:40:44+00:00\" \/>\n<meta property=\"og:image\" content=\"https:\/\/media.generalkinematics.com\/wp-content\/uploads\/casting-cooling-1-e1594916860119.jpg\" \/>\n\t<meta property=\"og:image:width\" content=\"390\" \/>\n\t<meta property=\"og:image:height\" content=\"263\" \/>\n\t<meta property=\"og:image:type\" content=\"image\/jpeg\" \/>\n<meta name=\"twitter:card\" content=\"summary_large_image\" \/>\n<meta name=\"twitter:site\" content=\"@gkvibrating\" \/>\n<meta name=\"twitter:label1\" content=\"Tiempo de lectura\" \/>\n\t<meta name=\"twitter:data1\" content=\"1 minuto\" \/>\n<!-- \/ Yoast SEO plugin. -->","yoast_head_json":{"title":"Cintas transportadoras vibratorias de enfriamiento de piezas fundidas | General Kinematics","robots":{"index":"index","follow":"follow","max-snippet":"max-snippet:-1","max-image-preview":"max-image-preview:large","max-video-preview":"max-video-preview:-1"},"canonical":"https:\/\/www.generalkinematics.com\/es\/producto\/cintas-transportadoras-vibratorias-2\/","og_locale":"es_ES","og_type":"article","og_title":"Cintas transportadoras vibratorias de enfriamiento de piezas fundidas | General Kinematics","og_description":"Las Cintas transportadoras vibratorias de enfriamiento de piezas fundidas de General Kinematics transportan suavemente y enfr\u00edan las piezas fundidas. Las cintas transportadoras de enfriamiento dise\u00f1adas a la medida del cliente pueden incluir una capota completa, sistemas de manejo de aire, control de recorrido y mucho m\u00e1s. Las cintas transportadoras vibratorias de General Kinematics est\u00e1n dise\u00f1adas [&hellip;]","og_url":"https:\/\/www.generalkinematics.com\/es\/producto\/cintas-transportadoras-vibratorias-2\/","og_site_name":"General Kinematics","article_publisher":"https:\/\/www.facebook.com\/generalkinematics","article_modified_time":"2019-02-06T04:40:44+00:00","og_image":[{"width":390,"height":263,"url":"https:\/\/media.generalkinematics.com\/wp-content\/uploads\/casting-cooling-1-e1594916860119.jpg","type":"image\/jpeg"}],"twitter_card":"summary_large_image","twitter_site":"@gkvibrating","twitter_misc":{"Tiempo de lectura":"1 minuto"},"schema":{"@context":"https:\/\/schema.org","@graph":[{"@type":"WebPage","@id":"https:\/\/www.generalkinematics.com\/es\/producto\/cintas-transportadoras-vibratorias-2\/","url":"https:\/\/www.generalkinematics.com\/es\/producto\/cintas-transportadoras-vibratorias-2\/","name":"Cintas transportadoras vibratorias de enfriamiento de piezas fundidas | General Kinematics","isPartOf":{"@id":"https:\/\/www.generalkinematics.com\/es\/#website"},"primaryImageOfPage":{"@id":"https:\/\/www.generalkinematics.com\/es\/producto\/cintas-transportadoras-vibratorias-2\/#primaryimage"},"image":{"@id":"https:\/\/www.generalkinematics.com\/es\/producto\/cintas-transportadoras-vibratorias-2\/#primaryimage"},"thumbnailUrl":"https:\/\/media.generalkinematics.com\/wp-content\/uploads\/2020\/07\/casting-cooling-1-e1594916860119.jpg","datePublished":"2015-07-26T17:44:29+00:00","dateModified":"2019-02-06T04:40:44+00:00","breadcrumb":{"@id":"https:\/\/www.generalkinematics.com\/es\/producto\/cintas-transportadoras-vibratorias-2\/#breadcrumb"},"inLanguage":"es","potentialAction":[{"@type":"ReadAction","target":["https:\/\/www.generalkinematics.com\/es\/producto\/cintas-transportadoras-vibratorias-2\/"]}]},{"@type":"ImageObject","inLanguage":"es","@id":"https:\/\/www.generalkinematics.com\/es\/producto\/cintas-transportadoras-vibratorias-2\/#primaryimage","url":"https:\/\/media.generalkinematics.com\/wp-content\/uploads\/2020\/07\/casting-cooling-1-e1594916860119.jpg","contentUrl":"https:\/\/media.generalkinematics.com\/wp-content\/uploads\/2020\/07\/casting-cooling-1-e1594916860119.jpg","width":390,"height":162,"caption":"general-kinematics-casting-cooling"},{"@type":"BreadcrumbList","@id":"https:\/\/www.generalkinematics.com\/es\/producto\/cintas-transportadoras-vibratorias-2\/#breadcrumb","itemListElement":[{"@type":"ListItem","position":1,"name":"GK Home","item":"https:\/\/www.generalkinematics.com\/es\/"},{"@type":"ListItem","position":2,"name":"Shop","item":"https:\/\/www.generalkinematics.com\/shop\/"},{"@type":"ListItem","position":3,"name":"Cintas transportadoras vibratorias de enfriamiento de piezas fundidas"}]},{"@type":"WebSite","@id":"https:\/\/www.generalkinematics.com\/es\/#website","url":"https:\/\/www.generalkinematics.com\/es\/","name":"General Kinematics","description":"","publisher":{"@id":"https:\/\/www.generalkinematics.com\/es\/#organization"},"potentialAction":[{"@type":"SearchAction","target":{"@type":"EntryPoint","urlTemplate":"https:\/\/www.generalkinematics.com\/es\/?s={search_term_string}"},"query-input":{"@type":"PropertyValueSpecification","valueRequired":true,"valueName":"search_term_string"}}],"inLanguage":"es"},{"@type":"Organization","@id":"https:\/\/www.generalkinematics.com\/es\/#organization","name":"General Kinematics","url":"https:\/\/www.generalkinematics.com\/es\/","logo":{"@type":"ImageObject","inLanguage":"es","@id":"https:\/\/www.generalkinematics.com\/es\/#\/schema\/logo\/image\/","url":"https:\/\/media.generalkinematics.com\/wp-content\/uploads\/2018\/03\/logo.png","contentUrl":"https:\/\/media.generalkinematics.com\/wp-content\/uploads\/2018\/03\/logo.png","width":313,"height":100,"caption":"General Kinematics"},"image":{"@id":"https:\/\/www.generalkinematics.com\/es\/#\/schema\/logo\/image\/"},"sameAs":["https:\/\/www.facebook.com\/generalkinematics","https:\/\/x.com\/gkvibrating"]}]}},"_links":{"self":[{"href":"https:\/\/www.generalkinematics.com\/es\/wp-json\/wp\/v2\/product\/38171","targetHints":{"allow":["GET"]}}],"collection":[{"href":"https:\/\/www.generalkinematics.com\/es\/wp-json\/wp\/v2\/product"}],"about":[{"href":"https:\/\/www.generalkinematics.com\/es\/wp-json\/wp\/v2\/types\/product"}],"replies":[{"embeddable":true,"href":"https:\/\/www.generalkinematics.com\/es\/wp-json\/wp\/v2\/comments?post=38171"}],"wp:featuredmedia":[{"embeddable":true,"href":"https:\/\/www.generalkinematics.com\/es\/wp-json\/wp\/v2\/media\/19424"}],"wp:attachment":[{"href":"https:\/\/www.generalkinematics.com\/es\/wp-json\/wp\/v2\/media?parent=38171"}],"wp:term":[{"taxonomy":"product_brand","embeddable":true,"href":"https:\/\/www.generalkinematics.com\/es\/wp-json\/wp\/v2\/product_brand?post=38171"},{"taxonomy":"product_cat","embeddable":true,"href":"https:\/\/www.generalkinematics.com\/es\/wp-json\/wp\/v2\/product_cat?post=38171"},{"taxonomy":"product_tag","embeddable":true,"href":"https:\/\/www.generalkinematics.com\/es\/wp-json\/wp\/v2\/product_tag?post=38171"}],"curies":[{"name":"wp","href":"https:\/\/api.w.org\/{rel}","templated":true}]}}