{"id":38181,"date":"2015-07-26T12:55:58","date_gmt":"2015-07-26T17:55:58","guid":{"rendered":"https:\/\/www.generalkinematics.com\/product\/cintas-transportadoras-de-cenizas-de-fondo\/"},"modified":"2018-08-30T23:04:51","modified_gmt":"2018-08-31T04:04:51","slug":"cintas-transportadoras-de-cenizas-de-fondo","status":"publish","type":"product","link":"https:\/\/www.generalkinematics.com\/es\/producto\/cintas-transportadoras-de-cenizas-de-fondo\/","title":{"rendered":"Cintas transportadoras de cenizas de fondo"},"content":{"rendered":"<p>Las <strong>cintas transportadoras vibratorias de cenizas de fondo SYNCRO-COIL\u00ae<\/strong> de General Kinematics est\u00e1n dise\u00f1adas para funcionar en las condiciones m\u00e1s adversas de humedad, corrosivas y exigentes para el manejo de cenizas de fondo de instalaciones de producci\u00f3n de energ\u00eda a base de desechos (WTE, por sus siglas en ingl\u00e9s). El dise\u00f1o balanceado, su construcci\u00f3n resistente e ingenier\u00eda sofisticada mantienen a las cintas transportadoras de cenizas de fondo de GK funcionando constantemente durante todo el a\u00f1o.<\/p>\n<p>Un dise\u00f1o comprobado para el sector de producci\u00f3n de energ\u00eda a base de desechos, las instalaciones de cintas transportadoras de cenizas de fondo de GK aun siguen funcionando despu\u00e9s de m\u00e1s de 30 a\u00f1os de trabajo.<\/p>\n<h2>Caracter\u00edsticas:<\/h2>\n<ul>\n<li>Desempe\u00f1o confiable con poco mantenimiento y tiempo de funcionamiento m\u00e1ximo.<\/li>\n<li>La bandeja reemplazable de acero de aleaci\u00f3n para trabajo pesado resiste las condiciones de alto impacto y de carga variable.<\/li>\n<li>Resortes reactivos de la bobina en acero galvanizado resistentes a la corrosi\u00f3n.<\/li>\n<li>El sistema de balanceo por compensaci\u00f3n, totalmente reactivo a la carga de materiales, garantiza la instalaci\u00f3n libre de liberaci\u00f3n, minimizando las fuerzas trasmitidas por la carga de impacto.<\/li>\n<li>La transmisi\u00f3n exc\u00e9ntrica SYNCRO-CUSHION\u2122 de frecuencia natural reduce el torque de arranque, elimina la concentraci\u00f3n de alta tensi\u00f3n en la conexi\u00f3n de la transmisi\u00f3n, y permite arrancar con toda la carga.<\/li>\n<li>Las unidades funcionan con baja demanda de potencia para un nivel m\u00e1ximo de eficiencia energ\u00e9tica.<\/li>\n<\/ul>\n","protected":false},"excerpt":{"rendered":"<p>Las cintas transportadoras vibratorias de cenizas de fondo SYNCRO-COIL\u00ae de General Kinematics est\u00e1n dise\u00f1adas para funcionar en las condiciones m\u00e1s adversas de humedad, corrosivas y exigentes para el manejo de cenizas de fondo de instalaciones de producci\u00f3n de energ\u00eda a base de desechos (WTE, por sus siglas en ingl\u00e9s). El dise\u00f1o balanceado, su construcci\u00f3n resistente [&hellip;]<\/p>\n","protected":false},"featured_media":24888,"comment_status":"closed","ping_status":"closed","template":"","meta":{"_acf_changed":false,"om_disable_all_campaigns":false,"ep_exclude_from_search":false},"product_brand":[],"product_cat":[1877,1655],"product_tag":[],"class_list":{"0":"post-38181","1":"product","2":"type-product","3":"status-publish","4":"has-post-thumbnail","6":"product_cat-equipo-de-residuos-energeticas","7":"product_cat-soluciones-de-reciclaje","9":"first","10":"instock","11":"taxable","12":"shipping-taxable","13":"product-type-simple"},"acf":[],"yoast_head":"<!-- This site is optimized with the Yoast SEO plugin v27.2 - https:\/\/yoast.com\/product\/yoast-seo-wordpress\/ -->\n<title>Cintas transportadoras de cenizas de fondo | General Kinematics<\/title>\n<meta name=\"robots\" content=\"index, follow, max-snippet:-1, max-image-preview:large, max-video-preview:-1\" \/>\n<link rel=\"canonical\" href=\"https:\/\/www.generalkinematics.com\/es\/producto\/cintas-transportadoras-de-cenizas-de-fondo\/\" \/>\n<meta property=\"og:locale\" content=\"es_ES\" \/>\n<meta property=\"og:type\" content=\"article\" \/>\n<meta property=\"og:title\" content=\"Cintas transportadoras de cenizas de fondo | General Kinematics\" \/>\n<meta property=\"og:description\" content=\"Las cintas transportadoras vibratorias de cenizas de fondo SYNCRO-COIL\u00ae de General Kinematics est\u00e1n dise\u00f1adas para funcionar en las condiciones m\u00e1s adversas de humedad, corrosivas y exigentes para el manejo de cenizas de fondo de instalaciones de producci\u00f3n de energ\u00eda a base de desechos (WTE, por sus siglas en ingl\u00e9s). El dise\u00f1o balanceado, su construcci\u00f3n resistente [&hellip;]\" \/>\n<meta property=\"og:url\" content=\"https:\/\/www.generalkinematics.com\/es\/producto\/cintas-transportadoras-de-cenizas-de-fondo\/\" \/>\n<meta property=\"og:site_name\" content=\"General Kinematics\" \/>\n<meta property=\"article:publisher\" content=\"https:\/\/www.facebook.com\/generalkinematics\" \/>\n<meta property=\"article:modified_time\" content=\"2018-08-31T04:04:51+00:00\" \/>\n<meta property=\"og:image\" content=\"https:\/\/www.generalkinematics.com\/wp-content\/uploads\/2015\/07\/IMGA0893.jpg\" \/>\n\t<meta property=\"og:image:width\" content=\"3264\" \/>\n\t<meta property=\"og:image:height\" content=\"2448\" \/>\n\t<meta property=\"og:image:type\" content=\"image\/jpeg\" \/>\n<meta name=\"twitter:card\" content=\"summary_large_image\" \/>\n<meta name=\"twitter:site\" content=\"@gkvibrating\" \/>\n<meta name=\"twitter:label1\" content=\"Tiempo de lectura\" \/>\n\t<meta name=\"twitter:data1\" content=\"1 minuto\" \/>\n<!-- \/ Yoast SEO plugin. -->","yoast_head_json":{"title":"Cintas transportadoras de cenizas de fondo | General Kinematics","robots":{"index":"index","follow":"follow","max-snippet":"max-snippet:-1","max-image-preview":"max-image-preview:large","max-video-preview":"max-video-preview:-1"},"canonical":"https:\/\/www.generalkinematics.com\/es\/producto\/cintas-transportadoras-de-cenizas-de-fondo\/","og_locale":"es_ES","og_type":"article","og_title":"Cintas transportadoras de cenizas de fondo | General Kinematics","og_description":"Las cintas transportadoras vibratorias de cenizas de fondo SYNCRO-COIL\u00ae de General Kinematics est\u00e1n dise\u00f1adas para funcionar en las condiciones m\u00e1s adversas de humedad, corrosivas y exigentes para el manejo de cenizas de fondo de instalaciones de producci\u00f3n de energ\u00eda a base de desechos (WTE, por sus siglas en ingl\u00e9s). El dise\u00f1o balanceado, su construcci\u00f3n resistente [&hellip;]","og_url":"https:\/\/www.generalkinematics.com\/es\/producto\/cintas-transportadoras-de-cenizas-de-fondo\/","og_site_name":"General Kinematics","article_publisher":"https:\/\/www.facebook.com\/generalkinematics","article_modified_time":"2018-08-31T04:04:51+00:00","og_image":[{"width":3264,"height":2448,"url":"https:\/\/www.generalkinematics.com\/wp-content\/uploads\/2015\/07\/IMGA0893.jpg","type":"image\/jpeg"}],"twitter_card":"summary_large_image","twitter_site":"@gkvibrating","twitter_misc":{"Tiempo de lectura":"1 minuto"},"schema":{"@context":"https:\/\/schema.org","@graph":[{"@type":"WebPage","@id":"https:\/\/www.generalkinematics.com\/es\/producto\/cintas-transportadoras-de-cenizas-de-fondo\/","url":"https:\/\/www.generalkinematics.com\/es\/producto\/cintas-transportadoras-de-cenizas-de-fondo\/","name":"Cintas transportadoras de cenizas de fondo | General Kinematics","isPartOf":{"@id":"https:\/\/www.generalkinematics.com\/es\/#website"},"primaryImageOfPage":{"@id":"https:\/\/www.generalkinematics.com\/es\/producto\/cintas-transportadoras-de-cenizas-de-fondo\/#primaryimage"},"image":{"@id":"https:\/\/www.generalkinematics.com\/es\/producto\/cintas-transportadoras-de-cenizas-de-fondo\/#primaryimage"},"thumbnailUrl":"https:\/\/media.generalkinematics.com\/wp-content\/uploads\/2015\/07\/IMGA0893.jpg","datePublished":"2015-07-26T17:55:58+00:00","dateModified":"2018-08-31T04:04:51+00:00","breadcrumb":{"@id":"https:\/\/www.generalkinematics.com\/es\/producto\/cintas-transportadoras-de-cenizas-de-fondo\/#breadcrumb"},"inLanguage":"es","potentialAction":[{"@type":"ReadAction","target":["https:\/\/www.generalkinematics.com\/es\/producto\/cintas-transportadoras-de-cenizas-de-fondo\/"]}]},{"@type":"ImageObject","inLanguage":"es","@id":"https:\/\/www.generalkinematics.com\/es\/producto\/cintas-transportadoras-de-cenizas-de-fondo\/#primaryimage","url":"https:\/\/media.generalkinematics.com\/wp-content\/uploads\/2015\/07\/IMGA0893.jpg","contentUrl":"https:\/\/media.generalkinematics.com\/wp-content\/uploads\/2015\/07\/IMGA0893.jpg","width":2500,"height":1875,"caption":"general-kinematics-bottom-ash-conveyor"},{"@type":"BreadcrumbList","@id":"https:\/\/www.generalkinematics.com\/es\/producto\/cintas-transportadoras-de-cenizas-de-fondo\/#breadcrumb","itemListElement":[{"@type":"ListItem","position":1,"name":"GK Home","item":"https:\/\/www.generalkinematics.com\/es\/"},{"@type":"ListItem","position":2,"name":"Shop","item":"https:\/\/www.generalkinematics.com\/shop\/"},{"@type":"ListItem","position":3,"name":"Cintas transportadoras de cenizas de fondo"}]},{"@type":"WebSite","@id":"https:\/\/www.generalkinematics.com\/es\/#website","url":"https:\/\/www.generalkinematics.com\/es\/","name":"General Kinematics","description":"","publisher":{"@id":"https:\/\/www.generalkinematics.com\/es\/#organization"},"potentialAction":[{"@type":"SearchAction","target":{"@type":"EntryPoint","urlTemplate":"https:\/\/www.generalkinematics.com\/es\/?s={search_term_string}"},"query-input":{"@type":"PropertyValueSpecification","valueRequired":true,"valueName":"search_term_string"}}],"inLanguage":"es"},{"@type":"Organization","@id":"https:\/\/www.generalkinematics.com\/es\/#organization","name":"General Kinematics","url":"https:\/\/www.generalkinematics.com\/es\/","logo":{"@type":"ImageObject","inLanguage":"es","@id":"https:\/\/www.generalkinematics.com\/es\/#\/schema\/logo\/image\/","url":"https:\/\/media.generalkinematics.com\/wp-content\/uploads\/2018\/03\/logo.png","contentUrl":"https:\/\/media.generalkinematics.com\/wp-content\/uploads\/2018\/03\/logo.png","width":313,"height":100,"caption":"General Kinematics"},"image":{"@id":"https:\/\/www.generalkinematics.com\/es\/#\/schema\/logo\/image\/"},"sameAs":["https:\/\/www.facebook.com\/generalkinematics","https:\/\/x.com\/gkvibrating"]}]}},"_links":{"self":[{"href":"https:\/\/www.generalkinematics.com\/es\/wp-json\/wp\/v2\/product\/38181","targetHints":{"allow":["GET"]}}],"collection":[{"href":"https:\/\/www.generalkinematics.com\/es\/wp-json\/wp\/v2\/product"}],"about":[{"href":"https:\/\/www.generalkinematics.com\/es\/wp-json\/wp\/v2\/types\/product"}],"replies":[{"embeddable":true,"href":"https:\/\/www.generalkinematics.com\/es\/wp-json\/wp\/v2\/comments?post=38181"}],"wp:featuredmedia":[{"embeddable":true,"href":"https:\/\/www.generalkinematics.com\/es\/wp-json\/wp\/v2\/media\/24888"}],"wp:attachment":[{"href":"https:\/\/www.generalkinematics.com\/es\/wp-json\/wp\/v2\/media?parent=38181"}],"wp:term":[{"taxonomy":"product_brand","embeddable":true,"href":"https:\/\/www.generalkinematics.com\/es\/wp-json\/wp\/v2\/product_brand?post=38181"},{"taxonomy":"product_cat","embeddable":true,"href":"https:\/\/www.generalkinematics.com\/es\/wp-json\/wp\/v2\/product_cat?post=38181"},{"taxonomy":"product_tag","embeddable":true,"href":"https:\/\/www.generalkinematics.com\/es\/wp-json\/wp\/v2\/product_tag?post=38181"}],"curies":[{"name":"wp","href":"https:\/\/api.w.org\/{rel}","templated":true}]}}